{"id":4832,"date":"2017-09-19T18:50:19","date_gmt":"2017-09-19T23:50:19","guid":{"rendered":"https:\/\/www.profaqua.ca\/?post_type=product&#038;p=4832\/"},"modified":"2024-09-04T12:13:40","modified_gmt":"2024-09-04T17:13:40","slug":"traces-grands-inventeurs","status":"publish","type":"product","link":"https:\/\/www.profaqua.ca\/fr\/produit\/traces-grands-inventeurs\/","title":{"rendered":"Traces des grands inventeurs (Colombie-Britannique)"},"content":{"rendered":"<p><strong>Sur les traces des grands inventeurs !<\/strong><\/p>\n<p>Parmi vos jeunes scientifiques se cache peut-\u00eatre le prochain Albert Einstein!<\/p>\n<p>\u00c0 chaque d\u00e9monstration, notre animateur s\u00e9lectionnera un assistant pour venir l&rsquo;aider dans plusieurs exp\u00e9riences bien adapt\u00e9es pour chaque groupe d&rsquo;\u00e2ge.<\/p>\n<p>Partons \u00e0 la rencontre de ces grands personnages qui ont chang\u00e9 l\u2019humanit\u00e9 dans un spectacle interactif mettant en sc\u00e8ne quelques-unes de leurs grandes d\u00e9couvertes.<\/p>\n<p>Au programme :<\/p>\n<ul>\n<li><strong>\u00c9lectricit\u00e9 statique avec un g\u00e9n\u00e9rateur de 735 kV de Robert Van de Graaff.<\/strong><\/li>\n<li><strong>Explosion de deux condensateurs de Pieter Van Musschenbroek.<\/strong><\/li>\n<li><strong>\u00c9clatement de ballons \u00e0 une distance de 10 m\u00e8tres avec le laser de Theodore Maiman.<\/strong><\/li>\n<li><strong>Pression de l&rsquo;air de Daniel Bernoulli.<\/strong><\/li>\n<li><strong>Effervescence d&rsquo;une r\u00e9action chimique thermique de Th\u00e9nard.<\/strong><\/li>\n<li><strong>D\u00e9mystification de la DEL (LED &#8211; Light Emitting Diode) de Nick Holonyak.<\/strong><\/li>\n<li><strong>D\u00e9fi d\u2019un champ \u00e9lectromagn\u00e9tique de Nikola Tesla.<\/strong><\/li>\n<li><strong>Et bien d\u2019autres\u2026<\/strong><\/li>\n<\/ul>\n<p>Cheveux dress\u00e9s, ballons explos\u00e9s, \u00e9tincelles, et dentifrice pour \u00e9l\u00e9phant ne manqueront pas d\u2019\u00e9blouir vos jeunes qui assisteront dans chacune de nos exp\u00e9riences.<\/p>\n<p>Un cocktail de sciences et de plaisir qui saura vous s\u00e9duire!<\/p>\n","protected":false},"excerpt":{"rendered":"<p>Sur les traces des grands inventeurs ! Parmi vos jeunes scientifiques se cache peut-\u00eatre le prochain Albert Einstein! \u00c0 chaque d\u00e9monstration, notre animateur s\u00e9lectionnera un assistant pour venir l&rsquo;aider dans plusieurs exp\u00e9riences bien adapt\u00e9es pour chaque groupe d&rsquo;\u00e2ge. Partons \u00e0 la rencontre de ces grands personnages qui ont chang\u00e9 l\u2019humanit\u00e9 dans un spectacle interactif mettant en sc\u00e8ne quelques-unes de leurs<\/p>\n<div class=\"h10\"><\/div>\n<p><a class=\"more-link1\" href=\"https:\/\/www.profaqua.ca\/fr\/produit\/traces-grands-inventeurs\/\">Voir plus<\/a><\/p>\n","protected":false},"featured_media":4783,"template":"","meta":[],"product_cat":[178],"product_tag":[],"acf":[],"yoast_head":"<!-- This site is optimized with the Yoast SEO plugin v20.13 - https:\/\/yoast.com\/wordpress\/plugins\/seo\/ -->\n<title>Traces des grands inventeurs (Colombie-Britannique) - Profaqua<\/title>\n<meta name=\"description\" content=\"Sur les traces des grands inventeurs ! Parmi vos jeunes scientifiques se cache peut-\u00eatre le prochain Albert Einstein! \u00c0 chaque d\u00e9monstration, notre\" \/>\n<meta name=\"robots\" content=\"index, follow, max-snippet:-1, max-image-preview:large, max-video-preview:-1\" \/>\n<link rel=\"canonical\" href=\"https:\/\/www.profaqua.ca\/fr\/produit\/traces-grands-inventeurs\/\" \/>\n<meta property=\"og:locale\" content=\"fr_FR\" \/>\n<meta property=\"og:type\" content=\"article\" \/>\n<meta property=\"og:title\" content=\"Traces des grands inventeurs (Colombie-Britannique) - Profaqua\" \/>\n<meta property=\"og:description\" content=\"Sur les traces des grands inventeurs ! Parmi vos jeunes scientifiques se cache peut-\u00eatre le prochain Albert Einstein! \u00c0 chaque d\u00e9monstration, notre\" \/>\n<meta property=\"og:url\" content=\"https:\/\/www.profaqua.ca\/fr\/produit\/traces-grands-inventeurs\/\" \/>\n<meta property=\"og:site_name\" content=\"Profaqua\" \/>\n<meta property=\"article:publisher\" content=\"https:\/\/www.facebook.com\/profaqua\/\" \/>\n<meta property=\"article:modified_time\" content=\"2024-09-04T17:13:40+00:00\" \/>\n<meta property=\"og:image\" content=\"https:\/\/www.profaqua.ca\/wp-content\/uploads\/2017\/09\/6.3_Traces_des_grands_inventeurs.png\" \/>\n\t<meta property=\"og:image:width\" content=\"1800\" \/>\n\t<meta property=\"og:image:height\" content=\"1800\" \/>\n\t<meta property=\"og:image:type\" content=\"image\/png\" \/>\n<meta name=\"twitter:card\" content=\"summary_large_image\" \/>\n<meta name=\"twitter:label1\" content=\"Dur\u00e9e de lecture estim\u00e9e\" \/>\n\t<meta name=\"twitter:data1\" content=\"1 minute\" \/>\n<script type=\"application\/ld+json\" class=\"yoast-schema-graph\">{\"@context\":\"https:\/\/schema.org\",\"@graph\":[{\"@type\":\"WebPage\",\"@id\":\"https:\/\/www.profaqua.ca\/fr\/produit\/traces-grands-inventeurs\/\",\"url\":\"https:\/\/www.profaqua.ca\/fr\/produit\/traces-grands-inventeurs\/\",\"name\":\"Traces des grands inventeurs (Colombie-Britannique) - Profaqua\",\"isPartOf\":{\"@id\":\"https:\/\/www.profaqua.ca\/fr\/#website\"},\"datePublished\":\"2017-09-19T23:50:19+00:00\",\"dateModified\":\"2024-09-04T17:13:40+00:00\",\"description\":\"Sur les traces des grands inventeurs ! Parmi vos jeunes scientifiques se cache peut-\u00eatre le prochain Albert Einstein! \u00c0 chaque d\u00e9monstration, notre\",\"breadcrumb\":{\"@id\":\"https:\/\/www.profaqua.ca\/fr\/produit\/traces-grands-inventeurs\/#breadcrumb\"},\"inLanguage\":\"fr-FR\",\"potentialAction\":[{\"@type\":\"ReadAction\",\"target\":[\"https:\/\/www.profaqua.ca\/fr\/produit\/traces-grands-inventeurs\/\"]}]},{\"@type\":\"BreadcrumbList\",\"@id\":\"https:\/\/www.profaqua.ca\/fr\/produit\/traces-grands-inventeurs\/#breadcrumb\",\"itemListElement\":[{\"@type\":\"ListItem\",\"position\":1,\"name\":\"Home\",\"item\":\"https:\/\/www.profaqua.ca\/fr\/\"},{\"@type\":\"ListItem\",\"position\":2,\"name\":\"Produits\",\"item\":\"https:\/\/www.profaqua.ca\/fr\/shop\/\"},{\"@type\":\"ListItem\",\"position\":3,\"name\":\"Traces des grands inventeurs (Colombie-Britannique)\"}]},{\"@type\":\"WebSite\",\"@id\":\"https:\/\/www.profaqua.ca\/fr\/#website\",\"url\":\"https:\/\/www.profaqua.ca\/fr\/\",\"name\":\"Profaqua\",\"description\":\"\",\"potentialAction\":[{\"@type\":\"SearchAction\",\"target\":{\"@type\":\"EntryPoint\",\"urlTemplate\":\"https:\/\/www.profaqua.ca\/fr\/?s={search_term_string}\"},\"query-input\":\"required name=search_term_string\"}],\"inLanguage\":\"fr-FR\"}]}<\/script>\n<!-- \/ Yoast SEO plugin. -->","yoast_head_json":{"title":"Traces des grands inventeurs (Colombie-Britannique) - Profaqua","description":"Sur les traces des grands inventeurs ! Parmi vos jeunes scientifiques se cache peut-\u00eatre le prochain Albert Einstein! \u00c0 chaque d\u00e9monstration, notre","robots":{"index":"index","follow":"follow","max-snippet":"max-snippet:-1","max-image-preview":"max-image-preview:large","max-video-preview":"max-video-preview:-1"},"canonical":"https:\/\/www.profaqua.ca\/fr\/produit\/traces-grands-inventeurs\/","og_locale":"fr_FR","og_type":"article","og_title":"Traces des grands inventeurs (Colombie-Britannique) - Profaqua","og_description":"Sur les traces des grands inventeurs ! Parmi vos jeunes scientifiques se cache peut-\u00eatre le prochain Albert Einstein! \u00c0 chaque d\u00e9monstration, notre","og_url":"https:\/\/www.profaqua.ca\/fr\/produit\/traces-grands-inventeurs\/","og_site_name":"Profaqua","article_publisher":"https:\/\/www.facebook.com\/profaqua\/","article_modified_time":"2024-09-04T17:13:40+00:00","og_image":[{"width":1800,"height":1800,"url":"https:\/\/www.profaqua.ca\/wp-content\/uploads\/2017\/09\/6.3_Traces_des_grands_inventeurs.png","type":"image\/png"}],"twitter_card":"summary_large_image","twitter_misc":{"Dur\u00e9e de lecture estim\u00e9e":"1 minute"},"schema":{"@context":"https:\/\/schema.org","@graph":[{"@type":"WebPage","@id":"https:\/\/www.profaqua.ca\/fr\/produit\/traces-grands-inventeurs\/","url":"https:\/\/www.profaqua.ca\/fr\/produit\/traces-grands-inventeurs\/","name":"Traces des grands inventeurs (Colombie-Britannique) - Profaqua","isPartOf":{"@id":"https:\/\/www.profaqua.ca\/fr\/#website"},"datePublished":"2017-09-19T23:50:19+00:00","dateModified":"2024-09-04T17:13:40+00:00","description":"Sur les traces des grands inventeurs ! Parmi vos jeunes scientifiques se cache peut-\u00eatre le prochain Albert Einstein! \u00c0 chaque d\u00e9monstration, notre","breadcrumb":{"@id":"https:\/\/www.profaqua.ca\/fr\/produit\/traces-grands-inventeurs\/#breadcrumb"},"inLanguage":"fr-FR","potentialAction":[{"@type":"ReadAction","target":["https:\/\/www.profaqua.ca\/fr\/produit\/traces-grands-inventeurs\/"]}]},{"@type":"BreadcrumbList","@id":"https:\/\/www.profaqua.ca\/fr\/produit\/traces-grands-inventeurs\/#breadcrumb","itemListElement":[{"@type":"ListItem","position":1,"name":"Home","item":"https:\/\/www.profaqua.ca\/fr\/"},{"@type":"ListItem","position":2,"name":"Produits","item":"https:\/\/www.profaqua.ca\/fr\/shop\/"},{"@type":"ListItem","position":3,"name":"Traces des grands inventeurs (Colombie-Britannique)"}]},{"@type":"WebSite","@id":"https:\/\/www.profaqua.ca\/fr\/#website","url":"https:\/\/www.profaqua.ca\/fr\/","name":"Profaqua","description":"","potentialAction":[{"@type":"SearchAction","target":{"@type":"EntryPoint","urlTemplate":"https:\/\/www.profaqua.ca\/fr\/?s={search_term_string}"},"query-input":"required name=search_term_string"}],"inLanguage":"fr-FR"}]}},"_links":{"self":[{"href":"https:\/\/www.profaqua.ca\/fr\/wp-json\/wp\/v2\/product\/4832"}],"collection":[{"href":"https:\/\/www.profaqua.ca\/fr\/wp-json\/wp\/v2\/product"}],"about":[{"href":"https:\/\/www.profaqua.ca\/fr\/wp-json\/wp\/v2\/types\/product"}],"wp:featuredmedia":[{"embeddable":true,"href":"https:\/\/www.profaqua.ca\/fr\/wp-json\/wp\/v2\/media\/4783"}],"wp:attachment":[{"href":"https:\/\/www.profaqua.ca\/fr\/wp-json\/wp\/v2\/media?parent=4832"}],"wp:term":[{"taxonomy":"product_cat","embeddable":true,"href":"https:\/\/www.profaqua.ca\/fr\/wp-json\/wp\/v2\/product_cat?post=4832"},{"taxonomy":"product_tag","embeddable":true,"href":"https:\/\/www.profaqua.ca\/fr\/wp-json\/wp\/v2\/product_tag?post=4832"}],"curies":[{"name":"wp","href":"https:\/\/api.w.org\/{rel}","templated":true}]}}