{"id":4778,"date":"2017-09-19T18:00:52","date_gmt":"2017-09-19T23:00:52","guid":{"rendered":"https:\/\/www.profaqua.ca\/?post_type=product&#038;p=4778\/"},"modified":"2024-09-04T12:13:34","modified_gmt":"2024-09-04T17:13:34","slug":"halloween-science-de-peur","status":"publish","type":"product","link":"https:\/\/www.profaqua.ca\/fr\/produit\/halloween-science-de-peur\/","title":{"rendered":"Halloween! La science de la peur\u2026 (Colombie-Britannique)"},"content":{"rendered":"<p><strong>\u00c0 l\u2019abordage !<\/strong><\/p>\n<p>Associer sciences et spectacle pour l\u2019Halloween, c\u2019est ce que nous vous proposons dans cette activit\u00e9 interactive exceptionnelle de 60 minutes!<\/p>\n<p>Dans un d\u00e9cor digne d\u2019une maison hant\u00e9e avec son et lumi\u00e8re, un pirate vous accueillera et vous fera vivre un moment incroyable gr\u00e2ce \u00e0 de multiples exp\u00e9riences r\u00e9alis\u00e9es \u00e0 l\u2019aide de vos moussaillons.<\/p>\n<p>Au programme :<\/p>\n<ul>\n<li><strong>Des cheveux dress\u00e9s sur la t\u00eate gr\u00e2ce \u00e0 notre immense g\u00e9n\u00e9rateur de Van de Graaff.<\/strong><\/li>\n<li><strong>Des potions fumantes de glace carbonique \u00e0 -78 degr\u00e9 Celsius.<\/strong><\/li>\n<li><strong>L&rsquo;envol\u00e9e de notre \u0153il g\u00e9ant.<\/strong><\/li>\n<li><strong>Des explosions avec nos condensateurs.<\/strong><\/li>\n<li><strong>Un laser transper\u00e7ant des ballons.<\/strong><\/li>\n<\/ul>\n<p>Notre grande finale, la fabrication de bave de crapaud et la destruction d&rsquo;un \u00ab Gummy bears \u00bb fumant.<\/p>\n<p>Pas de limites pour la science \u00e0 l&rsquo;Halloween !<\/p>\n","protected":false},"excerpt":{"rendered":"<p>\u00c0 l\u2019abordage ! Associer sciences et spectacle pour l\u2019Halloween, c\u2019est ce que nous vous proposons dans cette activit\u00e9 interactive exceptionnelle de 60 minutes! Dans un d\u00e9cor digne d\u2019une maison hant\u00e9e avec son et lumi\u00e8re, un pirate vous accueillera et vous fera vivre un moment incroyable gr\u00e2ce \u00e0 de multiples exp\u00e9riences r\u00e9alis\u00e9es \u00e0 l\u2019aide de vos moussaillons. Au programme : Des<\/p>\n<div class=\"h10\"><\/div>\n<p><a class=\"more-link1\" href=\"https:\/\/www.profaqua.ca\/fr\/produit\/halloween-science-de-peur\/\">Voir plus<\/a><\/p>\n","protected":false},"featured_media":4779,"template":"","meta":[],"product_cat":[178],"product_tag":[],"acf":[],"yoast_head":"<!-- This site is optimized with the Yoast SEO plugin v20.13 - https:\/\/yoast.com\/wordpress\/plugins\/seo\/ -->\n<title>Halloween! La science de la peur\u2026 (Colombie-Britannique) - Profaqua<\/title>\n<meta name=\"description\" content=\"\u00c0 l\u2019abordage ! Associer sciences et spectacle pour l\u2019Halloween, c\u2019est ce que nous vous proposons dans cette activit\u00e9 interactive exceptionnelle de 60\" \/>\n<meta name=\"robots\" content=\"index, follow, max-snippet:-1, max-image-preview:large, max-video-preview:-1\" \/>\n<link rel=\"canonical\" href=\"https:\/\/www.profaqua.ca\/fr\/produit\/halloween-science-de-peur\/\" \/>\n<meta property=\"og:locale\" content=\"fr_FR\" \/>\n<meta property=\"og:type\" content=\"article\" \/>\n<meta property=\"og:title\" content=\"Halloween! La science de la peur\u2026 (Colombie-Britannique) - Profaqua\" \/>\n<meta property=\"og:description\" content=\"\u00c0 l\u2019abordage ! Associer sciences et spectacle pour l\u2019Halloween, c\u2019est ce que nous vous proposons dans cette activit\u00e9 interactive exceptionnelle de 60\" \/>\n<meta property=\"og:url\" content=\"https:\/\/www.profaqua.ca\/fr\/produit\/halloween-science-de-peur\/\" \/>\n<meta property=\"og:site_name\" content=\"Profaqua\" \/>\n<meta property=\"article:publisher\" content=\"https:\/\/www.facebook.com\/profaqua\/\" \/>\n<meta property=\"article:modified_time\" content=\"2024-09-04T17:13:34+00:00\" \/>\n<meta property=\"og:image\" content=\"https:\/\/www.profaqua.ca\/wp-content\/uploads\/2017\/09\/6.1_Halloween_La_science_de_la_peur.png\" \/>\n\t<meta property=\"og:image:width\" content=\"1800\" \/>\n\t<meta property=\"og:image:height\" content=\"1800\" \/>\n\t<meta property=\"og:image:type\" content=\"image\/png\" \/>\n<meta name=\"twitter:card\" content=\"summary_large_image\" \/>\n<meta name=\"twitter:label1\" content=\"Dur\u00e9e de lecture estim\u00e9e\" \/>\n\t<meta name=\"twitter:data1\" content=\"1 minute\" \/>\n<script type=\"application\/ld+json\" class=\"yoast-schema-graph\">{\"@context\":\"https:\/\/schema.org\",\"@graph\":[{\"@type\":\"WebPage\",\"@id\":\"https:\/\/www.profaqua.ca\/fr\/produit\/halloween-science-de-peur\/\",\"url\":\"https:\/\/www.profaqua.ca\/fr\/produit\/halloween-science-de-peur\/\",\"name\":\"Halloween! La science de la peur\u2026 (Colombie-Britannique) - Profaqua\",\"isPartOf\":{\"@id\":\"https:\/\/www.profaqua.ca\/fr\/#website\"},\"datePublished\":\"2017-09-19T23:00:52+00:00\",\"dateModified\":\"2024-09-04T17:13:34+00:00\",\"description\":\"\u00c0 l\u2019abordage ! Associer sciences et spectacle pour l\u2019Halloween, c\u2019est ce que nous vous proposons dans cette activit\u00e9 interactive exceptionnelle de 60\",\"breadcrumb\":{\"@id\":\"https:\/\/www.profaqua.ca\/fr\/produit\/halloween-science-de-peur\/#breadcrumb\"},\"inLanguage\":\"fr-FR\",\"potentialAction\":[{\"@type\":\"ReadAction\",\"target\":[\"https:\/\/www.profaqua.ca\/fr\/produit\/halloween-science-de-peur\/\"]}]},{\"@type\":\"BreadcrumbList\",\"@id\":\"https:\/\/www.profaqua.ca\/fr\/produit\/halloween-science-de-peur\/#breadcrumb\",\"itemListElement\":[{\"@type\":\"ListItem\",\"position\":1,\"name\":\"Home\",\"item\":\"https:\/\/www.profaqua.ca\/fr\/\"},{\"@type\":\"ListItem\",\"position\":2,\"name\":\"Produits\",\"item\":\"https:\/\/www.profaqua.ca\/fr\/shop\/\"},{\"@type\":\"ListItem\",\"position\":3,\"name\":\"Halloween! La science de la peur\u2026 (Colombie-Britannique)\"}]},{\"@type\":\"WebSite\",\"@id\":\"https:\/\/www.profaqua.ca\/fr\/#website\",\"url\":\"https:\/\/www.profaqua.ca\/fr\/\",\"name\":\"Profaqua\",\"description\":\"\",\"potentialAction\":[{\"@type\":\"SearchAction\",\"target\":{\"@type\":\"EntryPoint\",\"urlTemplate\":\"https:\/\/www.profaqua.ca\/fr\/?s={search_term_string}\"},\"query-input\":\"required name=search_term_string\"}],\"inLanguage\":\"fr-FR\"}]}<\/script>\n<!-- \/ Yoast SEO plugin. -->","yoast_head_json":{"title":"Halloween! La science de la peur\u2026 (Colombie-Britannique) - Profaqua","description":"\u00c0 l\u2019abordage ! Associer sciences et spectacle pour l\u2019Halloween, c\u2019est ce que nous vous proposons dans cette activit\u00e9 interactive exceptionnelle de 60","robots":{"index":"index","follow":"follow","max-snippet":"max-snippet:-1","max-image-preview":"max-image-preview:large","max-video-preview":"max-video-preview:-1"},"canonical":"https:\/\/www.profaqua.ca\/fr\/produit\/halloween-science-de-peur\/","og_locale":"fr_FR","og_type":"article","og_title":"Halloween! La science de la peur\u2026 (Colombie-Britannique) - Profaqua","og_description":"\u00c0 l\u2019abordage ! Associer sciences et spectacle pour l\u2019Halloween, c\u2019est ce que nous vous proposons dans cette activit\u00e9 interactive exceptionnelle de 60","og_url":"https:\/\/www.profaqua.ca\/fr\/produit\/halloween-science-de-peur\/","og_site_name":"Profaqua","article_publisher":"https:\/\/www.facebook.com\/profaqua\/","article_modified_time":"2024-09-04T17:13:34+00:00","og_image":[{"width":1800,"height":1800,"url":"https:\/\/www.profaqua.ca\/wp-content\/uploads\/2017\/09\/6.1_Halloween_La_science_de_la_peur.png","type":"image\/png"}],"twitter_card":"summary_large_image","twitter_misc":{"Dur\u00e9e de lecture estim\u00e9e":"1 minute"},"schema":{"@context":"https:\/\/schema.org","@graph":[{"@type":"WebPage","@id":"https:\/\/www.profaqua.ca\/fr\/produit\/halloween-science-de-peur\/","url":"https:\/\/www.profaqua.ca\/fr\/produit\/halloween-science-de-peur\/","name":"Halloween! La science de la peur\u2026 (Colombie-Britannique) - Profaqua","isPartOf":{"@id":"https:\/\/www.profaqua.ca\/fr\/#website"},"datePublished":"2017-09-19T23:00:52+00:00","dateModified":"2024-09-04T17:13:34+00:00","description":"\u00c0 l\u2019abordage ! Associer sciences et spectacle pour l\u2019Halloween, c\u2019est ce que nous vous proposons dans cette activit\u00e9 interactive exceptionnelle de 60","breadcrumb":{"@id":"https:\/\/www.profaqua.ca\/fr\/produit\/halloween-science-de-peur\/#breadcrumb"},"inLanguage":"fr-FR","potentialAction":[{"@type":"ReadAction","target":["https:\/\/www.profaqua.ca\/fr\/produit\/halloween-science-de-peur\/"]}]},{"@type":"BreadcrumbList","@id":"https:\/\/www.profaqua.ca\/fr\/produit\/halloween-science-de-peur\/#breadcrumb","itemListElement":[{"@type":"ListItem","position":1,"name":"Home","item":"https:\/\/www.profaqua.ca\/fr\/"},{"@type":"ListItem","position":2,"name":"Produits","item":"https:\/\/www.profaqua.ca\/fr\/shop\/"},{"@type":"ListItem","position":3,"name":"Halloween! La science de la peur\u2026 (Colombie-Britannique)"}]},{"@type":"WebSite","@id":"https:\/\/www.profaqua.ca\/fr\/#website","url":"https:\/\/www.profaqua.ca\/fr\/","name":"Profaqua","description":"","potentialAction":[{"@type":"SearchAction","target":{"@type":"EntryPoint","urlTemplate":"https:\/\/www.profaqua.ca\/fr\/?s={search_term_string}"},"query-input":"required name=search_term_string"}],"inLanguage":"fr-FR"}]}},"_links":{"self":[{"href":"https:\/\/www.profaqua.ca\/fr\/wp-json\/wp\/v2\/product\/4778"}],"collection":[{"href":"https:\/\/www.profaqua.ca\/fr\/wp-json\/wp\/v2\/product"}],"about":[{"href":"https:\/\/www.profaqua.ca\/fr\/wp-json\/wp\/v2\/types\/product"}],"wp:featuredmedia":[{"embeddable":true,"href":"https:\/\/www.profaqua.ca\/fr\/wp-json\/wp\/v2\/media\/4779"}],"wp:attachment":[{"href":"https:\/\/www.profaqua.ca\/fr\/wp-json\/wp\/v2\/media?parent=4778"}],"wp:term":[{"taxonomy":"product_cat","embeddable":true,"href":"https:\/\/www.profaqua.ca\/fr\/wp-json\/wp\/v2\/product_cat?post=4778"},{"taxonomy":"product_tag","embeddable":true,"href":"https:\/\/www.profaqua.ca\/fr\/wp-json\/wp\/v2\/product_tag?post=4778"}],"curies":[{"name":"wp","href":"https:\/\/api.w.org\/{rel}","templated":true}]}}