{"id":36010,"date":"2024-08-13T18:42:01","date_gmt":"2024-08-13T23:42:01","guid":{"rendered":"https:\/\/www.profaqua.ca\/?post_type=product&#038;p=36010"},"modified":"2024-09-04T12:34:02","modified_gmt":"2024-09-04T17:34:02","slug":"robotique-kubo-coding-colombie-britannique","status":"publish","type":"product","link":"https:\/\/www.profaqua.ca\/fr\/produit\/robotique-kubo-coding-colombie-britannique\/","title":{"rendered":"Robotique KUBO\u00ae Coding (Colombie-Britannique)"},"content":{"rendered":"<p><strong>Qui est KUBO\u00ae ?<\/strong><\/p>\n<p>Saviez-vous que la robotique est \u00e0 la port\u00e9e de tous, m\u00eame des plus petits? C\u2019est ce que nous allons d\u00e9couvrir gr\u00e2ce \u00e0 cette activit\u00e9 cl\u00e9s en main.<\/p>\n<p>KUBO\u00ae est un robot intuitif qui rend l&rsquo;apprentissage du code facile et amusant. Avec des robots pratiques et num\u00e9riques, KUBO\u00ae est une excellente solution pour les plus jeunes apprenants qui souhaitent faire leurs premiers pas dans le codage.<\/p>\n<p>En invitant KUBO\u00ae dans votre classe, vous ouvrez la porte \u00e0 de nouvelles fa\u00e7ons attrayantes pour les jeunes d&rsquo;apprendre les concepts fondamentaux du codage, aidant ainsi les \u00e9tudiants d&rsquo;aujourd&rsquo;hui \u00e0 r\u00e9soudre les probl\u00e8mes de demain.<\/p>\n<p>Vous ne pourrez plus les arr\u00eater!<\/p>\n<p><strong>Au menu: <\/strong><\/p>\n<ul>\n<li>\u00c0 partir de 2 ateliers de 60 minutes en intrascolaire.<\/li>\n<li>Nombre d\u2019ateliers de 60 minutes limit\u00e9s \u00e0 6 semaines en parascolaire.<\/li>\n<\/ul>\n<h2><strong><u>Objectifs du primaire:<\/u><\/strong><\/h2>\n<ul>\n<li>Interpr\u00e9ter un sch\u00e9ma permettant de programmer les robots \u00e0 partir de tuiles.<\/li>\n<li>Distinguer les pi\u00e8ces n\u00e9cessaires du robot KUBO\u00ae.<\/li>\n<li>Construire et d\u00e9crire une s\u00e9quence simple.<\/li>\n<li>Comprendre comment cr\u00e9er une s\u00e9quence de programmation.<\/li>\n<\/ul>\n","protected":false},"excerpt":{"rendered":"<p>Qui est KUBO\u00ae ? Saviez-vous que la robotique est \u00e0 la port\u00e9e de tous, m\u00eame des plus petits? C\u2019est ce que nous allons d\u00e9couvrir gr\u00e2ce \u00e0 cette activit\u00e9 cl\u00e9s en main. KUBO\u00ae est un robot intuitif qui rend l&rsquo;apprentissage du code facile et amusant. Avec des robots pratiques et num\u00e9riques, KUBO\u00ae est une excellente solution pour les plus jeunes apprenants<\/p>\n<div class=\"h10\"><\/div>\n<p><a class=\"more-link1\" href=\"https:\/\/www.profaqua.ca\/fr\/produit\/robotique-kubo-coding-colombie-britannique\/\">Voir plus<\/a><\/p>\n","protected":false},"featured_media":30964,"template":"","meta":[],"product_cat":[63],"product_tag":[],"acf":[],"yoast_head":"<!-- This site is optimized with the Yoast SEO plugin v20.13 - https:\/\/yoast.com\/wordpress\/plugins\/seo\/ -->\n<title>Robotique KUBO\u00ae Coding (Colombie-Britannique) - Profaqua<\/title>\n<meta name=\"description\" content=\"Qui est KUBO\u00ae ? Saviez-vous que la robotique est \u00e0 la port\u00e9e de tous, m\u00eame des plus petits? C\u2019est ce que nous allons d\u00e9couvrir gr\u00e2ce \u00e0 cette activit\u00e9 cl\u00e9s\" \/>\n<meta name=\"robots\" content=\"index, follow, max-snippet:-1, max-image-preview:large, max-video-preview:-1\" \/>\n<link rel=\"canonical\" href=\"https:\/\/www.profaqua.ca\/fr\/produit\/robotique-kubo-coding-colombie-britannique\/\" \/>\n<meta property=\"og:locale\" content=\"fr_FR\" \/>\n<meta property=\"og:type\" content=\"article\" \/>\n<meta property=\"og:title\" content=\"Robotique KUBO\u00ae Coding (Colombie-Britannique) - Profaqua\" \/>\n<meta property=\"og:description\" content=\"Qui est KUBO\u00ae ? Saviez-vous que la robotique est \u00e0 la port\u00e9e de tous, m\u00eame des plus petits? C\u2019est ce que nous allons d\u00e9couvrir gr\u00e2ce \u00e0 cette activit\u00e9 cl\u00e9s\" \/>\n<meta property=\"og:url\" content=\"https:\/\/www.profaqua.ca\/fr\/produit\/robotique-kubo-coding-colombie-britannique\/\" \/>\n<meta property=\"og:site_name\" content=\"Profaqua\" \/>\n<meta property=\"article:publisher\" content=\"https:\/\/www.facebook.com\/profaqua\/\" \/>\n<meta property=\"article:modified_time\" content=\"2024-09-04T17:34:02+00:00\" \/>\n<meta property=\"og:image\" content=\"https:\/\/www.profaqua.ca\/wp-content\/uploads\/2020\/08\/5.2_Miniature-Projet-400x400-1.png\" \/>\n\t<meta property=\"og:image:width\" content=\"400\" \/>\n\t<meta property=\"og:image:height\" content=\"400\" \/>\n\t<meta property=\"og:image:type\" content=\"image\/png\" \/>\n<meta name=\"twitter:card\" content=\"summary_large_image\" \/>\n<meta name=\"twitter:label1\" content=\"Dur\u00e9e de lecture estim\u00e9e\" \/>\n\t<meta name=\"twitter:data1\" content=\"1 minute\" \/>\n<script type=\"application\/ld+json\" class=\"yoast-schema-graph\">{\"@context\":\"https:\/\/schema.org\",\"@graph\":[{\"@type\":\"WebPage\",\"@id\":\"https:\/\/www.profaqua.ca\/fr\/produit\/robotique-kubo-coding-colombie-britannique\/\",\"url\":\"https:\/\/www.profaqua.ca\/fr\/produit\/robotique-kubo-coding-colombie-britannique\/\",\"name\":\"Robotique KUBO\u00ae Coding (Colombie-Britannique) - Profaqua\",\"isPartOf\":{\"@id\":\"https:\/\/www.profaqua.ca\/fr\/#website\"},\"datePublished\":\"2024-08-13T23:42:01+00:00\",\"dateModified\":\"2024-09-04T17:34:02+00:00\",\"description\":\"Qui est KUBO\u00ae ? Saviez-vous que la robotique est \u00e0 la port\u00e9e de tous, m\u00eame des plus petits? C\u2019est ce que nous allons d\u00e9couvrir gr\u00e2ce \u00e0 cette activit\u00e9 cl\u00e9s\",\"breadcrumb\":{\"@id\":\"https:\/\/www.profaqua.ca\/fr\/produit\/robotique-kubo-coding-colombie-britannique\/#breadcrumb\"},\"inLanguage\":\"fr-FR\",\"potentialAction\":[{\"@type\":\"ReadAction\",\"target\":[\"https:\/\/www.profaqua.ca\/fr\/produit\/robotique-kubo-coding-colombie-britannique\/\"]}]},{\"@type\":\"BreadcrumbList\",\"@id\":\"https:\/\/www.profaqua.ca\/fr\/produit\/robotique-kubo-coding-colombie-britannique\/#breadcrumb\",\"itemListElement\":[{\"@type\":\"ListItem\",\"position\":1,\"name\":\"Home\",\"item\":\"https:\/\/www.profaqua.ca\/fr\/\"},{\"@type\":\"ListItem\",\"position\":2,\"name\":\"Produits\",\"item\":\"https:\/\/www.profaqua.ca\/fr\/shop\/\"},{\"@type\":\"ListItem\",\"position\":3,\"name\":\"Robotique KUBO\u00ae Coding (Colombie-Britannique)\"}]},{\"@type\":\"WebSite\",\"@id\":\"https:\/\/www.profaqua.ca\/fr\/#website\",\"url\":\"https:\/\/www.profaqua.ca\/fr\/\",\"name\":\"Profaqua\",\"description\":\"\",\"potentialAction\":[{\"@type\":\"SearchAction\",\"target\":{\"@type\":\"EntryPoint\",\"urlTemplate\":\"https:\/\/www.profaqua.ca\/fr\/?s={search_term_string}\"},\"query-input\":\"required name=search_term_string\"}],\"inLanguage\":\"fr-FR\"}]}<\/script>\n<!-- \/ Yoast SEO plugin. -->","yoast_head_json":{"title":"Robotique KUBO\u00ae Coding (Colombie-Britannique) - Profaqua","description":"Qui est KUBO\u00ae ? Saviez-vous que la robotique est \u00e0 la port\u00e9e de tous, m\u00eame des plus petits? C\u2019est ce que nous allons d\u00e9couvrir gr\u00e2ce \u00e0 cette activit\u00e9 cl\u00e9s","robots":{"index":"index","follow":"follow","max-snippet":"max-snippet:-1","max-image-preview":"max-image-preview:large","max-video-preview":"max-video-preview:-1"},"canonical":"https:\/\/www.profaqua.ca\/fr\/produit\/robotique-kubo-coding-colombie-britannique\/","og_locale":"fr_FR","og_type":"article","og_title":"Robotique KUBO\u00ae Coding (Colombie-Britannique) - Profaqua","og_description":"Qui est KUBO\u00ae ? Saviez-vous que la robotique est \u00e0 la port\u00e9e de tous, m\u00eame des plus petits? C\u2019est ce que nous allons d\u00e9couvrir gr\u00e2ce \u00e0 cette activit\u00e9 cl\u00e9s","og_url":"https:\/\/www.profaqua.ca\/fr\/produit\/robotique-kubo-coding-colombie-britannique\/","og_site_name":"Profaqua","article_publisher":"https:\/\/www.facebook.com\/profaqua\/","article_modified_time":"2024-09-04T17:34:02+00:00","og_image":[{"width":400,"height":400,"url":"https:\/\/www.profaqua.ca\/wp-content\/uploads\/2020\/08\/5.2_Miniature-Projet-400x400-1.png","type":"image\/png"}],"twitter_card":"summary_large_image","twitter_misc":{"Dur\u00e9e de lecture estim\u00e9e":"1 minute"},"schema":{"@context":"https:\/\/schema.org","@graph":[{"@type":"WebPage","@id":"https:\/\/www.profaqua.ca\/fr\/produit\/robotique-kubo-coding-colombie-britannique\/","url":"https:\/\/www.profaqua.ca\/fr\/produit\/robotique-kubo-coding-colombie-britannique\/","name":"Robotique KUBO\u00ae Coding (Colombie-Britannique) - Profaqua","isPartOf":{"@id":"https:\/\/www.profaqua.ca\/fr\/#website"},"datePublished":"2024-08-13T23:42:01+00:00","dateModified":"2024-09-04T17:34:02+00:00","description":"Qui est KUBO\u00ae ? Saviez-vous que la robotique est \u00e0 la port\u00e9e de tous, m\u00eame des plus petits? C\u2019est ce que nous allons d\u00e9couvrir gr\u00e2ce \u00e0 cette activit\u00e9 cl\u00e9s","breadcrumb":{"@id":"https:\/\/www.profaqua.ca\/fr\/produit\/robotique-kubo-coding-colombie-britannique\/#breadcrumb"},"inLanguage":"fr-FR","potentialAction":[{"@type":"ReadAction","target":["https:\/\/www.profaqua.ca\/fr\/produit\/robotique-kubo-coding-colombie-britannique\/"]}]},{"@type":"BreadcrumbList","@id":"https:\/\/www.profaqua.ca\/fr\/produit\/robotique-kubo-coding-colombie-britannique\/#breadcrumb","itemListElement":[{"@type":"ListItem","position":1,"name":"Home","item":"https:\/\/www.profaqua.ca\/fr\/"},{"@type":"ListItem","position":2,"name":"Produits","item":"https:\/\/www.profaqua.ca\/fr\/shop\/"},{"@type":"ListItem","position":3,"name":"Robotique KUBO\u00ae Coding (Colombie-Britannique)"}]},{"@type":"WebSite","@id":"https:\/\/www.profaqua.ca\/fr\/#website","url":"https:\/\/www.profaqua.ca\/fr\/","name":"Profaqua","description":"","potentialAction":[{"@type":"SearchAction","target":{"@type":"EntryPoint","urlTemplate":"https:\/\/www.profaqua.ca\/fr\/?s={search_term_string}"},"query-input":"required name=search_term_string"}],"inLanguage":"fr-FR"}]}},"_links":{"self":[{"href":"https:\/\/www.profaqua.ca\/fr\/wp-json\/wp\/v2\/product\/36010"}],"collection":[{"href":"https:\/\/www.profaqua.ca\/fr\/wp-json\/wp\/v2\/product"}],"about":[{"href":"https:\/\/www.profaqua.ca\/fr\/wp-json\/wp\/v2\/types\/product"}],"wp:featuredmedia":[{"embeddable":true,"href":"https:\/\/www.profaqua.ca\/fr\/wp-json\/wp\/v2\/media\/30964"}],"wp:attachment":[{"href":"https:\/\/www.profaqua.ca\/fr\/wp-json\/wp\/v2\/media?parent=36010"}],"wp:term":[{"taxonomy":"product_cat","embeddable":true,"href":"https:\/\/www.profaqua.ca\/fr\/wp-json\/wp\/v2\/product_cat?post=36010"},{"taxonomy":"product_tag","embeddable":true,"href":"https:\/\/www.profaqua.ca\/fr\/wp-json\/wp\/v2\/product_tag?post=36010"}],"curies":[{"name":"wp","href":"https:\/\/api.w.org\/{rel}","templated":true}]}}