{"id":35194,"date":"2023-10-11T17:54:17","date_gmt":"2023-10-11T22:54:17","guid":{"rendered":"https:\/\/www.profaqua.ca\/?post_type=product&#038;p=35194"},"modified":"2024-09-03T12:44:26","modified_gmt":"2024-09-03T17:44:26","slug":"ph-acide-et-base-vancouver","status":"publish","type":"product","link":"https:\/\/www.profaqua.ca\/fr\/produit\/ph-acide-et-base-vancouver\/","title":{"rendered":"pH acide et base (Colombie-Britannique)"},"content":{"rendered":"<p><strong>Vous avez des petits chimistes en herbe dans votre classe ? <\/strong><\/p>\n<p>Vos \u00e9l\u00e8ves comprendront, par cet atelier, un tout nouveau langage sur la chimie et les propri\u00e9t\u00e9s des acides et des bases r\u00e9sultent de l&rsquo;\u00e9change de protons H+.<\/p>\n<p>Cet atelier convient parfaitement \u00e0 vos jeunes, car l&rsquo;environnement qui nous entoure regorge de substances acides et basiques, qui peuvent \u00eatre tant utiles que n\u00e9fastes. Et puis, ainsi nous leur montrerons que la chimie, la science en g\u00e9n\u00e9ral, pilote notre vie quotidienne sans qu&rsquo;on y pr\u00eate une attention particuli\u00e8re de tous les instants.<\/p>\n<p>Une fois les exp\u00e9riences termin\u00e9es, ils seront en mesure de classer les acides et les bases dans la vie de tous les jours!<\/p>\n<h2><strong><u>Objectifs du primaire:<\/u><\/strong><\/h2>\n<ul>\n<li>Faire la diff\u00e9rence entre les moyens physiques et chimiques de transformation.<\/li>\n<li>\u00c9mettre des hypoth\u00e8ses sur le r\u00e9sultat des m\u00e9langes.<\/li>\n<li>Utiliser des instruments de mesure simples.<\/li>\n<li>Comprendre le concept du pH.<\/li>\n<\/ul>\n","protected":false},"excerpt":{"rendered":"<p>Vous avez des petits chimistes en herbe dans votre classe ? Vos \u00e9l\u00e8ves comprendront, par cet atelier, un tout nouveau langage sur la chimie et les propri\u00e9t\u00e9s des acides et des bases r\u00e9sultent de l&rsquo;\u00e9change de protons H+. Cet atelier convient parfaitement \u00e0 vos jeunes, car l&rsquo;environnement qui nous entoure regorge de substances acides et basiques, qui peuvent \u00eatre tant<\/p>\n<div class=\"h10\"><\/div>\n<p><a class=\"more-link1\" href=\"https:\/\/www.profaqua.ca\/fr\/produit\/ph-acide-et-base-vancouver\/\">Voir plus<\/a><\/p>\n","protected":false},"featured_media":1284,"template":"","meta":[],"product_cat":[62],"product_tag":[],"acf":[],"yoast_head":"<!-- This site is optimized with the Yoast SEO plugin v20.13 - https:\/\/yoast.com\/wordpress\/plugins\/seo\/ -->\n<title>pH acide et base (Colombie-Britannique) - Profaqua<\/title>\n<meta name=\"description\" content=\"Vous avez des petits chimistes en herbe dans votre classe ? Vos \u00e9l\u00e8ves comprendront, par cet atelier, un tout nouveau langage sur la chimie et les\" \/>\n<meta name=\"robots\" content=\"index, follow, max-snippet:-1, max-image-preview:large, max-video-preview:-1\" \/>\n<link rel=\"canonical\" href=\"https:\/\/www.profaqua.ca\/fr\/produit\/ph-acide-et-base-vancouver\/\" \/>\n<meta property=\"og:locale\" content=\"fr_FR\" \/>\n<meta property=\"og:type\" content=\"article\" \/>\n<meta property=\"og:title\" content=\"pH acide et base (Colombie-Britannique) - Profaqua\" \/>\n<meta property=\"og:description\" content=\"Vous avez des petits chimistes en herbe dans votre classe ? Vos \u00e9l\u00e8ves comprendront, par cet atelier, un tout nouveau langage sur la chimie et les\" \/>\n<meta property=\"og:url\" content=\"https:\/\/www.profaqua.ca\/fr\/produit\/ph-acide-et-base-vancouver\/\" \/>\n<meta property=\"og:site_name\" content=\"Profaqua\" \/>\n<meta property=\"article:publisher\" content=\"https:\/\/www.facebook.com\/profaqua\/\" \/>\n<meta property=\"article:modified_time\" content=\"2024-09-03T17:44:26+00:00\" \/>\n<meta property=\"og:image\" content=\"https:\/\/www.profaqua.ca\/wp-content\/uploads\/2017\/07\/1.3_R\u00e9actions_chimiques-002.png\" \/>\n\t<meta property=\"og:image:width\" content=\"1800\" \/>\n\t<meta property=\"og:image:height\" content=\"1800\" \/>\n\t<meta property=\"og:image:type\" content=\"image\/png\" \/>\n<meta name=\"twitter:card\" content=\"summary_large_image\" \/>\n<meta name=\"twitter:label1\" content=\"Dur\u00e9e de lecture estim\u00e9e\" \/>\n\t<meta name=\"twitter:data1\" content=\"1 minute\" \/>\n<script type=\"application\/ld+json\" class=\"yoast-schema-graph\">{\"@context\":\"https:\/\/schema.org\",\"@graph\":[{\"@type\":\"WebPage\",\"@id\":\"https:\/\/www.profaqua.ca\/fr\/produit\/ph-acide-et-base-vancouver\/\",\"url\":\"https:\/\/www.profaqua.ca\/fr\/produit\/ph-acide-et-base-vancouver\/\",\"name\":\"pH acide et base (Colombie-Britannique) - Profaqua\",\"isPartOf\":{\"@id\":\"https:\/\/www.profaqua.ca\/fr\/#website\"},\"datePublished\":\"2023-10-11T22:54:17+00:00\",\"dateModified\":\"2024-09-03T17:44:26+00:00\",\"description\":\"Vous avez des petits chimistes en herbe dans votre classe ? Vos \u00e9l\u00e8ves comprendront, par cet atelier, un tout nouveau langage sur la chimie et les\",\"breadcrumb\":{\"@id\":\"https:\/\/www.profaqua.ca\/fr\/produit\/ph-acide-et-base-vancouver\/#breadcrumb\"},\"inLanguage\":\"fr-FR\",\"potentialAction\":[{\"@type\":\"ReadAction\",\"target\":[\"https:\/\/www.profaqua.ca\/fr\/produit\/ph-acide-et-base-vancouver\/\"]}]},{\"@type\":\"BreadcrumbList\",\"@id\":\"https:\/\/www.profaqua.ca\/fr\/produit\/ph-acide-et-base-vancouver\/#breadcrumb\",\"itemListElement\":[{\"@type\":\"ListItem\",\"position\":1,\"name\":\"Home\",\"item\":\"https:\/\/www.profaqua.ca\/fr\/\"},{\"@type\":\"ListItem\",\"position\":2,\"name\":\"Produits\",\"item\":\"https:\/\/www.profaqua.ca\/fr\/shop\/\"},{\"@type\":\"ListItem\",\"position\":3,\"name\":\"pH acide et base (Colombie-Britannique)\"}]},{\"@type\":\"WebSite\",\"@id\":\"https:\/\/www.profaqua.ca\/fr\/#website\",\"url\":\"https:\/\/www.profaqua.ca\/fr\/\",\"name\":\"Profaqua\",\"description\":\"\",\"potentialAction\":[{\"@type\":\"SearchAction\",\"target\":{\"@type\":\"EntryPoint\",\"urlTemplate\":\"https:\/\/www.profaqua.ca\/fr\/?s={search_term_string}\"},\"query-input\":\"required name=search_term_string\"}],\"inLanguage\":\"fr-FR\"}]}<\/script>\n<!-- \/ Yoast SEO plugin. -->","yoast_head_json":{"title":"pH acide et base (Colombie-Britannique) - Profaqua","description":"Vous avez des petits chimistes en herbe dans votre classe ? Vos \u00e9l\u00e8ves comprendront, par cet atelier, un tout nouveau langage sur la chimie et les","robots":{"index":"index","follow":"follow","max-snippet":"max-snippet:-1","max-image-preview":"max-image-preview:large","max-video-preview":"max-video-preview:-1"},"canonical":"https:\/\/www.profaqua.ca\/fr\/produit\/ph-acide-et-base-vancouver\/","og_locale":"fr_FR","og_type":"article","og_title":"pH acide et base (Colombie-Britannique) - Profaqua","og_description":"Vous avez des petits chimistes en herbe dans votre classe ? Vos \u00e9l\u00e8ves comprendront, par cet atelier, un tout nouveau langage sur la chimie et les","og_url":"https:\/\/www.profaqua.ca\/fr\/produit\/ph-acide-et-base-vancouver\/","og_site_name":"Profaqua","article_publisher":"https:\/\/www.facebook.com\/profaqua\/","article_modified_time":"2024-09-03T17:44:26+00:00","og_image":[{"width":1800,"height":1800,"url":"https:\/\/www.profaqua.ca\/wp-content\/uploads\/2017\/07\/1.3_R\u00e9actions_chimiques-002.png","type":"image\/png"}],"twitter_card":"summary_large_image","twitter_misc":{"Dur\u00e9e de lecture estim\u00e9e":"1 minute"},"schema":{"@context":"https:\/\/schema.org","@graph":[{"@type":"WebPage","@id":"https:\/\/www.profaqua.ca\/fr\/produit\/ph-acide-et-base-vancouver\/","url":"https:\/\/www.profaqua.ca\/fr\/produit\/ph-acide-et-base-vancouver\/","name":"pH acide et base (Colombie-Britannique) - Profaqua","isPartOf":{"@id":"https:\/\/www.profaqua.ca\/fr\/#website"},"datePublished":"2023-10-11T22:54:17+00:00","dateModified":"2024-09-03T17:44:26+00:00","description":"Vous avez des petits chimistes en herbe dans votre classe ? Vos \u00e9l\u00e8ves comprendront, par cet atelier, un tout nouveau langage sur la chimie et les","breadcrumb":{"@id":"https:\/\/www.profaqua.ca\/fr\/produit\/ph-acide-et-base-vancouver\/#breadcrumb"},"inLanguage":"fr-FR","potentialAction":[{"@type":"ReadAction","target":["https:\/\/www.profaqua.ca\/fr\/produit\/ph-acide-et-base-vancouver\/"]}]},{"@type":"BreadcrumbList","@id":"https:\/\/www.profaqua.ca\/fr\/produit\/ph-acide-et-base-vancouver\/#breadcrumb","itemListElement":[{"@type":"ListItem","position":1,"name":"Home","item":"https:\/\/www.profaqua.ca\/fr\/"},{"@type":"ListItem","position":2,"name":"Produits","item":"https:\/\/www.profaqua.ca\/fr\/shop\/"},{"@type":"ListItem","position":3,"name":"pH acide et base (Colombie-Britannique)"}]},{"@type":"WebSite","@id":"https:\/\/www.profaqua.ca\/fr\/#website","url":"https:\/\/www.profaqua.ca\/fr\/","name":"Profaqua","description":"","potentialAction":[{"@type":"SearchAction","target":{"@type":"EntryPoint","urlTemplate":"https:\/\/www.profaqua.ca\/fr\/?s={search_term_string}"},"query-input":"required name=search_term_string"}],"inLanguage":"fr-FR"}]}},"_links":{"self":[{"href":"https:\/\/www.profaqua.ca\/fr\/wp-json\/wp\/v2\/product\/35194"}],"collection":[{"href":"https:\/\/www.profaqua.ca\/fr\/wp-json\/wp\/v2\/product"}],"about":[{"href":"https:\/\/www.profaqua.ca\/fr\/wp-json\/wp\/v2\/types\/product"}],"wp:featuredmedia":[{"embeddable":true,"href":"https:\/\/www.profaqua.ca\/fr\/wp-json\/wp\/v2\/media\/1284"}],"wp:attachment":[{"href":"https:\/\/www.profaqua.ca\/fr\/wp-json\/wp\/v2\/media?parent=35194"}],"wp:term":[{"taxonomy":"product_cat","embeddable":true,"href":"https:\/\/www.profaqua.ca\/fr\/wp-json\/wp\/v2\/product_cat?post=35194"},{"taxonomy":"product_tag","embeddable":true,"href":"https:\/\/www.profaqua.ca\/fr\/wp-json\/wp\/v2\/product_tag?post=35194"}],"curies":[{"name":"wp","href":"https:\/\/api.w.org\/{rel}","templated":true}]}}