{"id":31398,"date":"2022-08-22T13:08:01","date_gmt":"2022-08-22T18:08:01","guid":{"rendered":"https:\/\/www.profaqua.ca\/?post_type=product&#038;p=31398"},"modified":"2024-09-04T21:24:34","modified_gmt":"2024-09-05T02:24:34","slug":"turing-tumble","status":"publish","type":"product","link":"https:\/\/www.profaqua.ca\/fr\/produit\/turing-tumble\/","title":{"rendered":"Turing Tumble"},"content":{"rendered":"<p>[vc_row][vc_column width=\u00a0\u00bb2\/3&Prime;][vc_column_text]<strong>D\u00e9couvrons le fonctionnement des ordinateurs !<\/strong><\/p>\n<p>En hommage \u00e0 <em>Alan Turing<\/em>, l\u2019un des p\u00e8res de l\u2019informatique moderne, Turing Tumble est un tout nouveau jeu de logique et de r\u00e9flexion o\u00f9 les jeunes doivent r\u00e9soudre des \u00e9nigmes en construisant des ordinateurs \u00e0 billes. \u00c0 l\u2019aide de rampes, de croisements, de bits, d\u2019intercepteurs, de roues dent\u00e9es et de roues binaires, le jeune b\u00e2tit divers mod\u00e8les d\u2019ordinateurs \u00e0 billes qui peuvent produire des s\u00e9quences, r\u00e9aliser des op\u00e9rations logiques, compter, ex\u00e9cuter des additions, des soustractions, des multiplications, des divisions et bien plus encore ![\/vc_column_text][\/vc_column][vc_column width=\u00a0\u00bb1\/3&Prime;][vc_single_image alignment=\u00a0\u00bbright\u00a0\u00bb image=\u00a0\u00bb31460&Prime;][\/vc_column][\/vc_row][vc_row][vc_column][vc_column_text]Le jeu se pr\u00e9sente sous la forme d\u2019un grand plateau presque vertical dans lequel de petites pi\u00e8ces en plastique color\u00e9 peuvent s\u2019encastrer. Ces pi\u00e8ces jouent le r\u00f4le de portes logiques, de m\u00e9moire, mais aussi de fils transmettant l\u2019information et l\u2019\u00e9nergie. En haut, on range les billes, rouges d\u2019un c\u00f4t\u00e9, bleus de l\u2019autre. Ce sont ces billes qui en cascadant de haut en bas du plateau font bouger les pi\u00e8ces. Une bille qui arrive en bas d\u00e9clenche le d\u00e9part de la bille suivante par un astucieux m\u00e9canisme reliant le bas au haut du plateau. Chaque \u00e9nigme est un casse-t\u00eate : une situation de d\u00e9part et un ensemble de pi\u00e8ces utilisables sont propos\u00e9s. Comment placer les pi\u00e8ces sur le plateau pour obtenir le r\u00e9sultat souhait\u00e9 ? Ce r\u00e9sultat peut \u00eatre une alternance de billes de couleur \u00e0 l\u2019arriv\u00e9e, ou bien une position des pi\u00e8ces dont l\u2019orientation sur le plateau change au passage des billes. Pour les quatre premi\u00e8res \u00e9nigmes, un seul type de pi\u00e8ce est utilis\u00e9, et on d\u00e9couvre progressivement comment guider les billes sur le plateau.<\/p>\n<p><strong>Au menu: <\/strong><\/p>\n<ul>\n<li>\u00c0 partir de 2 ateliers de 60 ou 75 minutes en intrascolaire.<\/li>\n<li>Nombre d\u2019ateliers de 60 minutes limit\u00e9s \u00e0 6 semaines en parascolaire.<\/li>\n<\/ul>\n<h2><strong><u>Objectifs du primaire:<\/u><\/strong><\/h2>\n<ul>\n<li>Interpr\u00e9ter un sch\u00e9ma permettant de cr\u00e9er des registres sur le plateau.<\/li>\n<li>Distinguer et\u00a0stocker en binaire un entier entre 0 et 7.<\/li>\n<li>Construire et d\u00e9crire une s\u00e9quence simple de pi\u00e8ces m\u00e9caniques en mouvement.<\/li>\n<li>Comprendre comment cr\u00e9er une s\u00e9quence de programmation comme Alan Turing avait imagin\u00e9 un ordinateur.<\/li>\n<\/ul>\n<h2><strong><u>Objectifs du secondaire:<\/u><\/strong><\/h2>\n<ul>\n<li>\u00c9laboration d\u2019une d\u00e9marche pertinente du langage de la programmation.<\/li>\n<li>Formulation d\u2019hypoth\u00e8ses ou de pistes de solution.<\/li>\n<li>Mise en \u0153uvre ad\u00e9quate de la d\u00e9marche informatique et m\u00e9canique.<\/li>\n<li>Interpr\u00e9tation appropri\u00e9e de la probl\u00e9matique.<\/li>\n<li>Utilisation pertinente des connaissances scientifiques et technologiques par des strat\u00e9gies de programmation.<\/li>\n<\/ul>\n<p>[\/vc_column_text][\/vc_column][\/vc_row]<\/p>\n","protected":false},"excerpt":{"rendered":"<p>[vc_row][vc_column width=\u00a0\u00bb2\/3&Prime;][vc_column_text]D\u00e9couvrons le fonctionnement des ordinateurs ! En hommage \u00e0 Alan Turing, l\u2019un des p\u00e8res de l\u2019informatique moderne, Turing Tumble est un tout nouveau jeu de logique et de r\u00e9flexion o\u00f9 les jeunes doivent r\u00e9soudre des \u00e9nigmes en construisant des ordinateurs \u00e0 billes. \u00c0 l\u2019aide de rampes, de croisements, de bits, d\u2019intercepteurs, de roues dent\u00e9es et de roues binaires, le<\/p>\n<div class=\"h10\"><\/div>\n<p><a class=\"more-link1\" href=\"https:\/\/www.profaqua.ca\/fr\/produit\/turing-tumble\/\">Voir plus<\/a><\/p>\n","protected":false},"featured_media":1323,"template":"","meta":[],"product_cat":[63],"product_tag":[],"acf":[],"yoast_head":"<!-- This site is optimized with the Yoast SEO plugin v20.13 - https:\/\/yoast.com\/wordpress\/plugins\/seo\/ -->\n<title>Turing Tumble - Profaqua<\/title>\n<meta name=\"description\" content=\"D\u00e9couvrons le fonctionnement des ordinateurs ! En hommage \u00e0 Alan Turing, l\u2019un des p\u00e8res de l\u2019informatique moderne, Turing Tumble est un tout nouveau jeu\" \/>\n<meta name=\"robots\" content=\"index, follow, max-snippet:-1, max-image-preview:large, max-video-preview:-1\" \/>\n<link rel=\"canonical\" href=\"https:\/\/www.profaqua.ca\/fr\/produit\/turing-tumble\/\" \/>\n<meta property=\"og:locale\" content=\"fr_FR\" \/>\n<meta property=\"og:type\" content=\"article\" \/>\n<meta property=\"og:title\" content=\"Turing Tumble - Profaqua\" \/>\n<meta property=\"og:description\" content=\"D\u00e9couvrons le fonctionnement des ordinateurs ! En hommage \u00e0 Alan Turing, l\u2019un des p\u00e8res de l\u2019informatique moderne, Turing Tumble est un tout nouveau jeu\" \/>\n<meta property=\"og:url\" content=\"https:\/\/www.profaqua.ca\/fr\/produit\/turing-tumble\/\" \/>\n<meta property=\"og:site_name\" content=\"Profaqua\" \/>\n<meta property=\"article:publisher\" content=\"https:\/\/www.facebook.com\/profaqua\/\" \/>\n<meta property=\"article:modified_time\" content=\"2024-09-05T02:24:34+00:00\" \/>\n<meta property=\"og:image\" content=\"https:\/\/www.profaqua.ca\/wp-content\/uploads\/2017\/07\/5.1_Domotique-002.png\" \/>\n\t<meta property=\"og:image:width\" content=\"1800\" \/>\n\t<meta property=\"og:image:height\" content=\"1800\" \/>\n\t<meta property=\"og:image:type\" content=\"image\/png\" \/>\n<meta name=\"twitter:card\" content=\"summary_large_image\" \/>\n<meta name=\"twitter:label1\" content=\"Dur\u00e9e de lecture estim\u00e9e\" \/>\n\t<meta name=\"twitter:data1\" content=\"2 minutes\" \/>\n<script type=\"application\/ld+json\" class=\"yoast-schema-graph\">{\"@context\":\"https:\/\/schema.org\",\"@graph\":[{\"@type\":\"WebPage\",\"@id\":\"https:\/\/www.profaqua.ca\/fr\/produit\/turing-tumble\/\",\"url\":\"https:\/\/www.profaqua.ca\/fr\/produit\/turing-tumble\/\",\"name\":\"Turing Tumble - Profaqua\",\"isPartOf\":{\"@id\":\"https:\/\/www.profaqua.ca\/fr\/#website\"},\"datePublished\":\"2022-08-22T18:08:01+00:00\",\"dateModified\":\"2024-09-05T02:24:34+00:00\",\"description\":\"D\u00e9couvrons le fonctionnement des ordinateurs ! En hommage \u00e0 Alan Turing, l\u2019un des p\u00e8res de l\u2019informatique moderne, Turing Tumble est un tout nouveau jeu\",\"breadcrumb\":{\"@id\":\"https:\/\/www.profaqua.ca\/fr\/produit\/turing-tumble\/#breadcrumb\"},\"inLanguage\":\"fr-FR\",\"potentialAction\":[{\"@type\":\"ReadAction\",\"target\":[\"https:\/\/www.profaqua.ca\/fr\/produit\/turing-tumble\/\"]}]},{\"@type\":\"BreadcrumbList\",\"@id\":\"https:\/\/www.profaqua.ca\/fr\/produit\/turing-tumble\/#breadcrumb\",\"itemListElement\":[{\"@type\":\"ListItem\",\"position\":1,\"name\":\"Home\",\"item\":\"https:\/\/www.profaqua.ca\/fr\/\"},{\"@type\":\"ListItem\",\"position\":2,\"name\":\"Produits\",\"item\":\"https:\/\/www.profaqua.ca\/fr\/shop\/\"},{\"@type\":\"ListItem\",\"position\":3,\"name\":\"Turing Tumble\"}]},{\"@type\":\"WebSite\",\"@id\":\"https:\/\/www.profaqua.ca\/fr\/#website\",\"url\":\"https:\/\/www.profaqua.ca\/fr\/\",\"name\":\"Profaqua\",\"description\":\"\",\"potentialAction\":[{\"@type\":\"SearchAction\",\"target\":{\"@type\":\"EntryPoint\",\"urlTemplate\":\"https:\/\/www.profaqua.ca\/fr\/?s={search_term_string}\"},\"query-input\":\"required name=search_term_string\"}],\"inLanguage\":\"fr-FR\"}]}<\/script>\n<!-- \/ Yoast SEO plugin. -->","yoast_head_json":{"title":"Turing Tumble - Profaqua","description":"D\u00e9couvrons le fonctionnement des ordinateurs ! En hommage \u00e0 Alan Turing, l\u2019un des p\u00e8res de l\u2019informatique moderne, Turing Tumble est un tout nouveau jeu","robots":{"index":"index","follow":"follow","max-snippet":"max-snippet:-1","max-image-preview":"max-image-preview:large","max-video-preview":"max-video-preview:-1"},"canonical":"https:\/\/www.profaqua.ca\/fr\/produit\/turing-tumble\/","og_locale":"fr_FR","og_type":"article","og_title":"Turing Tumble - Profaqua","og_description":"D\u00e9couvrons le fonctionnement des ordinateurs ! En hommage \u00e0 Alan Turing, l\u2019un des p\u00e8res de l\u2019informatique moderne, Turing Tumble est un tout nouveau jeu","og_url":"https:\/\/www.profaqua.ca\/fr\/produit\/turing-tumble\/","og_site_name":"Profaqua","article_publisher":"https:\/\/www.facebook.com\/profaqua\/","article_modified_time":"2024-09-05T02:24:34+00:00","og_image":[{"width":1800,"height":1800,"url":"https:\/\/www.profaqua.ca\/wp-content\/uploads\/2017\/07\/5.1_Domotique-002.png","type":"image\/png"}],"twitter_card":"summary_large_image","twitter_misc":{"Dur\u00e9e de lecture estim\u00e9e":"2 minutes"},"schema":{"@context":"https:\/\/schema.org","@graph":[{"@type":"WebPage","@id":"https:\/\/www.profaqua.ca\/fr\/produit\/turing-tumble\/","url":"https:\/\/www.profaqua.ca\/fr\/produit\/turing-tumble\/","name":"Turing Tumble - Profaqua","isPartOf":{"@id":"https:\/\/www.profaqua.ca\/fr\/#website"},"datePublished":"2022-08-22T18:08:01+00:00","dateModified":"2024-09-05T02:24:34+00:00","description":"D\u00e9couvrons le fonctionnement des ordinateurs ! En hommage \u00e0 Alan Turing, l\u2019un des p\u00e8res de l\u2019informatique moderne, Turing Tumble est un tout nouveau jeu","breadcrumb":{"@id":"https:\/\/www.profaqua.ca\/fr\/produit\/turing-tumble\/#breadcrumb"},"inLanguage":"fr-FR","potentialAction":[{"@type":"ReadAction","target":["https:\/\/www.profaqua.ca\/fr\/produit\/turing-tumble\/"]}]},{"@type":"BreadcrumbList","@id":"https:\/\/www.profaqua.ca\/fr\/produit\/turing-tumble\/#breadcrumb","itemListElement":[{"@type":"ListItem","position":1,"name":"Home","item":"https:\/\/www.profaqua.ca\/fr\/"},{"@type":"ListItem","position":2,"name":"Produits","item":"https:\/\/www.profaqua.ca\/fr\/shop\/"},{"@type":"ListItem","position":3,"name":"Turing Tumble"}]},{"@type":"WebSite","@id":"https:\/\/www.profaqua.ca\/fr\/#website","url":"https:\/\/www.profaqua.ca\/fr\/","name":"Profaqua","description":"","potentialAction":[{"@type":"SearchAction","target":{"@type":"EntryPoint","urlTemplate":"https:\/\/www.profaqua.ca\/fr\/?s={search_term_string}"},"query-input":"required name=search_term_string"}],"inLanguage":"fr-FR"}]}},"_links":{"self":[{"href":"https:\/\/www.profaqua.ca\/fr\/wp-json\/wp\/v2\/product\/31398"}],"collection":[{"href":"https:\/\/www.profaqua.ca\/fr\/wp-json\/wp\/v2\/product"}],"about":[{"href":"https:\/\/www.profaqua.ca\/fr\/wp-json\/wp\/v2\/types\/product"}],"wp:featuredmedia":[{"embeddable":true,"href":"https:\/\/www.profaqua.ca\/fr\/wp-json\/wp\/v2\/media\/1323"}],"wp:attachment":[{"href":"https:\/\/www.profaqua.ca\/fr\/wp-json\/wp\/v2\/media?parent=31398"}],"wp:term":[{"taxonomy":"product_cat","embeddable":true,"href":"https:\/\/www.profaqua.ca\/fr\/wp-json\/wp\/v2\/product_cat?post=31398"},{"taxonomy":"product_tag","embeddable":true,"href":"https:\/\/www.profaqua.ca\/fr\/wp-json\/wp\/v2\/product_tag?post=31398"}],"curies":[{"name":"wp","href":"https:\/\/api.w.org\/{rel}","templated":true}]}}