{"id":27420,"date":"2021-08-26T15:44:41","date_gmt":"2021-08-26T20:44:41","guid":{"rendered":"https:\/\/www.profaqua.ca\/?post_type=product&#038;p=27420"},"modified":"2024-09-03T12:51:21","modified_gmt":"2024-09-03T17:51:21","slug":"echappe-toi","status":"publish","type":"product","link":"https:\/\/www.profaqua.ca\/fr\/produit\/echappe-toi\/","title":{"rendered":"\u00c9chappe-toi! (Colombie-Britannique)"},"content":{"rendered":"<p><strong>Jeux d&rsquo;\u00e9vasion !<\/strong><\/p>\n<p>Vos jeunes auront 30 minutes pour d\u00e9samorcer une bombe!<\/p>\n<p>Apr\u00e8s les explications de l&rsquo;animateur, ils auront 30 minutes pour d\u00e9samorcer le compte \u00e0 rebours dans la classe.<\/p>\n<p>Ils devront avoir le sens de l&rsquo;observation. Ils devront r\u00e9soudre, des \u00e9nigmes, des t\u00e2ches logiques et dans un ordre plus ou moins d\u00e9termin\u00e9 pour trouver la combinaison num\u00e9rique qui ouvrira le coffre o\u00f9 se trouvent les clefs pour arr\u00eater le compte \u00e0 rebours de la bombe.<\/p>\n<p>Excitation garantie!<\/p>\n<h2><strong><u>Objectifs du primaire:<\/u><\/strong><\/h2>\n<ul>\n<li>D\u00e9couvrir et cataloguer des indices en fonction de leur pertinence.<\/li>\n<li>Recourir \u00e0 des techniques et \u00e0 des outils d\u2019observation vari\u00e9s.<\/li>\n<li>D\u00e9montrer que des changements chimiques, physiques (ex. : encre invisible, UV, chaleur) modifient les propri\u00e9t\u00e9s de la mati\u00e8re.<\/li>\n<li>Comprendre l\u2019int\u00e9r\u00eat scientifique.<\/li>\n<li>Construction d\u2019un raisonnement scientifique.<\/li>\n<\/ul>\n","protected":false},"excerpt":{"rendered":"<p>Jeux d&rsquo;\u00e9vasion ! Vos jeunes auront 30 minutes pour d\u00e9samorcer une bombe! Apr\u00e8s les explications de l&rsquo;animateur, ils auront 30 minutes pour d\u00e9samorcer le compte \u00e0 rebours dans la classe. Ils devront avoir le sens de l&rsquo;observation. Ils devront r\u00e9soudre, des \u00e9nigmes, des t\u00e2ches logiques et dans un ordre plus ou moins d\u00e9termin\u00e9 pour trouver la combinaison num\u00e9rique qui ouvrira<\/p>\n<div class=\"h10\"><\/div>\n<p><a class=\"more-link1\" href=\"https:\/\/www.profaqua.ca\/fr\/produit\/echappe-toi\/\">Voir plus<\/a><\/p>\n","protected":false},"featured_media":1274,"template":"","meta":[],"product_cat":[62],"product_tag":[],"acf":[],"yoast_head":"<!-- This site is optimized with the Yoast SEO plugin v20.13 - https:\/\/yoast.com\/wordpress\/plugins\/seo\/ -->\n<title>\u00c9chappe-toi! (Colombie-Britannique) - Profaqua<\/title>\n<meta name=\"description\" content=\"Jeux d&#039;\u00e9vasion ! Vos jeunes auront 30 minutes pour d\u00e9samorcer une bombe! Apr\u00e8s les explications de l&#039;animateur, ils auront 30 minutes pour d\u00e9samorcer le\" \/>\n<meta name=\"robots\" content=\"index, follow, max-snippet:-1, max-image-preview:large, max-video-preview:-1\" \/>\n<link rel=\"canonical\" href=\"https:\/\/www.profaqua.ca\/fr\/produit\/echappe-toi\/\" \/>\n<meta property=\"og:locale\" content=\"fr_FR\" \/>\n<meta property=\"og:type\" content=\"article\" \/>\n<meta property=\"og:title\" content=\"\u00c9chappe-toi! (Colombie-Britannique) - Profaqua\" \/>\n<meta property=\"og:description\" content=\"Jeux d&#039;\u00e9vasion ! Vos jeunes auront 30 minutes pour d\u00e9samorcer une bombe! Apr\u00e8s les explications de l&#039;animateur, ils auront 30 minutes pour d\u00e9samorcer le\" \/>\n<meta property=\"og:url\" content=\"https:\/\/www.profaqua.ca\/fr\/produit\/echappe-toi\/\" \/>\n<meta property=\"og:site_name\" content=\"Profaqua\" \/>\n<meta property=\"article:publisher\" content=\"https:\/\/www.facebook.com\/profaqua\/\" \/>\n<meta property=\"article:modified_time\" content=\"2024-09-03T17:51:21+00:00\" \/>\n<meta property=\"og:image\" content=\"https:\/\/www.profaqua.ca\/wp-content\/uploads\/2017\/07\/2.3_CSI_les_experts-002.png\" \/>\n\t<meta property=\"og:image:width\" content=\"1800\" \/>\n\t<meta property=\"og:image:height\" content=\"1800\" \/>\n\t<meta property=\"og:image:type\" content=\"image\/png\" \/>\n<meta name=\"twitter:card\" content=\"summary_large_image\" \/>\n<meta name=\"twitter:label1\" content=\"Dur\u00e9e de lecture estim\u00e9e\" \/>\n\t<meta name=\"twitter:data1\" content=\"1 minute\" \/>\n<script type=\"application\/ld+json\" class=\"yoast-schema-graph\">{\"@context\":\"https:\/\/schema.org\",\"@graph\":[{\"@type\":\"WebPage\",\"@id\":\"https:\/\/www.profaqua.ca\/fr\/produit\/echappe-toi\/\",\"url\":\"https:\/\/www.profaqua.ca\/fr\/produit\/echappe-toi\/\",\"name\":\"\u00c9chappe-toi! (Colombie-Britannique) - Profaqua\",\"isPartOf\":{\"@id\":\"https:\/\/www.profaqua.ca\/fr\/#website\"},\"datePublished\":\"2021-08-26T20:44:41+00:00\",\"dateModified\":\"2024-09-03T17:51:21+00:00\",\"description\":\"Jeux d'\u00e9vasion ! Vos jeunes auront 30 minutes pour d\u00e9samorcer une bombe! Apr\u00e8s les explications de l'animateur, ils auront 30 minutes pour d\u00e9samorcer le\",\"breadcrumb\":{\"@id\":\"https:\/\/www.profaqua.ca\/fr\/produit\/echappe-toi\/#breadcrumb\"},\"inLanguage\":\"fr-FR\",\"potentialAction\":[{\"@type\":\"ReadAction\",\"target\":[\"https:\/\/www.profaqua.ca\/fr\/produit\/echappe-toi\/\"]}]},{\"@type\":\"BreadcrumbList\",\"@id\":\"https:\/\/www.profaqua.ca\/fr\/produit\/echappe-toi\/#breadcrumb\",\"itemListElement\":[{\"@type\":\"ListItem\",\"position\":1,\"name\":\"Home\",\"item\":\"https:\/\/www.profaqua.ca\/fr\/\"},{\"@type\":\"ListItem\",\"position\":2,\"name\":\"Produits\",\"item\":\"https:\/\/www.profaqua.ca\/fr\/shop\/\"},{\"@type\":\"ListItem\",\"position\":3,\"name\":\"\u00c9chappe-toi! (Colombie-Britannique)\"}]},{\"@type\":\"WebSite\",\"@id\":\"https:\/\/www.profaqua.ca\/fr\/#website\",\"url\":\"https:\/\/www.profaqua.ca\/fr\/\",\"name\":\"Profaqua\",\"description\":\"\",\"potentialAction\":[{\"@type\":\"SearchAction\",\"target\":{\"@type\":\"EntryPoint\",\"urlTemplate\":\"https:\/\/www.profaqua.ca\/fr\/?s={search_term_string}\"},\"query-input\":\"required name=search_term_string\"}],\"inLanguage\":\"fr-FR\"}]}<\/script>\n<!-- \/ Yoast SEO plugin. -->","yoast_head_json":{"title":"\u00c9chappe-toi! (Colombie-Britannique) - Profaqua","description":"Jeux d'\u00e9vasion ! Vos jeunes auront 30 minutes pour d\u00e9samorcer une bombe! Apr\u00e8s les explications de l'animateur, ils auront 30 minutes pour d\u00e9samorcer le","robots":{"index":"index","follow":"follow","max-snippet":"max-snippet:-1","max-image-preview":"max-image-preview:large","max-video-preview":"max-video-preview:-1"},"canonical":"https:\/\/www.profaqua.ca\/fr\/produit\/echappe-toi\/","og_locale":"fr_FR","og_type":"article","og_title":"\u00c9chappe-toi! (Colombie-Britannique) - Profaqua","og_description":"Jeux d'\u00e9vasion ! Vos jeunes auront 30 minutes pour d\u00e9samorcer une bombe! Apr\u00e8s les explications de l'animateur, ils auront 30 minutes pour d\u00e9samorcer le","og_url":"https:\/\/www.profaqua.ca\/fr\/produit\/echappe-toi\/","og_site_name":"Profaqua","article_publisher":"https:\/\/www.facebook.com\/profaqua\/","article_modified_time":"2024-09-03T17:51:21+00:00","og_image":[{"width":1800,"height":1800,"url":"https:\/\/www.profaqua.ca\/wp-content\/uploads\/2017\/07\/2.3_CSI_les_experts-002.png","type":"image\/png"}],"twitter_card":"summary_large_image","twitter_misc":{"Dur\u00e9e de lecture estim\u00e9e":"1 minute"},"schema":{"@context":"https:\/\/schema.org","@graph":[{"@type":"WebPage","@id":"https:\/\/www.profaqua.ca\/fr\/produit\/echappe-toi\/","url":"https:\/\/www.profaqua.ca\/fr\/produit\/echappe-toi\/","name":"\u00c9chappe-toi! (Colombie-Britannique) - Profaqua","isPartOf":{"@id":"https:\/\/www.profaqua.ca\/fr\/#website"},"datePublished":"2021-08-26T20:44:41+00:00","dateModified":"2024-09-03T17:51:21+00:00","description":"Jeux d'\u00e9vasion ! Vos jeunes auront 30 minutes pour d\u00e9samorcer une bombe! Apr\u00e8s les explications de l'animateur, ils auront 30 minutes pour d\u00e9samorcer le","breadcrumb":{"@id":"https:\/\/www.profaqua.ca\/fr\/produit\/echappe-toi\/#breadcrumb"},"inLanguage":"fr-FR","potentialAction":[{"@type":"ReadAction","target":["https:\/\/www.profaqua.ca\/fr\/produit\/echappe-toi\/"]}]},{"@type":"BreadcrumbList","@id":"https:\/\/www.profaqua.ca\/fr\/produit\/echappe-toi\/#breadcrumb","itemListElement":[{"@type":"ListItem","position":1,"name":"Home","item":"https:\/\/www.profaqua.ca\/fr\/"},{"@type":"ListItem","position":2,"name":"Produits","item":"https:\/\/www.profaqua.ca\/fr\/shop\/"},{"@type":"ListItem","position":3,"name":"\u00c9chappe-toi! (Colombie-Britannique)"}]},{"@type":"WebSite","@id":"https:\/\/www.profaqua.ca\/fr\/#website","url":"https:\/\/www.profaqua.ca\/fr\/","name":"Profaqua","description":"","potentialAction":[{"@type":"SearchAction","target":{"@type":"EntryPoint","urlTemplate":"https:\/\/www.profaqua.ca\/fr\/?s={search_term_string}"},"query-input":"required name=search_term_string"}],"inLanguage":"fr-FR"}]}},"_links":{"self":[{"href":"https:\/\/www.profaqua.ca\/fr\/wp-json\/wp\/v2\/product\/27420"}],"collection":[{"href":"https:\/\/www.profaqua.ca\/fr\/wp-json\/wp\/v2\/product"}],"about":[{"href":"https:\/\/www.profaqua.ca\/fr\/wp-json\/wp\/v2\/types\/product"}],"wp:featuredmedia":[{"embeddable":true,"href":"https:\/\/www.profaqua.ca\/fr\/wp-json\/wp\/v2\/media\/1274"}],"wp:attachment":[{"href":"https:\/\/www.profaqua.ca\/fr\/wp-json\/wp\/v2\/media?parent=27420"}],"wp:term":[{"taxonomy":"product_cat","embeddable":true,"href":"https:\/\/www.profaqua.ca\/fr\/wp-json\/wp\/v2\/product_cat?post=27420"},{"taxonomy":"product_tag","embeddable":true,"href":"https:\/\/www.profaqua.ca\/fr\/wp-json\/wp\/v2\/product_tag?post=27420"}],"curies":[{"name":"wp","href":"https:\/\/api.w.org\/{rel}","templated":true}]}}