{"id":14781,"date":"2020-08-27T17:17:07","date_gmt":"2020-08-27T22:17:07","guid":{"rendered":"https:\/\/www.profaqua.ca\/?post_type=product&#038;p=14781"},"modified":"2024-09-03T16:04:30","modified_gmt":"2024-09-03T21:04:30","slug":"dynamo-copie","status":"publish","type":"product","link":"https:\/\/www.profaqua.ca\/fr\/produit\/dynamo-copie\/","title":{"rendered":"Dynamo (Colombie-Britannique)"},"content":{"rendered":"<p><strong>Comme sur un v\u00e9lo !<\/strong><\/p>\n<p>Avez-vous d\u00e9j\u00e0 vu cette vid\u00e9o du cycliste olympique qui alimente son grille-pain en p\u00e9dalant? Incroyable, mais vrai! Saurez-vous accomplir une performance similaire?<\/p>\n<p>En activant une dynamo, vos \u00e9lectriciens devront faire fonctionner un ventilateur, un n\u00e9on et un moteur!<\/p>\n<p>La notion de transformation d\u2019\u00e9nergie m\u00e9canique en \u00e9nergie \u00e9lectrique, c\u2019est-\u00e0-dire la production d\u2019\u00e9lectrons, n\u2019aura plus de secret pour eux.<\/p>\n<p>Silence, on tourne!<\/p>\n<h2><strong><u>Objectifs du primaire:<\/u><\/strong><\/h2>\n<ul>\n<li>Comprendre ce qu\u2019est l\u2019\u00e9lectricit\u00e9.<\/li>\n<li>D\u00e9crire les transformations d\u2019\u00e9nergie d\u2019une forme \u00e0 l\u2019autre (ex\u00a0: \u00e9nergie hydraulique \u00e0 \u00e9lectrique).<\/li>\n<li>G\u00e9n\u00e9rer du courant \u00e9lectrique avec une dynamo (g\u00e9n\u00e9ratrice).<\/li>\n<li>Reconna\u00eetre les effets de l\u2019\u00e9lectromagn\u00e9tisme en \u00e9lectricit\u00e9.<\/li>\n<li>Faire fonctionner un moteur, un ventilateur et un n\u00e9on sans prise de courant.<\/li>\n<li>Comprendre l\u2019utilit\u00e9 et le fonctionnement de diff\u00e9rents circuits \u00e9lectriques (en s\u00e9rie, en parall\u00e8le, ferm\u00e9 et ouvert).<\/li>\n<li>Savoir lire les plans comportant des symboles.<\/li>\n<\/ul>\n<h2><strong><u>Objectifs du secondaire:<\/u><\/strong><\/h2>\n<ul>\n<li>Identifier les formes d\u2019\u00e9nergie en cause lors d\u2019une transformation de l\u2019\u00e9nergie.<\/li>\n<li>G\u00e9n\u00e9rer du courant \u00e9lectrique avec une dynamo pour faire fonctionner un moteur, un ventilateur et un n\u00e9on.<\/li>\n<li>D\u00e9crire la fonction de divers \u00e9l\u00e9ments d\u2019un circuit \u00e9lectrique.<\/li>\n<li>D\u00e9crire les deux types de branchements dans des circuits \u00e9lectriques (s\u00e9rie, parall\u00e8le).<\/li>\n<li>Distinguer le courant alternatif du courant continu.<\/li>\n<li>Expliquer la r\u00e9partition du courant dans diff\u00e9rentes composantes d\u2019un circuit \u00e9lectrique.<\/li>\n<li>D\u00e9crire le champ magn\u00e9tique produit par un sol\u00e9no\u00efde.<\/li>\n<\/ul>\n","protected":false},"excerpt":{"rendered":"<p>Comme sur un v\u00e9lo ! Avez-vous d\u00e9j\u00e0 vu cette vid\u00e9o du cycliste olympique qui alimente son grille-pain en p\u00e9dalant? Incroyable, mais vrai! Saurez-vous accomplir une performance similaire? En activant une dynamo, vos \u00e9lectriciens devront faire fonctionner un ventilateur, un n\u00e9on et un moteur! La notion de transformation d\u2019\u00e9nergie m\u00e9canique en \u00e9nergie \u00e9lectrique, c\u2019est-\u00e0-dire la production d\u2019\u00e9lectrons, n\u2019aura plus de secret<\/p>\n<div class=\"h10\"><\/div>\n<p><a class=\"more-link1\" href=\"https:\/\/www.profaqua.ca\/fr\/produit\/dynamo-copie\/\">Voir plus<\/a><\/p>\n","protected":false},"featured_media":1278,"template":"","meta":[],"product_cat":[62],"product_tag":[],"acf":[],"yoast_head":"<!-- This site is optimized with the Yoast SEO plugin v20.13 - https:\/\/yoast.com\/wordpress\/plugins\/seo\/ -->\n<title>Dynamo (Colombie-Britannique) - Profaqua<\/title>\n<meta name=\"description\" content=\"Comme sur un v\u00e9lo ! Avez-vous d\u00e9j\u00e0 vu cette vid\u00e9o du cycliste olympique qui alimente son grille-pain en p\u00e9dalant? Incroyable, mais vrai! Saurez-vous\" \/>\n<meta name=\"robots\" content=\"index, follow, max-snippet:-1, max-image-preview:large, max-video-preview:-1\" \/>\n<link rel=\"canonical\" href=\"https:\/\/www.profaqua.ca\/fr\/produit\/dynamo-copie\/\" \/>\n<meta property=\"og:locale\" content=\"fr_FR\" \/>\n<meta property=\"og:type\" content=\"article\" \/>\n<meta property=\"og:title\" content=\"Dynamo (Colombie-Britannique) - Profaqua\" \/>\n<meta property=\"og:description\" content=\"Comme sur un v\u00e9lo ! Avez-vous d\u00e9j\u00e0 vu cette vid\u00e9o du cycliste olympique qui alimente son grille-pain en p\u00e9dalant? Incroyable, mais vrai! Saurez-vous\" \/>\n<meta property=\"og:url\" content=\"https:\/\/www.profaqua.ca\/fr\/produit\/dynamo-copie\/\" \/>\n<meta property=\"og:site_name\" content=\"Profaqua\" \/>\n<meta property=\"article:publisher\" content=\"https:\/\/www.facebook.com\/profaqua\/\" \/>\n<meta property=\"article:modified_time\" content=\"2024-09-03T21:04:30+00:00\" \/>\n<meta property=\"og:image\" content=\"https:\/\/www.profaqua.ca\/wp-content\/uploads\/2017\/07\/2.6_Dynamo-002.png\" \/>\n\t<meta property=\"og:image:width\" content=\"1800\" \/>\n\t<meta property=\"og:image:height\" content=\"1800\" \/>\n\t<meta property=\"og:image:type\" content=\"image\/png\" \/>\n<meta name=\"twitter:card\" content=\"summary_large_image\" \/>\n<meta name=\"twitter:label1\" content=\"Dur\u00e9e de lecture estim\u00e9e\" \/>\n\t<meta name=\"twitter:data1\" content=\"2 minutes\" \/>\n<script type=\"application\/ld+json\" class=\"yoast-schema-graph\">{\"@context\":\"https:\/\/schema.org\",\"@graph\":[{\"@type\":\"WebPage\",\"@id\":\"https:\/\/www.profaqua.ca\/fr\/produit\/dynamo-copie\/\",\"url\":\"https:\/\/www.profaqua.ca\/fr\/produit\/dynamo-copie\/\",\"name\":\"Dynamo (Colombie-Britannique) - Profaqua\",\"isPartOf\":{\"@id\":\"https:\/\/www.profaqua.ca\/fr\/#website\"},\"datePublished\":\"2020-08-27T22:17:07+00:00\",\"dateModified\":\"2024-09-03T21:04:30+00:00\",\"description\":\"Comme sur un v\u00e9lo ! Avez-vous d\u00e9j\u00e0 vu cette vid\u00e9o du cycliste olympique qui alimente son grille-pain en p\u00e9dalant? Incroyable, mais vrai! Saurez-vous\",\"breadcrumb\":{\"@id\":\"https:\/\/www.profaqua.ca\/fr\/produit\/dynamo-copie\/#breadcrumb\"},\"inLanguage\":\"fr-FR\",\"potentialAction\":[{\"@type\":\"ReadAction\",\"target\":[\"https:\/\/www.profaqua.ca\/fr\/produit\/dynamo-copie\/\"]}]},{\"@type\":\"BreadcrumbList\",\"@id\":\"https:\/\/www.profaqua.ca\/fr\/produit\/dynamo-copie\/#breadcrumb\",\"itemListElement\":[{\"@type\":\"ListItem\",\"position\":1,\"name\":\"Home\",\"item\":\"https:\/\/www.profaqua.ca\/fr\/\"},{\"@type\":\"ListItem\",\"position\":2,\"name\":\"Produits\",\"item\":\"https:\/\/www.profaqua.ca\/fr\/shop\/\"},{\"@type\":\"ListItem\",\"position\":3,\"name\":\"Dynamo (Colombie-Britannique)\"}]},{\"@type\":\"WebSite\",\"@id\":\"https:\/\/www.profaqua.ca\/fr\/#website\",\"url\":\"https:\/\/www.profaqua.ca\/fr\/\",\"name\":\"Profaqua\",\"description\":\"\",\"potentialAction\":[{\"@type\":\"SearchAction\",\"target\":{\"@type\":\"EntryPoint\",\"urlTemplate\":\"https:\/\/www.profaqua.ca\/fr\/?s={search_term_string}\"},\"query-input\":\"required name=search_term_string\"}],\"inLanguage\":\"fr-FR\"}]}<\/script>\n<!-- \/ Yoast SEO plugin. -->","yoast_head_json":{"title":"Dynamo (Colombie-Britannique) - Profaqua","description":"Comme sur un v\u00e9lo ! Avez-vous d\u00e9j\u00e0 vu cette vid\u00e9o du cycliste olympique qui alimente son grille-pain en p\u00e9dalant? Incroyable, mais vrai! Saurez-vous","robots":{"index":"index","follow":"follow","max-snippet":"max-snippet:-1","max-image-preview":"max-image-preview:large","max-video-preview":"max-video-preview:-1"},"canonical":"https:\/\/www.profaqua.ca\/fr\/produit\/dynamo-copie\/","og_locale":"fr_FR","og_type":"article","og_title":"Dynamo (Colombie-Britannique) - Profaqua","og_description":"Comme sur un v\u00e9lo ! Avez-vous d\u00e9j\u00e0 vu cette vid\u00e9o du cycliste olympique qui alimente son grille-pain en p\u00e9dalant? Incroyable, mais vrai! Saurez-vous","og_url":"https:\/\/www.profaqua.ca\/fr\/produit\/dynamo-copie\/","og_site_name":"Profaqua","article_publisher":"https:\/\/www.facebook.com\/profaqua\/","article_modified_time":"2024-09-03T21:04:30+00:00","og_image":[{"width":1800,"height":1800,"url":"https:\/\/www.profaqua.ca\/wp-content\/uploads\/2017\/07\/2.6_Dynamo-002.png","type":"image\/png"}],"twitter_card":"summary_large_image","twitter_misc":{"Dur\u00e9e de lecture estim\u00e9e":"2 minutes"},"schema":{"@context":"https:\/\/schema.org","@graph":[{"@type":"WebPage","@id":"https:\/\/www.profaqua.ca\/fr\/produit\/dynamo-copie\/","url":"https:\/\/www.profaqua.ca\/fr\/produit\/dynamo-copie\/","name":"Dynamo (Colombie-Britannique) - Profaqua","isPartOf":{"@id":"https:\/\/www.profaqua.ca\/fr\/#website"},"datePublished":"2020-08-27T22:17:07+00:00","dateModified":"2024-09-03T21:04:30+00:00","description":"Comme sur un v\u00e9lo ! Avez-vous d\u00e9j\u00e0 vu cette vid\u00e9o du cycliste olympique qui alimente son grille-pain en p\u00e9dalant? Incroyable, mais vrai! Saurez-vous","breadcrumb":{"@id":"https:\/\/www.profaqua.ca\/fr\/produit\/dynamo-copie\/#breadcrumb"},"inLanguage":"fr-FR","potentialAction":[{"@type":"ReadAction","target":["https:\/\/www.profaqua.ca\/fr\/produit\/dynamo-copie\/"]}]},{"@type":"BreadcrumbList","@id":"https:\/\/www.profaqua.ca\/fr\/produit\/dynamo-copie\/#breadcrumb","itemListElement":[{"@type":"ListItem","position":1,"name":"Home","item":"https:\/\/www.profaqua.ca\/fr\/"},{"@type":"ListItem","position":2,"name":"Produits","item":"https:\/\/www.profaqua.ca\/fr\/shop\/"},{"@type":"ListItem","position":3,"name":"Dynamo (Colombie-Britannique)"}]},{"@type":"WebSite","@id":"https:\/\/www.profaqua.ca\/fr\/#website","url":"https:\/\/www.profaqua.ca\/fr\/","name":"Profaqua","description":"","potentialAction":[{"@type":"SearchAction","target":{"@type":"EntryPoint","urlTemplate":"https:\/\/www.profaqua.ca\/fr\/?s={search_term_string}"},"query-input":"required name=search_term_string"}],"inLanguage":"fr-FR"}]}},"_links":{"self":[{"href":"https:\/\/www.profaqua.ca\/fr\/wp-json\/wp\/v2\/product\/14781"}],"collection":[{"href":"https:\/\/www.profaqua.ca\/fr\/wp-json\/wp\/v2\/product"}],"about":[{"href":"https:\/\/www.profaqua.ca\/fr\/wp-json\/wp\/v2\/types\/product"}],"wp:featuredmedia":[{"embeddable":true,"href":"https:\/\/www.profaqua.ca\/fr\/wp-json\/wp\/v2\/media\/1278"}],"wp:attachment":[{"href":"https:\/\/www.profaqua.ca\/fr\/wp-json\/wp\/v2\/media?parent=14781"}],"wp:term":[{"taxonomy":"product_cat","embeddable":true,"href":"https:\/\/www.profaqua.ca\/fr\/wp-json\/wp\/v2\/product_cat?post=14781"},{"taxonomy":"product_tag","embeddable":true,"href":"https:\/\/www.profaqua.ca\/fr\/wp-json\/wp\/v2\/product_tag?post=14781"}],"curies":[{"name":"wp","href":"https:\/\/api.w.org\/{rel}","templated":true}]}}