{"id":14516,"date":"2020-08-27T10:37:32","date_gmt":"2020-08-27T15:37:32","guid":{"rendered":"https:\/\/www.profaqua.ca\/?post_type=product&#038;p=14516"},"modified":"2024-09-04T12:40:19","modified_gmt":"2024-09-04T17:40:19","slug":"robotique-wedo-service-seulement","status":"publish","type":"product","link":"https:\/\/www.profaqua.ca\/fr\/produit\/robotique-wedo-service-seulement\/","title":{"rendered":"Robotique WeDo\u00ae2.0 (animation seulement)"},"content":{"rendered":"<p><strong>Des robots \u00e0 construire et \u00e0 programmer !<\/strong><\/p>\n<p>Votre \u00e9tablissement poss\u00e8de d\u00e9j\u00e0 des WeDo\u00ae 2.0 de Lego\u00ae Education, mais vous n\u2019\u00eates pas \u00e0 l\u2019aise d\u2019initier vous-m\u00eames vos jeunes \u00e0 la robotique et \u00e0 la programmation?<\/p>\n<p>Nous avons le projet qu\u2019il vous faut.<\/p>\n<p>Saviez-vous que la robotique est \u00e0 la port\u00e9e de tous, m\u00eame des plus petits?<\/p>\n<p>C\u2019est ce que nous allons d\u00e9couvrir gr\u00e2ce \u00e0 cette activit\u00e9 cl\u00e9s en main! Construire et programmer va susciter l&rsquo;int\u00e9r\u00eat des \u00e9l\u00e8ves d&rsquo;\u00e9cole \u00e9l\u00e9mentaire.<\/p>\n<p>Le mat\u00e9riel WeDo\u00ae 2.0 de Lego\u00ae Education s\u2019utilise en deux \u00e9tapes:<\/p>\n<ul>\n<li>La construction avec les blocs Lego\u00ae.<\/li>\n<li>La d\u00e9couverte du programme sur une tablette num\u00e9rique pour r\u00e9aliser plusieurs projets qui prendra vie en utilisant un Smarthub (brique intelligente), un moteur \u00e9lectrique et des capteurs.<\/li>\n<\/ul>\n<p>Voici un \u00e9chantillon qui sera fabriqu\u00e9 par vos scientifiques au cours de nos visites:<\/p>\n<ul>\n<li>L&rsquo;escargot qui brille.<\/li>\n<li>Le ventilateur qui tourne.<\/li>\n<li>Le satellite qui bouge.<\/li>\n<li>Milo, l&rsquo;astromobile scientifique.<\/li>\n<li>Le robot espion.<\/li>\n<\/ul>\n<p>Apprendre \u00e0 travers des projets, \u00e7a nous allume! Vous ne pourrez plus les arr\u00eater!<\/p>\n<p><strong>Au menu: <\/strong><\/p>\n<ul>\n<li>\u00c0 partir de 2 ateliers de 60 et 75 minutes en intrascolaire.<\/li>\n<li>Nombre d\u2019ateliers de 60 minutes limit\u00e9s \u00e0 6, 8 et 10 semaines en parascolaire.<\/li>\n<\/ul>\n<h2><strong><u>Objectifs du primaire:<\/u><\/strong><\/h2>\n<ul>\n<li>Interpr\u00e9ter un sch\u00e9ma permettant de monter les projets \u00e0 partir de blocs Lego\u00ae,<\/li>\n<li>Distinguer les pi\u00e8ces n\u00e9cessaires \u00e0 l\u2019assemblage du projet.<\/li>\n<li>Construire et d\u00e9crire une s\u00e9quence simple de pi\u00e8ces m\u00e9caniques en mouvement.<\/li>\n<li>Comprendre comment cr\u00e9er une s\u00e9quence de programmation avec le logiciel WeDo\u00ae 2.0.<\/li>\n<li>Reconna\u00eetre des machines simples (levier, plan inclin\u00e9, vis, poulie, treuil, roue) utilis\u00e9es dans les projets.<\/li>\n<\/ul>\n","protected":false},"excerpt":{"rendered":"<p>Des robots \u00e0 construire et \u00e0 programmer ! Votre \u00e9tablissement poss\u00e8de d\u00e9j\u00e0 des WeDo\u00ae 2.0 de Lego\u00ae Education, mais vous n\u2019\u00eates pas \u00e0 l\u2019aise d\u2019initier vous-m\u00eames vos jeunes \u00e0 la robotique et \u00e0 la programmation? Nous avons le projet qu\u2019il vous faut. Saviez-vous que la robotique est \u00e0 la port\u00e9e de tous, m\u00eame des plus petits? C\u2019est ce que nous<\/p>\n<div class=\"h10\"><\/div>\n<p><a class=\"more-link1\" href=\"https:\/\/www.profaqua.ca\/fr\/produit\/robotique-wedo-service-seulement\/\">Voir plus<\/a><\/p>\n","protected":false},"featured_media":1157,"template":"","meta":[],"product_cat":[63],"product_tag":[],"acf":[],"yoast_head":"<!-- This site is optimized with the Yoast SEO plugin v20.13 - https:\/\/yoast.com\/wordpress\/plugins\/seo\/ -->\n<title>Robotique WeDo\u00ae2.0 (animation seulement) - Profaqua<\/title>\n<meta name=\"description\" content=\"Des robots \u00e0 construire et \u00e0 programmer ! Votre \u00e9tablissement poss\u00e8de d\u00e9j\u00e0 des WeDo\u00ae 2.0 de Lego\u00ae Education, mais vous n\u2019\u00eates pas \u00e0 l\u2019aise d\u2019initier\" \/>\n<meta name=\"robots\" content=\"index, follow, max-snippet:-1, max-image-preview:large, max-video-preview:-1\" \/>\n<link rel=\"canonical\" href=\"https:\/\/www.profaqua.ca\/fr\/produit\/robotique-wedo-service-seulement\/\" \/>\n<meta property=\"og:locale\" content=\"fr_FR\" \/>\n<meta property=\"og:type\" content=\"article\" \/>\n<meta property=\"og:title\" content=\"Robotique WeDo\u00ae2.0 (animation seulement) - Profaqua\" \/>\n<meta property=\"og:description\" content=\"Des robots \u00e0 construire et \u00e0 programmer ! Votre \u00e9tablissement poss\u00e8de d\u00e9j\u00e0 des WeDo\u00ae 2.0 de Lego\u00ae Education, mais vous n\u2019\u00eates pas \u00e0 l\u2019aise d\u2019initier\" \/>\n<meta property=\"og:url\" content=\"https:\/\/www.profaqua.ca\/fr\/produit\/robotique-wedo-service-seulement\/\" \/>\n<meta property=\"og:site_name\" content=\"Profaqua\" \/>\n<meta property=\"article:publisher\" content=\"https:\/\/www.facebook.com\/profaqua\/\" \/>\n<meta property=\"article:modified_time\" content=\"2024-09-04T17:40:19+00:00\" \/>\n<meta property=\"og:image\" content=\"https:\/\/www.profaqua.ca\/wp-content\/uploads\/2017\/07\/5.5_Robotique_WeDo.png\" \/>\n\t<meta property=\"og:image:width\" content=\"1800\" \/>\n\t<meta property=\"og:image:height\" content=\"1800\" \/>\n\t<meta property=\"og:image:type\" content=\"image\/png\" \/>\n<meta name=\"twitter:card\" content=\"summary_large_image\" \/>\n<meta name=\"twitter:label1\" content=\"Dur\u00e9e de lecture estim\u00e9e\" \/>\n\t<meta name=\"twitter:data1\" content=\"2 minutes\" \/>\n<script type=\"application\/ld+json\" class=\"yoast-schema-graph\">{\"@context\":\"https:\/\/schema.org\",\"@graph\":[{\"@type\":\"WebPage\",\"@id\":\"https:\/\/www.profaqua.ca\/fr\/produit\/robotique-wedo-service-seulement\/\",\"url\":\"https:\/\/www.profaqua.ca\/fr\/produit\/robotique-wedo-service-seulement\/\",\"name\":\"Robotique WeDo\u00ae2.0 (animation seulement) - Profaqua\",\"isPartOf\":{\"@id\":\"https:\/\/www.profaqua.ca\/fr\/#website\"},\"datePublished\":\"2020-08-27T15:37:32+00:00\",\"dateModified\":\"2024-09-04T17:40:19+00:00\",\"description\":\"Des robots \u00e0 construire et \u00e0 programmer ! Votre \u00e9tablissement poss\u00e8de d\u00e9j\u00e0 des WeDo\u00ae 2.0 de Lego\u00ae Education, mais vous n\u2019\u00eates pas \u00e0 l\u2019aise d\u2019initier\",\"breadcrumb\":{\"@id\":\"https:\/\/www.profaqua.ca\/fr\/produit\/robotique-wedo-service-seulement\/#breadcrumb\"},\"inLanguage\":\"fr-FR\",\"potentialAction\":[{\"@type\":\"ReadAction\",\"target\":[\"https:\/\/www.profaqua.ca\/fr\/produit\/robotique-wedo-service-seulement\/\"]}]},{\"@type\":\"BreadcrumbList\",\"@id\":\"https:\/\/www.profaqua.ca\/fr\/produit\/robotique-wedo-service-seulement\/#breadcrumb\",\"itemListElement\":[{\"@type\":\"ListItem\",\"position\":1,\"name\":\"Home\",\"item\":\"https:\/\/www.profaqua.ca\/fr\/\"},{\"@type\":\"ListItem\",\"position\":2,\"name\":\"Produits\",\"item\":\"https:\/\/www.profaqua.ca\/fr\/shop\/\"},{\"@type\":\"ListItem\",\"position\":3,\"name\":\"Robotique WeDo\u00ae2.0 (animation seulement)\"}]},{\"@type\":\"WebSite\",\"@id\":\"https:\/\/www.profaqua.ca\/fr\/#website\",\"url\":\"https:\/\/www.profaqua.ca\/fr\/\",\"name\":\"Profaqua\",\"description\":\"\",\"potentialAction\":[{\"@type\":\"SearchAction\",\"target\":{\"@type\":\"EntryPoint\",\"urlTemplate\":\"https:\/\/www.profaqua.ca\/fr\/?s={search_term_string}\"},\"query-input\":\"required name=search_term_string\"}],\"inLanguage\":\"fr-FR\"}]}<\/script>\n<!-- \/ Yoast SEO plugin. -->","yoast_head_json":{"title":"Robotique WeDo\u00ae2.0 (animation seulement) - Profaqua","description":"Des robots \u00e0 construire et \u00e0 programmer ! Votre \u00e9tablissement poss\u00e8de d\u00e9j\u00e0 des WeDo\u00ae 2.0 de Lego\u00ae Education, mais vous n\u2019\u00eates pas \u00e0 l\u2019aise d\u2019initier","robots":{"index":"index","follow":"follow","max-snippet":"max-snippet:-1","max-image-preview":"max-image-preview:large","max-video-preview":"max-video-preview:-1"},"canonical":"https:\/\/www.profaqua.ca\/fr\/produit\/robotique-wedo-service-seulement\/","og_locale":"fr_FR","og_type":"article","og_title":"Robotique WeDo\u00ae2.0 (animation seulement) - Profaqua","og_description":"Des robots \u00e0 construire et \u00e0 programmer ! Votre \u00e9tablissement poss\u00e8de d\u00e9j\u00e0 des WeDo\u00ae 2.0 de Lego\u00ae Education, mais vous n\u2019\u00eates pas \u00e0 l\u2019aise d\u2019initier","og_url":"https:\/\/www.profaqua.ca\/fr\/produit\/robotique-wedo-service-seulement\/","og_site_name":"Profaqua","article_publisher":"https:\/\/www.facebook.com\/profaqua\/","article_modified_time":"2024-09-04T17:40:19+00:00","og_image":[{"width":1800,"height":1800,"url":"https:\/\/www.profaqua.ca\/wp-content\/uploads\/2017\/07\/5.5_Robotique_WeDo.png","type":"image\/png"}],"twitter_card":"summary_large_image","twitter_misc":{"Dur\u00e9e de lecture estim\u00e9e":"2 minutes"},"schema":{"@context":"https:\/\/schema.org","@graph":[{"@type":"WebPage","@id":"https:\/\/www.profaqua.ca\/fr\/produit\/robotique-wedo-service-seulement\/","url":"https:\/\/www.profaqua.ca\/fr\/produit\/robotique-wedo-service-seulement\/","name":"Robotique WeDo\u00ae2.0 (animation seulement) - Profaqua","isPartOf":{"@id":"https:\/\/www.profaqua.ca\/fr\/#website"},"datePublished":"2020-08-27T15:37:32+00:00","dateModified":"2024-09-04T17:40:19+00:00","description":"Des robots \u00e0 construire et \u00e0 programmer ! Votre \u00e9tablissement poss\u00e8de d\u00e9j\u00e0 des WeDo\u00ae 2.0 de Lego\u00ae Education, mais vous n\u2019\u00eates pas \u00e0 l\u2019aise d\u2019initier","breadcrumb":{"@id":"https:\/\/www.profaqua.ca\/fr\/produit\/robotique-wedo-service-seulement\/#breadcrumb"},"inLanguage":"fr-FR","potentialAction":[{"@type":"ReadAction","target":["https:\/\/www.profaqua.ca\/fr\/produit\/robotique-wedo-service-seulement\/"]}]},{"@type":"BreadcrumbList","@id":"https:\/\/www.profaqua.ca\/fr\/produit\/robotique-wedo-service-seulement\/#breadcrumb","itemListElement":[{"@type":"ListItem","position":1,"name":"Home","item":"https:\/\/www.profaqua.ca\/fr\/"},{"@type":"ListItem","position":2,"name":"Produits","item":"https:\/\/www.profaqua.ca\/fr\/shop\/"},{"@type":"ListItem","position":3,"name":"Robotique WeDo\u00ae2.0 (animation seulement)"}]},{"@type":"WebSite","@id":"https:\/\/www.profaqua.ca\/fr\/#website","url":"https:\/\/www.profaqua.ca\/fr\/","name":"Profaqua","description":"","potentialAction":[{"@type":"SearchAction","target":{"@type":"EntryPoint","urlTemplate":"https:\/\/www.profaqua.ca\/fr\/?s={search_term_string}"},"query-input":"required name=search_term_string"}],"inLanguage":"fr-FR"}]}},"_links":{"self":[{"href":"https:\/\/www.profaqua.ca\/fr\/wp-json\/wp\/v2\/product\/14516"}],"collection":[{"href":"https:\/\/www.profaqua.ca\/fr\/wp-json\/wp\/v2\/product"}],"about":[{"href":"https:\/\/www.profaqua.ca\/fr\/wp-json\/wp\/v2\/types\/product"}],"wp:featuredmedia":[{"embeddable":true,"href":"https:\/\/www.profaqua.ca\/fr\/wp-json\/wp\/v2\/media\/1157"}],"wp:attachment":[{"href":"https:\/\/www.profaqua.ca\/fr\/wp-json\/wp\/v2\/media?parent=14516"}],"wp:term":[{"taxonomy":"product_cat","embeddable":true,"href":"https:\/\/www.profaqua.ca\/fr\/wp-json\/wp\/v2\/product_cat?post=14516"},{"taxonomy":"product_tag","embeddable":true,"href":"https:\/\/www.profaqua.ca\/fr\/wp-json\/wp\/v2\/product_tag?post=14516"}],"curies":[{"name":"wp","href":"https:\/\/api.w.org\/{rel}","templated":true}]}}