{"id":1320,"date":"2020-08-27T19:54:10","date_gmt":"2020-08-28T00:54:10","guid":{"rendered":"https:\/\/www.profaqua.ca\/?post_type=product&#038;p=1320\/"},"modified":"2024-09-07T15:23:00","modified_gmt":"2024-09-07T20:23:00","slug":"recyclage","status":"publish","type":"product","link":"https:\/\/www.profaqua.ca\/fr\/produit\/recyclage\/","title":{"rendered":"Recyclage (Colombie-Brittanique)"},"content":{"rendered":"<p><strong>Poubelle ou recyclage ?<\/strong><\/p>\n<p>Recycler semble \u00eatre un geste simple, essentiel pour pr\u00e9server l\u2019\u00e9quilibre de la vie sur Terre, mais savions-nous vraiment utiliser le bac \u00e0 recyclage?<\/p>\n<p>Quel plastique peut-il contenir, peut-on y mettre de vieilles ampoules, des canettes de boissons gazeuses, une bouteille de verre bris\u00e9e?<\/p>\n<p>Nous transformerons nos jeunes \u00e9cologistes en recycleurs professionnels gr\u00e2ce \u00e0 notre bo\u00eete en bois multicompartiment\u00e9e: papier \u2013 plastique \u2013 m\u00e9tal \u2013 verre \u2013 compost \u2013 consigne \u2013 \u00e9cocentre \u2013 d\u00e9chets!<\/p>\n<p>Ils appliqueront ensuite leurs nouvelles connaissances en triant les objets de notre vrai bac \u00e0 recyclage o\u00f9 des erreurs se sont gliss\u00e9es!<\/p>\n<p>Leurs r\u00e9actions cr\u00e9atives et leur grande sensibilit\u00e9 face aux enjeux de l\u2019environnement ne manqueront pas de vous \u00e9tonner\u2026 et de vous r\u00e9conforter!<\/p>\n<h2><strong><u>Objectifs du primaire:<\/u><\/strong><\/h2>\n<ul>\n<li>D\u00e9crire le principe des 3RV (r\u00e9duction, r\u00e9emploi, recyclage-compostage et valorisation).<\/li>\n<li>Classer les objets qui sont recyclables et ceux qui ne le sont pas.<\/li>\n<li>Diff\u00e9rencier les mat\u00e9riaux plastiques recyclables de ceux qui ne le sont pas (symboles triangulaires).<\/li>\n<li>D\u00e9crire l\u2019impact de la gestion des d\u00e9chets et de la pollution sur l\u2019environnement.<\/li>\n<li>Imaginer diverses pistes de solution pour am\u00e9liorer la gestion des d\u00e9chets.<\/li>\n<\/ul>\n<h2><strong><u>Objectifs du secondaire:<\/u><\/strong><\/h2>\n<ul>\n<li>Expliquer le concept d\u2019empreinte \u00e9cologique.<\/li>\n<li>D\u00e9crire des processus \u00e0 la base du recyclage chimique (ex. : action des micro-organismes et des d\u00e9composeurs, \u00e9rosion).<\/li>\n<\/ul>\n","protected":false},"excerpt":{"rendered":"<p>Poubelle ou recyclage ? Recycler semble \u00eatre un geste simple, essentiel pour pr\u00e9server l\u2019\u00e9quilibre de la vie sur Terre, mais savions-nous vraiment utiliser le bac \u00e0 recyclage? Quel plastique peut-il contenir, peut-on y mettre de vieilles ampoules, des canettes de boissons gazeuses, une bouteille de verre bris\u00e9e? Nous transformerons nos jeunes \u00e9cologistes en recycleurs professionnels gr\u00e2ce \u00e0 notre bo\u00eete en<\/p>\n<div class=\"h10\"><\/div>\n<p><a class=\"more-link1\" href=\"https:\/\/www.profaqua.ca\/fr\/produit\/recyclage\/\">Voir plus<\/a><\/p>\n","protected":false},"featured_media":1331,"template":"","meta":[],"product_cat":[62],"product_tag":[],"acf":[],"yoast_head":"<!-- This site is optimized with the Yoast SEO plugin v20.13 - https:\/\/yoast.com\/wordpress\/plugins\/seo\/ -->\n<title>Recyclage (Colombie-Brittanique) - Profaqua<\/title>\n<meta name=\"description\" content=\"Poubelle ou recyclage ? Recycler semble \u00eatre un geste simple, essentiel pour pr\u00e9server l\u2019\u00e9quilibre de la vie sur Terre, mais savions-nous vraiment\" \/>\n<meta name=\"robots\" content=\"index, follow, max-snippet:-1, max-image-preview:large, max-video-preview:-1\" \/>\n<link rel=\"canonical\" href=\"https:\/\/www.profaqua.ca\/fr\/produit\/recyclage\/\" \/>\n<meta property=\"og:locale\" content=\"fr_FR\" \/>\n<meta property=\"og:type\" content=\"article\" \/>\n<meta property=\"og:title\" content=\"Recyclage (Colombie-Brittanique) - Profaqua\" \/>\n<meta property=\"og:description\" content=\"Poubelle ou recyclage ? Recycler semble \u00eatre un geste simple, essentiel pour pr\u00e9server l\u2019\u00e9quilibre de la vie sur Terre, mais savions-nous vraiment\" \/>\n<meta property=\"og:url\" content=\"https:\/\/www.profaqua.ca\/fr\/produit\/recyclage\/\" \/>\n<meta property=\"og:site_name\" content=\"Profaqua\" \/>\n<meta property=\"article:publisher\" content=\"https:\/\/www.facebook.com\/profaqua\/\" \/>\n<meta property=\"article:modified_time\" content=\"2024-09-07T20:23:00+00:00\" \/>\n<meta property=\"og:image\" content=\"https:\/\/www.profaqua.ca\/wp-content\/uploads\/2017\/07\/4.18_Recyclage.png\" \/>\n\t<meta property=\"og:image:width\" content=\"1800\" \/>\n\t<meta property=\"og:image:height\" content=\"1800\" \/>\n\t<meta property=\"og:image:type\" content=\"image\/png\" \/>\n<meta name=\"twitter:card\" content=\"summary_large_image\" \/>\n<meta name=\"twitter:label1\" content=\"Dur\u00e9e de lecture estim\u00e9e\" \/>\n\t<meta name=\"twitter:data1\" content=\"2 minutes\" \/>\n<script type=\"application\/ld+json\" class=\"yoast-schema-graph\">{\"@context\":\"https:\/\/schema.org\",\"@graph\":[{\"@type\":\"WebPage\",\"@id\":\"https:\/\/www.profaqua.ca\/fr\/produit\/recyclage\/\",\"url\":\"https:\/\/www.profaqua.ca\/fr\/produit\/recyclage\/\",\"name\":\"Recyclage (Colombie-Brittanique) - Profaqua\",\"isPartOf\":{\"@id\":\"https:\/\/www.profaqua.ca\/fr\/#website\"},\"datePublished\":\"2020-08-28T00:54:10+00:00\",\"dateModified\":\"2024-09-07T20:23:00+00:00\",\"description\":\"Poubelle ou recyclage ? Recycler semble \u00eatre un geste simple, essentiel pour pr\u00e9server l\u2019\u00e9quilibre de la vie sur Terre, mais savions-nous vraiment\",\"breadcrumb\":{\"@id\":\"https:\/\/www.profaqua.ca\/fr\/produit\/recyclage\/#breadcrumb\"},\"inLanguage\":\"fr-FR\",\"potentialAction\":[{\"@type\":\"ReadAction\",\"target\":[\"https:\/\/www.profaqua.ca\/fr\/produit\/recyclage\/\"]}]},{\"@type\":\"BreadcrumbList\",\"@id\":\"https:\/\/www.profaqua.ca\/fr\/produit\/recyclage\/#breadcrumb\",\"itemListElement\":[{\"@type\":\"ListItem\",\"position\":1,\"name\":\"Home\",\"item\":\"https:\/\/www.profaqua.ca\/fr\/\"},{\"@type\":\"ListItem\",\"position\":2,\"name\":\"Produits\",\"item\":\"https:\/\/www.profaqua.ca\/fr\/shop\/\"},{\"@type\":\"ListItem\",\"position\":3,\"name\":\"Recyclage (Colombie-Brittanique)\"}]},{\"@type\":\"WebSite\",\"@id\":\"https:\/\/www.profaqua.ca\/fr\/#website\",\"url\":\"https:\/\/www.profaqua.ca\/fr\/\",\"name\":\"Profaqua\",\"description\":\"\",\"potentialAction\":[{\"@type\":\"SearchAction\",\"target\":{\"@type\":\"EntryPoint\",\"urlTemplate\":\"https:\/\/www.profaqua.ca\/fr\/?s={search_term_string}\"},\"query-input\":\"required name=search_term_string\"}],\"inLanguage\":\"fr-FR\"}]}<\/script>\n<!-- \/ Yoast SEO plugin. -->","yoast_head_json":{"title":"Recyclage (Colombie-Brittanique) - Profaqua","description":"Poubelle ou recyclage ? Recycler semble \u00eatre un geste simple, essentiel pour pr\u00e9server l\u2019\u00e9quilibre de la vie sur Terre, mais savions-nous vraiment","robots":{"index":"index","follow":"follow","max-snippet":"max-snippet:-1","max-image-preview":"max-image-preview:large","max-video-preview":"max-video-preview:-1"},"canonical":"https:\/\/www.profaqua.ca\/fr\/produit\/recyclage\/","og_locale":"fr_FR","og_type":"article","og_title":"Recyclage (Colombie-Brittanique) - Profaqua","og_description":"Poubelle ou recyclage ? Recycler semble \u00eatre un geste simple, essentiel pour pr\u00e9server l\u2019\u00e9quilibre de la vie sur Terre, mais savions-nous vraiment","og_url":"https:\/\/www.profaqua.ca\/fr\/produit\/recyclage\/","og_site_name":"Profaqua","article_publisher":"https:\/\/www.facebook.com\/profaqua\/","article_modified_time":"2024-09-07T20:23:00+00:00","og_image":[{"width":1800,"height":1800,"url":"https:\/\/www.profaqua.ca\/wp-content\/uploads\/2017\/07\/4.18_Recyclage.png","type":"image\/png"}],"twitter_card":"summary_large_image","twitter_misc":{"Dur\u00e9e de lecture estim\u00e9e":"2 minutes"},"schema":{"@context":"https:\/\/schema.org","@graph":[{"@type":"WebPage","@id":"https:\/\/www.profaqua.ca\/fr\/produit\/recyclage\/","url":"https:\/\/www.profaqua.ca\/fr\/produit\/recyclage\/","name":"Recyclage (Colombie-Brittanique) - Profaqua","isPartOf":{"@id":"https:\/\/www.profaqua.ca\/fr\/#website"},"datePublished":"2020-08-28T00:54:10+00:00","dateModified":"2024-09-07T20:23:00+00:00","description":"Poubelle ou recyclage ? Recycler semble \u00eatre un geste simple, essentiel pour pr\u00e9server l\u2019\u00e9quilibre de la vie sur Terre, mais savions-nous vraiment","breadcrumb":{"@id":"https:\/\/www.profaqua.ca\/fr\/produit\/recyclage\/#breadcrumb"},"inLanguage":"fr-FR","potentialAction":[{"@type":"ReadAction","target":["https:\/\/www.profaqua.ca\/fr\/produit\/recyclage\/"]}]},{"@type":"BreadcrumbList","@id":"https:\/\/www.profaqua.ca\/fr\/produit\/recyclage\/#breadcrumb","itemListElement":[{"@type":"ListItem","position":1,"name":"Home","item":"https:\/\/www.profaqua.ca\/fr\/"},{"@type":"ListItem","position":2,"name":"Produits","item":"https:\/\/www.profaqua.ca\/fr\/shop\/"},{"@type":"ListItem","position":3,"name":"Recyclage (Colombie-Brittanique)"}]},{"@type":"WebSite","@id":"https:\/\/www.profaqua.ca\/fr\/#website","url":"https:\/\/www.profaqua.ca\/fr\/","name":"Profaqua","description":"","potentialAction":[{"@type":"SearchAction","target":{"@type":"EntryPoint","urlTemplate":"https:\/\/www.profaqua.ca\/fr\/?s={search_term_string}"},"query-input":"required name=search_term_string"}],"inLanguage":"fr-FR"}]}},"_links":{"self":[{"href":"https:\/\/www.profaqua.ca\/fr\/wp-json\/wp\/v2\/product\/1320"}],"collection":[{"href":"https:\/\/www.profaqua.ca\/fr\/wp-json\/wp\/v2\/product"}],"about":[{"href":"https:\/\/www.profaqua.ca\/fr\/wp-json\/wp\/v2\/types\/product"}],"wp:featuredmedia":[{"embeddable":true,"href":"https:\/\/www.profaqua.ca\/fr\/wp-json\/wp\/v2\/media\/1331"}],"wp:attachment":[{"href":"https:\/\/www.profaqua.ca\/fr\/wp-json\/wp\/v2\/media?parent=1320"}],"wp:term":[{"taxonomy":"product_cat","embeddable":true,"href":"https:\/\/www.profaqua.ca\/fr\/wp-json\/wp\/v2\/product_cat?post=1320"},{"taxonomy":"product_tag","embeddable":true,"href":"https:\/\/www.profaqua.ca\/fr\/wp-json\/wp\/v2\/product_tag?post=1320"}],"curies":[{"name":"wp","href":"https:\/\/api.w.org\/{rel}","templated":true}]}}