{"id":1318,"date":"2020-08-27T19:52:13","date_gmt":"2020-08-28T00:52:13","guid":{"rendered":"https:\/\/www.profaqua.ca\/?post_type=product&#038;p=1318\/"},"modified":"2024-09-07T15:24:46","modified_gmt":"2024-09-07T20:24:46","slug":"oiseaux","status":"publish","type":"product","link":"https:\/\/www.profaqua.ca\/fr\/produit\/oiseaux\/","title":{"rendered":"Oiseaux (Colombie-Britannique)"},"content":{"rendered":"<p><strong>Magnifiques oiseaux !<\/strong><\/p>\n<p>Comment les peuples autochtones regardent-ils attentivement les oiseaux et comment avons-nous cr\u00e9\u00e9 les avions? Avec toutes ces questions, nous transformerons la classe en petit coin de for\u00eat mixte en amenant les petites b\u00eates volantes jusqu\u2019\u00e0 nous.<\/p>\n<p>Nous \u00e9tudierons ensemble l\u2019anatomie de leurs plumes et comprendrons le ph\u00e9nom\u00e8ne de portance gr\u00e2ce \u00e0 la manipulation de sp\u00e9cimens de notre magnifique collection.<\/p>\n<p>Nous comparerons diff\u00e9rents nids, observerons un \u0153uf d\u2019autruche d\u2019Afrique du Sud, et diss\u00e8querons une pelote de r\u00e9jection de chouette. Enfin, les jeunes ornithologues d\u00e9couvriront tous les secrets de leurs cris et chants de dix esp\u00e8ces d\u2019oiseaux de la Colombie-Britannique.<\/p>\n<p>Un atelier pour \u00eatre gai comme un pinson!<\/p>\n<h2><strong><u>Objectifs du primaire:<\/u><\/strong><\/h2>\n<ul>\n<li>Classifier les oiseaux au sein du r\u00e8gne animal et en fonction de sa classe.<\/li>\n<li>Associer certaines parties du corps des oiseaux \u00e0 leurs fonctions (ailes, bec, pattes, plumes).<\/li>\n<li>D\u00e9crire comment les oiseaux s\u2019adaptent \u00e0 leur milieu (nid, migration)<\/li>\n<li>Associer certains oiseaux \u00e0 leur r\u00e9gime alimentaire (carnivore, omnivore, herbivore).<\/li>\n<li>Classer certains oiseaux en fonction de leur chant.<\/li>\n<\/ul>\n","protected":false},"excerpt":{"rendered":"<p>Magnifiques oiseaux ! Comment les peuples autochtones regardent-ils attentivement les oiseaux et comment avons-nous cr\u00e9\u00e9 les avions? Avec toutes ces questions, nous transformerons la classe en petit coin de for\u00eat mixte en amenant les petites b\u00eates volantes jusqu\u2019\u00e0 nous. Nous \u00e9tudierons ensemble l\u2019anatomie de leurs plumes et comprendrons le ph\u00e9nom\u00e8ne de portance gr\u00e2ce \u00e0 la manipulation de sp\u00e9cimens de notre<\/p>\n<div class=\"h10\"><\/div>\n<p><a class=\"more-link1\" href=\"https:\/\/www.profaqua.ca\/fr\/produit\/oiseaux\/\">Voir plus<\/a><\/p>\n","protected":false},"featured_media":1333,"template":"","meta":[],"product_cat":[62],"product_tag":[],"acf":[],"yoast_head":"<!-- This site is optimized with the Yoast SEO plugin v20.13 - https:\/\/yoast.com\/wordpress\/plugins\/seo\/ -->\n<title>Oiseaux (Colombie-Britannique) - Profaqua<\/title>\n<meta name=\"description\" content=\"Magnifiques oiseaux ! Comment les peuples autochtones regardent-ils attentivement les oiseaux et comment avons-nous cr\u00e9\u00e9 les avions? Avec toutes ces\" \/>\n<meta name=\"robots\" content=\"index, follow, max-snippet:-1, max-image-preview:large, max-video-preview:-1\" \/>\n<link rel=\"canonical\" href=\"https:\/\/www.profaqua.ca\/fr\/produit\/oiseaux\/\" \/>\n<meta property=\"og:locale\" content=\"fr_FR\" \/>\n<meta property=\"og:type\" content=\"article\" \/>\n<meta property=\"og:title\" content=\"Oiseaux (Colombie-Britannique) - Profaqua\" \/>\n<meta property=\"og:description\" content=\"Magnifiques oiseaux ! Comment les peuples autochtones regardent-ils attentivement les oiseaux et comment avons-nous cr\u00e9\u00e9 les avions? Avec toutes ces\" \/>\n<meta property=\"og:url\" content=\"https:\/\/www.profaqua.ca\/fr\/produit\/oiseaux\/\" \/>\n<meta property=\"og:site_name\" content=\"Profaqua\" \/>\n<meta property=\"article:publisher\" content=\"https:\/\/www.facebook.com\/profaqua\/\" \/>\n<meta property=\"article:modified_time\" content=\"2024-09-07T20:24:46+00:00\" \/>\n<meta property=\"og:image\" content=\"https:\/\/www.profaqua.ca\/wp-content\/uploads\/2017\/07\/4.15_Oiseaux_en_classe.png\" \/>\n\t<meta property=\"og:image:width\" content=\"1800\" \/>\n\t<meta property=\"og:image:height\" content=\"1800\" \/>\n\t<meta property=\"og:image:type\" content=\"image\/png\" \/>\n<meta name=\"twitter:card\" content=\"summary_large_image\" \/>\n<meta name=\"twitter:label1\" content=\"Dur\u00e9e de lecture estim\u00e9e\" \/>\n\t<meta name=\"twitter:data1\" content=\"1 minute\" \/>\n<script type=\"application\/ld+json\" class=\"yoast-schema-graph\">{\"@context\":\"https:\/\/schema.org\",\"@graph\":[{\"@type\":\"WebPage\",\"@id\":\"https:\/\/www.profaqua.ca\/fr\/produit\/oiseaux\/\",\"url\":\"https:\/\/www.profaqua.ca\/fr\/produit\/oiseaux\/\",\"name\":\"Oiseaux (Colombie-Britannique) - Profaqua\",\"isPartOf\":{\"@id\":\"https:\/\/www.profaqua.ca\/fr\/#website\"},\"datePublished\":\"2020-08-28T00:52:13+00:00\",\"dateModified\":\"2024-09-07T20:24:46+00:00\",\"description\":\"Magnifiques oiseaux ! Comment les peuples autochtones regardent-ils attentivement les oiseaux et comment avons-nous cr\u00e9\u00e9 les avions? Avec toutes ces\",\"breadcrumb\":{\"@id\":\"https:\/\/www.profaqua.ca\/fr\/produit\/oiseaux\/#breadcrumb\"},\"inLanguage\":\"fr-FR\",\"potentialAction\":[{\"@type\":\"ReadAction\",\"target\":[\"https:\/\/www.profaqua.ca\/fr\/produit\/oiseaux\/\"]}]},{\"@type\":\"BreadcrumbList\",\"@id\":\"https:\/\/www.profaqua.ca\/fr\/produit\/oiseaux\/#breadcrumb\",\"itemListElement\":[{\"@type\":\"ListItem\",\"position\":1,\"name\":\"Home\",\"item\":\"https:\/\/www.profaqua.ca\/fr\/\"},{\"@type\":\"ListItem\",\"position\":2,\"name\":\"Produits\",\"item\":\"https:\/\/www.profaqua.ca\/fr\/shop\/\"},{\"@type\":\"ListItem\",\"position\":3,\"name\":\"Oiseaux (Colombie-Britannique)\"}]},{\"@type\":\"WebSite\",\"@id\":\"https:\/\/www.profaqua.ca\/fr\/#website\",\"url\":\"https:\/\/www.profaqua.ca\/fr\/\",\"name\":\"Profaqua\",\"description\":\"\",\"potentialAction\":[{\"@type\":\"SearchAction\",\"target\":{\"@type\":\"EntryPoint\",\"urlTemplate\":\"https:\/\/www.profaqua.ca\/fr\/?s={search_term_string}\"},\"query-input\":\"required name=search_term_string\"}],\"inLanguage\":\"fr-FR\"}]}<\/script>\n<!-- \/ Yoast SEO plugin. -->","yoast_head_json":{"title":"Oiseaux (Colombie-Britannique) - Profaqua","description":"Magnifiques oiseaux ! Comment les peuples autochtones regardent-ils attentivement les oiseaux et comment avons-nous cr\u00e9\u00e9 les avions? Avec toutes ces","robots":{"index":"index","follow":"follow","max-snippet":"max-snippet:-1","max-image-preview":"max-image-preview:large","max-video-preview":"max-video-preview:-1"},"canonical":"https:\/\/www.profaqua.ca\/fr\/produit\/oiseaux\/","og_locale":"fr_FR","og_type":"article","og_title":"Oiseaux (Colombie-Britannique) - Profaqua","og_description":"Magnifiques oiseaux ! Comment les peuples autochtones regardent-ils attentivement les oiseaux et comment avons-nous cr\u00e9\u00e9 les avions? Avec toutes ces","og_url":"https:\/\/www.profaqua.ca\/fr\/produit\/oiseaux\/","og_site_name":"Profaqua","article_publisher":"https:\/\/www.facebook.com\/profaqua\/","article_modified_time":"2024-09-07T20:24:46+00:00","og_image":[{"width":1800,"height":1800,"url":"https:\/\/www.profaqua.ca\/wp-content\/uploads\/2017\/07\/4.15_Oiseaux_en_classe.png","type":"image\/png"}],"twitter_card":"summary_large_image","twitter_misc":{"Dur\u00e9e de lecture estim\u00e9e":"1 minute"},"schema":{"@context":"https:\/\/schema.org","@graph":[{"@type":"WebPage","@id":"https:\/\/www.profaqua.ca\/fr\/produit\/oiseaux\/","url":"https:\/\/www.profaqua.ca\/fr\/produit\/oiseaux\/","name":"Oiseaux (Colombie-Britannique) - Profaqua","isPartOf":{"@id":"https:\/\/www.profaqua.ca\/fr\/#website"},"datePublished":"2020-08-28T00:52:13+00:00","dateModified":"2024-09-07T20:24:46+00:00","description":"Magnifiques oiseaux ! Comment les peuples autochtones regardent-ils attentivement les oiseaux et comment avons-nous cr\u00e9\u00e9 les avions? Avec toutes ces","breadcrumb":{"@id":"https:\/\/www.profaqua.ca\/fr\/produit\/oiseaux\/#breadcrumb"},"inLanguage":"fr-FR","potentialAction":[{"@type":"ReadAction","target":["https:\/\/www.profaqua.ca\/fr\/produit\/oiseaux\/"]}]},{"@type":"BreadcrumbList","@id":"https:\/\/www.profaqua.ca\/fr\/produit\/oiseaux\/#breadcrumb","itemListElement":[{"@type":"ListItem","position":1,"name":"Home","item":"https:\/\/www.profaqua.ca\/fr\/"},{"@type":"ListItem","position":2,"name":"Produits","item":"https:\/\/www.profaqua.ca\/fr\/shop\/"},{"@type":"ListItem","position":3,"name":"Oiseaux (Colombie-Britannique)"}]},{"@type":"WebSite","@id":"https:\/\/www.profaqua.ca\/fr\/#website","url":"https:\/\/www.profaqua.ca\/fr\/","name":"Profaqua","description":"","potentialAction":[{"@type":"SearchAction","target":{"@type":"EntryPoint","urlTemplate":"https:\/\/www.profaqua.ca\/fr\/?s={search_term_string}"},"query-input":"required name=search_term_string"}],"inLanguage":"fr-FR"}]}},"_links":{"self":[{"href":"https:\/\/www.profaqua.ca\/fr\/wp-json\/wp\/v2\/product\/1318"}],"collection":[{"href":"https:\/\/www.profaqua.ca\/fr\/wp-json\/wp\/v2\/product"}],"about":[{"href":"https:\/\/www.profaqua.ca\/fr\/wp-json\/wp\/v2\/types\/product"}],"wp:featuredmedia":[{"embeddable":true,"href":"https:\/\/www.profaqua.ca\/fr\/wp-json\/wp\/v2\/media\/1333"}],"wp:attachment":[{"href":"https:\/\/www.profaqua.ca\/fr\/wp-json\/wp\/v2\/media?parent=1318"}],"wp:term":[{"taxonomy":"product_cat","embeddable":true,"href":"https:\/\/www.profaqua.ca\/fr\/wp-json\/wp\/v2\/product_cat?post=1318"},{"taxonomy":"product_tag","embeddable":true,"href":"https:\/\/www.profaqua.ca\/fr\/wp-json\/wp\/v2\/product_tag?post=1318"}],"curies":[{"name":"wp","href":"https:\/\/api.w.org\/{rel}","templated":true}]}}