{"id":1316,"date":"2020-08-27T19:49:46","date_gmt":"2020-08-28T00:49:46","guid":{"rendered":"https:\/\/www.profaqua.ca\/?post_type=product&#038;p=1316\/"},"modified":"2024-09-07T15:18:45","modified_gmt":"2024-09-07T20:18:45","slug":"insectes","status":"publish","type":"product","link":"https:\/\/www.profaqua.ca\/fr\/produit\/insectes\/","title":{"rendered":"Insectes (Colombie-Britannique)"},"content":{"rendered":"<p><strong>\u266a Les insectes sont nos amis \u266a<\/strong><\/p>\n<p>Ouf, le printemps revient chaque ann\u00e9e avec son lot de petites b\u00eates! Qu\u2019on aime les revoir (ou pas!), les bestioles sont essentielles \u00e0 l\u2019\u00e9quilibre de la vie sur Terre.<\/p>\n<p>Comment les autochtones se prot\u00e8gent-ils des moustiques ? Avec une herbe sacr\u00e9e souvent utilis\u00e9e lors de c\u00e9r\u00e9monies traditionnelles autochtones. Nos entomologistes d\u00e9couvriront cette histoire en parcourant l\u2019anatomie des insectes et des ch\u00e9lic\u00e9rates (arachnides), pour ensuite manipuler notre magnifique collection de vrais sp\u00e9cimens sous verre et comprendre les \u00e9tapes de leur croissance, leur mode de vie et leur m\u00e9thode de communication!<\/p>\n<p>Le clou de l\u2019atelier: la rencontre entre la chimie et l\u2019entomologie pour expliquer le mode de communication des fourmis!<\/p>\n<h2><strong><u>Objectifs du primaire:<\/u><\/strong><\/h2>\n<ul>\n<li>D\u00e9crire et associer les parties de l\u2019anatomie de l\u2019insecte (t\u00eate, thorax et abdomen).<\/li>\n<li>D\u00e9crire diff\u00e9rents changements dans l\u2019apparence des insectes lors de leur croissance.<\/li>\n<li>D\u00e9crire les caract\u00e9ristiques particuli\u00e8res de diff\u00e9rents insectes (mode de vie, particularit\u00e9s anatomiques, habitats).<\/li>\n<li>Comprendre comment certains insectes communiquent avec leurs semblables.<\/li>\n<li>Atelier de bricolage sur les insectes.<\/li>\n<\/ul>\n","protected":false},"excerpt":{"rendered":"<p>\u266a Les insectes sont nos amis \u266a Ouf, le printemps revient chaque ann\u00e9e avec son lot de petites b\u00eates! Qu\u2019on aime les revoir (ou pas!), les bestioles sont essentielles \u00e0 l\u2019\u00e9quilibre de la vie sur Terre. Comment les autochtones se prot\u00e8gent-ils des moustiques ? Avec une herbe sacr\u00e9e souvent utilis\u00e9e lors de c\u00e9r\u00e9monies traditionnelles autochtones. Nos entomologistes d\u00e9couvriront cette histoire<\/p>\n<div class=\"h10\"><\/div>\n<p><a class=\"more-link1\" href=\"https:\/\/www.profaqua.ca\/fr\/produit\/insectes\/\">Voir plus<\/a><\/p>\n","protected":false},"featured_media":1341,"template":"","meta":[],"product_cat":[62],"product_tag":[],"acf":[],"yoast_head":"<!-- This site is optimized with the Yoast SEO plugin v20.13 - https:\/\/yoast.com\/wordpress\/plugins\/seo\/ -->\n<title>Insectes (Colombie-Britannique) - Profaqua<\/title>\n<meta name=\"description\" content=\"\u266a Les insectes sont nos amis \u266a Ouf, le printemps revient chaque ann\u00e9e avec son lot de petites b\u00eates! Qu\u2019on aime les revoir (ou pas!), les bestioles sont\" \/>\n<meta name=\"robots\" content=\"index, follow, max-snippet:-1, max-image-preview:large, max-video-preview:-1\" \/>\n<link rel=\"canonical\" href=\"https:\/\/www.profaqua.ca\/fr\/produit\/insectes\/\" \/>\n<meta property=\"og:locale\" content=\"fr_FR\" \/>\n<meta property=\"og:type\" content=\"article\" \/>\n<meta property=\"og:title\" content=\"Insectes (Colombie-Britannique) - Profaqua\" \/>\n<meta property=\"og:description\" content=\"\u266a Les insectes sont nos amis \u266a Ouf, le printemps revient chaque ann\u00e9e avec son lot de petites b\u00eates! Qu\u2019on aime les revoir (ou pas!), les bestioles sont\" \/>\n<meta property=\"og:url\" content=\"https:\/\/www.profaqua.ca\/fr\/produit\/insectes\/\" \/>\n<meta property=\"og:site_name\" content=\"Profaqua\" \/>\n<meta property=\"article:publisher\" content=\"https:\/\/www.facebook.com\/profaqua\/\" \/>\n<meta property=\"article:modified_time\" content=\"2024-09-07T20:18:45+00:00\" \/>\n<meta property=\"og:image\" content=\"https:\/\/www.profaqua.ca\/wp-content\/uploads\/2017\/07\/4.11_Insectes.png\" \/>\n\t<meta property=\"og:image:width\" content=\"1800\" \/>\n\t<meta property=\"og:image:height\" content=\"1800\" \/>\n\t<meta property=\"og:image:type\" content=\"image\/png\" \/>\n<meta name=\"twitter:card\" content=\"summary_large_image\" \/>\n<meta name=\"twitter:label1\" content=\"Dur\u00e9e de lecture estim\u00e9e\" \/>\n\t<meta name=\"twitter:data1\" content=\"1 minute\" \/>\n<script type=\"application\/ld+json\" class=\"yoast-schema-graph\">{\"@context\":\"https:\/\/schema.org\",\"@graph\":[{\"@type\":\"WebPage\",\"@id\":\"https:\/\/www.profaqua.ca\/fr\/produit\/insectes\/\",\"url\":\"https:\/\/www.profaqua.ca\/fr\/produit\/insectes\/\",\"name\":\"Insectes (Colombie-Britannique) - Profaqua\",\"isPartOf\":{\"@id\":\"https:\/\/www.profaqua.ca\/fr\/#website\"},\"datePublished\":\"2020-08-28T00:49:46+00:00\",\"dateModified\":\"2024-09-07T20:18:45+00:00\",\"description\":\"\u266a Les insectes sont nos amis \u266a Ouf, le printemps revient chaque ann\u00e9e avec son lot de petites b\u00eates! Qu\u2019on aime les revoir (ou pas!), les bestioles sont\",\"breadcrumb\":{\"@id\":\"https:\/\/www.profaqua.ca\/fr\/produit\/insectes\/#breadcrumb\"},\"inLanguage\":\"fr-FR\",\"potentialAction\":[{\"@type\":\"ReadAction\",\"target\":[\"https:\/\/www.profaqua.ca\/fr\/produit\/insectes\/\"]}]},{\"@type\":\"BreadcrumbList\",\"@id\":\"https:\/\/www.profaqua.ca\/fr\/produit\/insectes\/#breadcrumb\",\"itemListElement\":[{\"@type\":\"ListItem\",\"position\":1,\"name\":\"Home\",\"item\":\"https:\/\/www.profaqua.ca\/fr\/\"},{\"@type\":\"ListItem\",\"position\":2,\"name\":\"Produits\",\"item\":\"https:\/\/www.profaqua.ca\/fr\/shop\/\"},{\"@type\":\"ListItem\",\"position\":3,\"name\":\"Insectes (Colombie-Britannique)\"}]},{\"@type\":\"WebSite\",\"@id\":\"https:\/\/www.profaqua.ca\/fr\/#website\",\"url\":\"https:\/\/www.profaqua.ca\/fr\/\",\"name\":\"Profaqua\",\"description\":\"\",\"potentialAction\":[{\"@type\":\"SearchAction\",\"target\":{\"@type\":\"EntryPoint\",\"urlTemplate\":\"https:\/\/www.profaqua.ca\/fr\/?s={search_term_string}\"},\"query-input\":\"required name=search_term_string\"}],\"inLanguage\":\"fr-FR\"}]}<\/script>\n<!-- \/ Yoast SEO plugin. -->","yoast_head_json":{"title":"Insectes (Colombie-Britannique) - Profaqua","description":"\u266a Les insectes sont nos amis \u266a Ouf, le printemps revient chaque ann\u00e9e avec son lot de petites b\u00eates! Qu\u2019on aime les revoir (ou pas!), les bestioles sont","robots":{"index":"index","follow":"follow","max-snippet":"max-snippet:-1","max-image-preview":"max-image-preview:large","max-video-preview":"max-video-preview:-1"},"canonical":"https:\/\/www.profaqua.ca\/fr\/produit\/insectes\/","og_locale":"fr_FR","og_type":"article","og_title":"Insectes (Colombie-Britannique) - Profaqua","og_description":"\u266a Les insectes sont nos amis \u266a Ouf, le printemps revient chaque ann\u00e9e avec son lot de petites b\u00eates! Qu\u2019on aime les revoir (ou pas!), les bestioles sont","og_url":"https:\/\/www.profaqua.ca\/fr\/produit\/insectes\/","og_site_name":"Profaqua","article_publisher":"https:\/\/www.facebook.com\/profaqua\/","article_modified_time":"2024-09-07T20:18:45+00:00","og_image":[{"width":1800,"height":1800,"url":"https:\/\/www.profaqua.ca\/wp-content\/uploads\/2017\/07\/4.11_Insectes.png","type":"image\/png"}],"twitter_card":"summary_large_image","twitter_misc":{"Dur\u00e9e de lecture estim\u00e9e":"1 minute"},"schema":{"@context":"https:\/\/schema.org","@graph":[{"@type":"WebPage","@id":"https:\/\/www.profaqua.ca\/fr\/produit\/insectes\/","url":"https:\/\/www.profaqua.ca\/fr\/produit\/insectes\/","name":"Insectes (Colombie-Britannique) - Profaqua","isPartOf":{"@id":"https:\/\/www.profaqua.ca\/fr\/#website"},"datePublished":"2020-08-28T00:49:46+00:00","dateModified":"2024-09-07T20:18:45+00:00","description":"\u266a Les insectes sont nos amis \u266a Ouf, le printemps revient chaque ann\u00e9e avec son lot de petites b\u00eates! Qu\u2019on aime les revoir (ou pas!), les bestioles sont","breadcrumb":{"@id":"https:\/\/www.profaqua.ca\/fr\/produit\/insectes\/#breadcrumb"},"inLanguage":"fr-FR","potentialAction":[{"@type":"ReadAction","target":["https:\/\/www.profaqua.ca\/fr\/produit\/insectes\/"]}]},{"@type":"BreadcrumbList","@id":"https:\/\/www.profaqua.ca\/fr\/produit\/insectes\/#breadcrumb","itemListElement":[{"@type":"ListItem","position":1,"name":"Home","item":"https:\/\/www.profaqua.ca\/fr\/"},{"@type":"ListItem","position":2,"name":"Produits","item":"https:\/\/www.profaqua.ca\/fr\/shop\/"},{"@type":"ListItem","position":3,"name":"Insectes (Colombie-Britannique)"}]},{"@type":"WebSite","@id":"https:\/\/www.profaqua.ca\/fr\/#website","url":"https:\/\/www.profaqua.ca\/fr\/","name":"Profaqua","description":"","potentialAction":[{"@type":"SearchAction","target":{"@type":"EntryPoint","urlTemplate":"https:\/\/www.profaqua.ca\/fr\/?s={search_term_string}"},"query-input":"required name=search_term_string"}],"inLanguage":"fr-FR"}]}},"_links":{"self":[{"href":"https:\/\/www.profaqua.ca\/fr\/wp-json\/wp\/v2\/product\/1316"}],"collection":[{"href":"https:\/\/www.profaqua.ca\/fr\/wp-json\/wp\/v2\/product"}],"about":[{"href":"https:\/\/www.profaqua.ca\/fr\/wp-json\/wp\/v2\/types\/product"}],"wp:featuredmedia":[{"embeddable":true,"href":"https:\/\/www.profaqua.ca\/fr\/wp-json\/wp\/v2\/media\/1341"}],"wp:attachment":[{"href":"https:\/\/www.profaqua.ca\/fr\/wp-json\/wp\/v2\/media?parent=1316"}],"wp:term":[{"taxonomy":"product_cat","embeddable":true,"href":"https:\/\/www.profaqua.ca\/fr\/wp-json\/wp\/v2\/product_cat?post=1316"},{"taxonomy":"product_tag","embeddable":true,"href":"https:\/\/www.profaqua.ca\/fr\/wp-json\/wp\/v2\/product_tag?post=1316"}],"curies":[{"name":"wp","href":"https:\/\/api.w.org\/{rel}","templated":true}]}}