{"id":1315,"date":"2020-08-27T19:48:43","date_gmt":"2020-08-28T00:48:43","guid":{"rendered":"https:\/\/www.profaqua.ca\/?post_type=product&#038;p=1315\/"},"modified":"2024-09-07T15:21:57","modified_gmt":"2024-09-07T20:21:57","slug":"fleurs-milieu-naturel","status":"publish","type":"product","link":"https:\/\/www.profaqua.ca\/fr\/produit\/fleurs-milieu-naturel\/","title":{"rendered":"Plantes printani\u00e8res &#8211; En milieu naturel (Colombie-Britannique)"},"content":{"rendered":"<p><strong>Une sortie \u00e0 la for\u00eat !<\/strong><\/p>\n<p>Partons explorer notre nature!<\/p>\n<p>Nous emm\u00e8nerons nos apprentis botanistes en ballade pour observer des plantes printani\u00e8res de la Colombie-Britannique comme la sanguinaire (utilis\u00e9e par les peuples autochtones comme maquillage) et d\u00e9couvrir l\u2019odeur tr\u00e8s particuli\u00e8re et attrayante pour les mouches du trille rouge.<\/p>\n<p>Notre exploration sera enrichie gr\u00e2ce \u00e0 l\u2019utilisation de fiches d\u2019observation.<\/p>\n<p>Allez hop! On s\u2019oxyg\u00e8ne!<\/p>\n<h2><strong><u>Objectifs du primaire:<\/u><\/strong><\/h2>\n<ul>\n<li>Observer des plantes printani\u00e8res \u00e0 diff\u00e9rents stades de croissance dans leur milieu naturel.<\/li>\n<li>Identifier certaines plantes.<\/li>\n<li>D\u00e9crire les parties de l\u2019anatomie d\u2019une plante (racines, tiges, feuilles, fleurs, fruits et graines).<\/li>\n<li>Associer les parties d\u2019une plante \u00e0 leur fonction g\u00e9n\u00e9rale.<\/li>\n<li>D\u00e9crire le mode de reproduction sexu\u00e9e des v\u00e9g\u00e9taux (pistil, \u00e9tamine, pollen, graine et fruit).<\/li>\n<li>D\u00e9crire les stades de croissance d\u2019une plante \u00e0 fleurs (pollinisation, f\u00e9condation, fructification, dispersion, germination et floraison).<\/li>\n<\/ul>\n","protected":false},"excerpt":{"rendered":"<p>Une sortie \u00e0 la for\u00eat ! Partons explorer notre nature! Nous emm\u00e8nerons nos apprentis botanistes en ballade pour observer des plantes printani\u00e8res de la Colombie-Britannique comme la sanguinaire (utilis\u00e9e par les peuples autochtones comme maquillage) et d\u00e9couvrir l\u2019odeur tr\u00e8s particuli\u00e8re et attrayante pour les mouches du trille rouge. Notre exploration sera enrichie gr\u00e2ce \u00e0 l\u2019utilisation de fiches d\u2019observation. Allez hop!<\/p>\n<div class=\"h10\"><\/div>\n<p><a class=\"more-link1\" href=\"https:\/\/www.profaqua.ca\/fr\/produit\/fleurs-milieu-naturel\/\">Voir plus<\/a><\/p>\n","protected":false},"featured_media":1343,"template":"","meta":[],"product_cat":[62],"product_tag":[],"acf":[],"yoast_head":"<!-- This site is optimized with the Yoast SEO plugin v20.13 - https:\/\/yoast.com\/wordpress\/plugins\/seo\/ -->\n<title>Plantes printani\u00e8res - En milieu naturel (Colombie-Britannique) - Profaqua<\/title>\n<meta name=\"description\" content=\"Une sortie \u00e0 la for\u00eat ! Partons explorer notre nature! Nous emm\u00e8nerons nos apprentis botanistes en ballade pour observer des plantes printani\u00e8res de la\" \/>\n<meta name=\"robots\" content=\"index, follow, max-snippet:-1, max-image-preview:large, max-video-preview:-1\" \/>\n<link rel=\"canonical\" href=\"https:\/\/www.profaqua.ca\/fr\/produit\/fleurs-milieu-naturel\/\" \/>\n<meta property=\"og:locale\" content=\"fr_FR\" \/>\n<meta property=\"og:type\" content=\"article\" \/>\n<meta property=\"og:title\" content=\"Plantes printani\u00e8res - En milieu naturel (Colombie-Britannique) - Profaqua\" \/>\n<meta property=\"og:description\" content=\"Une sortie \u00e0 la for\u00eat ! Partons explorer notre nature! Nous emm\u00e8nerons nos apprentis botanistes en ballade pour observer des plantes printani\u00e8res de la\" \/>\n<meta property=\"og:url\" content=\"https:\/\/www.profaqua.ca\/fr\/produit\/fleurs-milieu-naturel\/\" \/>\n<meta property=\"og:site_name\" content=\"Profaqua\" \/>\n<meta property=\"article:publisher\" content=\"https:\/\/www.facebook.com\/profaqua\/\" \/>\n<meta property=\"article:modified_time\" content=\"2024-09-07T20:21:57+00:00\" \/>\n<meta property=\"og:image\" content=\"https:\/\/www.profaqua.ca\/wp-content\/uploads\/2017\/07\/4.8_Fleurs_en_milieu_naturel.png\" \/>\n\t<meta property=\"og:image:width\" content=\"1800\" \/>\n\t<meta property=\"og:image:height\" content=\"1800\" \/>\n\t<meta property=\"og:image:type\" content=\"image\/png\" \/>\n<meta name=\"twitter:card\" content=\"summary_large_image\" \/>\n<meta name=\"twitter:label1\" content=\"Dur\u00e9e de lecture estim\u00e9e\" \/>\n\t<meta name=\"twitter:data1\" content=\"1 minute\" \/>\n<script type=\"application\/ld+json\" class=\"yoast-schema-graph\">{\"@context\":\"https:\/\/schema.org\",\"@graph\":[{\"@type\":\"WebPage\",\"@id\":\"https:\/\/www.profaqua.ca\/fr\/produit\/fleurs-milieu-naturel\/\",\"url\":\"https:\/\/www.profaqua.ca\/fr\/produit\/fleurs-milieu-naturel\/\",\"name\":\"Plantes printani\u00e8res - En milieu naturel (Colombie-Britannique) - Profaqua\",\"isPartOf\":{\"@id\":\"https:\/\/www.profaqua.ca\/fr\/#website\"},\"datePublished\":\"2020-08-28T00:48:43+00:00\",\"dateModified\":\"2024-09-07T20:21:57+00:00\",\"description\":\"Une sortie \u00e0 la for\u00eat ! Partons explorer notre nature! Nous emm\u00e8nerons nos apprentis botanistes en ballade pour observer des plantes printani\u00e8res de la\",\"breadcrumb\":{\"@id\":\"https:\/\/www.profaqua.ca\/fr\/produit\/fleurs-milieu-naturel\/#breadcrumb\"},\"inLanguage\":\"fr-FR\",\"potentialAction\":[{\"@type\":\"ReadAction\",\"target\":[\"https:\/\/www.profaqua.ca\/fr\/produit\/fleurs-milieu-naturel\/\"]}]},{\"@type\":\"BreadcrumbList\",\"@id\":\"https:\/\/www.profaqua.ca\/fr\/produit\/fleurs-milieu-naturel\/#breadcrumb\",\"itemListElement\":[{\"@type\":\"ListItem\",\"position\":1,\"name\":\"Home\",\"item\":\"https:\/\/www.profaqua.ca\/fr\/\"},{\"@type\":\"ListItem\",\"position\":2,\"name\":\"Produits\",\"item\":\"https:\/\/www.profaqua.ca\/fr\/shop\/\"},{\"@type\":\"ListItem\",\"position\":3,\"name\":\"Plantes printani\u00e8res &#8211; En milieu naturel (Colombie-Britannique)\"}]},{\"@type\":\"WebSite\",\"@id\":\"https:\/\/www.profaqua.ca\/fr\/#website\",\"url\":\"https:\/\/www.profaqua.ca\/fr\/\",\"name\":\"Profaqua\",\"description\":\"\",\"potentialAction\":[{\"@type\":\"SearchAction\",\"target\":{\"@type\":\"EntryPoint\",\"urlTemplate\":\"https:\/\/www.profaqua.ca\/fr\/?s={search_term_string}\"},\"query-input\":\"required name=search_term_string\"}],\"inLanguage\":\"fr-FR\"}]}<\/script>\n<!-- \/ Yoast SEO plugin. -->","yoast_head_json":{"title":"Plantes printani\u00e8res - En milieu naturel (Colombie-Britannique) - Profaqua","description":"Une sortie \u00e0 la for\u00eat ! Partons explorer notre nature! Nous emm\u00e8nerons nos apprentis botanistes en ballade pour observer des plantes printani\u00e8res de la","robots":{"index":"index","follow":"follow","max-snippet":"max-snippet:-1","max-image-preview":"max-image-preview:large","max-video-preview":"max-video-preview:-1"},"canonical":"https:\/\/www.profaqua.ca\/fr\/produit\/fleurs-milieu-naturel\/","og_locale":"fr_FR","og_type":"article","og_title":"Plantes printani\u00e8res - En milieu naturel (Colombie-Britannique) - Profaqua","og_description":"Une sortie \u00e0 la for\u00eat ! Partons explorer notre nature! Nous emm\u00e8nerons nos apprentis botanistes en ballade pour observer des plantes printani\u00e8res de la","og_url":"https:\/\/www.profaqua.ca\/fr\/produit\/fleurs-milieu-naturel\/","og_site_name":"Profaqua","article_publisher":"https:\/\/www.facebook.com\/profaqua\/","article_modified_time":"2024-09-07T20:21:57+00:00","og_image":[{"width":1800,"height":1800,"url":"https:\/\/www.profaqua.ca\/wp-content\/uploads\/2017\/07\/4.8_Fleurs_en_milieu_naturel.png","type":"image\/png"}],"twitter_card":"summary_large_image","twitter_misc":{"Dur\u00e9e de lecture estim\u00e9e":"1 minute"},"schema":{"@context":"https:\/\/schema.org","@graph":[{"@type":"WebPage","@id":"https:\/\/www.profaqua.ca\/fr\/produit\/fleurs-milieu-naturel\/","url":"https:\/\/www.profaqua.ca\/fr\/produit\/fleurs-milieu-naturel\/","name":"Plantes printani\u00e8res - En milieu naturel (Colombie-Britannique) - Profaqua","isPartOf":{"@id":"https:\/\/www.profaqua.ca\/fr\/#website"},"datePublished":"2020-08-28T00:48:43+00:00","dateModified":"2024-09-07T20:21:57+00:00","description":"Une sortie \u00e0 la for\u00eat ! Partons explorer notre nature! Nous emm\u00e8nerons nos apprentis botanistes en ballade pour observer des plantes printani\u00e8res de la","breadcrumb":{"@id":"https:\/\/www.profaqua.ca\/fr\/produit\/fleurs-milieu-naturel\/#breadcrumb"},"inLanguage":"fr-FR","potentialAction":[{"@type":"ReadAction","target":["https:\/\/www.profaqua.ca\/fr\/produit\/fleurs-milieu-naturel\/"]}]},{"@type":"BreadcrumbList","@id":"https:\/\/www.profaqua.ca\/fr\/produit\/fleurs-milieu-naturel\/#breadcrumb","itemListElement":[{"@type":"ListItem","position":1,"name":"Home","item":"https:\/\/www.profaqua.ca\/fr\/"},{"@type":"ListItem","position":2,"name":"Produits","item":"https:\/\/www.profaqua.ca\/fr\/shop\/"},{"@type":"ListItem","position":3,"name":"Plantes printani\u00e8res &#8211; En milieu naturel (Colombie-Britannique)"}]},{"@type":"WebSite","@id":"https:\/\/www.profaqua.ca\/fr\/#website","url":"https:\/\/www.profaqua.ca\/fr\/","name":"Profaqua","description":"","potentialAction":[{"@type":"SearchAction","target":{"@type":"EntryPoint","urlTemplate":"https:\/\/www.profaqua.ca\/fr\/?s={search_term_string}"},"query-input":"required name=search_term_string"}],"inLanguage":"fr-FR"}]}},"_links":{"self":[{"href":"https:\/\/www.profaqua.ca\/fr\/wp-json\/wp\/v2\/product\/1315"}],"collection":[{"href":"https:\/\/www.profaqua.ca\/fr\/wp-json\/wp\/v2\/product"}],"about":[{"href":"https:\/\/www.profaqua.ca\/fr\/wp-json\/wp\/v2\/types\/product"}],"wp:featuredmedia":[{"embeddable":true,"href":"https:\/\/www.profaqua.ca\/fr\/wp-json\/wp\/v2\/media\/1343"}],"wp:attachment":[{"href":"https:\/\/www.profaqua.ca\/fr\/wp-json\/wp\/v2\/media?parent=1315"}],"wp:term":[{"taxonomy":"product_cat","embeddable":true,"href":"https:\/\/www.profaqua.ca\/fr\/wp-json\/wp\/v2\/product_cat?post=1315"},{"taxonomy":"product_tag","embeddable":true,"href":"https:\/\/www.profaqua.ca\/fr\/wp-json\/wp\/v2\/product_tag?post=1315"}],"curies":[{"name":"wp","href":"https:\/\/api.w.org\/{rel}","templated":true}]}}