{"id":1312,"date":"2020-08-27T19:42:13","date_gmt":"2020-08-28T00:42:13","guid":{"rendered":"https:\/\/www.profaqua.ca\/?post_type=product&#038;p=1312\/"},"modified":"2024-09-07T15:17:35","modified_gmt":"2024-09-07T20:17:35","slug":"cinq-sens-mer","status":"publish","type":"product","link":"https:\/\/www.profaqua.ca\/fr\/produit\/cinq-sens-mer\/","title":{"rendered":"Cinq sens et la mer (Colombie-Britannique)"},"content":{"rendered":"<p>[vc_row][vc_column][vc_column_text]<strong>Surprenez vos sens !<\/strong><\/p>\n<p>D\u00e9couvrir les cinq sens d\u2019une autre fa\u00e7on tout en parcourant la mer des Salish, abritant des peuples autochtones, des communaut\u00e9s c\u00f4ti\u00e8res et des esp\u00e8ces en voie de disparition!<\/p>\n<p>Laissez-vous charmer par cette version hors du commun d\u2019un atelier sur les cinq sens sur le th\u00e8me de la mer.<\/p>\n<p>Vos petits scientifiques, participeront \u00e0 cinq ateliers incluant l\u2019utilisation de casques de r\u00e9alit\u00e9 virtuelle (VR) faisant appara\u00eetre la faune marine, la manipulation de coquillages pour entendre la mer, la d\u00e9gustation de diff\u00e9rents produits qu&rsquo;assure en nourriture le milieu des Salish (algue, crabe, homard, crevette, poisson\u2026), l\u2019identification de nos diff\u00e9rentes odeurs marines et la manipulation d&rsquo;objets venant du milieu aquatique.<\/p>\n<p>Plongez dans l\u2019aventure!<\/p>\n<h2><strong><u>Objectifs du primaire:<\/u><\/strong><\/h2>\n<ul>\n<li>D\u00e9couvrir les 5 saveurs primaires que la langue peut d\u00e9tecter (Sucr\u00e9, sal\u00e9, amer, acide et umami).<\/li>\n<li>Expliquer le fonctionnement des diff\u00e9rents sens (vue, ou\u00efe, go\u00fbt, odorat et toucher).<\/li>\n<li>Identifier des odeurs, des textures, des go\u00fbts avec les images qui leur correspondent.<\/li>\n<li>Exp\u00e9rimenter les limites des sens.<\/li>\n<\/ul>\n<p>[\/vc_column_text][\/vc_column][\/vc_row]<\/p>\n","protected":false},"excerpt":{"rendered":"<p>[vc_row][vc_column][vc_column_text]Surprenez vos sens ! D\u00e9couvrir les cinq sens d\u2019une autre fa\u00e7on tout en parcourant la mer des Salish, abritant des peuples autochtones, des communaut\u00e9s c\u00f4ti\u00e8res et des esp\u00e8ces en voie de disparition! Laissez-vous charmer par cette version hors du commun d\u2019un atelier sur les cinq sens sur le th\u00e8me de la mer. Vos petits scientifiques, participeront \u00e0 cinq ateliers incluant<\/p>\n<div class=\"h10\"><\/div>\n<p><a class=\"more-link1\" href=\"https:\/\/www.profaqua.ca\/fr\/produit\/cinq-sens-mer\/\">Voir plus<\/a><\/p>\n","protected":false},"featured_media":1417,"template":"","meta":[],"product_cat":[62],"product_tag":[],"acf":[],"yoast_head":"<!-- This site is optimized with the Yoast SEO plugin v20.13 - https:\/\/yoast.com\/wordpress\/plugins\/seo\/ -->\n<title>Cinq sens et la mer (Colombie-Britannique) - Profaqua<\/title>\n<meta name=\"description\" content=\"Surprenez vos sens ! D\u00e9couvrir les cinq sens d\u2019une autre fa\u00e7on tout en parcourant la mer des Salish, abritant des peuples autochtones, des communaut\u00e9s\" \/>\n<meta name=\"robots\" content=\"index, follow, max-snippet:-1, max-image-preview:large, max-video-preview:-1\" \/>\n<link rel=\"canonical\" href=\"https:\/\/www.profaqua.ca\/fr\/produit\/cinq-sens-mer\/\" \/>\n<meta property=\"og:locale\" content=\"fr_FR\" \/>\n<meta property=\"og:type\" content=\"article\" \/>\n<meta property=\"og:title\" content=\"Cinq sens et la mer (Colombie-Britannique) - Profaqua\" \/>\n<meta property=\"og:description\" content=\"Surprenez vos sens ! D\u00e9couvrir les cinq sens d\u2019une autre fa\u00e7on tout en parcourant la mer des Salish, abritant des peuples autochtones, des communaut\u00e9s\" \/>\n<meta property=\"og:url\" content=\"https:\/\/www.profaqua.ca\/fr\/produit\/cinq-sens-mer\/\" \/>\n<meta property=\"og:site_name\" content=\"Profaqua\" \/>\n<meta property=\"article:publisher\" content=\"https:\/\/www.facebook.com\/profaqua\/\" \/>\n<meta property=\"article:modified_time\" content=\"2024-09-07T20:17:35+00:00\" \/>\n<meta property=\"og:image\" content=\"https:\/\/www.profaqua.ca\/wp-content\/uploads\/2017\/07\/4.4.2_Cinq_sens_fond_marin.png\" \/>\n\t<meta property=\"og:image:width\" content=\"1800\" \/>\n\t<meta property=\"og:image:height\" content=\"1800\" \/>\n\t<meta property=\"og:image:type\" content=\"image\/png\" \/>\n<meta name=\"twitter:card\" content=\"summary_large_image\" \/>\n<meta name=\"twitter:label1\" content=\"Dur\u00e9e de lecture estim\u00e9e\" \/>\n\t<meta name=\"twitter:data1\" content=\"1 minute\" \/>\n<script type=\"application\/ld+json\" class=\"yoast-schema-graph\">{\"@context\":\"https:\/\/schema.org\",\"@graph\":[{\"@type\":\"WebPage\",\"@id\":\"https:\/\/www.profaqua.ca\/fr\/produit\/cinq-sens-mer\/\",\"url\":\"https:\/\/www.profaqua.ca\/fr\/produit\/cinq-sens-mer\/\",\"name\":\"Cinq sens et la mer (Colombie-Britannique) - Profaqua\",\"isPartOf\":{\"@id\":\"https:\/\/www.profaqua.ca\/fr\/#website\"},\"datePublished\":\"2020-08-28T00:42:13+00:00\",\"dateModified\":\"2024-09-07T20:17:35+00:00\",\"description\":\"Surprenez vos sens ! D\u00e9couvrir les cinq sens d\u2019une autre fa\u00e7on tout en parcourant la mer des Salish, abritant des peuples autochtones, des communaut\u00e9s\",\"breadcrumb\":{\"@id\":\"https:\/\/www.profaqua.ca\/fr\/produit\/cinq-sens-mer\/#breadcrumb\"},\"inLanguage\":\"fr-FR\",\"potentialAction\":[{\"@type\":\"ReadAction\",\"target\":[\"https:\/\/www.profaqua.ca\/fr\/produit\/cinq-sens-mer\/\"]}]},{\"@type\":\"BreadcrumbList\",\"@id\":\"https:\/\/www.profaqua.ca\/fr\/produit\/cinq-sens-mer\/#breadcrumb\",\"itemListElement\":[{\"@type\":\"ListItem\",\"position\":1,\"name\":\"Home\",\"item\":\"https:\/\/www.profaqua.ca\/fr\/\"},{\"@type\":\"ListItem\",\"position\":2,\"name\":\"Produits\",\"item\":\"https:\/\/www.profaqua.ca\/fr\/shop\/\"},{\"@type\":\"ListItem\",\"position\":3,\"name\":\"Cinq sens et la mer (Colombie-Britannique)\"}]},{\"@type\":\"WebSite\",\"@id\":\"https:\/\/www.profaqua.ca\/fr\/#website\",\"url\":\"https:\/\/www.profaqua.ca\/fr\/\",\"name\":\"Profaqua\",\"description\":\"\",\"potentialAction\":[{\"@type\":\"SearchAction\",\"target\":{\"@type\":\"EntryPoint\",\"urlTemplate\":\"https:\/\/www.profaqua.ca\/fr\/?s={search_term_string}\"},\"query-input\":\"required name=search_term_string\"}],\"inLanguage\":\"fr-FR\"}]}<\/script>\n<!-- \/ Yoast SEO plugin. -->","yoast_head_json":{"title":"Cinq sens et la mer (Colombie-Britannique) - Profaqua","description":"Surprenez vos sens ! D\u00e9couvrir les cinq sens d\u2019une autre fa\u00e7on tout en parcourant la mer des Salish, abritant des peuples autochtones, des communaut\u00e9s","robots":{"index":"index","follow":"follow","max-snippet":"max-snippet:-1","max-image-preview":"max-image-preview:large","max-video-preview":"max-video-preview:-1"},"canonical":"https:\/\/www.profaqua.ca\/fr\/produit\/cinq-sens-mer\/","og_locale":"fr_FR","og_type":"article","og_title":"Cinq sens et la mer (Colombie-Britannique) - Profaqua","og_description":"Surprenez vos sens ! D\u00e9couvrir les cinq sens d\u2019une autre fa\u00e7on tout en parcourant la mer des Salish, abritant des peuples autochtones, des communaut\u00e9s","og_url":"https:\/\/www.profaqua.ca\/fr\/produit\/cinq-sens-mer\/","og_site_name":"Profaqua","article_publisher":"https:\/\/www.facebook.com\/profaqua\/","article_modified_time":"2024-09-07T20:17:35+00:00","og_image":[{"width":1800,"height":1800,"url":"https:\/\/www.profaqua.ca\/wp-content\/uploads\/2017\/07\/4.4.2_Cinq_sens_fond_marin.png","type":"image\/png"}],"twitter_card":"summary_large_image","twitter_misc":{"Dur\u00e9e de lecture estim\u00e9e":"1 minute"},"schema":{"@context":"https:\/\/schema.org","@graph":[{"@type":"WebPage","@id":"https:\/\/www.profaqua.ca\/fr\/produit\/cinq-sens-mer\/","url":"https:\/\/www.profaqua.ca\/fr\/produit\/cinq-sens-mer\/","name":"Cinq sens et la mer (Colombie-Britannique) - Profaqua","isPartOf":{"@id":"https:\/\/www.profaqua.ca\/fr\/#website"},"datePublished":"2020-08-28T00:42:13+00:00","dateModified":"2024-09-07T20:17:35+00:00","description":"Surprenez vos sens ! D\u00e9couvrir les cinq sens d\u2019une autre fa\u00e7on tout en parcourant la mer des Salish, abritant des peuples autochtones, des communaut\u00e9s","breadcrumb":{"@id":"https:\/\/www.profaqua.ca\/fr\/produit\/cinq-sens-mer\/#breadcrumb"},"inLanguage":"fr-FR","potentialAction":[{"@type":"ReadAction","target":["https:\/\/www.profaqua.ca\/fr\/produit\/cinq-sens-mer\/"]}]},{"@type":"BreadcrumbList","@id":"https:\/\/www.profaqua.ca\/fr\/produit\/cinq-sens-mer\/#breadcrumb","itemListElement":[{"@type":"ListItem","position":1,"name":"Home","item":"https:\/\/www.profaqua.ca\/fr\/"},{"@type":"ListItem","position":2,"name":"Produits","item":"https:\/\/www.profaqua.ca\/fr\/shop\/"},{"@type":"ListItem","position":3,"name":"Cinq sens et la mer (Colombie-Britannique)"}]},{"@type":"WebSite","@id":"https:\/\/www.profaqua.ca\/fr\/#website","url":"https:\/\/www.profaqua.ca\/fr\/","name":"Profaqua","description":"","potentialAction":[{"@type":"SearchAction","target":{"@type":"EntryPoint","urlTemplate":"https:\/\/www.profaqua.ca\/fr\/?s={search_term_string}"},"query-input":"required name=search_term_string"}],"inLanguage":"fr-FR"}]}},"_links":{"self":[{"href":"https:\/\/www.profaqua.ca\/fr\/wp-json\/wp\/v2\/product\/1312"}],"collection":[{"href":"https:\/\/www.profaqua.ca\/fr\/wp-json\/wp\/v2\/product"}],"about":[{"href":"https:\/\/www.profaqua.ca\/fr\/wp-json\/wp\/v2\/types\/product"}],"wp:featuredmedia":[{"embeddable":true,"href":"https:\/\/www.profaqua.ca\/fr\/wp-json\/wp\/v2\/media\/1417"}],"wp:attachment":[{"href":"https:\/\/www.profaqua.ca\/fr\/wp-json\/wp\/v2\/media?parent=1312"}],"wp:term":[{"taxonomy":"product_cat","embeddable":true,"href":"https:\/\/www.profaqua.ca\/fr\/wp-json\/wp\/v2\/product_cat?post=1312"},{"taxonomy":"product_tag","embeddable":true,"href":"https:\/\/www.profaqua.ca\/fr\/wp-json\/wp\/v2\/product_tag?post=1312"}],"curies":[{"name":"wp","href":"https:\/\/api.w.org\/{rel}","templated":true}]}}