{"id":1311,"date":"2020-08-28T19:40:39","date_gmt":"2020-08-29T00:40:39","guid":{"rendered":"https:\/\/www.profaqua.ca\/?post_type=product&#038;p=1311\/"},"modified":"2024-09-07T15:13:21","modified_gmt":"2024-09-07T20:13:21","slug":"cinq-sens","status":"publish","type":"product","link":"https:\/\/www.profaqua.ca\/fr\/produit\/cinq-sens\/","title":{"rendered":"Cinq sens (Colombie-Brittanique)"},"content":{"rendered":"<p><strong>Stimulez vos sens !<\/strong><\/p>\n<p>Saviez-vous que le go\u00fbt umami serait la 5<sup>e<\/sup> saveur? Que les plus petits os du corps humain nous permettent d\u2019entendre?<\/p>\n<p>Les cinq sens n\u2019ont pas fini de vous jouer des tours!\u00a0 Pour les d\u00e9couvrir et les stimuler, vos jeunes scientifiques participeront \u00e0 5 exp\u00e9riences amusantes incluant: l\u2019utilisation d\u2019un spectroscope, de loupes, de miroirs et d\u2019un kal\u00e9idoscope; la manipulation de notre oreille g\u00e9ante et la construction de leur propre t\u00e9l\u00e9phone; la d\u00e9gustation de nos saveurs; l\u2019identification de nos diff\u00e9rentes odeurs fruit\u00e9es et de nos myst\u00e9rieux objets cach\u00e9s.<\/p>\n<p>Un atelier compl\u00e8tement insens\u00e9!<\/p>\n<h2><strong><u>Objectifs du primaire:<\/u><\/strong><\/h2>\n<ul>\n<li>Expliquer le fonctionnement des diff\u00e9rents sens (go\u00fbt, ou\u00efe, odorat, vue, toucher).<\/li>\n<li>Identifier des odeurs, des textures, des go\u00fbts avec les images qui leur correspondent.<\/li>\n<li>D\u00e9couvrir les couleurs cach\u00e9es de la lumi\u00e8re.<\/li>\n<li>Exp\u00e9rimenter les limites des sens.<\/li>\n<\/ul>\n","protected":false},"excerpt":{"rendered":"<p>Stimulez vos sens ! Saviez-vous que le go\u00fbt umami serait la 5e saveur? Que les plus petits os du corps humain nous permettent d\u2019entendre? Les cinq sens n\u2019ont pas fini de vous jouer des tours!\u00a0 Pour les d\u00e9couvrir et les stimuler, vos jeunes scientifiques participeront \u00e0 5 exp\u00e9riences amusantes incluant: l\u2019utilisation d\u2019un spectroscope, de loupes, de miroirs et d\u2019un kal\u00e9idoscope;<\/p>\n<div class=\"h10\"><\/div>\n<p><a class=\"more-link1\" href=\"https:\/\/www.profaqua.ca\/fr\/produit\/cinq-sens\/\">Voir plus<\/a><\/p>\n","protected":false},"featured_media":1327,"template":"","meta":[],"product_cat":[62],"product_tag":[],"acf":[],"yoast_head":"<!-- This site is optimized with the Yoast SEO plugin v20.13 - https:\/\/yoast.com\/wordpress\/plugins\/seo\/ -->\n<title>Cinq sens (Colombie-Brittanique) - Profaqua<\/title>\n<meta name=\"description\" content=\"Stimulez vos sens ! Saviez-vous que le go\u00fbt umami serait la 5e saveur? Que les plus petits os du corps humain nous permettent d\u2019entendre? Les cinq sens\" \/>\n<meta name=\"robots\" content=\"index, follow, max-snippet:-1, max-image-preview:large, max-video-preview:-1\" \/>\n<link rel=\"canonical\" href=\"https:\/\/www.profaqua.ca\/fr\/produit\/cinq-sens\/\" \/>\n<meta property=\"og:locale\" content=\"fr_FR\" \/>\n<meta property=\"og:type\" content=\"article\" \/>\n<meta property=\"og:title\" content=\"Cinq sens (Colombie-Brittanique) - Profaqua\" \/>\n<meta property=\"og:description\" content=\"Stimulez vos sens ! Saviez-vous que le go\u00fbt umami serait la 5e saveur? Que les plus petits os du corps humain nous permettent d\u2019entendre? Les cinq sens\" \/>\n<meta property=\"og:url\" content=\"https:\/\/www.profaqua.ca\/fr\/produit\/cinq-sens\/\" \/>\n<meta property=\"og:site_name\" content=\"Profaqua\" \/>\n<meta property=\"article:publisher\" content=\"https:\/\/www.facebook.com\/profaqua\/\" \/>\n<meta property=\"article:modified_time\" content=\"2024-09-07T20:13:21+00:00\" \/>\n<meta property=\"og:image\" content=\"https:\/\/www.profaqua.ca\/wp-content\/uploads\/2017\/07\/4.4_Cinq_sens.png\" \/>\n\t<meta property=\"og:image:width\" content=\"1800\" \/>\n\t<meta property=\"og:image:height\" content=\"1800\" \/>\n\t<meta property=\"og:image:type\" content=\"image\/png\" \/>\n<meta name=\"twitter:card\" content=\"summary_large_image\" \/>\n<meta name=\"twitter:label1\" content=\"Dur\u00e9e de lecture estim\u00e9e\" \/>\n\t<meta name=\"twitter:data1\" content=\"1 minute\" \/>\n<script type=\"application\/ld+json\" class=\"yoast-schema-graph\">{\"@context\":\"https:\/\/schema.org\",\"@graph\":[{\"@type\":\"WebPage\",\"@id\":\"https:\/\/www.profaqua.ca\/fr\/produit\/cinq-sens\/\",\"url\":\"https:\/\/www.profaqua.ca\/fr\/produit\/cinq-sens\/\",\"name\":\"Cinq sens (Colombie-Brittanique) - Profaqua\",\"isPartOf\":{\"@id\":\"https:\/\/www.profaqua.ca\/fr\/#website\"},\"datePublished\":\"2020-08-29T00:40:39+00:00\",\"dateModified\":\"2024-09-07T20:13:21+00:00\",\"description\":\"Stimulez vos sens ! Saviez-vous que le go\u00fbt umami serait la 5e saveur? Que les plus petits os du corps humain nous permettent d\u2019entendre? Les cinq sens\",\"breadcrumb\":{\"@id\":\"https:\/\/www.profaqua.ca\/fr\/produit\/cinq-sens\/#breadcrumb\"},\"inLanguage\":\"fr-FR\",\"potentialAction\":[{\"@type\":\"ReadAction\",\"target\":[\"https:\/\/www.profaqua.ca\/fr\/produit\/cinq-sens\/\"]}]},{\"@type\":\"BreadcrumbList\",\"@id\":\"https:\/\/www.profaqua.ca\/fr\/produit\/cinq-sens\/#breadcrumb\",\"itemListElement\":[{\"@type\":\"ListItem\",\"position\":1,\"name\":\"Home\",\"item\":\"https:\/\/www.profaqua.ca\/fr\/\"},{\"@type\":\"ListItem\",\"position\":2,\"name\":\"Produits\",\"item\":\"https:\/\/www.profaqua.ca\/fr\/shop\/\"},{\"@type\":\"ListItem\",\"position\":3,\"name\":\"Cinq sens (Colombie-Brittanique)\"}]},{\"@type\":\"WebSite\",\"@id\":\"https:\/\/www.profaqua.ca\/fr\/#website\",\"url\":\"https:\/\/www.profaqua.ca\/fr\/\",\"name\":\"Profaqua\",\"description\":\"\",\"potentialAction\":[{\"@type\":\"SearchAction\",\"target\":{\"@type\":\"EntryPoint\",\"urlTemplate\":\"https:\/\/www.profaqua.ca\/fr\/?s={search_term_string}\"},\"query-input\":\"required name=search_term_string\"}],\"inLanguage\":\"fr-FR\"}]}<\/script>\n<!-- \/ Yoast SEO plugin. -->","yoast_head_json":{"title":"Cinq sens (Colombie-Brittanique) - Profaqua","description":"Stimulez vos sens ! Saviez-vous que le go\u00fbt umami serait la 5e saveur? Que les plus petits os du corps humain nous permettent d\u2019entendre? Les cinq sens","robots":{"index":"index","follow":"follow","max-snippet":"max-snippet:-1","max-image-preview":"max-image-preview:large","max-video-preview":"max-video-preview:-1"},"canonical":"https:\/\/www.profaqua.ca\/fr\/produit\/cinq-sens\/","og_locale":"fr_FR","og_type":"article","og_title":"Cinq sens (Colombie-Brittanique) - Profaqua","og_description":"Stimulez vos sens ! Saviez-vous que le go\u00fbt umami serait la 5e saveur? Que les plus petits os du corps humain nous permettent d\u2019entendre? Les cinq sens","og_url":"https:\/\/www.profaqua.ca\/fr\/produit\/cinq-sens\/","og_site_name":"Profaqua","article_publisher":"https:\/\/www.facebook.com\/profaqua\/","article_modified_time":"2024-09-07T20:13:21+00:00","og_image":[{"width":1800,"height":1800,"url":"https:\/\/www.profaqua.ca\/wp-content\/uploads\/2017\/07\/4.4_Cinq_sens.png","type":"image\/png"}],"twitter_card":"summary_large_image","twitter_misc":{"Dur\u00e9e de lecture estim\u00e9e":"1 minute"},"schema":{"@context":"https:\/\/schema.org","@graph":[{"@type":"WebPage","@id":"https:\/\/www.profaqua.ca\/fr\/produit\/cinq-sens\/","url":"https:\/\/www.profaqua.ca\/fr\/produit\/cinq-sens\/","name":"Cinq sens (Colombie-Brittanique) - Profaqua","isPartOf":{"@id":"https:\/\/www.profaqua.ca\/fr\/#website"},"datePublished":"2020-08-29T00:40:39+00:00","dateModified":"2024-09-07T20:13:21+00:00","description":"Stimulez vos sens ! Saviez-vous que le go\u00fbt umami serait la 5e saveur? Que les plus petits os du corps humain nous permettent d\u2019entendre? Les cinq sens","breadcrumb":{"@id":"https:\/\/www.profaqua.ca\/fr\/produit\/cinq-sens\/#breadcrumb"},"inLanguage":"fr-FR","potentialAction":[{"@type":"ReadAction","target":["https:\/\/www.profaqua.ca\/fr\/produit\/cinq-sens\/"]}]},{"@type":"BreadcrumbList","@id":"https:\/\/www.profaqua.ca\/fr\/produit\/cinq-sens\/#breadcrumb","itemListElement":[{"@type":"ListItem","position":1,"name":"Home","item":"https:\/\/www.profaqua.ca\/fr\/"},{"@type":"ListItem","position":2,"name":"Produits","item":"https:\/\/www.profaqua.ca\/fr\/shop\/"},{"@type":"ListItem","position":3,"name":"Cinq sens (Colombie-Brittanique)"}]},{"@type":"WebSite","@id":"https:\/\/www.profaqua.ca\/fr\/#website","url":"https:\/\/www.profaqua.ca\/fr\/","name":"Profaqua","description":"","potentialAction":[{"@type":"SearchAction","target":{"@type":"EntryPoint","urlTemplate":"https:\/\/www.profaqua.ca\/fr\/?s={search_term_string}"},"query-input":"required name=search_term_string"}],"inLanguage":"fr-FR"}]}},"_links":{"self":[{"href":"https:\/\/www.profaqua.ca\/fr\/wp-json\/wp\/v2\/product\/1311"}],"collection":[{"href":"https:\/\/www.profaqua.ca\/fr\/wp-json\/wp\/v2\/product"}],"about":[{"href":"https:\/\/www.profaqua.ca\/fr\/wp-json\/wp\/v2\/types\/product"}],"wp:featuredmedia":[{"embeddable":true,"href":"https:\/\/www.profaqua.ca\/fr\/wp-json\/wp\/v2\/media\/1327"}],"wp:attachment":[{"href":"https:\/\/www.profaqua.ca\/fr\/wp-json\/wp\/v2\/media?parent=1311"}],"wp:term":[{"taxonomy":"product_cat","embeddable":true,"href":"https:\/\/www.profaqua.ca\/fr\/wp-json\/wp\/v2\/product_cat?post=1311"},{"taxonomy":"product_tag","embeddable":true,"href":"https:\/\/www.profaqua.ca\/fr\/wp-json\/wp\/v2\/product_tag?post=1311"}],"curies":[{"name":"wp","href":"https:\/\/api.w.org\/{rel}","templated":true}]}}