{"id":1309,"date":"2024-08-13T19:05:33","date_gmt":"2024-08-14T00:05:33","guid":{"rendered":"https:\/\/www.profaqua.ca\/?post_type=product&#038;p=1309\/"},"modified":"2024-09-07T15:11:32","modified_gmt":"2024-09-07T20:11:32","slug":"anatomie-humaine","status":"publish","type":"product","link":"https:\/\/www.profaqua.ca\/fr\/produit\/anatomie-humaine\/","title":{"rendered":"Anatomie humaine (Colombie-Britannique)"},"content":{"rendered":"<p><strong>Les myst\u00e8res du corps humain !<\/strong><\/p>\n<p>Combien y a-t-il d\u2019os? Quel est le plus grand organe? Est-ce qu\u2019un muscle peut se gonfler? Quelle est la longueur de l\u2019intestin?<\/p>\n<p>Vos jeunes anatomistes d\u00e9couvriront les secrets de cette machine incroyable qu\u2019est le corps humain gr\u00e2ce \u00e0 5 stations sur le syst\u00e8me digestif, le squelette, les organes, les muscles et une simulation d&rsquo;un bloc op\u00e9ratoire, le tout supervis\u00e9 par Oscar, notre squelette pr\u00e9f\u00e9r\u00e9!<\/p>\n<h2><strong><u>Objectifs du primaire:<\/u><\/strong><\/h2>\n<ul>\n<li>D\u00e9crire les composantes et les fonctions des principaux muscles et organes de l\u2019anatomie humaine.<\/li>\n<li>Identifier diff\u00e9rentes parties du syst\u00e8me musculo-squelettique.<\/li>\n<li>Identifier les organes du syst\u00e8me digestif et d\u00e9crire leurs fonctions.<\/li>\n<\/ul>\n<h2><strong><u>Objectifs du secondaire:<\/u><\/strong><\/h2>\n<ul>\n<li>Identifier les principales parties du syst\u00e8me digestif et leurs r\u00f4les.<\/li>\n<li>Identifier et d\u00e9crire la fonction des glandes digestives de l\u2019appareil digestif.<\/li>\n<li>Expliquer les fonctions des os, des articulations et des muscles (biceps et triceps).<\/li>\n<\/ul>\n","protected":false},"excerpt":{"rendered":"<p>Les myst\u00e8res du corps humain ! Combien y a-t-il d\u2019os? Quel est le plus grand organe? Est-ce qu\u2019un muscle peut se gonfler? Quelle est la longueur de l\u2019intestin? Vos jeunes anatomistes d\u00e9couvriront les secrets de cette machine incroyable qu\u2019est le corps humain gr\u00e2ce \u00e0 5 stations sur le syst\u00e8me digestif, le squelette, les organes, les muscles et une simulation d&rsquo;un<\/p>\n<div class=\"h10\"><\/div>\n<p><a class=\"more-link1\" href=\"https:\/\/www.profaqua.ca\/fr\/produit\/anatomie-humaine\/\">Voir plus<\/a><\/p>\n","protected":false},"featured_media":1337,"template":"","meta":[],"product_cat":[62],"product_tag":[],"acf":[],"yoast_head":"<!-- This site is optimized with the Yoast SEO plugin v20.13 - https:\/\/yoast.com\/wordpress\/plugins\/seo\/ -->\n<title>Anatomie humaine (Colombie-Britannique) - Profaqua<\/title>\n<meta name=\"description\" content=\"Les myst\u00e8res du corps humain ! Combien y a-t-il d\u2019os? Quel est le plus grand organe? Est-ce qu\u2019un muscle peut se gonfler? Quelle est la longueur de\" \/>\n<meta name=\"robots\" content=\"index, follow, max-snippet:-1, max-image-preview:large, max-video-preview:-1\" \/>\n<link rel=\"canonical\" href=\"https:\/\/www.profaqua.ca\/fr\/produit\/anatomie-humaine\/\" \/>\n<meta property=\"og:locale\" content=\"fr_FR\" \/>\n<meta property=\"og:type\" content=\"article\" \/>\n<meta property=\"og:title\" content=\"Anatomie humaine (Colombie-Britannique) - Profaqua\" \/>\n<meta property=\"og:description\" content=\"Les myst\u00e8res du corps humain ! Combien y a-t-il d\u2019os? Quel est le plus grand organe? Est-ce qu\u2019un muscle peut se gonfler? Quelle est la longueur de\" \/>\n<meta property=\"og:url\" content=\"https:\/\/www.profaqua.ca\/fr\/produit\/anatomie-humaine\/\" \/>\n<meta property=\"og:site_name\" content=\"Profaqua\" \/>\n<meta property=\"article:publisher\" content=\"https:\/\/www.facebook.com\/profaqua\/\" \/>\n<meta property=\"article:modified_time\" content=\"2024-09-07T20:11:32+00:00\" \/>\n<meta property=\"og:image\" content=\"https:\/\/www.profaqua.ca\/wp-content\/uploads\/2017\/07\/4.1_Anatomie_humaine.png\" \/>\n\t<meta property=\"og:image:width\" content=\"1800\" \/>\n\t<meta property=\"og:image:height\" content=\"1800\" \/>\n\t<meta property=\"og:image:type\" content=\"image\/png\" \/>\n<meta name=\"twitter:card\" content=\"summary_large_image\" \/>\n<meta name=\"twitter:label1\" content=\"Dur\u00e9e de lecture estim\u00e9e\" \/>\n\t<meta name=\"twitter:data1\" content=\"1 minute\" \/>\n<script type=\"application\/ld+json\" class=\"yoast-schema-graph\">{\"@context\":\"https:\/\/schema.org\",\"@graph\":[{\"@type\":\"WebPage\",\"@id\":\"https:\/\/www.profaqua.ca\/fr\/produit\/anatomie-humaine\/\",\"url\":\"https:\/\/www.profaqua.ca\/fr\/produit\/anatomie-humaine\/\",\"name\":\"Anatomie humaine (Colombie-Britannique) - Profaqua\",\"isPartOf\":{\"@id\":\"https:\/\/www.profaqua.ca\/fr\/#website\"},\"datePublished\":\"2024-08-14T00:05:33+00:00\",\"dateModified\":\"2024-09-07T20:11:32+00:00\",\"description\":\"Les myst\u00e8res du corps humain ! Combien y a-t-il d\u2019os? Quel est le plus grand organe? Est-ce qu\u2019un muscle peut se gonfler? Quelle est la longueur de\",\"breadcrumb\":{\"@id\":\"https:\/\/www.profaqua.ca\/fr\/produit\/anatomie-humaine\/#breadcrumb\"},\"inLanguage\":\"fr-FR\",\"potentialAction\":[{\"@type\":\"ReadAction\",\"target\":[\"https:\/\/www.profaqua.ca\/fr\/produit\/anatomie-humaine\/\"]}]},{\"@type\":\"BreadcrumbList\",\"@id\":\"https:\/\/www.profaqua.ca\/fr\/produit\/anatomie-humaine\/#breadcrumb\",\"itemListElement\":[{\"@type\":\"ListItem\",\"position\":1,\"name\":\"Home\",\"item\":\"https:\/\/www.profaqua.ca\/fr\/\"},{\"@type\":\"ListItem\",\"position\":2,\"name\":\"Produits\",\"item\":\"https:\/\/www.profaqua.ca\/fr\/shop\/\"},{\"@type\":\"ListItem\",\"position\":3,\"name\":\"Anatomie humaine (Colombie-Britannique)\"}]},{\"@type\":\"WebSite\",\"@id\":\"https:\/\/www.profaqua.ca\/fr\/#website\",\"url\":\"https:\/\/www.profaqua.ca\/fr\/\",\"name\":\"Profaqua\",\"description\":\"\",\"potentialAction\":[{\"@type\":\"SearchAction\",\"target\":{\"@type\":\"EntryPoint\",\"urlTemplate\":\"https:\/\/www.profaqua.ca\/fr\/?s={search_term_string}\"},\"query-input\":\"required name=search_term_string\"}],\"inLanguage\":\"fr-FR\"}]}<\/script>\n<!-- \/ Yoast SEO plugin. -->","yoast_head_json":{"title":"Anatomie humaine (Colombie-Britannique) - Profaqua","description":"Les myst\u00e8res du corps humain ! Combien y a-t-il d\u2019os? Quel est le plus grand organe? Est-ce qu\u2019un muscle peut se gonfler? Quelle est la longueur de","robots":{"index":"index","follow":"follow","max-snippet":"max-snippet:-1","max-image-preview":"max-image-preview:large","max-video-preview":"max-video-preview:-1"},"canonical":"https:\/\/www.profaqua.ca\/fr\/produit\/anatomie-humaine\/","og_locale":"fr_FR","og_type":"article","og_title":"Anatomie humaine (Colombie-Britannique) - Profaqua","og_description":"Les myst\u00e8res du corps humain ! Combien y a-t-il d\u2019os? Quel est le plus grand organe? Est-ce qu\u2019un muscle peut se gonfler? Quelle est la longueur de","og_url":"https:\/\/www.profaqua.ca\/fr\/produit\/anatomie-humaine\/","og_site_name":"Profaqua","article_publisher":"https:\/\/www.facebook.com\/profaqua\/","article_modified_time":"2024-09-07T20:11:32+00:00","og_image":[{"width":1800,"height":1800,"url":"https:\/\/www.profaqua.ca\/wp-content\/uploads\/2017\/07\/4.1_Anatomie_humaine.png","type":"image\/png"}],"twitter_card":"summary_large_image","twitter_misc":{"Dur\u00e9e de lecture estim\u00e9e":"1 minute"},"schema":{"@context":"https:\/\/schema.org","@graph":[{"@type":"WebPage","@id":"https:\/\/www.profaqua.ca\/fr\/produit\/anatomie-humaine\/","url":"https:\/\/www.profaqua.ca\/fr\/produit\/anatomie-humaine\/","name":"Anatomie humaine (Colombie-Britannique) - Profaqua","isPartOf":{"@id":"https:\/\/www.profaqua.ca\/fr\/#website"},"datePublished":"2024-08-14T00:05:33+00:00","dateModified":"2024-09-07T20:11:32+00:00","description":"Les myst\u00e8res du corps humain ! Combien y a-t-il d\u2019os? Quel est le plus grand organe? Est-ce qu\u2019un muscle peut se gonfler? Quelle est la longueur de","breadcrumb":{"@id":"https:\/\/www.profaqua.ca\/fr\/produit\/anatomie-humaine\/#breadcrumb"},"inLanguage":"fr-FR","potentialAction":[{"@type":"ReadAction","target":["https:\/\/www.profaqua.ca\/fr\/produit\/anatomie-humaine\/"]}]},{"@type":"BreadcrumbList","@id":"https:\/\/www.profaqua.ca\/fr\/produit\/anatomie-humaine\/#breadcrumb","itemListElement":[{"@type":"ListItem","position":1,"name":"Home","item":"https:\/\/www.profaqua.ca\/fr\/"},{"@type":"ListItem","position":2,"name":"Produits","item":"https:\/\/www.profaqua.ca\/fr\/shop\/"},{"@type":"ListItem","position":3,"name":"Anatomie humaine (Colombie-Britannique)"}]},{"@type":"WebSite","@id":"https:\/\/www.profaqua.ca\/fr\/#website","url":"https:\/\/www.profaqua.ca\/fr\/","name":"Profaqua","description":"","potentialAction":[{"@type":"SearchAction","target":{"@type":"EntryPoint","urlTemplate":"https:\/\/www.profaqua.ca\/fr\/?s={search_term_string}"},"query-input":"required name=search_term_string"}],"inLanguage":"fr-FR"}]}},"_links":{"self":[{"href":"https:\/\/www.profaqua.ca\/fr\/wp-json\/wp\/v2\/product\/1309"}],"collection":[{"href":"https:\/\/www.profaqua.ca\/fr\/wp-json\/wp\/v2\/product"}],"about":[{"href":"https:\/\/www.profaqua.ca\/fr\/wp-json\/wp\/v2\/types\/product"}],"wp:featuredmedia":[{"embeddable":true,"href":"https:\/\/www.profaqua.ca\/fr\/wp-json\/wp\/v2\/media\/1337"}],"wp:attachment":[{"href":"https:\/\/www.profaqua.ca\/fr\/wp-json\/wp\/v2\/media?parent=1309"}],"wp:term":[{"taxonomy":"product_cat","embeddable":true,"href":"https:\/\/www.profaqua.ca\/fr\/wp-json\/wp\/v2\/product_cat?post=1309"},{"taxonomy":"product_tag","embeddable":true,"href":"https:\/\/www.profaqua.ca\/fr\/wp-json\/wp\/v2\/product_tag?post=1309"}],"curies":[{"name":"wp","href":"https:\/\/api.w.org\/{rel}","templated":true}]}}