{"id":1306,"date":"2020-08-28T19:36:33","date_gmt":"2020-08-29T00:36:33","guid":{"rendered":"https:\/\/www.profaqua.ca\/?post_type=product&#038;p=1306\/"},"modified":"2024-09-03T15:46:47","modified_gmt":"2024-09-03T20:46:47","slug":"sources-denergie","status":"publish","type":"product","link":"https:\/\/www.profaqua.ca\/fr\/produit\/sources-denergie\/","title":{"rendered":"Sources d\u2019\u00e9nergie (Colombie-Britannique)"},"content":{"rendered":"<p><strong>L\u2019\u00e9nergie sous toutes ses formes !<\/strong><\/p>\n<p>Le soleil, le vent, l\u2019eau, les citrons et nos muscles\u2026 Qu\u2019ont en commun ces 5 mots? Ils produisent tous de l\u2019\u00e9lectricit\u00e9!<\/p>\n<p>Vos scientifiques utiliseront ces 5 sources d\u2019\u00e9nergie pour faire fonctionner de v\u00e9ritables calculatrices! Le r\u00e9sultat de leur calcul : un indice sur le co\u00fbt environnemental de chacune des sources d\u2019\u00e9nergie.<\/p>\n<p>Parions qu\u2019ils n\u2019utiliseront plus jamais l\u2019\u00e9lectricit\u00e9 de la m\u00eame fa\u00e7on\u2026<\/p>\n<p><strong>Pour 15 minutes de plus en intrascolaire:<\/strong><\/p>\n<p>\u00c9conomisez-vous de l\u2019\u00e9nergie en laissant plus de temps de manipulation \u00e0 vos jeunes qui d\u00e9battront \u00e9galement de l\u2019utilisation actuelle des diff\u00e9rentes sources d\u2019\u00e9nergie et l&rsquo;impact sur les peuples autochtones.<\/p>\n<h2><strong><u>Objectifs du primaire:<\/u><\/strong><\/h2>\n<ul>\n<li>Utiliser diff\u00e9rentes sources d\u2019\u00e9nergies en classe (m\u00e9canique, solaire, \u00e9olienne, chimique, hydraulique).<\/li>\n<li>Comprendre l\u2019impact des diff\u00e9rentes sources d\u2019\u00e9nergie sur l\u2019environnement.<\/li>\n<li>Expliquer la diff\u00e9rence entre les \u00e9nergies renouvelables et non renouvelables.<\/li>\n<li>Conna\u00eetre des mani\u00e8res de diminuer la consommation d\u2019\u00e9nergie (ampoule DEL, appareils de minuterie, r\u00e9novations, etc.).<\/li>\n<li>Comprendre l\u2019utilit\u00e9 et le fonctionnement de diff\u00e9rents circuits \u00e9lectriques (en s\u00e9rie, en parall\u00e8le, ferm\u00e9 et ouvert).<\/li>\n<\/ul>\n<h2><strong><u>Objectifs du secondaire:<\/u><\/strong><\/h2>\n<ul>\n<li>D\u00e9crire les sources d\u2019\u00e9nergie chimique, thermique, m\u00e9canique, hydraulique et solaire.<\/li>\n<li>D\u00e9crire les transformations d\u2019\u00e9nergie qui surviennent lors du fonctionnement d\u2019appareils \u00e9lectriques.<\/li>\n<li>D\u00e9finir le rendement \u00e9nerg\u00e9tique d\u2019un syst\u00e8me \u00e9nerg\u00e9tique.<\/li>\n<li>Distinguer des ressources \u00e9nerg\u00e9tiques renouvelables et non renouvelables.<\/li>\n<li>D\u00e9crire et expliquer les cons\u00e9quences de l\u2019augmentation de la concentration des gaz \u00e0 effet de serre.<\/li>\n<\/ul>\n","protected":false},"excerpt":{"rendered":"<p>L\u2019\u00e9nergie sous toutes ses formes ! Le soleil, le vent, l\u2019eau, les citrons et nos muscles\u2026 Qu\u2019ont en commun ces 5 mots? Ils produisent tous de l\u2019\u00e9lectricit\u00e9! Vos scientifiques utiliseront ces 5 sources d\u2019\u00e9nergie pour faire fonctionner de v\u00e9ritables calculatrices! Le r\u00e9sultat de leur calcul : un indice sur le co\u00fbt environnemental de chacune des sources d\u2019\u00e9nergie. Parions qu\u2019ils n\u2019utiliseront<\/p>\n<div class=\"h10\"><\/div>\n<p><a class=\"more-link1\" href=\"https:\/\/www.profaqua.ca\/fr\/produit\/sources-denergie\/\">Voir plus<\/a><\/p>\n","protected":false},"featured_media":1307,"template":"","meta":[],"product_cat":[62],"product_tag":[],"acf":[],"yoast_head":"<!-- This site is optimized with the Yoast SEO plugin v20.13 - https:\/\/yoast.com\/wordpress\/plugins\/seo\/ -->\n<title>Sources d\u2019\u00e9nergie (Colombie-Britannique) - Profaqua<\/title>\n<meta name=\"description\" content=\"L\u2019\u00e9nergie sous toutes ses formes ! Le soleil, le vent, l\u2019eau, les citrons et nos muscles\u2026 Qu\u2019ont en commun ces 5 mots? Ils produisent tous de\" \/>\n<meta name=\"robots\" content=\"index, follow, max-snippet:-1, max-image-preview:large, max-video-preview:-1\" \/>\n<link rel=\"canonical\" href=\"https:\/\/www.profaqua.ca\/fr\/produit\/sources-denergie\/\" \/>\n<meta property=\"og:locale\" content=\"fr_FR\" \/>\n<meta property=\"og:type\" content=\"article\" \/>\n<meta property=\"og:title\" content=\"Sources d\u2019\u00e9nergie (Colombie-Britannique) - Profaqua\" \/>\n<meta property=\"og:description\" content=\"L\u2019\u00e9nergie sous toutes ses formes ! Le soleil, le vent, l\u2019eau, les citrons et nos muscles\u2026 Qu\u2019ont en commun ces 5 mots? Ils produisent tous de\" \/>\n<meta property=\"og:url\" content=\"https:\/\/www.profaqua.ca\/fr\/produit\/sources-denergie\/\" \/>\n<meta property=\"og:site_name\" content=\"Profaqua\" \/>\n<meta property=\"article:publisher\" content=\"https:\/\/www.facebook.com\/profaqua\/\" \/>\n<meta property=\"article:modified_time\" content=\"2024-09-03T20:46:47+00:00\" \/>\n<meta property=\"og:image\" content=\"https:\/\/www.profaqua.ca\/wp-content\/uploads\/2017\/07\/2.15_Formes_d_energie-002.png\" \/>\n\t<meta property=\"og:image:width\" content=\"1800\" \/>\n\t<meta property=\"og:image:height\" content=\"1800\" \/>\n\t<meta property=\"og:image:type\" content=\"image\/png\" \/>\n<meta name=\"twitter:card\" content=\"summary_large_image\" \/>\n<meta name=\"twitter:label1\" content=\"Dur\u00e9e de lecture estim\u00e9e\" \/>\n\t<meta name=\"twitter:data1\" content=\"2 minutes\" \/>\n<script type=\"application\/ld+json\" class=\"yoast-schema-graph\">{\"@context\":\"https:\/\/schema.org\",\"@graph\":[{\"@type\":\"WebPage\",\"@id\":\"https:\/\/www.profaqua.ca\/fr\/produit\/sources-denergie\/\",\"url\":\"https:\/\/www.profaqua.ca\/fr\/produit\/sources-denergie\/\",\"name\":\"Sources d\u2019\u00e9nergie (Colombie-Britannique) - Profaqua\",\"isPartOf\":{\"@id\":\"https:\/\/www.profaqua.ca\/fr\/#website\"},\"datePublished\":\"2020-08-29T00:36:33+00:00\",\"dateModified\":\"2024-09-03T20:46:47+00:00\",\"description\":\"L\u2019\u00e9nergie sous toutes ses formes ! Le soleil, le vent, l\u2019eau, les citrons et nos muscles\u2026 Qu\u2019ont en commun ces 5 mots? Ils produisent tous de\",\"breadcrumb\":{\"@id\":\"https:\/\/www.profaqua.ca\/fr\/produit\/sources-denergie\/#breadcrumb\"},\"inLanguage\":\"fr-FR\",\"potentialAction\":[{\"@type\":\"ReadAction\",\"target\":[\"https:\/\/www.profaqua.ca\/fr\/produit\/sources-denergie\/\"]}]},{\"@type\":\"BreadcrumbList\",\"@id\":\"https:\/\/www.profaqua.ca\/fr\/produit\/sources-denergie\/#breadcrumb\",\"itemListElement\":[{\"@type\":\"ListItem\",\"position\":1,\"name\":\"Home\",\"item\":\"https:\/\/www.profaqua.ca\/fr\/\"},{\"@type\":\"ListItem\",\"position\":2,\"name\":\"Produits\",\"item\":\"https:\/\/www.profaqua.ca\/fr\/shop\/\"},{\"@type\":\"ListItem\",\"position\":3,\"name\":\"Sources d\u2019\u00e9nergie (Colombie-Britannique)\"}]},{\"@type\":\"WebSite\",\"@id\":\"https:\/\/www.profaqua.ca\/fr\/#website\",\"url\":\"https:\/\/www.profaqua.ca\/fr\/\",\"name\":\"Profaqua\",\"description\":\"\",\"potentialAction\":[{\"@type\":\"SearchAction\",\"target\":{\"@type\":\"EntryPoint\",\"urlTemplate\":\"https:\/\/www.profaqua.ca\/fr\/?s={search_term_string}\"},\"query-input\":\"required name=search_term_string\"}],\"inLanguage\":\"fr-FR\"}]}<\/script>\n<!-- \/ Yoast SEO plugin. -->","yoast_head_json":{"title":"Sources d\u2019\u00e9nergie (Colombie-Britannique) - Profaqua","description":"L\u2019\u00e9nergie sous toutes ses formes ! Le soleil, le vent, l\u2019eau, les citrons et nos muscles\u2026 Qu\u2019ont en commun ces 5 mots? Ils produisent tous de","robots":{"index":"index","follow":"follow","max-snippet":"max-snippet:-1","max-image-preview":"max-image-preview:large","max-video-preview":"max-video-preview:-1"},"canonical":"https:\/\/www.profaqua.ca\/fr\/produit\/sources-denergie\/","og_locale":"fr_FR","og_type":"article","og_title":"Sources d\u2019\u00e9nergie (Colombie-Britannique) - Profaqua","og_description":"L\u2019\u00e9nergie sous toutes ses formes ! Le soleil, le vent, l\u2019eau, les citrons et nos muscles\u2026 Qu\u2019ont en commun ces 5 mots? Ils produisent tous de","og_url":"https:\/\/www.profaqua.ca\/fr\/produit\/sources-denergie\/","og_site_name":"Profaqua","article_publisher":"https:\/\/www.facebook.com\/profaqua\/","article_modified_time":"2024-09-03T20:46:47+00:00","og_image":[{"width":1800,"height":1800,"url":"https:\/\/www.profaqua.ca\/wp-content\/uploads\/2017\/07\/2.15_Formes_d_energie-002.png","type":"image\/png"}],"twitter_card":"summary_large_image","twitter_misc":{"Dur\u00e9e de lecture estim\u00e9e":"2 minutes"},"schema":{"@context":"https:\/\/schema.org","@graph":[{"@type":"WebPage","@id":"https:\/\/www.profaqua.ca\/fr\/produit\/sources-denergie\/","url":"https:\/\/www.profaqua.ca\/fr\/produit\/sources-denergie\/","name":"Sources d\u2019\u00e9nergie (Colombie-Britannique) - Profaqua","isPartOf":{"@id":"https:\/\/www.profaqua.ca\/fr\/#website"},"datePublished":"2020-08-29T00:36:33+00:00","dateModified":"2024-09-03T20:46:47+00:00","description":"L\u2019\u00e9nergie sous toutes ses formes ! Le soleil, le vent, l\u2019eau, les citrons et nos muscles\u2026 Qu\u2019ont en commun ces 5 mots? Ils produisent tous de","breadcrumb":{"@id":"https:\/\/www.profaqua.ca\/fr\/produit\/sources-denergie\/#breadcrumb"},"inLanguage":"fr-FR","potentialAction":[{"@type":"ReadAction","target":["https:\/\/www.profaqua.ca\/fr\/produit\/sources-denergie\/"]}]},{"@type":"BreadcrumbList","@id":"https:\/\/www.profaqua.ca\/fr\/produit\/sources-denergie\/#breadcrumb","itemListElement":[{"@type":"ListItem","position":1,"name":"Home","item":"https:\/\/www.profaqua.ca\/fr\/"},{"@type":"ListItem","position":2,"name":"Produits","item":"https:\/\/www.profaqua.ca\/fr\/shop\/"},{"@type":"ListItem","position":3,"name":"Sources d\u2019\u00e9nergie (Colombie-Britannique)"}]},{"@type":"WebSite","@id":"https:\/\/www.profaqua.ca\/fr\/#website","url":"https:\/\/www.profaqua.ca\/fr\/","name":"Profaqua","description":"","potentialAction":[{"@type":"SearchAction","target":{"@type":"EntryPoint","urlTemplate":"https:\/\/www.profaqua.ca\/fr\/?s={search_term_string}"},"query-input":"required name=search_term_string"}],"inLanguage":"fr-FR"}]}},"_links":{"self":[{"href":"https:\/\/www.profaqua.ca\/fr\/wp-json\/wp\/v2\/product\/1306"}],"collection":[{"href":"https:\/\/www.profaqua.ca\/fr\/wp-json\/wp\/v2\/product"}],"about":[{"href":"https:\/\/www.profaqua.ca\/fr\/wp-json\/wp\/v2\/types\/product"}],"wp:featuredmedia":[{"embeddable":true,"href":"https:\/\/www.profaqua.ca\/fr\/wp-json\/wp\/v2\/media\/1307"}],"wp:attachment":[{"href":"https:\/\/www.profaqua.ca\/fr\/wp-json\/wp\/v2\/media?parent=1306"}],"wp:term":[{"taxonomy":"product_cat","embeddable":true,"href":"https:\/\/www.profaqua.ca\/fr\/wp-json\/wp\/v2\/product_cat?post=1306"},{"taxonomy":"product_tag","embeddable":true,"href":"https:\/\/www.profaqua.ca\/fr\/wp-json\/wp\/v2\/product_tag?post=1306"}],"curies":[{"name":"wp","href":"https:\/\/api.w.org\/{rel}","templated":true}]}}