{"id":1303,"date":"2020-08-28T19:35:25","date_gmt":"2020-08-29T00:35:25","guid":{"rendered":"https:\/\/www.profaqua.ca\/?post_type=product&#038;p=1303\/"},"modified":"2024-09-03T15:47:24","modified_gmt":"2024-09-03T20:47:24","slug":"etats-de-leau","status":"publish","type":"product","link":"https:\/\/www.profaqua.ca\/fr\/produit\/etats-de-leau\/","title":{"rendered":"\u00c9tats de l\u2019eau (Colombie-Britannique)"},"content":{"rendered":"<p><strong>L\u2019eau dans tous ses \u00e9tats !<\/strong><\/p>\n<p>La serviette que vous avez utilis\u00e9e pour vous essuyer en sortant du bain hier soir est s\u00e8che ce matin, mais o\u00f9 donc l\u2019eau a-t-elle disparu?<\/p>\n<p>Derri\u00e8re cette intrigante question se cache les diff\u00e9rents \u00e9tats de l\u2019eau (gazeux, liquide et solide) et leurs transformations (sublimation &#8211; condensation \u2013 solidification \u2013 liqu\u00e9faction \u2013 fusion -\u00e9vaporation\/\u00e9bullition) que nous d\u00e9couvrirons ensemble gr\u00e2ce \u00e0 des petits ateliers amusants et une incroyable exp\u00e9rience pendant laquelle vos petits Lavoisier feront passer l\u2019eau de l\u2019\u00e9tat liquide \u00e0 gazeux et inversement!<\/p>\n<p>Rien ne se perd, rien ne se cr\u00e9e, tout se transforme!<\/p>\n<h2><strong><u>Objectifs du primaire:<\/u><\/strong><\/h2>\n<ul>\n<li>Reconna\u00eetre l\u2019eau sous trois \u00e9tats de la mati\u00e8re\u00a0: solide (glace, neige), liquide et gazeux (vapeur).<\/li>\n<li>D\u00e9crire les op\u00e9rations \u00e0 effectuer pour transformer l\u2019eau d\u2019un \u00e9tat \u00e0 un autre (chauffer ou refroidir).<\/li>\n<li>Reconna\u00eetre qu\u2019il y a conservation de la quantit\u00e9 de mati\u00e8re lors d\u2019une transformation (ex. : 50 ml d\u2019eau dans une soucoupe ou un verre).<\/li>\n<li>D\u00e9crire divers impacts de la qualit\u00e9 de l\u2019eau sur les vivants.<\/li>\n<li>D\u00e9crire les formes que peuvent prendre l\u2019eau (pluie, neige, gr\u00eale, givre, pluie vergla\u00e7ante, brume, brouillard, ros\u00e9e, nuage, vapeur).<\/li>\n<\/ul>\n","protected":false},"excerpt":{"rendered":"<p>L\u2019eau dans tous ses \u00e9tats ! La serviette que vous avez utilis\u00e9e pour vous essuyer en sortant du bain hier soir est s\u00e8che ce matin, mais o\u00f9 donc l\u2019eau a-t-elle disparu? Derri\u00e8re cette intrigante question se cache les diff\u00e9rents \u00e9tats de l\u2019eau (gazeux, liquide et solide) et leurs transformations (sublimation &#8211; condensation \u2013 solidification \u2013 liqu\u00e9faction \u2013 fusion -\u00e9vaporation\/\u00e9bullition) que<\/p>\n<div class=\"h10\"><\/div>\n<p><a class=\"more-link1\" href=\"https:\/\/www.profaqua.ca\/fr\/produit\/etats-de-leau\/\">Voir plus<\/a><\/p>\n","protected":false},"featured_media":1304,"template":"","meta":[],"product_cat":[62],"product_tag":[],"acf":[],"yoast_head":"<!-- This site is optimized with the Yoast SEO plugin v20.13 - https:\/\/yoast.com\/wordpress\/plugins\/seo\/ -->\n<title>\u00c9tats de l\u2019eau (Colombie-Britannique) - Profaqua<\/title>\n<meta name=\"description\" content=\"L\u2019eau dans tous ses \u00e9tats ! La serviette que vous avez utilis\u00e9e pour vous essuyer en sortant du bain hier soir est s\u00e8che ce matin, mais o\u00f9 donc l\u2019eau\" \/>\n<meta name=\"robots\" content=\"index, follow, max-snippet:-1, max-image-preview:large, max-video-preview:-1\" \/>\n<link rel=\"canonical\" href=\"https:\/\/www.profaqua.ca\/fr\/produit\/etats-de-leau\/\" \/>\n<meta property=\"og:locale\" content=\"fr_FR\" \/>\n<meta property=\"og:type\" content=\"article\" \/>\n<meta property=\"og:title\" content=\"\u00c9tats de l\u2019eau (Colombie-Britannique) - Profaqua\" \/>\n<meta property=\"og:description\" content=\"L\u2019eau dans tous ses \u00e9tats ! La serviette que vous avez utilis\u00e9e pour vous essuyer en sortant du bain hier soir est s\u00e8che ce matin, mais o\u00f9 donc l\u2019eau\" \/>\n<meta property=\"og:url\" content=\"https:\/\/www.profaqua.ca\/fr\/produit\/etats-de-leau\/\" \/>\n<meta property=\"og:site_name\" content=\"Profaqua\" \/>\n<meta property=\"article:publisher\" content=\"https:\/\/www.facebook.com\/profaqua\/\" \/>\n<meta property=\"article:modified_time\" content=\"2024-09-03T20:47:24+00:00\" \/>\n<meta property=\"og:image\" content=\"https:\/\/www.profaqua.ca\/wp-content\/uploads\/2017\/07\/2.14_\u00c9tats_de_eau-002.png\" \/>\n\t<meta property=\"og:image:width\" content=\"1800\" \/>\n\t<meta property=\"og:image:height\" content=\"1800\" \/>\n\t<meta property=\"og:image:type\" content=\"image\/png\" \/>\n<meta name=\"twitter:card\" content=\"summary_large_image\" \/>\n<meta name=\"twitter:label1\" content=\"Dur\u00e9e de lecture estim\u00e9e\" \/>\n\t<meta name=\"twitter:data1\" content=\"1 minute\" \/>\n<script type=\"application\/ld+json\" class=\"yoast-schema-graph\">{\"@context\":\"https:\/\/schema.org\",\"@graph\":[{\"@type\":\"WebPage\",\"@id\":\"https:\/\/www.profaqua.ca\/fr\/produit\/etats-de-leau\/\",\"url\":\"https:\/\/www.profaqua.ca\/fr\/produit\/etats-de-leau\/\",\"name\":\"\u00c9tats de l\u2019eau (Colombie-Britannique) - Profaqua\",\"isPartOf\":{\"@id\":\"https:\/\/www.profaqua.ca\/fr\/#website\"},\"datePublished\":\"2020-08-29T00:35:25+00:00\",\"dateModified\":\"2024-09-03T20:47:24+00:00\",\"description\":\"L\u2019eau dans tous ses \u00e9tats ! La serviette que vous avez utilis\u00e9e pour vous essuyer en sortant du bain hier soir est s\u00e8che ce matin, mais o\u00f9 donc l\u2019eau\",\"breadcrumb\":{\"@id\":\"https:\/\/www.profaqua.ca\/fr\/produit\/etats-de-leau\/#breadcrumb\"},\"inLanguage\":\"fr-FR\",\"potentialAction\":[{\"@type\":\"ReadAction\",\"target\":[\"https:\/\/www.profaqua.ca\/fr\/produit\/etats-de-leau\/\"]}]},{\"@type\":\"BreadcrumbList\",\"@id\":\"https:\/\/www.profaqua.ca\/fr\/produit\/etats-de-leau\/#breadcrumb\",\"itemListElement\":[{\"@type\":\"ListItem\",\"position\":1,\"name\":\"Home\",\"item\":\"https:\/\/www.profaqua.ca\/fr\/\"},{\"@type\":\"ListItem\",\"position\":2,\"name\":\"Produits\",\"item\":\"https:\/\/www.profaqua.ca\/fr\/shop\/\"},{\"@type\":\"ListItem\",\"position\":3,\"name\":\"\u00c9tats de l\u2019eau (Colombie-Britannique)\"}]},{\"@type\":\"WebSite\",\"@id\":\"https:\/\/www.profaqua.ca\/fr\/#website\",\"url\":\"https:\/\/www.profaqua.ca\/fr\/\",\"name\":\"Profaqua\",\"description\":\"\",\"potentialAction\":[{\"@type\":\"SearchAction\",\"target\":{\"@type\":\"EntryPoint\",\"urlTemplate\":\"https:\/\/www.profaqua.ca\/fr\/?s={search_term_string}\"},\"query-input\":\"required name=search_term_string\"}],\"inLanguage\":\"fr-FR\"}]}<\/script>\n<!-- \/ Yoast SEO plugin. -->","yoast_head_json":{"title":"\u00c9tats de l\u2019eau (Colombie-Britannique) - Profaqua","description":"L\u2019eau dans tous ses \u00e9tats ! La serviette que vous avez utilis\u00e9e pour vous essuyer en sortant du bain hier soir est s\u00e8che ce matin, mais o\u00f9 donc l\u2019eau","robots":{"index":"index","follow":"follow","max-snippet":"max-snippet:-1","max-image-preview":"max-image-preview:large","max-video-preview":"max-video-preview:-1"},"canonical":"https:\/\/www.profaqua.ca\/fr\/produit\/etats-de-leau\/","og_locale":"fr_FR","og_type":"article","og_title":"\u00c9tats de l\u2019eau (Colombie-Britannique) - Profaqua","og_description":"L\u2019eau dans tous ses \u00e9tats ! La serviette que vous avez utilis\u00e9e pour vous essuyer en sortant du bain hier soir est s\u00e8che ce matin, mais o\u00f9 donc l\u2019eau","og_url":"https:\/\/www.profaqua.ca\/fr\/produit\/etats-de-leau\/","og_site_name":"Profaqua","article_publisher":"https:\/\/www.facebook.com\/profaqua\/","article_modified_time":"2024-09-03T20:47:24+00:00","og_image":[{"width":1800,"height":1800,"url":"https:\/\/www.profaqua.ca\/wp-content\/uploads\/2017\/07\/2.14_\u00c9tats_de_eau-002.png","type":"image\/png"}],"twitter_card":"summary_large_image","twitter_misc":{"Dur\u00e9e de lecture estim\u00e9e":"1 minute"},"schema":{"@context":"https:\/\/schema.org","@graph":[{"@type":"WebPage","@id":"https:\/\/www.profaqua.ca\/fr\/produit\/etats-de-leau\/","url":"https:\/\/www.profaqua.ca\/fr\/produit\/etats-de-leau\/","name":"\u00c9tats de l\u2019eau (Colombie-Britannique) - Profaqua","isPartOf":{"@id":"https:\/\/www.profaqua.ca\/fr\/#website"},"datePublished":"2020-08-29T00:35:25+00:00","dateModified":"2024-09-03T20:47:24+00:00","description":"L\u2019eau dans tous ses \u00e9tats ! La serviette que vous avez utilis\u00e9e pour vous essuyer en sortant du bain hier soir est s\u00e8che ce matin, mais o\u00f9 donc l\u2019eau","breadcrumb":{"@id":"https:\/\/www.profaqua.ca\/fr\/produit\/etats-de-leau\/#breadcrumb"},"inLanguage":"fr-FR","potentialAction":[{"@type":"ReadAction","target":["https:\/\/www.profaqua.ca\/fr\/produit\/etats-de-leau\/"]}]},{"@type":"BreadcrumbList","@id":"https:\/\/www.profaqua.ca\/fr\/produit\/etats-de-leau\/#breadcrumb","itemListElement":[{"@type":"ListItem","position":1,"name":"Home","item":"https:\/\/www.profaqua.ca\/fr\/"},{"@type":"ListItem","position":2,"name":"Produits","item":"https:\/\/www.profaqua.ca\/fr\/shop\/"},{"@type":"ListItem","position":3,"name":"\u00c9tats de l\u2019eau (Colombie-Britannique)"}]},{"@type":"WebSite","@id":"https:\/\/www.profaqua.ca\/fr\/#website","url":"https:\/\/www.profaqua.ca\/fr\/","name":"Profaqua","description":"","potentialAction":[{"@type":"SearchAction","target":{"@type":"EntryPoint","urlTemplate":"https:\/\/www.profaqua.ca\/fr\/?s={search_term_string}"},"query-input":"required name=search_term_string"}],"inLanguage":"fr-FR"}]}},"_links":{"self":[{"href":"https:\/\/www.profaqua.ca\/fr\/wp-json\/wp\/v2\/product\/1303"}],"collection":[{"href":"https:\/\/www.profaqua.ca\/fr\/wp-json\/wp\/v2\/product"}],"about":[{"href":"https:\/\/www.profaqua.ca\/fr\/wp-json\/wp\/v2\/types\/product"}],"wp:featuredmedia":[{"embeddable":true,"href":"https:\/\/www.profaqua.ca\/fr\/wp-json\/wp\/v2\/media\/1304"}],"wp:attachment":[{"href":"https:\/\/www.profaqua.ca\/fr\/wp-json\/wp\/v2\/media?parent=1303"}],"wp:term":[{"taxonomy":"product_cat","embeddable":true,"href":"https:\/\/www.profaqua.ca\/fr\/wp-json\/wp\/v2\/product_cat?post=1303"},{"taxonomy":"product_tag","embeddable":true,"href":"https:\/\/www.profaqua.ca\/fr\/wp-json\/wp\/v2\/product_tag?post=1303"}],"curies":[{"name":"wp","href":"https:\/\/api.w.org\/{rel}","templated":true}]}}