{"id":1300,"date":"2024-08-24T12:00:49","date_gmt":"2024-08-24T17:00:49","guid":{"rendered":"https:\/\/www.profaqua.ca\/?post_type=product&#038;p=1300\/"},"modified":"2024-09-03T12:29:18","modified_gmt":"2024-09-03T17:29:18","slug":"energie-cinetique","status":"publish","type":"product","link":"https:\/\/www.profaqua.ca\/fr\/produit\/energie-cinetique\/","title":{"rendered":"\u00c9nergie cin\u00e9tique (Colombie-Britannique)"},"content":{"rendered":"<p><strong>De haut en bas !<\/strong><\/p>\n<p>Clic, clic, clic! Votre estomac se serre : le wagon vient d\u2019arriver au sommet des montagnes russes\u2026 le frein est rel\u00e2ch\u00e9 et AHHH!\u2026 Qui r\u00e9ussira \u00e0 garder ses bras en l\u2019air?<\/p>\n<p>D\u00e9fiez les lois de la gravit\u00e9 et utilisez les transferts d\u2019\u00e9nergie pour construire vos propres \u00ab montagnes russes \u00bb dans lesquels des petites billes devront effectuer le parcours le plus long possible.<\/p>\n<p>Vos ing\u00e9nieurs en herbe assembleront ces man\u00e8ges des plus simples aux plus complexes!<\/p>\n<p>Prolongez le plaisir\u2026 et la complexit\u00e9 des man\u00e8ges de vos jeunes qui sauront vous impressionner avec leur imagination sur un atelier de 75 minutes!<\/p>\n<h2><strong><u>Objectifs du primaire:<\/u><\/strong><\/h2>\n<ul>\n<li>D\u00e9crire les transformations d\u2019\u00e9nergie d\u2019une forme \u00e0 l\u2019autre (\u00e9nergie potentielle \u00e0 \u00e9nergie cin\u00e9tique).<\/li>\n<li>D\u00e9crire les caract\u00e9ristiques d\u2019un mouvement (ex. : direction, vitesse).<\/li>\n<li>Identifier des situations o\u00f9 la force de frottement (friction) entre en ligne de compte.<\/li>\n<li>Comprendre le concept de gravit\u00e9.<\/li>\n<li>D\u00e9crire comment une force agit sur un corps (le mettre en mouvement, modifier son mouvement, l\u2019arr\u00eater).<\/li>\n<\/ul>\n","protected":false},"excerpt":{"rendered":"<p>De haut en bas ! Clic, clic, clic! Votre estomac se serre : le wagon vient d\u2019arriver au sommet des montagnes russes\u2026 le frein est rel\u00e2ch\u00e9 et AHHH!\u2026 Qui r\u00e9ussira \u00e0 garder ses bras en l\u2019air? D\u00e9fiez les lois de la gravit\u00e9 et utilisez les transferts d\u2019\u00e9nergie pour construire vos propres \u00ab montagnes russes \u00bb dans lesquels des petites billes<\/p>\n<div class=\"h10\"><\/div>\n<p><a class=\"more-link1\" href=\"https:\/\/www.profaqua.ca\/fr\/produit\/energie-cinetique\/\">Voir plus<\/a><\/p>\n","protected":false},"featured_media":1301,"template":"","meta":[],"product_cat":[62],"product_tag":[],"acf":[],"yoast_head":"<!-- This site is optimized with the Yoast SEO plugin v20.13 - https:\/\/yoast.com\/wordpress\/plugins\/seo\/ -->\n<title>\u00c9nergie cin\u00e9tique (Colombie-Britannique) - Profaqua<\/title>\n<meta name=\"description\" content=\"De haut en bas ! Clic, clic, clic! Votre estomac se serre : le wagon vient d\u2019arriver au sommet des montagnes russes\u2026 le frein est rel\u00e2ch\u00e9 et AHHH!\u2026 Qui\" \/>\n<meta name=\"robots\" content=\"index, follow, max-snippet:-1, max-image-preview:large, max-video-preview:-1\" \/>\n<link rel=\"canonical\" href=\"https:\/\/www.profaqua.ca\/fr\/produit\/energie-cinetique\/\" \/>\n<meta property=\"og:locale\" content=\"fr_FR\" \/>\n<meta property=\"og:type\" content=\"article\" \/>\n<meta property=\"og:title\" content=\"\u00c9nergie cin\u00e9tique (Colombie-Britannique) - Profaqua\" \/>\n<meta property=\"og:description\" content=\"De haut en bas ! Clic, clic, clic! Votre estomac se serre : le wagon vient d\u2019arriver au sommet des montagnes russes\u2026 le frein est rel\u00e2ch\u00e9 et AHHH!\u2026 Qui\" \/>\n<meta property=\"og:url\" content=\"https:\/\/www.profaqua.ca\/fr\/produit\/energie-cinetique\/\" \/>\n<meta property=\"og:site_name\" content=\"Profaqua\" \/>\n<meta property=\"article:publisher\" content=\"https:\/\/www.facebook.com\/profaqua\/\" \/>\n<meta property=\"article:modified_time\" content=\"2024-09-03T17:29:18+00:00\" \/>\n<meta property=\"og:image\" content=\"https:\/\/www.profaqua.ca\/wp-content\/uploads\/2017\/07\/2.13_\u00c9nergie_cin\u00e9tique-002.png\" \/>\n\t<meta property=\"og:image:width\" content=\"1800\" \/>\n\t<meta property=\"og:image:height\" content=\"1800\" \/>\n\t<meta property=\"og:image:type\" content=\"image\/png\" \/>\n<meta name=\"twitter:card\" content=\"summary_large_image\" \/>\n<meta name=\"twitter:label1\" content=\"Dur\u00e9e de lecture estim\u00e9e\" \/>\n\t<meta name=\"twitter:data1\" content=\"1 minute\" \/>\n<script type=\"application\/ld+json\" class=\"yoast-schema-graph\">{\"@context\":\"https:\/\/schema.org\",\"@graph\":[{\"@type\":\"WebPage\",\"@id\":\"https:\/\/www.profaqua.ca\/fr\/produit\/energie-cinetique\/\",\"url\":\"https:\/\/www.profaqua.ca\/fr\/produit\/energie-cinetique\/\",\"name\":\"\u00c9nergie cin\u00e9tique (Colombie-Britannique) - Profaqua\",\"isPartOf\":{\"@id\":\"https:\/\/www.profaqua.ca\/fr\/#website\"},\"datePublished\":\"2024-08-24T17:00:49+00:00\",\"dateModified\":\"2024-09-03T17:29:18+00:00\",\"description\":\"De haut en bas ! Clic, clic, clic! Votre estomac se serre : le wagon vient d\u2019arriver au sommet des montagnes russes\u2026 le frein est rel\u00e2ch\u00e9 et AHHH!\u2026 Qui\",\"breadcrumb\":{\"@id\":\"https:\/\/www.profaqua.ca\/fr\/produit\/energie-cinetique\/#breadcrumb\"},\"inLanguage\":\"fr-FR\",\"potentialAction\":[{\"@type\":\"ReadAction\",\"target\":[\"https:\/\/www.profaqua.ca\/fr\/produit\/energie-cinetique\/\"]}]},{\"@type\":\"BreadcrumbList\",\"@id\":\"https:\/\/www.profaqua.ca\/fr\/produit\/energie-cinetique\/#breadcrumb\",\"itemListElement\":[{\"@type\":\"ListItem\",\"position\":1,\"name\":\"Home\",\"item\":\"https:\/\/www.profaqua.ca\/fr\/\"},{\"@type\":\"ListItem\",\"position\":2,\"name\":\"Produits\",\"item\":\"https:\/\/www.profaqua.ca\/fr\/shop\/\"},{\"@type\":\"ListItem\",\"position\":3,\"name\":\"\u00c9nergie cin\u00e9tique (Colombie-Britannique)\"}]},{\"@type\":\"WebSite\",\"@id\":\"https:\/\/www.profaqua.ca\/fr\/#website\",\"url\":\"https:\/\/www.profaqua.ca\/fr\/\",\"name\":\"Profaqua\",\"description\":\"\",\"potentialAction\":[{\"@type\":\"SearchAction\",\"target\":{\"@type\":\"EntryPoint\",\"urlTemplate\":\"https:\/\/www.profaqua.ca\/fr\/?s={search_term_string}\"},\"query-input\":\"required name=search_term_string\"}],\"inLanguage\":\"fr-FR\"}]}<\/script>\n<!-- \/ Yoast SEO plugin. -->","yoast_head_json":{"title":"\u00c9nergie cin\u00e9tique (Colombie-Britannique) - Profaqua","description":"De haut en bas ! Clic, clic, clic! Votre estomac se serre : le wagon vient d\u2019arriver au sommet des montagnes russes\u2026 le frein est rel\u00e2ch\u00e9 et AHHH!\u2026 Qui","robots":{"index":"index","follow":"follow","max-snippet":"max-snippet:-1","max-image-preview":"max-image-preview:large","max-video-preview":"max-video-preview:-1"},"canonical":"https:\/\/www.profaqua.ca\/fr\/produit\/energie-cinetique\/","og_locale":"fr_FR","og_type":"article","og_title":"\u00c9nergie cin\u00e9tique (Colombie-Britannique) - Profaqua","og_description":"De haut en bas ! Clic, clic, clic! Votre estomac se serre : le wagon vient d\u2019arriver au sommet des montagnes russes\u2026 le frein est rel\u00e2ch\u00e9 et AHHH!\u2026 Qui","og_url":"https:\/\/www.profaqua.ca\/fr\/produit\/energie-cinetique\/","og_site_name":"Profaqua","article_publisher":"https:\/\/www.facebook.com\/profaqua\/","article_modified_time":"2024-09-03T17:29:18+00:00","og_image":[{"width":1800,"height":1800,"url":"https:\/\/www.profaqua.ca\/wp-content\/uploads\/2017\/07\/2.13_\u00c9nergie_cin\u00e9tique-002.png","type":"image\/png"}],"twitter_card":"summary_large_image","twitter_misc":{"Dur\u00e9e de lecture estim\u00e9e":"1 minute"},"schema":{"@context":"https:\/\/schema.org","@graph":[{"@type":"WebPage","@id":"https:\/\/www.profaqua.ca\/fr\/produit\/energie-cinetique\/","url":"https:\/\/www.profaqua.ca\/fr\/produit\/energie-cinetique\/","name":"\u00c9nergie cin\u00e9tique (Colombie-Britannique) - Profaqua","isPartOf":{"@id":"https:\/\/www.profaqua.ca\/fr\/#website"},"datePublished":"2024-08-24T17:00:49+00:00","dateModified":"2024-09-03T17:29:18+00:00","description":"De haut en bas ! Clic, clic, clic! Votre estomac se serre : le wagon vient d\u2019arriver au sommet des montagnes russes\u2026 le frein est rel\u00e2ch\u00e9 et AHHH!\u2026 Qui","breadcrumb":{"@id":"https:\/\/www.profaqua.ca\/fr\/produit\/energie-cinetique\/#breadcrumb"},"inLanguage":"fr-FR","potentialAction":[{"@type":"ReadAction","target":["https:\/\/www.profaqua.ca\/fr\/produit\/energie-cinetique\/"]}]},{"@type":"BreadcrumbList","@id":"https:\/\/www.profaqua.ca\/fr\/produit\/energie-cinetique\/#breadcrumb","itemListElement":[{"@type":"ListItem","position":1,"name":"Home","item":"https:\/\/www.profaqua.ca\/fr\/"},{"@type":"ListItem","position":2,"name":"Produits","item":"https:\/\/www.profaqua.ca\/fr\/shop\/"},{"@type":"ListItem","position":3,"name":"\u00c9nergie cin\u00e9tique (Colombie-Britannique)"}]},{"@type":"WebSite","@id":"https:\/\/www.profaqua.ca\/fr\/#website","url":"https:\/\/www.profaqua.ca\/fr\/","name":"Profaqua","description":"","potentialAction":[{"@type":"SearchAction","target":{"@type":"EntryPoint","urlTemplate":"https:\/\/www.profaqua.ca\/fr\/?s={search_term_string}"},"query-input":"required name=search_term_string"}],"inLanguage":"fr-FR"}]}},"_links":{"self":[{"href":"https:\/\/www.profaqua.ca\/fr\/wp-json\/wp\/v2\/product\/1300"}],"collection":[{"href":"https:\/\/www.profaqua.ca\/fr\/wp-json\/wp\/v2\/product"}],"about":[{"href":"https:\/\/www.profaqua.ca\/fr\/wp-json\/wp\/v2\/types\/product"}],"wp:featuredmedia":[{"embeddable":true,"href":"https:\/\/www.profaqua.ca\/fr\/wp-json\/wp\/v2\/media\/1301"}],"wp:attachment":[{"href":"https:\/\/www.profaqua.ca\/fr\/wp-json\/wp\/v2\/media?parent=1300"}],"wp:term":[{"taxonomy":"product_cat","embeddable":true,"href":"https:\/\/www.profaqua.ca\/fr\/wp-json\/wp\/v2\/product_cat?post=1300"},{"taxonomy":"product_tag","embeddable":true,"href":"https:\/\/www.profaqua.ca\/fr\/wp-json\/wp\/v2\/product_tag?post=1300"}],"curies":[{"name":"wp","href":"https:\/\/api.w.org\/{rel}","templated":true}]}}