{"id":1297,"date":"2017-07-27T19:30:13","date_gmt":"2017-07-28T00:30:13","guid":{"rendered":"https:\/\/www.profaqua.ca\/?post_type=product&#038;p=1297\/"},"modified":"2024-09-04T16:47:37","modified_gmt":"2024-09-04T21:47:37","slug":"electronique","status":"publish","type":"product","link":"https:\/\/www.profaqua.ca\/fr\/produit\/electronique\/","title":{"rendered":"\u00c9lectronique (Colombie-Britannique)"},"content":{"rendered":"<p><strong>Une mallette pleine de surprise !<\/strong><\/p>\n<p>Cr\u00e9ez des circuits pour faire de la musique, des sons laser ou de voiture de pompier. Fabriquez une radio ou une horloge num\u00e9rique. Prenez le contr\u00f4le des ondes AM d\u2019une vraie radio pour y diffuser vos sons\u2026 Du circuit simple au circuit complexe, du circuit en s\u00e9rie au circuit en parall\u00e8le, les jeunes utiliseront l\u2019extraordinaire mallette de composantes \u00e9lectroniques SNAP-ON\u00ae pendant plusieurs minutes de plaisir.<\/p>\n<p>Une infinit\u00e9 de circuits \u00e0 cr\u00e9er avec cet outil qu\u2019ils voudront recevoir en cadeau!<\/p>\n<h2><strong><u>Objectifs du primaire:<\/u><\/strong><\/h2>\n<ul>\n<li>Comprendre la fonction de diff\u00e9rentes composantes \u00e9lectroniques Snap On\u00ae (condensateur, r\u00e9sistance, transformateur, diode).<\/li>\n<li>Compl\u00e9ter des circuits \u00e9lectroniques (simples et complexes) en s\u00e9rie et en parall\u00e8le.<\/li>\n<li>Interpr\u00e9ter les livrets de montages.<\/li>\n<li>R\u00e9fl\u00e9chir sur ses erreurs afin d\u2019en identifier la source.<\/li>\n<\/ul>\n<h2><strong><u>Objectifs du secondaire:<\/u><\/strong><\/h2>\n<ul>\n<li>Dans le cas de circuits \u00e9lectroniques, identifier et rassembler les composants \u00e9lectroniques.<\/li>\n<li>Choisir et agencer les composants \u00e9lectroniques en fonction du sch\u00e9ma du circuit.<\/li>\n<li>D\u00e9crire la fonction de quelques composants \u00e9lectroniques (condensateur, r\u00e9sistance, transformateur, diode).<\/li>\n<li>D\u00e9crire les transformations d\u2019\u00e9nergie qui surviennent lors du fonctionnement d\u2019appareils \u00e9lectroniques.<\/li>\n<\/ul>\n","protected":false},"excerpt":{"rendered":"<p>Une mallette pleine de surprise ! Cr\u00e9ez des circuits pour faire de la musique, des sons laser ou de voiture de pompier. Fabriquez une radio ou une horloge num\u00e9rique. Prenez le contr\u00f4le des ondes AM d\u2019une vraie radio pour y diffuser vos sons\u2026 Du circuit simple au circuit complexe, du circuit en s\u00e9rie au circuit en parall\u00e8le, les jeunes utiliseront<\/p>\n<div class=\"h10\"><\/div>\n<p><a class=\"more-link1\" href=\"https:\/\/www.profaqua.ca\/fr\/produit\/electronique\/\">Voir plus<\/a><\/p>\n","protected":false},"featured_media":1298,"template":"","meta":[],"product_cat":[62],"product_tag":[],"acf":[],"yoast_head":"<!-- This site is optimized with the Yoast SEO plugin v20.13 - https:\/\/yoast.com\/wordpress\/plugins\/seo\/ -->\n<title>\u00c9lectronique (Colombie-Britannique) - Profaqua<\/title>\n<meta name=\"description\" content=\"Une mallette pleine de surprise ! Cr\u00e9ez des circuits pour faire de la musique, des sons laser ou de voiture de pompier. Fabriquez une radio ou une horloge\" \/>\n<meta name=\"robots\" content=\"index, follow, max-snippet:-1, max-image-preview:large, max-video-preview:-1\" \/>\n<link rel=\"canonical\" href=\"https:\/\/www.profaqua.ca\/fr\/produit\/electronique\/\" \/>\n<meta property=\"og:locale\" content=\"fr_FR\" \/>\n<meta property=\"og:type\" content=\"article\" \/>\n<meta property=\"og:title\" content=\"\u00c9lectronique (Colombie-Britannique) - Profaqua\" \/>\n<meta property=\"og:description\" content=\"Une mallette pleine de surprise ! Cr\u00e9ez des circuits pour faire de la musique, des sons laser ou de voiture de pompier. Fabriquez une radio ou une horloge\" \/>\n<meta property=\"og:url\" content=\"https:\/\/www.profaqua.ca\/fr\/produit\/electronique\/\" \/>\n<meta property=\"og:site_name\" content=\"Profaqua\" \/>\n<meta property=\"article:publisher\" content=\"https:\/\/www.facebook.com\/profaqua\/\" \/>\n<meta property=\"article:modified_time\" content=\"2024-09-04T21:47:37+00:00\" \/>\n<meta property=\"og:image\" content=\"https:\/\/www.profaqua.ca\/wp-content\/uploads\/2017\/07\/2.11_\u00c9lectronique-002.png\" \/>\n\t<meta property=\"og:image:width\" content=\"1800\" \/>\n\t<meta property=\"og:image:height\" content=\"1800\" \/>\n\t<meta property=\"og:image:type\" content=\"image\/png\" \/>\n<meta name=\"twitter:card\" content=\"summary_large_image\" \/>\n<meta name=\"twitter:label1\" content=\"Dur\u00e9e de lecture estim\u00e9e\" \/>\n\t<meta name=\"twitter:data1\" content=\"2 minutes\" \/>\n<script type=\"application\/ld+json\" class=\"yoast-schema-graph\">{\"@context\":\"https:\/\/schema.org\",\"@graph\":[{\"@type\":\"WebPage\",\"@id\":\"https:\/\/www.profaqua.ca\/fr\/produit\/electronique\/\",\"url\":\"https:\/\/www.profaqua.ca\/fr\/produit\/electronique\/\",\"name\":\"\u00c9lectronique (Colombie-Britannique) - Profaqua\",\"isPartOf\":{\"@id\":\"https:\/\/www.profaqua.ca\/fr\/#website\"},\"datePublished\":\"2017-07-28T00:30:13+00:00\",\"dateModified\":\"2024-09-04T21:47:37+00:00\",\"description\":\"Une mallette pleine de surprise ! Cr\u00e9ez des circuits pour faire de la musique, des sons laser ou de voiture de pompier. Fabriquez une radio ou une horloge\",\"breadcrumb\":{\"@id\":\"https:\/\/www.profaqua.ca\/fr\/produit\/electronique\/#breadcrumb\"},\"inLanguage\":\"fr-FR\",\"potentialAction\":[{\"@type\":\"ReadAction\",\"target\":[\"https:\/\/www.profaqua.ca\/fr\/produit\/electronique\/\"]}]},{\"@type\":\"BreadcrumbList\",\"@id\":\"https:\/\/www.profaqua.ca\/fr\/produit\/electronique\/#breadcrumb\",\"itemListElement\":[{\"@type\":\"ListItem\",\"position\":1,\"name\":\"Home\",\"item\":\"https:\/\/www.profaqua.ca\/fr\/\"},{\"@type\":\"ListItem\",\"position\":2,\"name\":\"Produits\",\"item\":\"https:\/\/www.profaqua.ca\/fr\/shop\/\"},{\"@type\":\"ListItem\",\"position\":3,\"name\":\"\u00c9lectronique (Colombie-Britannique)\"}]},{\"@type\":\"WebSite\",\"@id\":\"https:\/\/www.profaqua.ca\/fr\/#website\",\"url\":\"https:\/\/www.profaqua.ca\/fr\/\",\"name\":\"Profaqua\",\"description\":\"\",\"potentialAction\":[{\"@type\":\"SearchAction\",\"target\":{\"@type\":\"EntryPoint\",\"urlTemplate\":\"https:\/\/www.profaqua.ca\/fr\/?s={search_term_string}\"},\"query-input\":\"required name=search_term_string\"}],\"inLanguage\":\"fr-FR\"}]}<\/script>\n<!-- \/ Yoast SEO plugin. -->","yoast_head_json":{"title":"\u00c9lectronique (Colombie-Britannique) - Profaqua","description":"Une mallette pleine de surprise ! Cr\u00e9ez des circuits pour faire de la musique, des sons laser ou de voiture de pompier. Fabriquez une radio ou une horloge","robots":{"index":"index","follow":"follow","max-snippet":"max-snippet:-1","max-image-preview":"max-image-preview:large","max-video-preview":"max-video-preview:-1"},"canonical":"https:\/\/www.profaqua.ca\/fr\/produit\/electronique\/","og_locale":"fr_FR","og_type":"article","og_title":"\u00c9lectronique (Colombie-Britannique) - Profaqua","og_description":"Une mallette pleine de surprise ! Cr\u00e9ez des circuits pour faire de la musique, des sons laser ou de voiture de pompier. Fabriquez une radio ou une horloge","og_url":"https:\/\/www.profaqua.ca\/fr\/produit\/electronique\/","og_site_name":"Profaqua","article_publisher":"https:\/\/www.facebook.com\/profaqua\/","article_modified_time":"2024-09-04T21:47:37+00:00","og_image":[{"width":1800,"height":1800,"url":"https:\/\/www.profaqua.ca\/wp-content\/uploads\/2017\/07\/2.11_\u00c9lectronique-002.png","type":"image\/png"}],"twitter_card":"summary_large_image","twitter_misc":{"Dur\u00e9e de lecture estim\u00e9e":"2 minutes"},"schema":{"@context":"https:\/\/schema.org","@graph":[{"@type":"WebPage","@id":"https:\/\/www.profaqua.ca\/fr\/produit\/electronique\/","url":"https:\/\/www.profaqua.ca\/fr\/produit\/electronique\/","name":"\u00c9lectronique (Colombie-Britannique) - Profaqua","isPartOf":{"@id":"https:\/\/www.profaqua.ca\/fr\/#website"},"datePublished":"2017-07-28T00:30:13+00:00","dateModified":"2024-09-04T21:47:37+00:00","description":"Une mallette pleine de surprise ! Cr\u00e9ez des circuits pour faire de la musique, des sons laser ou de voiture de pompier. Fabriquez une radio ou une horloge","breadcrumb":{"@id":"https:\/\/www.profaqua.ca\/fr\/produit\/electronique\/#breadcrumb"},"inLanguage":"fr-FR","potentialAction":[{"@type":"ReadAction","target":["https:\/\/www.profaqua.ca\/fr\/produit\/electronique\/"]}]},{"@type":"BreadcrumbList","@id":"https:\/\/www.profaqua.ca\/fr\/produit\/electronique\/#breadcrumb","itemListElement":[{"@type":"ListItem","position":1,"name":"Home","item":"https:\/\/www.profaqua.ca\/fr\/"},{"@type":"ListItem","position":2,"name":"Produits","item":"https:\/\/www.profaqua.ca\/fr\/shop\/"},{"@type":"ListItem","position":3,"name":"\u00c9lectronique (Colombie-Britannique)"}]},{"@type":"WebSite","@id":"https:\/\/www.profaqua.ca\/fr\/#website","url":"https:\/\/www.profaqua.ca\/fr\/","name":"Profaqua","description":"","potentialAction":[{"@type":"SearchAction","target":{"@type":"EntryPoint","urlTemplate":"https:\/\/www.profaqua.ca\/fr\/?s={search_term_string}"},"query-input":"required name=search_term_string"}],"inLanguage":"fr-FR"}]}},"_links":{"self":[{"href":"https:\/\/www.profaqua.ca\/fr\/wp-json\/wp\/v2\/product\/1297"}],"collection":[{"href":"https:\/\/www.profaqua.ca\/fr\/wp-json\/wp\/v2\/product"}],"about":[{"href":"https:\/\/www.profaqua.ca\/fr\/wp-json\/wp\/v2\/types\/product"}],"wp:featuredmedia":[{"embeddable":true,"href":"https:\/\/www.profaqua.ca\/fr\/wp-json\/wp\/v2\/media\/1298"}],"wp:attachment":[{"href":"https:\/\/www.profaqua.ca\/fr\/wp-json\/wp\/v2\/media?parent=1297"}],"wp:term":[{"taxonomy":"product_cat","embeddable":true,"href":"https:\/\/www.profaqua.ca\/fr\/wp-json\/wp\/v2\/product_cat?post=1297"},{"taxonomy":"product_tag","embeddable":true,"href":"https:\/\/www.profaqua.ca\/fr\/wp-json\/wp\/v2\/product_tag?post=1297"}],"curies":[{"name":"wp","href":"https:\/\/api.w.org\/{rel}","templated":true}]}}