{"id":1293,"date":"2017-07-27T19:28:00","date_gmt":"2017-07-28T00:28:00","guid":{"rendered":"https:\/\/www.profaqua.ca\/?post_type=product&#038;p=1293\/"},"modified":"2024-09-04T16:48:31","modified_gmt":"2024-09-04T21:48:31","slug":"electromagnetisme-2","status":"publish","type":"product","link":"https:\/\/www.profaqua.ca\/fr\/produit\/electromagnetisme-2\/","title":{"rendered":"\u00c9lectromagn\u00e9tisme (Colombie-Britannique)"},"content":{"rendered":"<p><strong>Une induction de plaisir !<\/strong><\/p>\n<p>Sonnette, verrou de porte, tri de d\u00e9chets m\u00e9talliques, haut-parleur et train en l\u00e9vitations\u2026 Tous des exemples d\u2019\u00e9lectroaimants! Mais comment \u00e7a marche?<\/p>\n<p>D\u00e9couvrez la relation mouvement\u00e9e entre aimant et \u00e9lectricit\u00e9.<\/p>\n<p>Dans cet atelier, les jeunes accompliront des prouesses techniques en effectuant 4 exp\u00e9riences pour observer le magn\u00e9tisme permanent des \u00e9lectroaimants.<\/p>\n<p>Ils comprendront le ph\u00e9nom\u00e8ne d\u2019induction et feront fonctionner un moteur \u00e9lectrique dans une pluie d\u2019\u00e9tincelles!<\/p>\n<p><strong>Petit d\u00e9fi \u00e0 la fin de l&rsquo;atelier:<\/strong><\/p>\n<p>Veuillez accueillir chaleureusement Bob, notre bonhomme Lego\u00ae qui entrera en l\u00e9vitation pour vous et d\u00e9couvrez comment transformer un g\u00e9n\u00e9rateur en moteur \u00e9lectrique!<\/p>\n<h2><strong><u>Objectifs du primaire:<\/u><\/strong><\/h2>\n<ul>\n<li>Comprendre le principe d\u2019\u00e9lectricit\u00e9.<\/li>\n<li>Distinguer un aimant d\u2019un \u00e9lectroaimant (induction).<\/li>\n<li>Identifier des situations dans lesquelles des aimants sont utilis\u00e9s.<\/li>\n<li>D\u00e9crire les transformations d\u2019\u00e9nergie d\u2019une forme \u00e0 l\u2019autre (ex. : \u00e9nergie hydraulique \u00e0 \u00e9lectricit\u00e9).<\/li>\n<li>Identifier des objets qui utilisent le principe de l\u2019\u00e9lectromagn\u00e9tisme.<\/li>\n<li>Reconna\u00eetre les effets du magn\u00e9tisme dans les aimants (attraction ou r\u00e9pulsion).<\/li>\n<li>Utiliser diff\u00e9rentes composantes d\u2019un circuit \u00e9lectrique simple (fil, source, ampoule, interrupteur).<\/li>\n<\/ul>\n<h2><strong><u>Objectifs du secondaire:<\/u><\/strong><\/h2>\n<ul>\n<li>Comprendre le fonctionnement d\u2019un \u00e9lectroaimant.<\/li>\n<li>D\u00e9crire le champ magn\u00e9tique d\u2019un fil parcouru d\u2019\u00e9lectricit\u00e9.<\/li>\n<li>D\u00e9crire le champ magn\u00e9tique produit par un sol\u00e9no\u00efde.<\/li>\n<li>Comparer le comportement d\u2019une boussole dans le champ magn\u00e9tique d\u2019un aimant et dans celui cr\u00e9\u00e9 par un fil parcouru par un courant \u00e9lectrique.<\/li>\n<li>Nommer des moyens qui permettent de modifier l\u2019intensit\u00e9 du champ magn\u00e9tique produit par un sol\u00e9no\u00efde (nature du noyau, intensit\u00e9 du courant, nombre de spires).<\/li>\n<li>Expliquer l\u2019utilisation des sol\u00e9no\u00efdes dans des applications technologiques (ex. : \u00e9couteur, moteur \u00e9lectrique, grue magn\u00e9tique).<\/li>\n<\/ul>\n","protected":false},"excerpt":{"rendered":"<p>Une induction de plaisir ! Sonnette, verrou de porte, tri de d\u00e9chets m\u00e9talliques, haut-parleur et train en l\u00e9vitations\u2026 Tous des exemples d\u2019\u00e9lectroaimants! Mais comment \u00e7a marche? D\u00e9couvrez la relation mouvement\u00e9e entre aimant et \u00e9lectricit\u00e9. Dans cet atelier, les jeunes accompliront des prouesses techniques en effectuant 4 exp\u00e9riences pour observer le magn\u00e9tisme permanent des \u00e9lectroaimants. Ils comprendront le ph\u00e9nom\u00e8ne d\u2019induction et<\/p>\n<div class=\"h10\"><\/div>\n<p><a class=\"more-link1\" href=\"https:\/\/www.profaqua.ca\/fr\/produit\/electromagnetisme-2\/\">Voir plus<\/a><\/p>\n","protected":false},"featured_media":1295,"template":"","meta":[],"product_cat":[62],"product_tag":[],"acf":[],"yoast_head":"<!-- This site is optimized with the Yoast SEO plugin v20.13 - https:\/\/yoast.com\/wordpress\/plugins\/seo\/ -->\n<title>\u00c9lectromagn\u00e9tisme (Colombie-Britannique) - Profaqua<\/title>\n<meta name=\"description\" content=\"Une induction de plaisir ! Sonnette, verrou de porte, tri de d\u00e9chets m\u00e9talliques, haut-parleur et train en l\u00e9vitations\u2026 Tous des exemples\" \/>\n<meta name=\"robots\" content=\"index, follow, max-snippet:-1, max-image-preview:large, max-video-preview:-1\" \/>\n<link rel=\"canonical\" href=\"https:\/\/www.profaqua.ca\/fr\/produit\/electromagnetisme-2\/\" \/>\n<meta property=\"og:locale\" content=\"fr_FR\" \/>\n<meta property=\"og:type\" content=\"article\" \/>\n<meta property=\"og:title\" content=\"\u00c9lectromagn\u00e9tisme (Colombie-Britannique) - Profaqua\" \/>\n<meta property=\"og:description\" content=\"Une induction de plaisir ! Sonnette, verrou de porte, tri de d\u00e9chets m\u00e9talliques, haut-parleur et train en l\u00e9vitations\u2026 Tous des exemples\" \/>\n<meta property=\"og:url\" content=\"https:\/\/www.profaqua.ca\/fr\/produit\/electromagnetisme-2\/\" \/>\n<meta property=\"og:site_name\" content=\"Profaqua\" \/>\n<meta property=\"article:publisher\" content=\"https:\/\/www.facebook.com\/profaqua\/\" \/>\n<meta property=\"article:modified_time\" content=\"2024-09-04T21:48:31+00:00\" \/>\n<meta property=\"og:image\" content=\"https:\/\/www.profaqua.ca\/wp-content\/uploads\/2017\/07\/2.10_\u00c9lectromagn\u00e9tisme-002.png\" \/>\n\t<meta property=\"og:image:width\" content=\"1800\" \/>\n\t<meta property=\"og:image:height\" content=\"1800\" \/>\n\t<meta property=\"og:image:type\" content=\"image\/png\" \/>\n<meta name=\"twitter:card\" content=\"summary_large_image\" \/>\n<meta name=\"twitter:label1\" content=\"Dur\u00e9e de lecture estim\u00e9e\" \/>\n\t<meta name=\"twitter:data1\" content=\"2 minutes\" \/>\n<script type=\"application\/ld+json\" class=\"yoast-schema-graph\">{\"@context\":\"https:\/\/schema.org\",\"@graph\":[{\"@type\":\"WebPage\",\"@id\":\"https:\/\/www.profaqua.ca\/fr\/produit\/electromagnetisme-2\/\",\"url\":\"https:\/\/www.profaqua.ca\/fr\/produit\/electromagnetisme-2\/\",\"name\":\"\u00c9lectromagn\u00e9tisme (Colombie-Britannique) - Profaqua\",\"isPartOf\":{\"@id\":\"https:\/\/www.profaqua.ca\/fr\/#website\"},\"datePublished\":\"2017-07-28T00:28:00+00:00\",\"dateModified\":\"2024-09-04T21:48:31+00:00\",\"description\":\"Une induction de plaisir ! Sonnette, verrou de porte, tri de d\u00e9chets m\u00e9talliques, haut-parleur et train en l\u00e9vitations\u2026 Tous des exemples\",\"breadcrumb\":{\"@id\":\"https:\/\/www.profaqua.ca\/fr\/produit\/electromagnetisme-2\/#breadcrumb\"},\"inLanguage\":\"fr-FR\",\"potentialAction\":[{\"@type\":\"ReadAction\",\"target\":[\"https:\/\/www.profaqua.ca\/fr\/produit\/electromagnetisme-2\/\"]}]},{\"@type\":\"BreadcrumbList\",\"@id\":\"https:\/\/www.profaqua.ca\/fr\/produit\/electromagnetisme-2\/#breadcrumb\",\"itemListElement\":[{\"@type\":\"ListItem\",\"position\":1,\"name\":\"Home\",\"item\":\"https:\/\/www.profaqua.ca\/fr\/\"},{\"@type\":\"ListItem\",\"position\":2,\"name\":\"Produits\",\"item\":\"https:\/\/www.profaqua.ca\/fr\/shop\/\"},{\"@type\":\"ListItem\",\"position\":3,\"name\":\"\u00c9lectromagn\u00e9tisme (Colombie-Britannique)\"}]},{\"@type\":\"WebSite\",\"@id\":\"https:\/\/www.profaqua.ca\/fr\/#website\",\"url\":\"https:\/\/www.profaqua.ca\/fr\/\",\"name\":\"Profaqua\",\"description\":\"\",\"potentialAction\":[{\"@type\":\"SearchAction\",\"target\":{\"@type\":\"EntryPoint\",\"urlTemplate\":\"https:\/\/www.profaqua.ca\/fr\/?s={search_term_string}\"},\"query-input\":\"required name=search_term_string\"}],\"inLanguage\":\"fr-FR\"}]}<\/script>\n<!-- \/ Yoast SEO plugin. -->","yoast_head_json":{"title":"\u00c9lectromagn\u00e9tisme (Colombie-Britannique) - Profaqua","description":"Une induction de plaisir ! Sonnette, verrou de porte, tri de d\u00e9chets m\u00e9talliques, haut-parleur et train en l\u00e9vitations\u2026 Tous des exemples","robots":{"index":"index","follow":"follow","max-snippet":"max-snippet:-1","max-image-preview":"max-image-preview:large","max-video-preview":"max-video-preview:-1"},"canonical":"https:\/\/www.profaqua.ca\/fr\/produit\/electromagnetisme-2\/","og_locale":"fr_FR","og_type":"article","og_title":"\u00c9lectromagn\u00e9tisme (Colombie-Britannique) - Profaqua","og_description":"Une induction de plaisir ! Sonnette, verrou de porte, tri de d\u00e9chets m\u00e9talliques, haut-parleur et train en l\u00e9vitations\u2026 Tous des exemples","og_url":"https:\/\/www.profaqua.ca\/fr\/produit\/electromagnetisme-2\/","og_site_name":"Profaqua","article_publisher":"https:\/\/www.facebook.com\/profaqua\/","article_modified_time":"2024-09-04T21:48:31+00:00","og_image":[{"width":1800,"height":1800,"url":"https:\/\/www.profaqua.ca\/wp-content\/uploads\/2017\/07\/2.10_\u00c9lectromagn\u00e9tisme-002.png","type":"image\/png"}],"twitter_card":"summary_large_image","twitter_misc":{"Dur\u00e9e de lecture estim\u00e9e":"2 minutes"},"schema":{"@context":"https:\/\/schema.org","@graph":[{"@type":"WebPage","@id":"https:\/\/www.profaqua.ca\/fr\/produit\/electromagnetisme-2\/","url":"https:\/\/www.profaqua.ca\/fr\/produit\/electromagnetisme-2\/","name":"\u00c9lectromagn\u00e9tisme (Colombie-Britannique) - Profaqua","isPartOf":{"@id":"https:\/\/www.profaqua.ca\/fr\/#website"},"datePublished":"2017-07-28T00:28:00+00:00","dateModified":"2024-09-04T21:48:31+00:00","description":"Une induction de plaisir ! Sonnette, verrou de porte, tri de d\u00e9chets m\u00e9talliques, haut-parleur et train en l\u00e9vitations\u2026 Tous des exemples","breadcrumb":{"@id":"https:\/\/www.profaqua.ca\/fr\/produit\/electromagnetisme-2\/#breadcrumb"},"inLanguage":"fr-FR","potentialAction":[{"@type":"ReadAction","target":["https:\/\/www.profaqua.ca\/fr\/produit\/electromagnetisme-2\/"]}]},{"@type":"BreadcrumbList","@id":"https:\/\/www.profaqua.ca\/fr\/produit\/electromagnetisme-2\/#breadcrumb","itemListElement":[{"@type":"ListItem","position":1,"name":"Home","item":"https:\/\/www.profaqua.ca\/fr\/"},{"@type":"ListItem","position":2,"name":"Produits","item":"https:\/\/www.profaqua.ca\/fr\/shop\/"},{"@type":"ListItem","position":3,"name":"\u00c9lectromagn\u00e9tisme (Colombie-Britannique)"}]},{"@type":"WebSite","@id":"https:\/\/www.profaqua.ca\/fr\/#website","url":"https:\/\/www.profaqua.ca\/fr\/","name":"Profaqua","description":"","potentialAction":[{"@type":"SearchAction","target":{"@type":"EntryPoint","urlTemplate":"https:\/\/www.profaqua.ca\/fr\/?s={search_term_string}"},"query-input":"required name=search_term_string"}],"inLanguage":"fr-FR"}]}},"_links":{"self":[{"href":"https:\/\/www.profaqua.ca\/fr\/wp-json\/wp\/v2\/product\/1293"}],"collection":[{"href":"https:\/\/www.profaqua.ca\/fr\/wp-json\/wp\/v2\/product"}],"about":[{"href":"https:\/\/www.profaqua.ca\/fr\/wp-json\/wp\/v2\/types\/product"}],"wp:featuredmedia":[{"embeddable":true,"href":"https:\/\/www.profaqua.ca\/fr\/wp-json\/wp\/v2\/media\/1295"}],"wp:attachment":[{"href":"https:\/\/www.profaqua.ca\/fr\/wp-json\/wp\/v2\/media?parent=1293"}],"wp:term":[{"taxonomy":"product_cat","embeddable":true,"href":"https:\/\/www.profaqua.ca\/fr\/wp-json\/wp\/v2\/product_cat?post=1293"},{"taxonomy":"product_tag","embeddable":true,"href":"https:\/\/www.profaqua.ca\/fr\/wp-json\/wp\/v2\/product_tag?post=1293"}],"curies":[{"name":"wp","href":"https:\/\/api.w.org\/{rel}","templated":true}]}}