{"id":1217,"date":"2020-08-28T14:31:53","date_gmt":"2020-08-28T19:31:53","guid":{"rendered":"https:\/\/www.profaqua.ca\/?post_type=product&#038;p=1217\/"},"modified":"2024-09-03T15:49:33","modified_gmt":"2024-09-03T20:49:33","slug":"vent","status":"publish","type":"product","link":"https:\/\/www.profaqua.ca\/fr\/produit\/vent\/","title":{"rendered":"Vent (Colombie-Brittanique)"},"content":{"rendered":"<p><strong>Attention aux courants d\u2019air !<\/strong><\/p>\n<p>Qu\u2019est-ce qui cause le vent?<\/p>\n<p>Nous r\u00e9pondrons \u00e0 cette question sur la densit\u00e9 de l\u2019air apr\u00e8s avoir d\u00e9crit les gaz pr\u00e9sents dans notre atmosph\u00e8re gr\u00e2ce \u00e0 une petite pr\u00e9sentation m\u00e9t\u00e9orologique: \u00ab Attention! Courants d\u2019air chaud et froid en provenance de Vancouver et de Montr\u00e9al! \u00bb\u2026<\/p>\n<p>Vos m\u00e9t\u00e9orologues participeront ensuite \u00e0 un concours de canons \u00e0 vents des plus excitants o\u00f9 chaque classe devra accumuler des points comme dans une f\u00eate foraine : coop\u00e9ration et saine comp\u00e9tition seront au rendez-vous!<\/p>\n<p>Attachez vos tuques!<\/p>\n<h2><strong><u>Objectifs du primaire:<\/u><\/strong><\/h2>\n<ul>\n<li>D\u00e9crire comment les pr\u00e9sentateurs m\u00e9t\u00e9o font pour \u00ab\u00a0pr\u00e9dire\u00a0\u00bb la m\u00e9t\u00e9o.<\/li>\n<li>D\u00e9crire le processus de formation du vent (masse d\u2019air chaud ou froid en d\u00e9placement).<\/li>\n<li>Illustrer le principe de pression atmosph\u00e9rique.<\/li>\n<li>D\u00e9crire l\u2019impact de certains ph\u00e9nom\u00e8nes naturels li\u00e9s au vent sur l\u2019environnement.<\/li>\n<\/ul>\n","protected":false},"excerpt":{"rendered":"<p>Attention aux courants d\u2019air ! Qu\u2019est-ce qui cause le vent? Nous r\u00e9pondrons \u00e0 cette question sur la densit\u00e9 de l\u2019air apr\u00e8s avoir d\u00e9crit les gaz pr\u00e9sents dans notre atmosph\u00e8re gr\u00e2ce \u00e0 une petite pr\u00e9sentation m\u00e9t\u00e9orologique: \u00ab Attention! Courants d\u2019air chaud et froid en provenance de Vancouver et de Montr\u00e9al! \u00bb\u2026 Vos m\u00e9t\u00e9orologues participeront ensuite \u00e0 un concours de canons \u00e0<\/p>\n<div class=\"h10\"><\/div>\n<p><a class=\"more-link1\" href=\"https:\/\/www.profaqua.ca\/fr\/produit\/vent\/\">Voir plus<\/a><\/p>\n","protected":false},"featured_media":1237,"template":"","meta":[],"product_cat":[62],"product_tag":[],"acf":[],"yoast_head":"<!-- This site is optimized with the Yoast SEO plugin v20.13 - https:\/\/yoast.com\/wordpress\/plugins\/seo\/ -->\n<title>Vent (Colombie-Brittanique) - Profaqua<\/title>\n<meta name=\"description\" content=\"Attention aux courants d\u2019air ! Qu\u2019est-ce qui cause le vent? Nous r\u00e9pondrons \u00e0 cette question sur la densit\u00e9 de l\u2019air apr\u00e8s avoir d\u00e9crit les gaz pr\u00e9sents\" \/>\n<meta name=\"robots\" content=\"index, follow, max-snippet:-1, max-image-preview:large, max-video-preview:-1\" \/>\n<link rel=\"canonical\" href=\"https:\/\/www.profaqua.ca\/fr\/produit\/vent\/\" \/>\n<meta property=\"og:locale\" content=\"fr_FR\" \/>\n<meta property=\"og:type\" content=\"article\" \/>\n<meta property=\"og:title\" content=\"Vent (Colombie-Brittanique) - Profaqua\" \/>\n<meta property=\"og:description\" content=\"Attention aux courants d\u2019air ! Qu\u2019est-ce qui cause le vent? Nous r\u00e9pondrons \u00e0 cette question sur la densit\u00e9 de l\u2019air apr\u00e8s avoir d\u00e9crit les gaz pr\u00e9sents\" \/>\n<meta property=\"og:url\" content=\"https:\/\/www.profaqua.ca\/fr\/produit\/vent\/\" \/>\n<meta property=\"og:site_name\" content=\"Profaqua\" \/>\n<meta property=\"article:publisher\" content=\"https:\/\/www.facebook.com\/profaqua\/\" \/>\n<meta property=\"article:modified_time\" content=\"2024-09-03T20:49:33+00:00\" \/>\n<meta property=\"og:image\" content=\"https:\/\/www.profaqua.ca\/wp-content\/uploads\/2017\/07\/3.20_Vent.png\" \/>\n\t<meta property=\"og:image:width\" content=\"1800\" \/>\n\t<meta property=\"og:image:height\" content=\"1800\" \/>\n\t<meta property=\"og:image:type\" content=\"image\/png\" \/>\n<meta name=\"twitter:card\" content=\"summary_large_image\" \/>\n<meta name=\"twitter:label1\" content=\"Dur\u00e9e de lecture estim\u00e9e\" \/>\n\t<meta name=\"twitter:data1\" content=\"1 minute\" \/>\n<script type=\"application\/ld+json\" class=\"yoast-schema-graph\">{\"@context\":\"https:\/\/schema.org\",\"@graph\":[{\"@type\":\"WebPage\",\"@id\":\"https:\/\/www.profaqua.ca\/fr\/produit\/vent\/\",\"url\":\"https:\/\/www.profaqua.ca\/fr\/produit\/vent\/\",\"name\":\"Vent (Colombie-Brittanique) - Profaqua\",\"isPartOf\":{\"@id\":\"https:\/\/www.profaqua.ca\/fr\/#website\"},\"datePublished\":\"2020-08-28T19:31:53+00:00\",\"dateModified\":\"2024-09-03T20:49:33+00:00\",\"description\":\"Attention aux courants d\u2019air ! Qu\u2019est-ce qui cause le vent? Nous r\u00e9pondrons \u00e0 cette question sur la densit\u00e9 de l\u2019air apr\u00e8s avoir d\u00e9crit les gaz pr\u00e9sents\",\"breadcrumb\":{\"@id\":\"https:\/\/www.profaqua.ca\/fr\/produit\/vent\/#breadcrumb\"},\"inLanguage\":\"fr-FR\",\"potentialAction\":[{\"@type\":\"ReadAction\",\"target\":[\"https:\/\/www.profaqua.ca\/fr\/produit\/vent\/\"]}]},{\"@type\":\"BreadcrumbList\",\"@id\":\"https:\/\/www.profaqua.ca\/fr\/produit\/vent\/#breadcrumb\",\"itemListElement\":[{\"@type\":\"ListItem\",\"position\":1,\"name\":\"Home\",\"item\":\"https:\/\/www.profaqua.ca\/fr\/\"},{\"@type\":\"ListItem\",\"position\":2,\"name\":\"Produits\",\"item\":\"https:\/\/www.profaqua.ca\/fr\/shop\/\"},{\"@type\":\"ListItem\",\"position\":3,\"name\":\"Vent (Colombie-Brittanique)\"}]},{\"@type\":\"WebSite\",\"@id\":\"https:\/\/www.profaqua.ca\/fr\/#website\",\"url\":\"https:\/\/www.profaqua.ca\/fr\/\",\"name\":\"Profaqua\",\"description\":\"\",\"potentialAction\":[{\"@type\":\"SearchAction\",\"target\":{\"@type\":\"EntryPoint\",\"urlTemplate\":\"https:\/\/www.profaqua.ca\/fr\/?s={search_term_string}\"},\"query-input\":\"required name=search_term_string\"}],\"inLanguage\":\"fr-FR\"}]}<\/script>\n<!-- \/ Yoast SEO plugin. -->","yoast_head_json":{"title":"Vent (Colombie-Brittanique) - Profaqua","description":"Attention aux courants d\u2019air ! Qu\u2019est-ce qui cause le vent? Nous r\u00e9pondrons \u00e0 cette question sur la densit\u00e9 de l\u2019air apr\u00e8s avoir d\u00e9crit les gaz pr\u00e9sents","robots":{"index":"index","follow":"follow","max-snippet":"max-snippet:-1","max-image-preview":"max-image-preview:large","max-video-preview":"max-video-preview:-1"},"canonical":"https:\/\/www.profaqua.ca\/fr\/produit\/vent\/","og_locale":"fr_FR","og_type":"article","og_title":"Vent (Colombie-Brittanique) - Profaqua","og_description":"Attention aux courants d\u2019air ! Qu\u2019est-ce qui cause le vent? Nous r\u00e9pondrons \u00e0 cette question sur la densit\u00e9 de l\u2019air apr\u00e8s avoir d\u00e9crit les gaz pr\u00e9sents","og_url":"https:\/\/www.profaqua.ca\/fr\/produit\/vent\/","og_site_name":"Profaqua","article_publisher":"https:\/\/www.facebook.com\/profaqua\/","article_modified_time":"2024-09-03T20:49:33+00:00","og_image":[{"width":1800,"height":1800,"url":"https:\/\/www.profaqua.ca\/wp-content\/uploads\/2017\/07\/3.20_Vent.png","type":"image\/png"}],"twitter_card":"summary_large_image","twitter_misc":{"Dur\u00e9e de lecture estim\u00e9e":"1 minute"},"schema":{"@context":"https:\/\/schema.org","@graph":[{"@type":"WebPage","@id":"https:\/\/www.profaqua.ca\/fr\/produit\/vent\/","url":"https:\/\/www.profaqua.ca\/fr\/produit\/vent\/","name":"Vent (Colombie-Brittanique) - Profaqua","isPartOf":{"@id":"https:\/\/www.profaqua.ca\/fr\/#website"},"datePublished":"2020-08-28T19:31:53+00:00","dateModified":"2024-09-03T20:49:33+00:00","description":"Attention aux courants d\u2019air ! Qu\u2019est-ce qui cause le vent? Nous r\u00e9pondrons \u00e0 cette question sur la densit\u00e9 de l\u2019air apr\u00e8s avoir d\u00e9crit les gaz pr\u00e9sents","breadcrumb":{"@id":"https:\/\/www.profaqua.ca\/fr\/produit\/vent\/#breadcrumb"},"inLanguage":"fr-FR","potentialAction":[{"@type":"ReadAction","target":["https:\/\/www.profaqua.ca\/fr\/produit\/vent\/"]}]},{"@type":"BreadcrumbList","@id":"https:\/\/www.profaqua.ca\/fr\/produit\/vent\/#breadcrumb","itemListElement":[{"@type":"ListItem","position":1,"name":"Home","item":"https:\/\/www.profaqua.ca\/fr\/"},{"@type":"ListItem","position":2,"name":"Produits","item":"https:\/\/www.profaqua.ca\/fr\/shop\/"},{"@type":"ListItem","position":3,"name":"Vent (Colombie-Brittanique)"}]},{"@type":"WebSite","@id":"https:\/\/www.profaqua.ca\/fr\/#website","url":"https:\/\/www.profaqua.ca\/fr\/","name":"Profaqua","description":"","potentialAction":[{"@type":"SearchAction","target":{"@type":"EntryPoint","urlTemplate":"https:\/\/www.profaqua.ca\/fr\/?s={search_term_string}"},"query-input":"required name=search_term_string"}],"inLanguage":"fr-FR"}]}},"_links":{"self":[{"href":"https:\/\/www.profaqua.ca\/fr\/wp-json\/wp\/v2\/product\/1217"}],"collection":[{"href":"https:\/\/www.profaqua.ca\/fr\/wp-json\/wp\/v2\/product"}],"about":[{"href":"https:\/\/www.profaqua.ca\/fr\/wp-json\/wp\/v2\/types\/product"}],"wp:featuredmedia":[{"embeddable":true,"href":"https:\/\/www.profaqua.ca\/fr\/wp-json\/wp\/v2\/media\/1237"}],"wp:attachment":[{"href":"https:\/\/www.profaqua.ca\/fr\/wp-json\/wp\/v2\/media?parent=1217"}],"wp:term":[{"taxonomy":"product_cat","embeddable":true,"href":"https:\/\/www.profaqua.ca\/fr\/wp-json\/wp\/v2\/product_cat?post=1217"},{"taxonomy":"product_tag","embeddable":true,"href":"https:\/\/www.profaqua.ca\/fr\/wp-json\/wp\/v2\/product_tag?post=1217"}],"curies":[{"name":"wp","href":"https:\/\/api.w.org\/{rel}","templated":true}]}}