{"id":1216,"date":"2020-08-28T14:30:33","date_gmt":"2020-08-28T19:30:33","guid":{"rendered":"https:\/\/www.profaqua.ca\/?post_type=product&#038;p=1216\/"},"modified":"2024-09-03T15:50:06","modified_gmt":"2024-09-03T20:50:06","slug":"systeme-solaire","status":"publish","type":"product","link":"https:\/\/www.profaqua.ca\/fr\/produit\/systeme-solaire\/","title":{"rendered":"Syst\u00e8me solaire (Colombie-Britannique)"},"content":{"rendered":"<p><strong>Le gros Bang !<\/strong><\/p>\n<p>La Terre est-elle la seule plan\u00e8te sur laquelle on peut vivre?<\/p>\n<p>Pour aborder cette fascinante question, vos astronomes, assis autour de notre grand Soleil de 2 m\u00e8tres de diam\u00e8tre, feront un grand voyage, \u00e0 l\u2019\u00e9chelle, dans notre syst\u00e8me solaire, d\u00e9couvrant son origine, r\u00e9alisant la taille des plan\u00e8tes qui le composent et leur \u00e9loignement par rapport au Soleil.<\/p>\n<p>Laissez-vous \u00e9blouir par les connaissances de vos petits rayons de soleil!<\/p>\n<h2><strong><u>Objectifs du primaire:<\/u><\/strong><\/h2>\n<ul>\n<li>Expliquer la th\u00e9orie du Big Bang sur l\u2019origine de l\u2019Univers.<\/li>\n<li>Reconna\u00eetre, en ordre, les diff\u00e9rentes plan\u00e8tes du syst\u00e8me solaire.<\/li>\n<li>D\u00e9crire les caract\u00e9ristiques des principales plan\u00e8tes (composition, taille, temp\u00e9rature, distance).<\/li>\n<li>Diff\u00e9rencier les terminologies li\u00e9es \u00e0 l\u2019espace (plan\u00e8te, satellite, \u00e9toile, galaxie, astre, etc.).<\/li>\n<li>D\u00e9crire les mouvements de rotation et de r\u00e9volution des plan\u00e8tes autour du Soleil.<\/li>\n<\/ul>\n","protected":false},"excerpt":{"rendered":"<p>Le gros Bang ! La Terre est-elle la seule plan\u00e8te sur laquelle on peut vivre? Pour aborder cette fascinante question, vos astronomes, assis autour de notre grand Soleil de 2 m\u00e8tres de diam\u00e8tre, feront un grand voyage, \u00e0 l\u2019\u00e9chelle, dans notre syst\u00e8me solaire, d\u00e9couvrant son origine, r\u00e9alisant la taille des plan\u00e8tes qui le composent et leur \u00e9loignement par rapport au<\/p>\n<div class=\"h10\"><\/div>\n<p><a class=\"more-link1\" href=\"https:\/\/www.profaqua.ca\/fr\/produit\/systeme-solaire\/\">Voir plus<\/a><\/p>\n","protected":false},"featured_media":1233,"template":"","meta":[],"product_cat":[62],"product_tag":[],"acf":[],"yoast_head":"<!-- This site is optimized with the Yoast SEO plugin v20.13 - https:\/\/yoast.com\/wordpress\/plugins\/seo\/ -->\n<title>Syst\u00e8me solaire (Colombie-Britannique) - Profaqua<\/title>\n<meta name=\"description\" content=\"Le gros Bang ! La Terre est-elle la seule plan\u00e8te sur laquelle on peut vivre? Pour aborder cette fascinante question, vos astronomes, assis autour de\" \/>\n<meta name=\"robots\" content=\"index, follow, max-snippet:-1, max-image-preview:large, max-video-preview:-1\" \/>\n<link rel=\"canonical\" href=\"https:\/\/www.profaqua.ca\/fr\/produit\/systeme-solaire\/\" \/>\n<meta property=\"og:locale\" content=\"fr_FR\" \/>\n<meta property=\"og:type\" content=\"article\" \/>\n<meta property=\"og:title\" content=\"Syst\u00e8me solaire (Colombie-Britannique) - Profaqua\" \/>\n<meta property=\"og:description\" content=\"Le gros Bang ! La Terre est-elle la seule plan\u00e8te sur laquelle on peut vivre? Pour aborder cette fascinante question, vos astronomes, assis autour de\" \/>\n<meta property=\"og:url\" content=\"https:\/\/www.profaqua.ca\/fr\/produit\/systeme-solaire\/\" \/>\n<meta property=\"og:site_name\" content=\"Profaqua\" \/>\n<meta property=\"article:publisher\" content=\"https:\/\/www.facebook.com\/profaqua\/\" \/>\n<meta property=\"article:modified_time\" content=\"2024-09-03T20:50:06+00:00\" \/>\n<meta property=\"og:image\" content=\"https:\/\/www.profaqua.ca\/wp-content\/uploads\/2017\/07\/3.19_Syst\u00e8me_solaire.png\" \/>\n\t<meta property=\"og:image:width\" content=\"1800\" \/>\n\t<meta property=\"og:image:height\" content=\"1800\" \/>\n\t<meta property=\"og:image:type\" content=\"image\/png\" \/>\n<meta name=\"twitter:card\" content=\"summary_large_image\" \/>\n<meta name=\"twitter:label1\" content=\"Dur\u00e9e de lecture estim\u00e9e\" \/>\n\t<meta name=\"twitter:data1\" content=\"1 minute\" \/>\n<script type=\"application\/ld+json\" class=\"yoast-schema-graph\">{\"@context\":\"https:\/\/schema.org\",\"@graph\":[{\"@type\":\"WebPage\",\"@id\":\"https:\/\/www.profaqua.ca\/fr\/produit\/systeme-solaire\/\",\"url\":\"https:\/\/www.profaqua.ca\/fr\/produit\/systeme-solaire\/\",\"name\":\"Syst\u00e8me solaire (Colombie-Britannique) - Profaqua\",\"isPartOf\":{\"@id\":\"https:\/\/www.profaqua.ca\/fr\/#website\"},\"datePublished\":\"2020-08-28T19:30:33+00:00\",\"dateModified\":\"2024-09-03T20:50:06+00:00\",\"description\":\"Le gros Bang ! La Terre est-elle la seule plan\u00e8te sur laquelle on peut vivre? Pour aborder cette fascinante question, vos astronomes, assis autour de\",\"breadcrumb\":{\"@id\":\"https:\/\/www.profaqua.ca\/fr\/produit\/systeme-solaire\/#breadcrumb\"},\"inLanguage\":\"fr-FR\",\"potentialAction\":[{\"@type\":\"ReadAction\",\"target\":[\"https:\/\/www.profaqua.ca\/fr\/produit\/systeme-solaire\/\"]}]},{\"@type\":\"BreadcrumbList\",\"@id\":\"https:\/\/www.profaqua.ca\/fr\/produit\/systeme-solaire\/#breadcrumb\",\"itemListElement\":[{\"@type\":\"ListItem\",\"position\":1,\"name\":\"Home\",\"item\":\"https:\/\/www.profaqua.ca\/fr\/\"},{\"@type\":\"ListItem\",\"position\":2,\"name\":\"Produits\",\"item\":\"https:\/\/www.profaqua.ca\/fr\/shop\/\"},{\"@type\":\"ListItem\",\"position\":3,\"name\":\"Syst\u00e8me solaire (Colombie-Britannique)\"}]},{\"@type\":\"WebSite\",\"@id\":\"https:\/\/www.profaqua.ca\/fr\/#website\",\"url\":\"https:\/\/www.profaqua.ca\/fr\/\",\"name\":\"Profaqua\",\"description\":\"\",\"potentialAction\":[{\"@type\":\"SearchAction\",\"target\":{\"@type\":\"EntryPoint\",\"urlTemplate\":\"https:\/\/www.profaqua.ca\/fr\/?s={search_term_string}\"},\"query-input\":\"required name=search_term_string\"}],\"inLanguage\":\"fr-FR\"}]}<\/script>\n<!-- \/ Yoast SEO plugin. -->","yoast_head_json":{"title":"Syst\u00e8me solaire (Colombie-Britannique) - Profaqua","description":"Le gros Bang ! La Terre est-elle la seule plan\u00e8te sur laquelle on peut vivre? Pour aborder cette fascinante question, vos astronomes, assis autour de","robots":{"index":"index","follow":"follow","max-snippet":"max-snippet:-1","max-image-preview":"max-image-preview:large","max-video-preview":"max-video-preview:-1"},"canonical":"https:\/\/www.profaqua.ca\/fr\/produit\/systeme-solaire\/","og_locale":"fr_FR","og_type":"article","og_title":"Syst\u00e8me solaire (Colombie-Britannique) - Profaqua","og_description":"Le gros Bang ! La Terre est-elle la seule plan\u00e8te sur laquelle on peut vivre? Pour aborder cette fascinante question, vos astronomes, assis autour de","og_url":"https:\/\/www.profaqua.ca\/fr\/produit\/systeme-solaire\/","og_site_name":"Profaqua","article_publisher":"https:\/\/www.facebook.com\/profaqua\/","article_modified_time":"2024-09-03T20:50:06+00:00","og_image":[{"width":1800,"height":1800,"url":"https:\/\/www.profaqua.ca\/wp-content\/uploads\/2017\/07\/3.19_Syst\u00e8me_solaire.png","type":"image\/png"}],"twitter_card":"summary_large_image","twitter_misc":{"Dur\u00e9e de lecture estim\u00e9e":"1 minute"},"schema":{"@context":"https:\/\/schema.org","@graph":[{"@type":"WebPage","@id":"https:\/\/www.profaqua.ca\/fr\/produit\/systeme-solaire\/","url":"https:\/\/www.profaqua.ca\/fr\/produit\/systeme-solaire\/","name":"Syst\u00e8me solaire (Colombie-Britannique) - Profaqua","isPartOf":{"@id":"https:\/\/www.profaqua.ca\/fr\/#website"},"datePublished":"2020-08-28T19:30:33+00:00","dateModified":"2024-09-03T20:50:06+00:00","description":"Le gros Bang ! La Terre est-elle la seule plan\u00e8te sur laquelle on peut vivre? Pour aborder cette fascinante question, vos astronomes, assis autour de","breadcrumb":{"@id":"https:\/\/www.profaqua.ca\/fr\/produit\/systeme-solaire\/#breadcrumb"},"inLanguage":"fr-FR","potentialAction":[{"@type":"ReadAction","target":["https:\/\/www.profaqua.ca\/fr\/produit\/systeme-solaire\/"]}]},{"@type":"BreadcrumbList","@id":"https:\/\/www.profaqua.ca\/fr\/produit\/systeme-solaire\/#breadcrumb","itemListElement":[{"@type":"ListItem","position":1,"name":"Home","item":"https:\/\/www.profaqua.ca\/fr\/"},{"@type":"ListItem","position":2,"name":"Produits","item":"https:\/\/www.profaqua.ca\/fr\/shop\/"},{"@type":"ListItem","position":3,"name":"Syst\u00e8me solaire (Colombie-Britannique)"}]},{"@type":"WebSite","@id":"https:\/\/www.profaqua.ca\/fr\/#website","url":"https:\/\/www.profaqua.ca\/fr\/","name":"Profaqua","description":"","potentialAction":[{"@type":"SearchAction","target":{"@type":"EntryPoint","urlTemplate":"https:\/\/www.profaqua.ca\/fr\/?s={search_term_string}"},"query-input":"required name=search_term_string"}],"inLanguage":"fr-FR"}]}},"_links":{"self":[{"href":"https:\/\/www.profaqua.ca\/fr\/wp-json\/wp\/v2\/product\/1216"}],"collection":[{"href":"https:\/\/www.profaqua.ca\/fr\/wp-json\/wp\/v2\/product"}],"about":[{"href":"https:\/\/www.profaqua.ca\/fr\/wp-json\/wp\/v2\/types\/product"}],"wp:featuredmedia":[{"embeddable":true,"href":"https:\/\/www.profaqua.ca\/fr\/wp-json\/wp\/v2\/media\/1233"}],"wp:attachment":[{"href":"https:\/\/www.profaqua.ca\/fr\/wp-json\/wp\/v2\/media?parent=1216"}],"wp:term":[{"taxonomy":"product_cat","embeddable":true,"href":"https:\/\/www.profaqua.ca\/fr\/wp-json\/wp\/v2\/product_cat?post=1216"},{"taxonomy":"product_tag","embeddable":true,"href":"https:\/\/www.profaqua.ca\/fr\/wp-json\/wp\/v2\/product_tag?post=1216"}],"curies":[{"name":"wp","href":"https:\/\/api.w.org\/{rel}","templated":true}]}}