{"id":1215,"date":"2017-07-26T14:29:53","date_gmt":"2017-07-26T19:29:53","guid":{"rendered":"https:\/\/www.profaqua.ca\/?post_type=product&#038;p=1215\/"},"modified":"2024-09-04T16:52:18","modified_gmt":"2024-09-04T21:52:18","slug":"roches-et-mineraux","status":"publish","type":"product","link":"https:\/\/www.profaqua.ca\/fr\/produit\/roches-et-mineraux\/","title":{"rendered":"Roches et min\u00e9raux (Colombie-Britannique)"},"content":{"rendered":"<p><strong>G\u00e9ologues, \u00e0 vos outils !<\/strong><\/p>\n<p>Saviez-vous que nous nous d\u00e9pla\u00e7ons vers l\u2019ouest de 1 cm par an?<\/p>\n<p>Sous nos pieds, les plaques tectoniques se frottent, se tamponnent, causant des catastrophes naturelles et modelant le relief de notre plan\u00e8te Terre.<\/p>\n<p>Pour comprendre ces ph\u00e9nom\u00e8nes, vos g\u00e9ologues se lanceront dans l\u2019\u00e9tude des trois principales roches qui composent le sol, pour ensuite r\u00e9aliser quels tr\u00e9sors de min\u00e9raux sont enfouis sous leurs pieds!<\/p>\n<p>Jeux de r\u00f4le, observations d\u2019or et d\u2019argent, et feux d\u2019artifice de magn\u00e9sium rendront leurs connaissances solides comme du roc!<\/p>\n<p><strong>Pour 15 minutes de plus:<\/strong><\/p>\n<p>D\u00e9couvrez notre collection de roches et de min\u00e9raux!<\/p>\n<h2><strong><u>Objectifs du primaire:<\/u><\/strong><\/h2>\n<ul>\n<li>D\u00e9crire la formation et la composition de la Terre.<\/li>\n<li>Conna\u00eetre les trois grandes familles de roches (ign\u00e9es, m\u00e9tamorphiques et s\u00e9dimentaires).<\/li>\n<li>Expliquer le mouvement des plaques tectoniques.<\/li>\n<li>Distinguer une roche d\u2019un min\u00e9ral.<\/li>\n<li>Classer, selon leurs propri\u00e9t\u00e9s, des roches (pr\u00e9sence de strates, grosseur des cristaux) et des min\u00e9raux (couleur, forme cristalline, r\u00e9actions \u00e0 l\u2019acide et duret\u00e9).<\/li>\n<\/ul>\n","protected":false},"excerpt":{"rendered":"<p>G\u00e9ologues, \u00e0 vos outils ! Saviez-vous que nous nous d\u00e9pla\u00e7ons vers l\u2019ouest de 1 cm par an? Sous nos pieds, les plaques tectoniques se frottent, se tamponnent, causant des catastrophes naturelles et modelant le relief de notre plan\u00e8te Terre. Pour comprendre ces ph\u00e9nom\u00e8nes, vos g\u00e9ologues se lanceront dans l\u2019\u00e9tude des trois principales roches qui composent le sol, pour ensuite r\u00e9aliser<\/p>\n<div class=\"h10\"><\/div>\n<p><a class=\"more-link1\" href=\"https:\/\/www.profaqua.ca\/fr\/produit\/roches-et-mineraux\/\">Voir plus<\/a><\/p>\n","protected":false},"featured_media":1235,"template":"","meta":[],"product_cat":[62],"product_tag":[],"acf":[],"yoast_head":"<!-- This site is optimized with the Yoast SEO plugin v20.13 - https:\/\/yoast.com\/wordpress\/plugins\/seo\/ -->\n<title>Roches et min\u00e9raux (Colombie-Britannique) - Profaqua<\/title>\n<meta name=\"description\" content=\"G\u00e9ologues, \u00e0 vos outils ! Saviez-vous que nous nous d\u00e9pla\u00e7ons vers l\u2019ouest de 1 cm par an? Sous nos pieds, les plaques tectoniques se frottent, se\" \/>\n<meta name=\"robots\" content=\"index, follow, max-snippet:-1, max-image-preview:large, max-video-preview:-1\" \/>\n<link rel=\"canonical\" href=\"https:\/\/www.profaqua.ca\/fr\/produit\/roches-et-mineraux\/\" \/>\n<meta property=\"og:locale\" content=\"fr_FR\" \/>\n<meta property=\"og:type\" content=\"article\" \/>\n<meta property=\"og:title\" content=\"Roches et min\u00e9raux (Colombie-Britannique) - Profaqua\" \/>\n<meta property=\"og:description\" content=\"G\u00e9ologues, \u00e0 vos outils ! Saviez-vous que nous nous d\u00e9pla\u00e7ons vers l\u2019ouest de 1 cm par an? Sous nos pieds, les plaques tectoniques se frottent, se\" \/>\n<meta property=\"og:url\" content=\"https:\/\/www.profaqua.ca\/fr\/produit\/roches-et-mineraux\/\" \/>\n<meta property=\"og:site_name\" content=\"Profaqua\" \/>\n<meta property=\"article:publisher\" content=\"https:\/\/www.facebook.com\/profaqua\/\" \/>\n<meta property=\"article:modified_time\" content=\"2024-09-04T21:52:18+00:00\" \/>\n<meta property=\"og:image\" content=\"https:\/\/www.profaqua.ca\/wp-content\/uploads\/2017\/07\/3.18_Roches_et_min\u00e9raux.png\" \/>\n\t<meta property=\"og:image:width\" content=\"1800\" \/>\n\t<meta property=\"og:image:height\" content=\"1800\" \/>\n\t<meta property=\"og:image:type\" content=\"image\/png\" \/>\n<meta name=\"twitter:card\" content=\"summary_large_image\" \/>\n<meta name=\"twitter:label1\" content=\"Dur\u00e9e de lecture estim\u00e9e\" \/>\n\t<meta name=\"twitter:data1\" content=\"1 minute\" \/>\n<script type=\"application\/ld+json\" class=\"yoast-schema-graph\">{\"@context\":\"https:\/\/schema.org\",\"@graph\":[{\"@type\":\"WebPage\",\"@id\":\"https:\/\/www.profaqua.ca\/fr\/produit\/roches-et-mineraux\/\",\"url\":\"https:\/\/www.profaqua.ca\/fr\/produit\/roches-et-mineraux\/\",\"name\":\"Roches et min\u00e9raux (Colombie-Britannique) - Profaqua\",\"isPartOf\":{\"@id\":\"https:\/\/www.profaqua.ca\/fr\/#website\"},\"datePublished\":\"2017-07-26T19:29:53+00:00\",\"dateModified\":\"2024-09-04T21:52:18+00:00\",\"description\":\"G\u00e9ologues, \u00e0 vos outils ! Saviez-vous que nous nous d\u00e9pla\u00e7ons vers l\u2019ouest de 1 cm par an? Sous nos pieds, les plaques tectoniques se frottent, se\",\"breadcrumb\":{\"@id\":\"https:\/\/www.profaqua.ca\/fr\/produit\/roches-et-mineraux\/#breadcrumb\"},\"inLanguage\":\"fr-FR\",\"potentialAction\":[{\"@type\":\"ReadAction\",\"target\":[\"https:\/\/www.profaqua.ca\/fr\/produit\/roches-et-mineraux\/\"]}]},{\"@type\":\"BreadcrumbList\",\"@id\":\"https:\/\/www.profaqua.ca\/fr\/produit\/roches-et-mineraux\/#breadcrumb\",\"itemListElement\":[{\"@type\":\"ListItem\",\"position\":1,\"name\":\"Home\",\"item\":\"https:\/\/www.profaqua.ca\/fr\/\"},{\"@type\":\"ListItem\",\"position\":2,\"name\":\"Produits\",\"item\":\"https:\/\/www.profaqua.ca\/fr\/shop\/\"},{\"@type\":\"ListItem\",\"position\":3,\"name\":\"Roches et min\u00e9raux (Colombie-Britannique)\"}]},{\"@type\":\"WebSite\",\"@id\":\"https:\/\/www.profaqua.ca\/fr\/#website\",\"url\":\"https:\/\/www.profaqua.ca\/fr\/\",\"name\":\"Profaqua\",\"description\":\"\",\"potentialAction\":[{\"@type\":\"SearchAction\",\"target\":{\"@type\":\"EntryPoint\",\"urlTemplate\":\"https:\/\/www.profaqua.ca\/fr\/?s={search_term_string}\"},\"query-input\":\"required name=search_term_string\"}],\"inLanguage\":\"fr-FR\"}]}<\/script>\n<!-- \/ Yoast SEO plugin. -->","yoast_head_json":{"title":"Roches et min\u00e9raux (Colombie-Britannique) - Profaqua","description":"G\u00e9ologues, \u00e0 vos outils ! Saviez-vous que nous nous d\u00e9pla\u00e7ons vers l\u2019ouest de 1 cm par an? Sous nos pieds, les plaques tectoniques se frottent, se","robots":{"index":"index","follow":"follow","max-snippet":"max-snippet:-1","max-image-preview":"max-image-preview:large","max-video-preview":"max-video-preview:-1"},"canonical":"https:\/\/www.profaqua.ca\/fr\/produit\/roches-et-mineraux\/","og_locale":"fr_FR","og_type":"article","og_title":"Roches et min\u00e9raux (Colombie-Britannique) - Profaqua","og_description":"G\u00e9ologues, \u00e0 vos outils ! Saviez-vous que nous nous d\u00e9pla\u00e7ons vers l\u2019ouest de 1 cm par an? Sous nos pieds, les plaques tectoniques se frottent, se","og_url":"https:\/\/www.profaqua.ca\/fr\/produit\/roches-et-mineraux\/","og_site_name":"Profaqua","article_publisher":"https:\/\/www.facebook.com\/profaqua\/","article_modified_time":"2024-09-04T21:52:18+00:00","og_image":[{"width":1800,"height":1800,"url":"https:\/\/www.profaqua.ca\/wp-content\/uploads\/2017\/07\/3.18_Roches_et_min\u00e9raux.png","type":"image\/png"}],"twitter_card":"summary_large_image","twitter_misc":{"Dur\u00e9e de lecture estim\u00e9e":"1 minute"},"schema":{"@context":"https:\/\/schema.org","@graph":[{"@type":"WebPage","@id":"https:\/\/www.profaqua.ca\/fr\/produit\/roches-et-mineraux\/","url":"https:\/\/www.profaqua.ca\/fr\/produit\/roches-et-mineraux\/","name":"Roches et min\u00e9raux (Colombie-Britannique) - Profaqua","isPartOf":{"@id":"https:\/\/www.profaqua.ca\/fr\/#website"},"datePublished":"2017-07-26T19:29:53+00:00","dateModified":"2024-09-04T21:52:18+00:00","description":"G\u00e9ologues, \u00e0 vos outils ! Saviez-vous que nous nous d\u00e9pla\u00e7ons vers l\u2019ouest de 1 cm par an? Sous nos pieds, les plaques tectoniques se frottent, se","breadcrumb":{"@id":"https:\/\/www.profaqua.ca\/fr\/produit\/roches-et-mineraux\/#breadcrumb"},"inLanguage":"fr-FR","potentialAction":[{"@type":"ReadAction","target":["https:\/\/www.profaqua.ca\/fr\/produit\/roches-et-mineraux\/"]}]},{"@type":"BreadcrumbList","@id":"https:\/\/www.profaqua.ca\/fr\/produit\/roches-et-mineraux\/#breadcrumb","itemListElement":[{"@type":"ListItem","position":1,"name":"Home","item":"https:\/\/www.profaqua.ca\/fr\/"},{"@type":"ListItem","position":2,"name":"Produits","item":"https:\/\/www.profaqua.ca\/fr\/shop\/"},{"@type":"ListItem","position":3,"name":"Roches et min\u00e9raux (Colombie-Britannique)"}]},{"@type":"WebSite","@id":"https:\/\/www.profaqua.ca\/fr\/#website","url":"https:\/\/www.profaqua.ca\/fr\/","name":"Profaqua","description":"","potentialAction":[{"@type":"SearchAction","target":{"@type":"EntryPoint","urlTemplate":"https:\/\/www.profaqua.ca\/fr\/?s={search_term_string}"},"query-input":"required name=search_term_string"}],"inLanguage":"fr-FR"}]}},"_links":{"self":[{"href":"https:\/\/www.profaqua.ca\/fr\/wp-json\/wp\/v2\/product\/1215"}],"collection":[{"href":"https:\/\/www.profaqua.ca\/fr\/wp-json\/wp\/v2\/product"}],"about":[{"href":"https:\/\/www.profaqua.ca\/fr\/wp-json\/wp\/v2\/types\/product"}],"wp:featuredmedia":[{"embeddable":true,"href":"https:\/\/www.profaqua.ca\/fr\/wp-json\/wp\/v2\/media\/1235"}],"wp:attachment":[{"href":"https:\/\/www.profaqua.ca\/fr\/wp-json\/wp\/v2\/media?parent=1215"}],"wp:term":[{"taxonomy":"product_cat","embeddable":true,"href":"https:\/\/www.profaqua.ca\/fr\/wp-json\/wp\/v2\/product_cat?post=1215"},{"taxonomy":"product_tag","embeddable":true,"href":"https:\/\/www.profaqua.ca\/fr\/wp-json\/wp\/v2\/product_tag?post=1215"}],"curies":[{"name":"wp","href":"https:\/\/api.w.org\/{rel}","templated":true}]}}