{"id":1214,"date":"2017-07-26T14:29:03","date_gmt":"2017-07-26T19:29:03","guid":{"rendered":"https:\/\/www.profaqua.ca\/?post_type=product&#038;p=1214\/"},"modified":"2024-09-04T16:52:49","modified_gmt":"2024-09-04T21:52:49","slug":"mini-navette","status":"publish","type":"product","link":"https:\/\/www.profaqua.ca\/fr\/produit\/mini-navette\/","title":{"rendered":"Mini-navette (Colombie-Britannique)"},"content":{"rendered":"<p><strong>5\u2026 4\u2026 3\u2026 2\u2026 1\u2026 0\u2026 D\u00e9collage !<\/strong><\/p>\n<p>Pourquoi envoie-t-on des astronautes dans l\u2019espace?<\/p>\n<p>\u00c0 travers des jeux de r\u00f4les, nous d\u00e9couvrirons les grandes \u00e9tapes de la conqu\u00eate de l\u2019espace dans le rire et le plaisir!<\/p>\n<p>C\u2019est ensuite que vos apprentis astronautes vivront une exp\u00e9rience qui sera un petit moment de leur journ\u00e9e, mais un grand moment dans leur vie de scientifique: le lancement de leur premi\u00e8re fus\u00e9e \u00e0 hydrog\u00e8ne produit par d\u00e9composition de la mol\u00e9cule d\u2019eau!<\/p>\n<p>Vous aurez des \u00e9toiles dans les yeux!<\/p>\n<h2><strong><u>Objectifs du primaire:<\/u><\/strong><\/h2>\n<ul>\n<li>Comprendre comment s\u2019est d\u00e9roul\u00e9e la conqu\u00eate de l\u2019espace au fil des d\u00e9cennies.<\/li>\n<li>Comprendre ce qu\u2019est un atome et une mol\u00e9cule.<\/li>\n<li>Assister \u00e0 la d\u00e9composition chimique de l\u2019eau m\u00e9lang\u00e9e \u00e0 de l\u2019acide citrique.<\/li>\n<li>Exp\u00e9rimenter le principe d\u2019action-r\u00e9action.<\/li>\n<\/ul>\n","protected":false},"excerpt":{"rendered":"<p>5\u2026 4\u2026 3\u2026 2\u2026 1\u2026 0\u2026 D\u00e9collage ! Pourquoi envoie-t-on des astronautes dans l\u2019espace? \u00c0 travers des jeux de r\u00f4les, nous d\u00e9couvrirons les grandes \u00e9tapes de la conqu\u00eate de l\u2019espace dans le rire et le plaisir! C\u2019est ensuite que vos apprentis astronautes vivront une exp\u00e9rience qui sera un petit moment de leur journ\u00e9e, mais un grand moment dans leur vie<\/p>\n<div class=\"h10\"><\/div>\n<p><a class=\"more-link1\" href=\"https:\/\/www.profaqua.ca\/fr\/produit\/mini-navette\/\">Voir plus<\/a><\/p>\n","protected":false},"featured_media":1226,"template":"","meta":[],"product_cat":[62],"product_tag":[],"acf":[],"yoast_head":"<!-- This site is optimized with the Yoast SEO plugin v20.13 - https:\/\/yoast.com\/wordpress\/plugins\/seo\/ -->\n<title>Mini-navette (Colombie-Britannique) - Profaqua<\/title>\n<meta name=\"description\" content=\"5\u2026 4\u2026 3\u2026 2\u2026 1\u2026 0\u2026 D\u00e9collage ! Pourquoi envoie-t-on des astronautes dans l\u2019espace? \u00c0 travers des jeux de r\u00f4les, nous d\u00e9couvrirons les grandes \u00e9tapes de la\" \/>\n<meta name=\"robots\" content=\"index, follow, max-snippet:-1, max-image-preview:large, max-video-preview:-1\" \/>\n<link rel=\"canonical\" href=\"https:\/\/www.profaqua.ca\/fr\/produit\/mini-navette\/\" \/>\n<meta property=\"og:locale\" content=\"fr_FR\" \/>\n<meta property=\"og:type\" content=\"article\" \/>\n<meta property=\"og:title\" content=\"Mini-navette (Colombie-Britannique) - Profaqua\" \/>\n<meta property=\"og:description\" content=\"5\u2026 4\u2026 3\u2026 2\u2026 1\u2026 0\u2026 D\u00e9collage ! Pourquoi envoie-t-on des astronautes dans l\u2019espace? \u00c0 travers des jeux de r\u00f4les, nous d\u00e9couvrirons les grandes \u00e9tapes de la\" \/>\n<meta property=\"og:url\" content=\"https:\/\/www.profaqua.ca\/fr\/produit\/mini-navette\/\" \/>\n<meta property=\"og:site_name\" content=\"Profaqua\" \/>\n<meta property=\"article:publisher\" content=\"https:\/\/www.facebook.com\/profaqua\/\" \/>\n<meta property=\"article:modified_time\" content=\"2024-09-04T21:52:49+00:00\" \/>\n<meta property=\"og:image\" content=\"https:\/\/www.profaqua.ca\/wp-content\/uploads\/2017\/07\/3.16_Mini-navette.png\" \/>\n\t<meta property=\"og:image:width\" content=\"1800\" \/>\n\t<meta property=\"og:image:height\" content=\"1800\" \/>\n\t<meta property=\"og:image:type\" content=\"image\/png\" \/>\n<meta name=\"twitter:card\" content=\"summary_large_image\" \/>\n<meta name=\"twitter:label1\" content=\"Dur\u00e9e de lecture estim\u00e9e\" \/>\n\t<meta name=\"twitter:data1\" content=\"1 minute\" \/>\n<script type=\"application\/ld+json\" class=\"yoast-schema-graph\">{\"@context\":\"https:\/\/schema.org\",\"@graph\":[{\"@type\":\"WebPage\",\"@id\":\"https:\/\/www.profaqua.ca\/fr\/produit\/mini-navette\/\",\"url\":\"https:\/\/www.profaqua.ca\/fr\/produit\/mini-navette\/\",\"name\":\"Mini-navette (Colombie-Britannique) - Profaqua\",\"isPartOf\":{\"@id\":\"https:\/\/www.profaqua.ca\/fr\/#website\"},\"datePublished\":\"2017-07-26T19:29:03+00:00\",\"dateModified\":\"2024-09-04T21:52:49+00:00\",\"description\":\"5\u2026 4\u2026 3\u2026 2\u2026 1\u2026 0\u2026 D\u00e9collage ! Pourquoi envoie-t-on des astronautes dans l\u2019espace? \u00c0 travers des jeux de r\u00f4les, nous d\u00e9couvrirons les grandes \u00e9tapes de la\",\"breadcrumb\":{\"@id\":\"https:\/\/www.profaqua.ca\/fr\/produit\/mini-navette\/#breadcrumb\"},\"inLanguage\":\"fr-FR\",\"potentialAction\":[{\"@type\":\"ReadAction\",\"target\":[\"https:\/\/www.profaqua.ca\/fr\/produit\/mini-navette\/\"]}]},{\"@type\":\"BreadcrumbList\",\"@id\":\"https:\/\/www.profaqua.ca\/fr\/produit\/mini-navette\/#breadcrumb\",\"itemListElement\":[{\"@type\":\"ListItem\",\"position\":1,\"name\":\"Home\",\"item\":\"https:\/\/www.profaqua.ca\/fr\/\"},{\"@type\":\"ListItem\",\"position\":2,\"name\":\"Produits\",\"item\":\"https:\/\/www.profaqua.ca\/fr\/shop\/\"},{\"@type\":\"ListItem\",\"position\":3,\"name\":\"Mini-navette (Colombie-Britannique)\"}]},{\"@type\":\"WebSite\",\"@id\":\"https:\/\/www.profaqua.ca\/fr\/#website\",\"url\":\"https:\/\/www.profaqua.ca\/fr\/\",\"name\":\"Profaqua\",\"description\":\"\",\"potentialAction\":[{\"@type\":\"SearchAction\",\"target\":{\"@type\":\"EntryPoint\",\"urlTemplate\":\"https:\/\/www.profaqua.ca\/fr\/?s={search_term_string}\"},\"query-input\":\"required name=search_term_string\"}],\"inLanguage\":\"fr-FR\"}]}<\/script>\n<!-- \/ Yoast SEO plugin. -->","yoast_head_json":{"title":"Mini-navette (Colombie-Britannique) - Profaqua","description":"5\u2026 4\u2026 3\u2026 2\u2026 1\u2026 0\u2026 D\u00e9collage ! Pourquoi envoie-t-on des astronautes dans l\u2019espace? \u00c0 travers des jeux de r\u00f4les, nous d\u00e9couvrirons les grandes \u00e9tapes de la","robots":{"index":"index","follow":"follow","max-snippet":"max-snippet:-1","max-image-preview":"max-image-preview:large","max-video-preview":"max-video-preview:-1"},"canonical":"https:\/\/www.profaqua.ca\/fr\/produit\/mini-navette\/","og_locale":"fr_FR","og_type":"article","og_title":"Mini-navette (Colombie-Britannique) - Profaqua","og_description":"5\u2026 4\u2026 3\u2026 2\u2026 1\u2026 0\u2026 D\u00e9collage ! Pourquoi envoie-t-on des astronautes dans l\u2019espace? \u00c0 travers des jeux de r\u00f4les, nous d\u00e9couvrirons les grandes \u00e9tapes de la","og_url":"https:\/\/www.profaqua.ca\/fr\/produit\/mini-navette\/","og_site_name":"Profaqua","article_publisher":"https:\/\/www.facebook.com\/profaqua\/","article_modified_time":"2024-09-04T21:52:49+00:00","og_image":[{"width":1800,"height":1800,"url":"https:\/\/www.profaqua.ca\/wp-content\/uploads\/2017\/07\/3.16_Mini-navette.png","type":"image\/png"}],"twitter_card":"summary_large_image","twitter_misc":{"Dur\u00e9e de lecture estim\u00e9e":"1 minute"},"schema":{"@context":"https:\/\/schema.org","@graph":[{"@type":"WebPage","@id":"https:\/\/www.profaqua.ca\/fr\/produit\/mini-navette\/","url":"https:\/\/www.profaqua.ca\/fr\/produit\/mini-navette\/","name":"Mini-navette (Colombie-Britannique) - Profaqua","isPartOf":{"@id":"https:\/\/www.profaqua.ca\/fr\/#website"},"datePublished":"2017-07-26T19:29:03+00:00","dateModified":"2024-09-04T21:52:49+00:00","description":"5\u2026 4\u2026 3\u2026 2\u2026 1\u2026 0\u2026 D\u00e9collage ! Pourquoi envoie-t-on des astronautes dans l\u2019espace? \u00c0 travers des jeux de r\u00f4les, nous d\u00e9couvrirons les grandes \u00e9tapes de la","breadcrumb":{"@id":"https:\/\/www.profaqua.ca\/fr\/produit\/mini-navette\/#breadcrumb"},"inLanguage":"fr-FR","potentialAction":[{"@type":"ReadAction","target":["https:\/\/www.profaqua.ca\/fr\/produit\/mini-navette\/"]}]},{"@type":"BreadcrumbList","@id":"https:\/\/www.profaqua.ca\/fr\/produit\/mini-navette\/#breadcrumb","itemListElement":[{"@type":"ListItem","position":1,"name":"Home","item":"https:\/\/www.profaqua.ca\/fr\/"},{"@type":"ListItem","position":2,"name":"Produits","item":"https:\/\/www.profaqua.ca\/fr\/shop\/"},{"@type":"ListItem","position":3,"name":"Mini-navette (Colombie-Britannique)"}]},{"@type":"WebSite","@id":"https:\/\/www.profaqua.ca\/fr\/#website","url":"https:\/\/www.profaqua.ca\/fr\/","name":"Profaqua","description":"","potentialAction":[{"@type":"SearchAction","target":{"@type":"EntryPoint","urlTemplate":"https:\/\/www.profaqua.ca\/fr\/?s={search_term_string}"},"query-input":"required name=search_term_string"}],"inLanguage":"fr-FR"}]}},"_links":{"self":[{"href":"https:\/\/www.profaqua.ca\/fr\/wp-json\/wp\/v2\/product\/1214"}],"collection":[{"href":"https:\/\/www.profaqua.ca\/fr\/wp-json\/wp\/v2\/product"}],"about":[{"href":"https:\/\/www.profaqua.ca\/fr\/wp-json\/wp\/v2\/types\/product"}],"wp:featuredmedia":[{"embeddable":true,"href":"https:\/\/www.profaqua.ca\/fr\/wp-json\/wp\/v2\/media\/1226"}],"wp:attachment":[{"href":"https:\/\/www.profaqua.ca\/fr\/wp-json\/wp\/v2\/media?parent=1214"}],"wp:term":[{"taxonomy":"product_cat","embeddable":true,"href":"https:\/\/www.profaqua.ca\/fr\/wp-json\/wp\/v2\/product_cat?post=1214"},{"taxonomy":"product_tag","embeddable":true,"href":"https:\/\/www.profaqua.ca\/fr\/wp-json\/wp\/v2\/product_tag?post=1214"}],"curies":[{"name":"wp","href":"https:\/\/api.w.org\/{rel}","templated":true}]}}