{"id":1213,"date":"2017-07-26T14:26:15","date_gmt":"2017-07-26T19:26:15","guid":{"rendered":"https:\/\/www.profaqua.ca\/?post_type=product&#038;p=1213\/"},"modified":"2024-09-04T16:56:45","modified_gmt":"2024-09-04T21:56:45","slug":"lune","status":"publish","type":"product","link":"https:\/\/www.profaqua.ca\/fr\/produit\/lune\/","title":{"rendered":"Lune (Colombie-Britannique)"},"content":{"rendered":"<p><strong>On va vous d\u00e9crocher la Lune !<\/strong><\/p>\n<p>Avez-vous d\u00e9j\u00e0 r\u00eav\u00e9 de marcher sur la Lune? Nous allons vous y emmener!<\/p>\n<p>Vos astronautes d\u2019une journ\u00e9e partiront en voyage sur notre satellite pr\u00e9f\u00e9r\u00e9 gr\u00e2ce \u00e0 de multiples exp\u00e9riences!<\/p>\n<p>Des diff\u00e9rentes phases lunaires \u00e0 la mission Apollon 11, en passant par sa formation, son temps de rotation et de r\u00e9volution, la Lune n\u2019aura plus de face cach\u00e9e pour vos scientifiques!<\/p>\n<p>Nous fabriquerons m\u00eame nos propres crat\u00e8res dans de la terre de Lune!<\/p>\n<h2><strong><u>Objectifs du primaire:<\/u><\/strong><\/h2>\n<ul>\n<li>D\u00e9crire les th\u00e9ories de la formation de la Lune.<\/li>\n<li>Illustrer la distance entre la Terre et la Lune.<\/li>\n<li>Illustrer les phases du cycle lunaire.<\/li>\n<li>D\u00e9crire les mouvements de rotation et de r\u00e9volution de la Terre et de la Lune.<\/li>\n<li>D\u00e9crire comment la force de gravit\u00e9 influence la Terre (mar\u00e9es).<\/li>\n<li>Exp\u00e9rimenter l\u2019impact des m\u00e9t\u00e9orites sur un corps c\u00e9leste.<\/li>\n<\/ul>\n","protected":false},"excerpt":{"rendered":"<p>On va vous d\u00e9crocher la Lune ! Avez-vous d\u00e9j\u00e0 r\u00eav\u00e9 de marcher sur la Lune? Nous allons vous y emmener! Vos astronautes d\u2019une journ\u00e9e partiront en voyage sur notre satellite pr\u00e9f\u00e9r\u00e9 gr\u00e2ce \u00e0 de multiples exp\u00e9riences! Des diff\u00e9rentes phases lunaires \u00e0 la mission Apollon 11, en passant par sa formation, son temps de rotation et de r\u00e9volution, la Lune n\u2019aura<\/p>\n<div class=\"h10\"><\/div>\n<p><a class=\"more-link1\" href=\"https:\/\/www.profaqua.ca\/fr\/produit\/lune\/\">Voir plus<\/a><\/p>\n","protected":false},"featured_media":1224,"template":"","meta":[],"product_cat":[62],"product_tag":[],"acf":[],"yoast_head":"<!-- This site is optimized with the Yoast SEO plugin v20.13 - https:\/\/yoast.com\/wordpress\/plugins\/seo\/ -->\n<title>Lune (Colombie-Britannique) - Profaqua<\/title>\n<meta name=\"description\" content=\"On va vous d\u00e9crocher la Lune ! Avez-vous d\u00e9j\u00e0 r\u00eav\u00e9 de marcher sur la Lune? Nous allons vous y emmener! Vos astronautes d\u2019une journ\u00e9e partiront en voyage\" \/>\n<meta name=\"robots\" content=\"index, follow, max-snippet:-1, max-image-preview:large, max-video-preview:-1\" \/>\n<link rel=\"canonical\" href=\"https:\/\/www.profaqua.ca\/fr\/produit\/lune\/\" \/>\n<meta property=\"og:locale\" content=\"fr_FR\" \/>\n<meta property=\"og:type\" content=\"article\" \/>\n<meta property=\"og:title\" content=\"Lune (Colombie-Britannique) - Profaqua\" \/>\n<meta property=\"og:description\" content=\"On va vous d\u00e9crocher la Lune ! Avez-vous d\u00e9j\u00e0 r\u00eav\u00e9 de marcher sur la Lune? Nous allons vous y emmener! Vos astronautes d\u2019une journ\u00e9e partiront en voyage\" \/>\n<meta property=\"og:url\" content=\"https:\/\/www.profaqua.ca\/fr\/produit\/lune\/\" \/>\n<meta property=\"og:site_name\" content=\"Profaqua\" \/>\n<meta property=\"article:publisher\" content=\"https:\/\/www.facebook.com\/profaqua\/\" \/>\n<meta property=\"article:modified_time\" content=\"2024-09-04T21:56:45+00:00\" \/>\n<meta property=\"og:image\" content=\"https:\/\/www.profaqua.ca\/wp-content\/uploads\/2017\/07\/3.14_Lune.png\" \/>\n\t<meta property=\"og:image:width\" content=\"1800\" \/>\n\t<meta property=\"og:image:height\" content=\"1800\" \/>\n\t<meta property=\"og:image:type\" content=\"image\/png\" \/>\n<meta name=\"twitter:card\" content=\"summary_large_image\" \/>\n<meta name=\"twitter:label1\" content=\"Dur\u00e9e de lecture estim\u00e9e\" \/>\n\t<meta name=\"twitter:data1\" content=\"1 minute\" \/>\n<script type=\"application\/ld+json\" class=\"yoast-schema-graph\">{\"@context\":\"https:\/\/schema.org\",\"@graph\":[{\"@type\":\"WebPage\",\"@id\":\"https:\/\/www.profaqua.ca\/fr\/produit\/lune\/\",\"url\":\"https:\/\/www.profaqua.ca\/fr\/produit\/lune\/\",\"name\":\"Lune (Colombie-Britannique) - Profaqua\",\"isPartOf\":{\"@id\":\"https:\/\/www.profaqua.ca\/fr\/#website\"},\"datePublished\":\"2017-07-26T19:26:15+00:00\",\"dateModified\":\"2024-09-04T21:56:45+00:00\",\"description\":\"On va vous d\u00e9crocher la Lune ! Avez-vous d\u00e9j\u00e0 r\u00eav\u00e9 de marcher sur la Lune? Nous allons vous y emmener! Vos astronautes d\u2019une journ\u00e9e partiront en voyage\",\"breadcrumb\":{\"@id\":\"https:\/\/www.profaqua.ca\/fr\/produit\/lune\/#breadcrumb\"},\"inLanguage\":\"fr-FR\",\"potentialAction\":[{\"@type\":\"ReadAction\",\"target\":[\"https:\/\/www.profaqua.ca\/fr\/produit\/lune\/\"]}]},{\"@type\":\"BreadcrumbList\",\"@id\":\"https:\/\/www.profaqua.ca\/fr\/produit\/lune\/#breadcrumb\",\"itemListElement\":[{\"@type\":\"ListItem\",\"position\":1,\"name\":\"Home\",\"item\":\"https:\/\/www.profaqua.ca\/fr\/\"},{\"@type\":\"ListItem\",\"position\":2,\"name\":\"Produits\",\"item\":\"https:\/\/www.profaqua.ca\/fr\/shop\/\"},{\"@type\":\"ListItem\",\"position\":3,\"name\":\"Lune (Colombie-Britannique)\"}]},{\"@type\":\"WebSite\",\"@id\":\"https:\/\/www.profaqua.ca\/fr\/#website\",\"url\":\"https:\/\/www.profaqua.ca\/fr\/\",\"name\":\"Profaqua\",\"description\":\"\",\"potentialAction\":[{\"@type\":\"SearchAction\",\"target\":{\"@type\":\"EntryPoint\",\"urlTemplate\":\"https:\/\/www.profaqua.ca\/fr\/?s={search_term_string}\"},\"query-input\":\"required name=search_term_string\"}],\"inLanguage\":\"fr-FR\"}]}<\/script>\n<!-- \/ Yoast SEO plugin. -->","yoast_head_json":{"title":"Lune (Colombie-Britannique) - Profaqua","description":"On va vous d\u00e9crocher la Lune ! Avez-vous d\u00e9j\u00e0 r\u00eav\u00e9 de marcher sur la Lune? Nous allons vous y emmener! Vos astronautes d\u2019une journ\u00e9e partiront en voyage","robots":{"index":"index","follow":"follow","max-snippet":"max-snippet:-1","max-image-preview":"max-image-preview:large","max-video-preview":"max-video-preview:-1"},"canonical":"https:\/\/www.profaqua.ca\/fr\/produit\/lune\/","og_locale":"fr_FR","og_type":"article","og_title":"Lune (Colombie-Britannique) - Profaqua","og_description":"On va vous d\u00e9crocher la Lune ! Avez-vous d\u00e9j\u00e0 r\u00eav\u00e9 de marcher sur la Lune? Nous allons vous y emmener! Vos astronautes d\u2019une journ\u00e9e partiront en voyage","og_url":"https:\/\/www.profaqua.ca\/fr\/produit\/lune\/","og_site_name":"Profaqua","article_publisher":"https:\/\/www.facebook.com\/profaqua\/","article_modified_time":"2024-09-04T21:56:45+00:00","og_image":[{"width":1800,"height":1800,"url":"https:\/\/www.profaqua.ca\/wp-content\/uploads\/2017\/07\/3.14_Lune.png","type":"image\/png"}],"twitter_card":"summary_large_image","twitter_misc":{"Dur\u00e9e de lecture estim\u00e9e":"1 minute"},"schema":{"@context":"https:\/\/schema.org","@graph":[{"@type":"WebPage","@id":"https:\/\/www.profaqua.ca\/fr\/produit\/lune\/","url":"https:\/\/www.profaqua.ca\/fr\/produit\/lune\/","name":"Lune (Colombie-Britannique) - Profaqua","isPartOf":{"@id":"https:\/\/www.profaqua.ca\/fr\/#website"},"datePublished":"2017-07-26T19:26:15+00:00","dateModified":"2024-09-04T21:56:45+00:00","description":"On va vous d\u00e9crocher la Lune ! Avez-vous d\u00e9j\u00e0 r\u00eav\u00e9 de marcher sur la Lune? Nous allons vous y emmener! Vos astronautes d\u2019une journ\u00e9e partiront en voyage","breadcrumb":{"@id":"https:\/\/www.profaqua.ca\/fr\/produit\/lune\/#breadcrumb"},"inLanguage":"fr-FR","potentialAction":[{"@type":"ReadAction","target":["https:\/\/www.profaqua.ca\/fr\/produit\/lune\/"]}]},{"@type":"BreadcrumbList","@id":"https:\/\/www.profaqua.ca\/fr\/produit\/lune\/#breadcrumb","itemListElement":[{"@type":"ListItem","position":1,"name":"Home","item":"https:\/\/www.profaqua.ca\/fr\/"},{"@type":"ListItem","position":2,"name":"Produits","item":"https:\/\/www.profaqua.ca\/fr\/shop\/"},{"@type":"ListItem","position":3,"name":"Lune (Colombie-Britannique)"}]},{"@type":"WebSite","@id":"https:\/\/www.profaqua.ca\/fr\/#website","url":"https:\/\/www.profaqua.ca\/fr\/","name":"Profaqua","description":"","potentialAction":[{"@type":"SearchAction","target":{"@type":"EntryPoint","urlTemplate":"https:\/\/www.profaqua.ca\/fr\/?s={search_term_string}"},"query-input":"required name=search_term_string"}],"inLanguage":"fr-FR"}]}},"_links":{"self":[{"href":"https:\/\/www.profaqua.ca\/fr\/wp-json\/wp\/v2\/product\/1213"}],"collection":[{"href":"https:\/\/www.profaqua.ca\/fr\/wp-json\/wp\/v2\/product"}],"about":[{"href":"https:\/\/www.profaqua.ca\/fr\/wp-json\/wp\/v2\/types\/product"}],"wp:featuredmedia":[{"embeddable":true,"href":"https:\/\/www.profaqua.ca\/fr\/wp-json\/wp\/v2\/media\/1224"}],"wp:attachment":[{"href":"https:\/\/www.profaqua.ca\/fr\/wp-json\/wp\/v2\/media?parent=1213"}],"wp:term":[{"taxonomy":"product_cat","embeddable":true,"href":"https:\/\/www.profaqua.ca\/fr\/wp-json\/wp\/v2\/product_cat?post=1213"},{"taxonomy":"product_tag","embeddable":true,"href":"https:\/\/www.profaqua.ca\/fr\/wp-json\/wp\/v2\/product_tag?post=1213"}],"curies":[{"name":"wp","href":"https:\/\/api.w.org\/{rel}","templated":true}]}}