{"id":1211,"date":"2017-07-26T14:18:10","date_gmt":"2017-07-26T19:18:10","guid":{"rendered":"https:\/\/www.profaqua.ca\/?post_type=product&#038;p=1211\/"},"modified":"2024-09-04T16:59:58","modified_gmt":"2024-09-04T21:59:58","slug":"fossiles","status":"publish","type":"product","link":"https:\/\/www.profaqua.ca\/fr\/produit\/fossiles\/","title":{"rendered":"Fossiles (Colombie-Britannique)"},"content":{"rendered":"<p><strong>Des coquillages dans la garnotte !<\/strong><\/p>\n<p>Il y a 450 millions d\u2019ann\u00e9es, le Canada se trouvait sous les tropiques et \u00e9tait recouvert d\u2019une mer peu profonde.<\/p>\n<p>De la cyanobact\u00e9rie \u00e0 l\u2019\u00eatre humain, remontons ensemble l\u2019\u00e9chelle des temps g\u00e9ologiques en pla\u00e7ant sur notre corde \u00e0 linge de 5 m\u00e8tres les principaux \u00e9v\u00e9nements de l\u2019\u00e9volution de fa\u00e7on chronologique!<\/p>\n<p>De cette \u00e9poque, on retrouve des fossiles de coquillages dans les murs de certains \u00e9difices et sur les bords de routes! Comment ces fossiles se sont-ils form\u00e9s, que nous apprennent-ils sur l\u2019histoire de notre plan\u00e8te Terre?<\/p>\n<p>Vos apprentis pal\u00e9ontologues m\u00e8neront une enqu\u00eate p\u00e9rilleuse pour identifier les 7 vrais fossiles qui leur seront pr\u00e9sent\u00e9s.<\/p>\n<p>Ils choisiront ensuite leur coupable pr\u00e9f\u00e9r\u00e9 pour fabriquer leur propre fossile en pl\u00e2tre qu\u2019ils ram\u00e8neront \u00e0 la maison!<\/p>\n<h2><strong><u>Objectifs du primaire:<\/u><\/strong><\/h2>\n<ul>\n<li>D\u00e9crire les grandes \u00e9tapes de l\u2019\u00e9volution des \u00eatres vivants.<\/li>\n<li>D\u00e9crire le processus de formation des fossiles.<\/li>\n<li>Diff\u00e9rencier une roche d\u2019un fossile.<\/li>\n<li>Classer diff\u00e9rents fossiles en fonction de leurs formes.<\/li>\n<li>Cr\u00e9er son empreinte fossile \u00e0 ramener \u00e0 la maison.<\/li>\n<\/ul>\n","protected":false},"excerpt":{"rendered":"<p>Des coquillages dans la garnotte ! Il y a 450 millions d\u2019ann\u00e9es, le Canada se trouvait sous les tropiques et \u00e9tait recouvert d\u2019une mer peu profonde. De la cyanobact\u00e9rie \u00e0 l\u2019\u00eatre humain, remontons ensemble l\u2019\u00e9chelle des temps g\u00e9ologiques en pla\u00e7ant sur notre corde \u00e0 linge de 5 m\u00e8tres les principaux \u00e9v\u00e9nements de l\u2019\u00e9volution de fa\u00e7on chronologique! De cette \u00e9poque, on<\/p>\n<div class=\"h10\"><\/div>\n<p><a class=\"more-link1\" href=\"https:\/\/www.profaqua.ca\/fr\/produit\/fossiles\/\">Voir plus<\/a><\/p>\n","protected":false},"featured_media":1222,"template":"","meta":[],"product_cat":[62],"product_tag":[],"acf":[],"yoast_head":"<!-- This site is optimized with the Yoast SEO plugin v20.13 - https:\/\/yoast.com\/wordpress\/plugins\/seo\/ -->\n<title>Fossiles (Colombie-Britannique) - Profaqua<\/title>\n<meta name=\"description\" content=\"Des coquillages dans la garnotte ! Il y a 450 millions d\u2019ann\u00e9es, le Canada se trouvait sous les tropiques et \u00e9tait recouvert d\u2019une mer peu profonde. De la\" \/>\n<meta name=\"robots\" content=\"index, follow, max-snippet:-1, max-image-preview:large, max-video-preview:-1\" \/>\n<link rel=\"canonical\" href=\"https:\/\/www.profaqua.ca\/fr\/produit\/fossiles\/\" \/>\n<meta property=\"og:locale\" content=\"fr_FR\" \/>\n<meta property=\"og:type\" content=\"article\" \/>\n<meta property=\"og:title\" content=\"Fossiles (Colombie-Britannique) - Profaqua\" \/>\n<meta property=\"og:description\" content=\"Des coquillages dans la garnotte ! Il y a 450 millions d\u2019ann\u00e9es, le Canada se trouvait sous les tropiques et \u00e9tait recouvert d\u2019une mer peu profonde. De la\" \/>\n<meta property=\"og:url\" content=\"https:\/\/www.profaqua.ca\/fr\/produit\/fossiles\/\" \/>\n<meta property=\"og:site_name\" content=\"Profaqua\" \/>\n<meta property=\"article:publisher\" content=\"https:\/\/www.facebook.com\/profaqua\/\" \/>\n<meta property=\"article:modified_time\" content=\"2024-09-04T21:59:58+00:00\" \/>\n<meta property=\"og:image\" content=\"https:\/\/www.profaqua.ca\/wp-content\/uploads\/2017\/07\/3.11_Fossiles.png\" \/>\n\t<meta property=\"og:image:width\" content=\"1800\" \/>\n\t<meta property=\"og:image:height\" content=\"1800\" \/>\n\t<meta property=\"og:image:type\" content=\"image\/png\" \/>\n<meta name=\"twitter:card\" content=\"summary_large_image\" \/>\n<meta name=\"twitter:label1\" content=\"Dur\u00e9e de lecture estim\u00e9e\" \/>\n\t<meta name=\"twitter:data1\" content=\"1 minute\" \/>\n<script type=\"application\/ld+json\" class=\"yoast-schema-graph\">{\"@context\":\"https:\/\/schema.org\",\"@graph\":[{\"@type\":\"WebPage\",\"@id\":\"https:\/\/www.profaqua.ca\/fr\/produit\/fossiles\/\",\"url\":\"https:\/\/www.profaqua.ca\/fr\/produit\/fossiles\/\",\"name\":\"Fossiles (Colombie-Britannique) - Profaqua\",\"isPartOf\":{\"@id\":\"https:\/\/www.profaqua.ca\/fr\/#website\"},\"datePublished\":\"2017-07-26T19:18:10+00:00\",\"dateModified\":\"2024-09-04T21:59:58+00:00\",\"description\":\"Des coquillages dans la garnotte ! Il y a 450 millions d\u2019ann\u00e9es, le Canada se trouvait sous les tropiques et \u00e9tait recouvert d\u2019une mer peu profonde. De la\",\"breadcrumb\":{\"@id\":\"https:\/\/www.profaqua.ca\/fr\/produit\/fossiles\/#breadcrumb\"},\"inLanguage\":\"fr-FR\",\"potentialAction\":[{\"@type\":\"ReadAction\",\"target\":[\"https:\/\/www.profaqua.ca\/fr\/produit\/fossiles\/\"]}]},{\"@type\":\"BreadcrumbList\",\"@id\":\"https:\/\/www.profaqua.ca\/fr\/produit\/fossiles\/#breadcrumb\",\"itemListElement\":[{\"@type\":\"ListItem\",\"position\":1,\"name\":\"Home\",\"item\":\"https:\/\/www.profaqua.ca\/fr\/\"},{\"@type\":\"ListItem\",\"position\":2,\"name\":\"Produits\",\"item\":\"https:\/\/www.profaqua.ca\/fr\/shop\/\"},{\"@type\":\"ListItem\",\"position\":3,\"name\":\"Fossiles (Colombie-Britannique)\"}]},{\"@type\":\"WebSite\",\"@id\":\"https:\/\/www.profaqua.ca\/fr\/#website\",\"url\":\"https:\/\/www.profaqua.ca\/fr\/\",\"name\":\"Profaqua\",\"description\":\"\",\"potentialAction\":[{\"@type\":\"SearchAction\",\"target\":{\"@type\":\"EntryPoint\",\"urlTemplate\":\"https:\/\/www.profaqua.ca\/fr\/?s={search_term_string}\"},\"query-input\":\"required name=search_term_string\"}],\"inLanguage\":\"fr-FR\"}]}<\/script>\n<!-- \/ Yoast SEO plugin. -->","yoast_head_json":{"title":"Fossiles (Colombie-Britannique) - Profaqua","description":"Des coquillages dans la garnotte ! Il y a 450 millions d\u2019ann\u00e9es, le Canada se trouvait sous les tropiques et \u00e9tait recouvert d\u2019une mer peu profonde. De la","robots":{"index":"index","follow":"follow","max-snippet":"max-snippet:-1","max-image-preview":"max-image-preview:large","max-video-preview":"max-video-preview:-1"},"canonical":"https:\/\/www.profaqua.ca\/fr\/produit\/fossiles\/","og_locale":"fr_FR","og_type":"article","og_title":"Fossiles (Colombie-Britannique) - Profaqua","og_description":"Des coquillages dans la garnotte ! Il y a 450 millions d\u2019ann\u00e9es, le Canada se trouvait sous les tropiques et \u00e9tait recouvert d\u2019une mer peu profonde. De la","og_url":"https:\/\/www.profaqua.ca\/fr\/produit\/fossiles\/","og_site_name":"Profaqua","article_publisher":"https:\/\/www.facebook.com\/profaqua\/","article_modified_time":"2024-09-04T21:59:58+00:00","og_image":[{"width":1800,"height":1800,"url":"https:\/\/www.profaqua.ca\/wp-content\/uploads\/2017\/07\/3.11_Fossiles.png","type":"image\/png"}],"twitter_card":"summary_large_image","twitter_misc":{"Dur\u00e9e de lecture estim\u00e9e":"1 minute"},"schema":{"@context":"https:\/\/schema.org","@graph":[{"@type":"WebPage","@id":"https:\/\/www.profaqua.ca\/fr\/produit\/fossiles\/","url":"https:\/\/www.profaqua.ca\/fr\/produit\/fossiles\/","name":"Fossiles (Colombie-Britannique) - Profaqua","isPartOf":{"@id":"https:\/\/www.profaqua.ca\/fr\/#website"},"datePublished":"2017-07-26T19:18:10+00:00","dateModified":"2024-09-04T21:59:58+00:00","description":"Des coquillages dans la garnotte ! Il y a 450 millions d\u2019ann\u00e9es, le Canada se trouvait sous les tropiques et \u00e9tait recouvert d\u2019une mer peu profonde. De la","breadcrumb":{"@id":"https:\/\/www.profaqua.ca\/fr\/produit\/fossiles\/#breadcrumb"},"inLanguage":"fr-FR","potentialAction":[{"@type":"ReadAction","target":["https:\/\/www.profaqua.ca\/fr\/produit\/fossiles\/"]}]},{"@type":"BreadcrumbList","@id":"https:\/\/www.profaqua.ca\/fr\/produit\/fossiles\/#breadcrumb","itemListElement":[{"@type":"ListItem","position":1,"name":"Home","item":"https:\/\/www.profaqua.ca\/fr\/"},{"@type":"ListItem","position":2,"name":"Produits","item":"https:\/\/www.profaqua.ca\/fr\/shop\/"},{"@type":"ListItem","position":3,"name":"Fossiles (Colombie-Britannique)"}]},{"@type":"WebSite","@id":"https:\/\/www.profaqua.ca\/fr\/#website","url":"https:\/\/www.profaqua.ca\/fr\/","name":"Profaqua","description":"","potentialAction":[{"@type":"SearchAction","target":{"@type":"EntryPoint","urlTemplate":"https:\/\/www.profaqua.ca\/fr\/?s={search_term_string}"},"query-input":"required name=search_term_string"}],"inLanguage":"fr-FR"}]}},"_links":{"self":[{"href":"https:\/\/www.profaqua.ca\/fr\/wp-json\/wp\/v2\/product\/1211"}],"collection":[{"href":"https:\/\/www.profaqua.ca\/fr\/wp-json\/wp\/v2\/product"}],"about":[{"href":"https:\/\/www.profaqua.ca\/fr\/wp-json\/wp\/v2\/types\/product"}],"wp:featuredmedia":[{"embeddable":true,"href":"https:\/\/www.profaqua.ca\/fr\/wp-json\/wp\/v2\/media\/1222"}],"wp:attachment":[{"href":"https:\/\/www.profaqua.ca\/fr\/wp-json\/wp\/v2\/media?parent=1211"}],"wp:term":[{"taxonomy":"product_cat","embeddable":true,"href":"https:\/\/www.profaqua.ca\/fr\/wp-json\/wp\/v2\/product_cat?post=1211"},{"taxonomy":"product_tag","embeddable":true,"href":"https:\/\/www.profaqua.ca\/fr\/wp-json\/wp\/v2\/product_tag?post=1211"}],"curies":[{"name":"wp","href":"https:\/\/api.w.org\/{rel}","templated":true}]}}