{"id":1207,"date":"2017-07-26T13:52:00","date_gmt":"2017-07-26T18:52:00","guid":{"rendered":"https:\/\/www.profaqua.ca\/?post_type=product&#038;p=1207\/"},"modified":"2024-08-26T17:27:24","modified_gmt":"2024-08-26T22:27:24","slug":"eau-potable-eau-usee","status":"publish","type":"product","link":"https:\/\/www.profaqua.ca\/fr\/produit\/eau-potable-eau-usee\/","title":{"rendered":"Eau potable et eau us\u00e9e (Colombie-Britannique)"},"content":{"rendered":"<p>[vc_row][vc_column width=\u00a0\u00bb2\/3&Prime;][vc_column_text]<strong>C\u00e9l\u00e9bration de 100 ans de distribution d&rsquo;eau potable de haute qualit\u00e9 du M\u00e9tro Vancouver!<\/strong><\/p>\n<p><strong>De l\u2019eau bien lav\u00e9e !<\/strong><\/p>\n<p>D&rsquo;o\u00f9 vient notre eau potable et o\u00f9 va l\u2019eau quand les 2,8 millions de r\u00e9sidents du Lower Mainland tirent la chasse d\u2019eau\u2026?<\/p>\n<p>M\u00eame si aujourd&rsquo;hui, la plupart des r\u00e9sidents de la Colombie-Britannique ont acc\u00e8s \u00e0 une eau de tr\u00e8s bonne qualit\u00e9, de nombreux peuples autochtones n&rsquo;ont toujours pas acc\u00e8s \u00e0 de l&rsquo;eau potable.<\/p>\n<p>Ensemble, nous r\u00e9pondrons \u00e0 cette intrigante question, gr\u00e2ce \u00e0 un atelier bien pr\u00e9par\u00e9 pour nos jeunes curieux et surtout gr\u00e2ce \u00e0 une activit\u00e9 \u00e0 grand d\u00e9ploiement o\u00f9 vos \u00e9l\u00e8ves sauveront de la noyade des bonshommes Lego\u00ae qui prennent leur douche!<\/p>\n<p>En cr\u00e9ant leur propre circuit d\u2019eau potable et d\u2019eau us\u00e9e, ils comprendront l\u2019importance de prendre soin de cette indispensable ressource naturelle.<\/p>\n<p>Fermeture du robinet pendant le lavage des dents garanti![\/vc_column_text][\/vc_column][vc_column width=\u00a0\u00bb1\/3&Prime;][vc_column_text]<\/p>\n<p style=\"text-align: center;\"><img decoding=\"async\" loading=\"lazy\" class=\"\" src=\"https:\/\/metrovancouver.org\/services\/water\/PublishingImages\/100-years-badge.png\" alt=\"C\u00e9l\u00e9bration de 100 ans de distribution d'eau potable de haute qualit\u00e9\" width=\"325\" height=\"220\" \/><\/p>\n<p>[\/vc_column_text][\/vc_column][\/vc_row][vc_row][vc_column][vc_column_text]<strong>Pour 30 minutes de plus:<\/strong><\/p>\n<p>Si les installations le permettent, nous partirons visiter le r\u00e9seau d&rsquo;\u00e9gout et d&rsquo;eau potable de l\u2019\u00e9cole!<\/p>\n<h2><strong><u>Objectifs du primaire:<\/u><\/strong><\/h2>\n<ul>\n<li>D\u00e9crire les \u00e9tapes de la distribution de l\u2019eau potable et du traitement des eaux us\u00e9es.<\/li>\n<li>D\u00e9crire comment l\u2019humain a adapt\u00e9 son environnement pour avoir acc\u00e8s \u00e0 l\u2019eau potable et pour traiter des eaux us\u00e9es.<\/li>\n<li>D\u00e9crire l\u2019impact de la qualit\u00e9 de l\u2019eau sur l\u2019environnement et sur les individus.<\/li>\n<li>Comprendre comment les canalisations souterraines utilisent la gravit\u00e9 pour acheminer l\u2019eau vers l\u2019usine de filtration.<\/li>\n<\/ul>\n<h2><strong><u>Objectifs du secondaire:<\/u><\/strong><\/h2>\n<ul>\n<li>D\u00e9crire des traitements qui permettent de distribuer l\u2019eau potable et de d\u00e9contaminer des eaux us\u00e9es.<\/li>\n<li>Indiquer des causes de la p\u00e9nurie d\u2019eau potable (ex.\u00a0:\u00a0d\u00e9sertification, construction de barrages et d\u00e9tournement de cours d\u2019eau, augmentation de la demande).<\/li>\n<li>D\u00e9crire des m\u00e9thodes qui favorisent la biod\u00e9gradation des polluants.<\/li>\n<li>D\u00e9crire l\u2019impact de la qualit\u00e9 de l\u2019eau sur l\u2019environnement et sur les individus.<\/li>\n<\/ul>\n<p>[\/vc_column_text][\/vc_column][\/vc_row]<\/p>\n","protected":false},"excerpt":{"rendered":"<p>[vc_row][vc_column width=\u00a0\u00bb2\/3&Prime;][vc_column_text]C\u00e9l\u00e9bration de 100 ans de distribution d&rsquo;eau potable de haute qualit\u00e9 du M\u00e9tro Vancouver! De l\u2019eau bien lav\u00e9e ! D&rsquo;o\u00f9 vient notre eau potable et o\u00f9 va l\u2019eau quand les 2,8 millions de r\u00e9sidents du Lower Mainland tirent la chasse d\u2019eau\u2026? M\u00eame si aujourd&rsquo;hui, la plupart des r\u00e9sidents de la Colombie-Britannique ont acc\u00e8s \u00e0 une eau de tr\u00e8s bonne<\/p>\n<div class=\"h10\"><\/div>\n<p><a class=\"more-link1\" href=\"https:\/\/www.profaqua.ca\/fr\/produit\/eau-potable-eau-usee\/\">Voir plus<\/a><\/p>\n","protected":false},"featured_media":1241,"template":"","meta":[],"product_cat":[62],"product_tag":[],"acf":[],"yoast_head":"<!-- This site is optimized with the Yoast SEO plugin v20.13 - https:\/\/yoast.com\/wordpress\/plugins\/seo\/ -->\n<title>Eau potable et eau us\u00e9e (Colombie-Britannique) - Profaqua<\/title>\n<meta name=\"description\" content=\"C\u00e9l\u00e9bration de 100 ans de distribution d&#039;eau potable de haute qualit\u00e9 du M\u00e9tro Vancouver! De l\u2019eau bien lav\u00e9e ! D&#039;o\u00f9 vient notre eau potable et o\u00f9 va\" \/>\n<meta name=\"robots\" content=\"index, follow, max-snippet:-1, max-image-preview:large, max-video-preview:-1\" \/>\n<link rel=\"canonical\" href=\"https:\/\/www.profaqua.ca\/fr\/produit\/eau-potable-eau-usee\/\" \/>\n<meta property=\"og:locale\" content=\"fr_FR\" \/>\n<meta property=\"og:type\" content=\"article\" \/>\n<meta property=\"og:title\" content=\"Eau potable et eau us\u00e9e (Colombie-Britannique) - Profaqua\" \/>\n<meta property=\"og:description\" content=\"C\u00e9l\u00e9bration de 100 ans de distribution d&#039;eau potable de haute qualit\u00e9 du M\u00e9tro Vancouver! De l\u2019eau bien lav\u00e9e ! D&#039;o\u00f9 vient notre eau potable et o\u00f9 va\" \/>\n<meta property=\"og:url\" content=\"https:\/\/www.profaqua.ca\/fr\/produit\/eau-potable-eau-usee\/\" \/>\n<meta property=\"og:site_name\" content=\"Profaqua\" \/>\n<meta property=\"article:publisher\" content=\"https:\/\/www.facebook.com\/profaqua\/\" \/>\n<meta property=\"article:modified_time\" content=\"2024-08-26T22:27:24+00:00\" \/>\n<meta property=\"og:image\" content=\"https:\/\/www.profaqua.ca\/wp-content\/uploads\/2017\/07\/3.6_Eau_potable_et_eau_us\u00e9e.png\" \/>\n\t<meta property=\"og:image:width\" content=\"1800\" \/>\n\t<meta property=\"og:image:height\" content=\"1800\" \/>\n\t<meta property=\"og:image:type\" content=\"image\/png\" \/>\n<meta name=\"twitter:card\" content=\"summary_large_image\" \/>\n<meta name=\"twitter:label1\" content=\"Dur\u00e9e de lecture estim\u00e9e\" \/>\n\t<meta name=\"twitter:data1\" content=\"2 minutes\" \/>\n<script type=\"application\/ld+json\" class=\"yoast-schema-graph\">{\"@context\":\"https:\/\/schema.org\",\"@graph\":[{\"@type\":\"WebPage\",\"@id\":\"https:\/\/www.profaqua.ca\/fr\/produit\/eau-potable-eau-usee\/\",\"url\":\"https:\/\/www.profaqua.ca\/fr\/produit\/eau-potable-eau-usee\/\",\"name\":\"Eau potable et eau us\u00e9e (Colombie-Britannique) - Profaqua\",\"isPartOf\":{\"@id\":\"https:\/\/www.profaqua.ca\/fr\/#website\"},\"datePublished\":\"2017-07-26T18:52:00+00:00\",\"dateModified\":\"2024-08-26T22:27:24+00:00\",\"description\":\"C\u00e9l\u00e9bration de 100 ans de distribution d'eau potable de haute qualit\u00e9 du M\u00e9tro Vancouver! De l\u2019eau bien lav\u00e9e ! D'o\u00f9 vient notre eau potable et o\u00f9 va\",\"breadcrumb\":{\"@id\":\"https:\/\/www.profaqua.ca\/fr\/produit\/eau-potable-eau-usee\/#breadcrumb\"},\"inLanguage\":\"fr-FR\",\"potentialAction\":[{\"@type\":\"ReadAction\",\"target\":[\"https:\/\/www.profaqua.ca\/fr\/produit\/eau-potable-eau-usee\/\"]}]},{\"@type\":\"BreadcrumbList\",\"@id\":\"https:\/\/www.profaqua.ca\/fr\/produit\/eau-potable-eau-usee\/#breadcrumb\",\"itemListElement\":[{\"@type\":\"ListItem\",\"position\":1,\"name\":\"Home\",\"item\":\"https:\/\/www.profaqua.ca\/fr\/\"},{\"@type\":\"ListItem\",\"position\":2,\"name\":\"Produits\",\"item\":\"https:\/\/www.profaqua.ca\/fr\/shop\/\"},{\"@type\":\"ListItem\",\"position\":3,\"name\":\"Eau potable et eau us\u00e9e (Colombie-Britannique)\"}]},{\"@type\":\"WebSite\",\"@id\":\"https:\/\/www.profaqua.ca\/fr\/#website\",\"url\":\"https:\/\/www.profaqua.ca\/fr\/\",\"name\":\"Profaqua\",\"description\":\"\",\"potentialAction\":[{\"@type\":\"SearchAction\",\"target\":{\"@type\":\"EntryPoint\",\"urlTemplate\":\"https:\/\/www.profaqua.ca\/fr\/?s={search_term_string}\"},\"query-input\":\"required name=search_term_string\"}],\"inLanguage\":\"fr-FR\"}]}<\/script>\n<!-- \/ Yoast SEO plugin. -->","yoast_head_json":{"title":"Eau potable et eau us\u00e9e (Colombie-Britannique) - Profaqua","description":"C\u00e9l\u00e9bration de 100 ans de distribution d'eau potable de haute qualit\u00e9 du M\u00e9tro Vancouver! De l\u2019eau bien lav\u00e9e ! D'o\u00f9 vient notre eau potable et o\u00f9 va","robots":{"index":"index","follow":"follow","max-snippet":"max-snippet:-1","max-image-preview":"max-image-preview:large","max-video-preview":"max-video-preview:-1"},"canonical":"https:\/\/www.profaqua.ca\/fr\/produit\/eau-potable-eau-usee\/","og_locale":"fr_FR","og_type":"article","og_title":"Eau potable et eau us\u00e9e (Colombie-Britannique) - Profaqua","og_description":"C\u00e9l\u00e9bration de 100 ans de distribution d'eau potable de haute qualit\u00e9 du M\u00e9tro Vancouver! De l\u2019eau bien lav\u00e9e ! D'o\u00f9 vient notre eau potable et o\u00f9 va","og_url":"https:\/\/www.profaqua.ca\/fr\/produit\/eau-potable-eau-usee\/","og_site_name":"Profaqua","article_publisher":"https:\/\/www.facebook.com\/profaqua\/","article_modified_time":"2024-08-26T22:27:24+00:00","og_image":[{"width":1800,"height":1800,"url":"https:\/\/www.profaqua.ca\/wp-content\/uploads\/2017\/07\/3.6_Eau_potable_et_eau_us\u00e9e.png","type":"image\/png"}],"twitter_card":"summary_large_image","twitter_misc":{"Dur\u00e9e de lecture estim\u00e9e":"2 minutes"},"schema":{"@context":"https:\/\/schema.org","@graph":[{"@type":"WebPage","@id":"https:\/\/www.profaqua.ca\/fr\/produit\/eau-potable-eau-usee\/","url":"https:\/\/www.profaqua.ca\/fr\/produit\/eau-potable-eau-usee\/","name":"Eau potable et eau us\u00e9e (Colombie-Britannique) - Profaqua","isPartOf":{"@id":"https:\/\/www.profaqua.ca\/fr\/#website"},"datePublished":"2017-07-26T18:52:00+00:00","dateModified":"2024-08-26T22:27:24+00:00","description":"C\u00e9l\u00e9bration de 100 ans de distribution d'eau potable de haute qualit\u00e9 du M\u00e9tro Vancouver! De l\u2019eau bien lav\u00e9e ! D'o\u00f9 vient notre eau potable et o\u00f9 va","breadcrumb":{"@id":"https:\/\/www.profaqua.ca\/fr\/produit\/eau-potable-eau-usee\/#breadcrumb"},"inLanguage":"fr-FR","potentialAction":[{"@type":"ReadAction","target":["https:\/\/www.profaqua.ca\/fr\/produit\/eau-potable-eau-usee\/"]}]},{"@type":"BreadcrumbList","@id":"https:\/\/www.profaqua.ca\/fr\/produit\/eau-potable-eau-usee\/#breadcrumb","itemListElement":[{"@type":"ListItem","position":1,"name":"Home","item":"https:\/\/www.profaqua.ca\/fr\/"},{"@type":"ListItem","position":2,"name":"Produits","item":"https:\/\/www.profaqua.ca\/fr\/shop\/"},{"@type":"ListItem","position":3,"name":"Eau potable et eau us\u00e9e (Colombie-Britannique)"}]},{"@type":"WebSite","@id":"https:\/\/www.profaqua.ca\/fr\/#website","url":"https:\/\/www.profaqua.ca\/fr\/","name":"Profaqua","description":"","potentialAction":[{"@type":"SearchAction","target":{"@type":"EntryPoint","urlTemplate":"https:\/\/www.profaqua.ca\/fr\/?s={search_term_string}"},"query-input":"required name=search_term_string"}],"inLanguage":"fr-FR"}]}},"_links":{"self":[{"href":"https:\/\/www.profaqua.ca\/fr\/wp-json\/wp\/v2\/product\/1207"}],"collection":[{"href":"https:\/\/www.profaqua.ca\/fr\/wp-json\/wp\/v2\/product"}],"about":[{"href":"https:\/\/www.profaqua.ca\/fr\/wp-json\/wp\/v2\/types\/product"}],"wp:featuredmedia":[{"embeddable":true,"href":"https:\/\/www.profaqua.ca\/fr\/wp-json\/wp\/v2\/media\/1241"}],"wp:attachment":[{"href":"https:\/\/www.profaqua.ca\/fr\/wp-json\/wp\/v2\/media?parent=1207"}],"wp:term":[{"taxonomy":"product_cat","embeddable":true,"href":"https:\/\/www.profaqua.ca\/fr\/wp-json\/wp\/v2\/product_cat?post=1207"},{"taxonomy":"product_tag","embeddable":true,"href":"https:\/\/www.profaqua.ca\/fr\/wp-json\/wp\/v2\/product_tag?post=1207"}],"curies":[{"name":"wp","href":"https:\/\/api.w.org\/{rel}","templated":true}]}}