{"id":1205,"date":"2017-07-26T13:50:27","date_gmt":"2017-07-26T18:50:27","guid":{"rendered":"https:\/\/www.profaqua.ca\/?post_type=product&#038;p=1205\/"},"modified":"2024-09-04T17:05:32","modified_gmt":"2024-09-04T22:05:32","slug":"cycle-de-leau","status":"publish","type":"product","link":"https:\/\/www.profaqua.ca\/fr\/produit\/cycle-de-leau\/","title":{"rendered":"Cycle de l\u2019eau (Colombie-Britannique)"},"content":{"rendered":"<p><strong>\u00c7a va chauffer !<\/strong><\/p>\n<p>Beurk, nous buvons de l\u2019eau vieille de plusieurs milliards d\u2019ann\u00e9es!<\/p>\n<p>D\u2019o\u00f9 vient l\u2019eau sur Terre? Comment se transforme-t-elle?<\/p>\n<p>Les jeunes d\u00e9couvriront les \u00e9tapes du cycle de l\u2019eau, sa raret\u00e9, sa composition, son origine et sa temp\u00e9rature d\u2019\u00e9bullition gr\u00e2ce \u00e0 des petites exp\u00e9riences amusantes pour ensuite se transformer en de vrais chimistes et cr\u00e9er, en toute s\u00e9curit\u00e9, une petite temp\u00eate dans une \u00e9prouvette chauff\u00e9e par un br\u00fbleur!<\/p>\n<p><strong>Pour 15 minutes de plus:<\/strong><\/p>\n<p>Rajoutez une exp\u00e9rience incroyable avec le br\u00fbleur pour comprendre l\u2019effet de la pression sur l\u2019\u00e9bullition de l\u2019eau.<\/p>\n<h2><strong><u>Objectifs du primaire:<\/u><\/strong><\/h2>\n<ul>\n<li>D\u00e9crire la provenance de l\u2019eau sur la Terre.<\/li>\n<li>D\u00e9crire les \u00e9tapes du cycle de l\u2019eau (\u00e9vaporation, condensation, pr\u00e9cipitation, ruissellement et infiltration).<\/li>\n<li>Identifier des sources naturelles d\u2019eau douce (ruisseaux, lacs, rivi\u00e8res) et des sources naturelles d\u2019eau sal\u00e9e (mers, oc\u00e9ans).<\/li>\n<li>Exp\u00e9rimenter comment la pression atmosph\u00e9rique agit sur l\u2019eau (compression, d\u00e9placement, augmentation de la temp\u00e9rature).<\/li>\n<\/ul>\n","protected":false},"excerpt":{"rendered":"<p>\u00c7a va chauffer ! Beurk, nous buvons de l\u2019eau vieille de plusieurs milliards d\u2019ann\u00e9es! D\u2019o\u00f9 vient l\u2019eau sur Terre? Comment se transforme-t-elle? Les jeunes d\u00e9couvriront les \u00e9tapes du cycle de l\u2019eau, sa raret\u00e9, sa composition, son origine et sa temp\u00e9rature d\u2019\u00e9bullition gr\u00e2ce \u00e0 des petites exp\u00e9riences amusantes pour ensuite se transformer en de vrais chimistes et cr\u00e9er, en toute s\u00e9curit\u00e9,<\/p>\n<div class=\"h10\"><\/div>\n<p><a class=\"more-link1\" href=\"https:\/\/www.profaqua.ca\/fr\/produit\/cycle-de-leau\/\">Voir plus<\/a><\/p>\n","protected":false},"featured_media":1243,"template":"","meta":[],"product_cat":[62],"product_tag":[],"acf":[],"yoast_head":"<!-- This site is optimized with the Yoast SEO plugin v20.13 - https:\/\/yoast.com\/wordpress\/plugins\/seo\/ -->\n<title>Cycle de l\u2019eau (Colombie-Britannique) - Profaqua<\/title>\n<meta name=\"description\" content=\"\u00c7a va chauffer ! Beurk, nous buvons de l\u2019eau vieille de plusieurs milliards d\u2019ann\u00e9es! D\u2019o\u00f9 vient l\u2019eau sur Terre? Comment se transforme-t-elle? Les jeunes\" \/>\n<meta name=\"robots\" content=\"index, follow, max-snippet:-1, max-image-preview:large, max-video-preview:-1\" \/>\n<link rel=\"canonical\" href=\"https:\/\/www.profaqua.ca\/fr\/produit\/cycle-de-leau\/\" \/>\n<meta property=\"og:locale\" content=\"fr_FR\" \/>\n<meta property=\"og:type\" content=\"article\" \/>\n<meta property=\"og:title\" content=\"Cycle de l\u2019eau (Colombie-Britannique) - Profaqua\" \/>\n<meta property=\"og:description\" content=\"\u00c7a va chauffer ! Beurk, nous buvons de l\u2019eau vieille de plusieurs milliards d\u2019ann\u00e9es! D\u2019o\u00f9 vient l\u2019eau sur Terre? Comment se transforme-t-elle? Les jeunes\" \/>\n<meta property=\"og:url\" content=\"https:\/\/www.profaqua.ca\/fr\/produit\/cycle-de-leau\/\" \/>\n<meta property=\"og:site_name\" content=\"Profaqua\" \/>\n<meta property=\"article:publisher\" content=\"https:\/\/www.facebook.com\/profaqua\/\" \/>\n<meta property=\"article:modified_time\" content=\"2024-09-04T22:05:32+00:00\" \/>\n<meta property=\"og:image\" content=\"https:\/\/www.profaqua.ca\/wp-content\/uploads\/2017\/07\/3.4_Clycle_de_leau.png\" \/>\n\t<meta property=\"og:image:width\" content=\"1800\" \/>\n\t<meta property=\"og:image:height\" content=\"1800\" \/>\n\t<meta property=\"og:image:type\" content=\"image\/png\" \/>\n<meta name=\"twitter:card\" content=\"summary_large_image\" \/>\n<meta name=\"twitter:label1\" content=\"Dur\u00e9e de lecture estim\u00e9e\" \/>\n\t<meta name=\"twitter:data1\" content=\"1 minute\" \/>\n<script type=\"application\/ld+json\" class=\"yoast-schema-graph\">{\"@context\":\"https:\/\/schema.org\",\"@graph\":[{\"@type\":\"WebPage\",\"@id\":\"https:\/\/www.profaqua.ca\/fr\/produit\/cycle-de-leau\/\",\"url\":\"https:\/\/www.profaqua.ca\/fr\/produit\/cycle-de-leau\/\",\"name\":\"Cycle de l\u2019eau (Colombie-Britannique) - Profaqua\",\"isPartOf\":{\"@id\":\"https:\/\/www.profaqua.ca\/fr\/#website\"},\"datePublished\":\"2017-07-26T18:50:27+00:00\",\"dateModified\":\"2024-09-04T22:05:32+00:00\",\"description\":\"\u00c7a va chauffer ! Beurk, nous buvons de l\u2019eau vieille de plusieurs milliards d\u2019ann\u00e9es! D\u2019o\u00f9 vient l\u2019eau sur Terre? Comment se transforme-t-elle? Les jeunes\",\"breadcrumb\":{\"@id\":\"https:\/\/www.profaqua.ca\/fr\/produit\/cycle-de-leau\/#breadcrumb\"},\"inLanguage\":\"fr-FR\",\"potentialAction\":[{\"@type\":\"ReadAction\",\"target\":[\"https:\/\/www.profaqua.ca\/fr\/produit\/cycle-de-leau\/\"]}]},{\"@type\":\"BreadcrumbList\",\"@id\":\"https:\/\/www.profaqua.ca\/fr\/produit\/cycle-de-leau\/#breadcrumb\",\"itemListElement\":[{\"@type\":\"ListItem\",\"position\":1,\"name\":\"Home\",\"item\":\"https:\/\/www.profaqua.ca\/fr\/\"},{\"@type\":\"ListItem\",\"position\":2,\"name\":\"Produits\",\"item\":\"https:\/\/www.profaqua.ca\/fr\/shop\/\"},{\"@type\":\"ListItem\",\"position\":3,\"name\":\"Cycle de l\u2019eau (Colombie-Britannique)\"}]},{\"@type\":\"WebSite\",\"@id\":\"https:\/\/www.profaqua.ca\/fr\/#website\",\"url\":\"https:\/\/www.profaqua.ca\/fr\/\",\"name\":\"Profaqua\",\"description\":\"\",\"potentialAction\":[{\"@type\":\"SearchAction\",\"target\":{\"@type\":\"EntryPoint\",\"urlTemplate\":\"https:\/\/www.profaqua.ca\/fr\/?s={search_term_string}\"},\"query-input\":\"required name=search_term_string\"}],\"inLanguage\":\"fr-FR\"}]}<\/script>\n<!-- \/ Yoast SEO plugin. -->","yoast_head_json":{"title":"Cycle de l\u2019eau (Colombie-Britannique) - Profaqua","description":"\u00c7a va chauffer ! Beurk, nous buvons de l\u2019eau vieille de plusieurs milliards d\u2019ann\u00e9es! D\u2019o\u00f9 vient l\u2019eau sur Terre? Comment se transforme-t-elle? Les jeunes","robots":{"index":"index","follow":"follow","max-snippet":"max-snippet:-1","max-image-preview":"max-image-preview:large","max-video-preview":"max-video-preview:-1"},"canonical":"https:\/\/www.profaqua.ca\/fr\/produit\/cycle-de-leau\/","og_locale":"fr_FR","og_type":"article","og_title":"Cycle de l\u2019eau (Colombie-Britannique) - Profaqua","og_description":"\u00c7a va chauffer ! Beurk, nous buvons de l\u2019eau vieille de plusieurs milliards d\u2019ann\u00e9es! D\u2019o\u00f9 vient l\u2019eau sur Terre? Comment se transforme-t-elle? Les jeunes","og_url":"https:\/\/www.profaqua.ca\/fr\/produit\/cycle-de-leau\/","og_site_name":"Profaqua","article_publisher":"https:\/\/www.facebook.com\/profaqua\/","article_modified_time":"2024-09-04T22:05:32+00:00","og_image":[{"width":1800,"height":1800,"url":"https:\/\/www.profaqua.ca\/wp-content\/uploads\/2017\/07\/3.4_Clycle_de_leau.png","type":"image\/png"}],"twitter_card":"summary_large_image","twitter_misc":{"Dur\u00e9e de lecture estim\u00e9e":"1 minute"},"schema":{"@context":"https:\/\/schema.org","@graph":[{"@type":"WebPage","@id":"https:\/\/www.profaqua.ca\/fr\/produit\/cycle-de-leau\/","url":"https:\/\/www.profaqua.ca\/fr\/produit\/cycle-de-leau\/","name":"Cycle de l\u2019eau (Colombie-Britannique) - Profaqua","isPartOf":{"@id":"https:\/\/www.profaqua.ca\/fr\/#website"},"datePublished":"2017-07-26T18:50:27+00:00","dateModified":"2024-09-04T22:05:32+00:00","description":"\u00c7a va chauffer ! Beurk, nous buvons de l\u2019eau vieille de plusieurs milliards d\u2019ann\u00e9es! D\u2019o\u00f9 vient l\u2019eau sur Terre? Comment se transforme-t-elle? Les jeunes","breadcrumb":{"@id":"https:\/\/www.profaqua.ca\/fr\/produit\/cycle-de-leau\/#breadcrumb"},"inLanguage":"fr-FR","potentialAction":[{"@type":"ReadAction","target":["https:\/\/www.profaqua.ca\/fr\/produit\/cycle-de-leau\/"]}]},{"@type":"BreadcrumbList","@id":"https:\/\/www.profaqua.ca\/fr\/produit\/cycle-de-leau\/#breadcrumb","itemListElement":[{"@type":"ListItem","position":1,"name":"Home","item":"https:\/\/www.profaqua.ca\/fr\/"},{"@type":"ListItem","position":2,"name":"Produits","item":"https:\/\/www.profaqua.ca\/fr\/shop\/"},{"@type":"ListItem","position":3,"name":"Cycle de l\u2019eau (Colombie-Britannique)"}]},{"@type":"WebSite","@id":"https:\/\/www.profaqua.ca\/fr\/#website","url":"https:\/\/www.profaqua.ca\/fr\/","name":"Profaqua","description":"","potentialAction":[{"@type":"SearchAction","target":{"@type":"EntryPoint","urlTemplate":"https:\/\/www.profaqua.ca\/fr\/?s={search_term_string}"},"query-input":"required name=search_term_string"}],"inLanguage":"fr-FR"}]}},"_links":{"self":[{"href":"https:\/\/www.profaqua.ca\/fr\/wp-json\/wp\/v2\/product\/1205"}],"collection":[{"href":"https:\/\/www.profaqua.ca\/fr\/wp-json\/wp\/v2\/product"}],"about":[{"href":"https:\/\/www.profaqua.ca\/fr\/wp-json\/wp\/v2\/types\/product"}],"wp:featuredmedia":[{"embeddable":true,"href":"https:\/\/www.profaqua.ca\/fr\/wp-json\/wp\/v2\/media\/1243"}],"wp:attachment":[{"href":"https:\/\/www.profaqua.ca\/fr\/wp-json\/wp\/v2\/media?parent=1205"}],"wp:term":[{"taxonomy":"product_cat","embeddable":true,"href":"https:\/\/www.profaqua.ca\/fr\/wp-json\/wp\/v2\/product_cat?post=1205"},{"taxonomy":"product_tag","embeddable":true,"href":"https:\/\/www.profaqua.ca\/fr\/wp-json\/wp\/v2\/product_tag?post=1205"}],"curies":[{"name":"wp","href":"https:\/\/api.w.org\/{rel}","templated":true}]}}