{"id":1203,"date":"2017-07-26T13:48:51","date_gmt":"2017-07-26T18:48:51","guid":{"rendered":"https:\/\/www.profaqua.ca\/?post_type=product&#038;p=1203\/"},"modified":"2024-08-30T13:59:57","modified_gmt":"2024-08-30T18:59:57","slug":"catastrophes-naturelles","status":"publish","type":"product","link":"https:\/\/www.profaqua.ca\/fr\/produit\/catastrophes-naturelles\/","title":{"rendered":"Catastrophes naturelles (Colombie-Britannique)"},"content":{"rendered":"<p><strong>Puissantes forces de la nature !<\/strong><\/p>\n<p>Le Nord conna\u00eet des transformations sans pr\u00e9c\u00e9dent qui affecte les peuples autochtones. Il n\u2019\u200ay a qu\u2019\u200a\u00e0 voir les conditions m\u00e9t\u00e9orologiques instables, la myriade de feux de for\u00eat incontr\u00f4lables, les faibles niveaux d\u2019\u200aeau et les esp\u00e8ces envahissantes qui infestent nos \u00e9cosyst\u00e8mes.<\/p>\n<p>Qu\u2019elles viennent de la terre, de l\u2019air ou de l\u2019eau, les forces de la nature sont parfois d\u00e9vastatrices pour notre plan\u00e8te.<\/p>\n<p>Dans cet atelier interactif, vos scientifiques participeront \u00e0 4 exp\u00e9riences pour le 60 minutes et 5 exp\u00e9riences pour le 75 minutes incluant une \u00e9ruption volcanique montrant l&rsquo;exemple des monts Garibaldi, Cayley et Meager bien connus dans le sud-ouest de la Colombie-Britannique.<\/p>\n<p>Au d\u00e9but de l&rsquo;atelier, il y aura une d\u00e9monstration d&rsquo;une cloche \u00e0 vide en observant la pression atmosph\u00e9rique (hPa). Le but de cette exp\u00e9rience est de d\u00e9montrer aux \u00e9l\u00e8ves que si la pression est de 1000 hPa \u00e0 un endroit, l&rsquo;air qui se trouve au-dessus de la surface d&rsquo;un m\u00e8tre carr\u00e9 p\u00e8sera environ dix tonnes!<\/p>\n<p>Et par la suite, dans cet atelier, il y aura l\u2019\u00e9tude du vent concernant une tornade, l&rsquo;exp\u00e9rimentation de la force d&rsquo;un corps \u00e9tranger venant de l&rsquo;espace, les cons\u00e9quences du r\u00e9chauffement climatique et la r\u00e9sistance d\u2019un \u00e9difice \u00e0 un tremblement de terre de 15 secondes.<\/p>\n<p>Vous en sortirez sain et sauf!<\/p>\n<h2><strong><u>Objectifs du primaire:<\/u><\/strong><\/h2>\n<ul>\n<li>D\u00e9crire divers impacts de la qualit\u00e9 de l\u2019eau, du sol ou de l\u2019air sur les vivants.<\/li>\n<li>D\u00e9crire les principales structures \u00e0 la surface de la Terre (ex. : continent, oc\u00e9an, calotte glaciaire, montagne, volcan).<\/li>\n<li>D\u00e9crire certains ph\u00e9nom\u00e8nes naturels (ex. : \u00e9rosion, foudre, tornade, ouragan).<\/li>\n<li>D\u00e9crire l\u2019impact de certains ph\u00e9nom\u00e8nes naturels sur l\u2019environnement ou le bien-\u00eatre des individus.<\/li>\n<li>Reconna\u00eetre l\u2019influence et l\u2019impact des technologies de la Terre, de l\u2019atmosph\u00e8re et de l\u2019espace sur le mode de vie et l\u2019environnement des individus (ex. : appareils de prospection, instruments m\u00e9t\u00e9orologiques, sismographe, t\u00e9lescope, satellite, station spatiale).<\/li>\n<li>Utiliser ad\u00e9quatement des instruments de mesure simples (r\u00e8gle, compte-goutte, cylindre gradu\u00e9, balance, thermom\u00e8tre, girouette, barom\u00e8tre, an\u00e9mom\u00e8tre, hygrom\u00e8tre).<\/li>\n<\/ul>\n","protected":false},"excerpt":{"rendered":"<p>Puissantes forces de la nature ! Le Nord conna\u00eet des transformations sans pr\u00e9c\u00e9dent qui affecte les peuples autochtones. Il n\u2019\u200ay a qu\u2019\u200a\u00e0 voir les conditions m\u00e9t\u00e9orologiques instables, la myriade de feux de for\u00eat incontr\u00f4lables, les faibles niveaux d\u2019\u200aeau et les esp\u00e8ces envahissantes qui infestent nos \u00e9cosyst\u00e8mes. Qu\u2019elles viennent de la terre, de l\u2019air ou de l\u2019eau, les forces de la<\/p>\n<div class=\"h10\"><\/div>\n<p><a class=\"more-link1\" href=\"https:\/\/www.profaqua.ca\/fr\/produit\/catastrophes-naturelles\/\">Voir plus<\/a><\/p>\n","protected":false},"featured_media":1247,"template":"","meta":[],"product_cat":[62],"product_tag":[],"acf":[],"yoast_head":"<!-- This site is optimized with the Yoast SEO plugin v20.13 - https:\/\/yoast.com\/wordpress\/plugins\/seo\/ -->\n<title>Catastrophes naturelles (Colombie-Britannique) - Profaqua<\/title>\n<meta name=\"description\" content=\"Puissantes forces de la nature ! Le Nord conna\u00eet des transformations sans pr\u00e9c\u00e9dent qui affecte les peuples autochtones. Il n\u2019\u200ay a qu\u2019\u200a\u00e0 voir les\" \/>\n<meta name=\"robots\" content=\"index, follow, max-snippet:-1, max-image-preview:large, max-video-preview:-1\" \/>\n<link rel=\"canonical\" href=\"https:\/\/www.profaqua.ca\/fr\/produit\/catastrophes-naturelles\/\" \/>\n<meta property=\"og:locale\" content=\"fr_FR\" \/>\n<meta property=\"og:type\" content=\"article\" \/>\n<meta property=\"og:title\" content=\"Catastrophes naturelles (Colombie-Britannique) - Profaqua\" \/>\n<meta property=\"og:description\" content=\"Puissantes forces de la nature ! Le Nord conna\u00eet des transformations sans pr\u00e9c\u00e9dent qui affecte les peuples autochtones. Il n\u2019\u200ay a qu\u2019\u200a\u00e0 voir les\" \/>\n<meta property=\"og:url\" content=\"https:\/\/www.profaqua.ca\/fr\/produit\/catastrophes-naturelles\/\" \/>\n<meta property=\"og:site_name\" content=\"Profaqua\" \/>\n<meta property=\"article:publisher\" content=\"https:\/\/www.facebook.com\/profaqua\/\" \/>\n<meta property=\"article:modified_time\" content=\"2024-08-30T18:59:57+00:00\" \/>\n<meta property=\"og:image\" content=\"https:\/\/www.profaqua.ca\/wp-content\/uploads\/2017\/07\/3.2_Catastrophes_naturelles.png\" \/>\n\t<meta property=\"og:image:width\" content=\"1800\" \/>\n\t<meta property=\"og:image:height\" content=\"1800\" \/>\n\t<meta property=\"og:image:type\" content=\"image\/png\" \/>\n<meta name=\"twitter:card\" content=\"summary_large_image\" \/>\n<meta name=\"twitter:label1\" content=\"Dur\u00e9e de lecture estim\u00e9e\" \/>\n\t<meta name=\"twitter:data1\" content=\"2 minutes\" \/>\n<script type=\"application\/ld+json\" class=\"yoast-schema-graph\">{\"@context\":\"https:\/\/schema.org\",\"@graph\":[{\"@type\":\"WebPage\",\"@id\":\"https:\/\/www.profaqua.ca\/fr\/produit\/catastrophes-naturelles\/\",\"url\":\"https:\/\/www.profaqua.ca\/fr\/produit\/catastrophes-naturelles\/\",\"name\":\"Catastrophes naturelles (Colombie-Britannique) - Profaqua\",\"isPartOf\":{\"@id\":\"https:\/\/www.profaqua.ca\/fr\/#website\"},\"datePublished\":\"2017-07-26T18:48:51+00:00\",\"dateModified\":\"2024-08-30T18:59:57+00:00\",\"description\":\"Puissantes forces de la nature ! Le Nord conna\u00eet des transformations sans pr\u00e9c\u00e9dent qui affecte les peuples autochtones. Il n\u2019\u200ay a qu\u2019\u200a\u00e0 voir les\",\"breadcrumb\":{\"@id\":\"https:\/\/www.profaqua.ca\/fr\/produit\/catastrophes-naturelles\/#breadcrumb\"},\"inLanguage\":\"fr-FR\",\"potentialAction\":[{\"@type\":\"ReadAction\",\"target\":[\"https:\/\/www.profaqua.ca\/fr\/produit\/catastrophes-naturelles\/\"]}]},{\"@type\":\"BreadcrumbList\",\"@id\":\"https:\/\/www.profaqua.ca\/fr\/produit\/catastrophes-naturelles\/#breadcrumb\",\"itemListElement\":[{\"@type\":\"ListItem\",\"position\":1,\"name\":\"Home\",\"item\":\"https:\/\/www.profaqua.ca\/fr\/\"},{\"@type\":\"ListItem\",\"position\":2,\"name\":\"Produits\",\"item\":\"https:\/\/www.profaqua.ca\/fr\/shop\/\"},{\"@type\":\"ListItem\",\"position\":3,\"name\":\"Catastrophes naturelles (Colombie-Britannique)\"}]},{\"@type\":\"WebSite\",\"@id\":\"https:\/\/www.profaqua.ca\/fr\/#website\",\"url\":\"https:\/\/www.profaqua.ca\/fr\/\",\"name\":\"Profaqua\",\"description\":\"\",\"potentialAction\":[{\"@type\":\"SearchAction\",\"target\":{\"@type\":\"EntryPoint\",\"urlTemplate\":\"https:\/\/www.profaqua.ca\/fr\/?s={search_term_string}\"},\"query-input\":\"required name=search_term_string\"}],\"inLanguage\":\"fr-FR\"}]}<\/script>\n<!-- \/ Yoast SEO plugin. -->","yoast_head_json":{"title":"Catastrophes naturelles (Colombie-Britannique) - Profaqua","description":"Puissantes forces de la nature ! Le Nord conna\u00eet des transformations sans pr\u00e9c\u00e9dent qui affecte les peuples autochtones. Il n\u2019\u200ay a qu\u2019\u200a\u00e0 voir les","robots":{"index":"index","follow":"follow","max-snippet":"max-snippet:-1","max-image-preview":"max-image-preview:large","max-video-preview":"max-video-preview:-1"},"canonical":"https:\/\/www.profaqua.ca\/fr\/produit\/catastrophes-naturelles\/","og_locale":"fr_FR","og_type":"article","og_title":"Catastrophes naturelles (Colombie-Britannique) - Profaqua","og_description":"Puissantes forces de la nature ! Le Nord conna\u00eet des transformations sans pr\u00e9c\u00e9dent qui affecte les peuples autochtones. Il n\u2019\u200ay a qu\u2019\u200a\u00e0 voir les","og_url":"https:\/\/www.profaqua.ca\/fr\/produit\/catastrophes-naturelles\/","og_site_name":"Profaqua","article_publisher":"https:\/\/www.facebook.com\/profaqua\/","article_modified_time":"2024-08-30T18:59:57+00:00","og_image":[{"width":1800,"height":1800,"url":"https:\/\/www.profaqua.ca\/wp-content\/uploads\/2017\/07\/3.2_Catastrophes_naturelles.png","type":"image\/png"}],"twitter_card":"summary_large_image","twitter_misc":{"Dur\u00e9e de lecture estim\u00e9e":"2 minutes"},"schema":{"@context":"https:\/\/schema.org","@graph":[{"@type":"WebPage","@id":"https:\/\/www.profaqua.ca\/fr\/produit\/catastrophes-naturelles\/","url":"https:\/\/www.profaqua.ca\/fr\/produit\/catastrophes-naturelles\/","name":"Catastrophes naturelles (Colombie-Britannique) - Profaqua","isPartOf":{"@id":"https:\/\/www.profaqua.ca\/fr\/#website"},"datePublished":"2017-07-26T18:48:51+00:00","dateModified":"2024-08-30T18:59:57+00:00","description":"Puissantes forces de la nature ! Le Nord conna\u00eet des transformations sans pr\u00e9c\u00e9dent qui affecte les peuples autochtones. Il n\u2019\u200ay a qu\u2019\u200a\u00e0 voir les","breadcrumb":{"@id":"https:\/\/www.profaqua.ca\/fr\/produit\/catastrophes-naturelles\/#breadcrumb"},"inLanguage":"fr-FR","potentialAction":[{"@type":"ReadAction","target":["https:\/\/www.profaqua.ca\/fr\/produit\/catastrophes-naturelles\/"]}]},{"@type":"BreadcrumbList","@id":"https:\/\/www.profaqua.ca\/fr\/produit\/catastrophes-naturelles\/#breadcrumb","itemListElement":[{"@type":"ListItem","position":1,"name":"Home","item":"https:\/\/www.profaqua.ca\/fr\/"},{"@type":"ListItem","position":2,"name":"Produits","item":"https:\/\/www.profaqua.ca\/fr\/shop\/"},{"@type":"ListItem","position":3,"name":"Catastrophes naturelles (Colombie-Britannique)"}]},{"@type":"WebSite","@id":"https:\/\/www.profaqua.ca\/fr\/#website","url":"https:\/\/www.profaqua.ca\/fr\/","name":"Profaqua","description":"","potentialAction":[{"@type":"SearchAction","target":{"@type":"EntryPoint","urlTemplate":"https:\/\/www.profaqua.ca\/fr\/?s={search_term_string}"},"query-input":"required name=search_term_string"}],"inLanguage":"fr-FR"}]}},"_links":{"self":[{"href":"https:\/\/www.profaqua.ca\/fr\/wp-json\/wp\/v2\/product\/1203"}],"collection":[{"href":"https:\/\/www.profaqua.ca\/fr\/wp-json\/wp\/v2\/product"}],"about":[{"href":"https:\/\/www.profaqua.ca\/fr\/wp-json\/wp\/v2\/types\/product"}],"wp:featuredmedia":[{"embeddable":true,"href":"https:\/\/www.profaqua.ca\/fr\/wp-json\/wp\/v2\/media\/1247"}],"wp:attachment":[{"href":"https:\/\/www.profaqua.ca\/fr\/wp-json\/wp\/v2\/media?parent=1203"}],"wp:term":[{"taxonomy":"product_cat","embeddable":true,"href":"https:\/\/www.profaqua.ca\/fr\/wp-json\/wp\/v2\/product_cat?post=1203"},{"taxonomy":"product_tag","embeddable":true,"href":"https:\/\/www.profaqua.ca\/fr\/wp-json\/wp\/v2\/product_tag?post=1203"}],"curies":[{"name":"wp","href":"https:\/\/api.w.org\/{rel}","templated":true}]}}