{"id":1202,"date":"2024-08-13T20:25:10","date_gmt":"2024-08-14T01:25:10","guid":{"rendered":"https:\/\/www.profaqua.ca\/?post_type=product&#038;p=1202\/"},"modified":"2024-09-03T12:41:05","modified_gmt":"2024-09-03T17:41:05","slug":"air","status":"publish","type":"product","link":"https:\/\/www.profaqua.ca\/fr\/produit\/air\/","title":{"rendered":"Air (Colombie-Britannique)"},"content":{"rendered":"<p><strong>Gonflez vos neurones !<\/strong><\/p>\n<p>Avoir le poids d\u2019un \u00e9l\u00e9phant sur le corps en sa pr\u00e9sence, ou se retrouver comme sur la Lune en son absence,\u00a0 l\u2019air est vraiment plein de surprise!<\/p>\n<p>Sous leurs yeux \u00e9bahis, les jeunes verront une guimauve doubler de volume gr\u00e2ce \u00e0 notre cloche sous vide.<\/p>\n<p>Puis au cours de cinq exp\u00e9riences d\u00e9coiffantes (balles flottantes, concours de ballon de Bernoulli, bulles de savon g\u00e9om\u00e9triques, vessie natatoire et portance), vos scientifiques d\u00e9couvriront les secrets de cette myst\u00e9rieuse substance : sa composition, sa force, son utilit\u00e9 pour les avions, et m\u00eame les poissons!<\/p>\n<p>Laissez-nous vous amener sur la Lune avec la cloche sous vide gr\u00e2ce \u00e0 laquelle notre r\u00e9veil matin sera mis sous silence!<\/p>\n<p>Vous en aurez le souffle coup\u00e9!<\/p>\n<h2><strong><u>Objectifs du primaire:<\/u><\/strong><\/h2>\n<ul>\n<li>D\u00e9crire la composition de l\u2019air (azote, oxyg\u00e8ne et gaz rares).<\/li>\n<li>Comprendre que l\u2019air a un poids et une masse.<\/li>\n<li>Expliquer le concept de pression atmosph\u00e9rique.<\/li>\n<li>Reconna\u00eetre diverses manifestations de la pression (ex. : ballon gonflable, pression atmosph\u00e9rique, bulle, aile d\u2019avion).<\/li>\n<li>D\u00e9crire comment la pression agit sur un corps (compression, d\u00e9placement, augmentation de la temp\u00e9rature).<\/li>\n<li>Expliquer le concept de portance et d\u2019a\u00e9rodynamisme.<\/li>\n<\/ul>\n","protected":false},"excerpt":{"rendered":"<p>Gonflez vos neurones ! Avoir le poids d\u2019un \u00e9l\u00e9phant sur le corps en sa pr\u00e9sence, ou se retrouver comme sur la Lune en son absence,\u00a0 l\u2019air est vraiment plein de surprise! Sous leurs yeux \u00e9bahis, les jeunes verront une guimauve doubler de volume gr\u00e2ce \u00e0 notre cloche sous vide. Puis au cours de cinq exp\u00e9riences d\u00e9coiffantes (balles flottantes, concours de<\/p>\n<div class=\"h10\"><\/div>\n<p><a class=\"more-link1\" href=\"https:\/\/www.profaqua.ca\/fr\/produit\/air\/\">Voir plus<\/a><\/p>\n","protected":false},"featured_media":1218,"template":"","meta":[],"product_cat":[62],"product_tag":[],"acf":[],"yoast_head":"<!-- This site is optimized with the Yoast SEO plugin v20.13 - https:\/\/yoast.com\/wordpress\/plugins\/seo\/ -->\n<title>Air (Colombie-Britannique) - Profaqua<\/title>\n<meta name=\"description\" content=\"Gonflez vos neurones ! Avoir le poids d\u2019un \u00e9l\u00e9phant sur le corps en sa pr\u00e9sence, ou se retrouver comme sur la Lune en son absence,\u00a0 l\u2019air est vraiment\" \/>\n<meta name=\"robots\" content=\"index, follow, max-snippet:-1, max-image-preview:large, max-video-preview:-1\" \/>\n<link rel=\"canonical\" href=\"https:\/\/www.profaqua.ca\/fr\/produit\/air\/\" \/>\n<meta property=\"og:locale\" content=\"fr_FR\" \/>\n<meta property=\"og:type\" content=\"article\" \/>\n<meta property=\"og:title\" content=\"Air (Colombie-Britannique) - Profaqua\" \/>\n<meta property=\"og:description\" content=\"Gonflez vos neurones ! Avoir le poids d\u2019un \u00e9l\u00e9phant sur le corps en sa pr\u00e9sence, ou se retrouver comme sur la Lune en son absence,\u00a0 l\u2019air est vraiment\" \/>\n<meta property=\"og:url\" content=\"https:\/\/www.profaqua.ca\/fr\/produit\/air\/\" \/>\n<meta property=\"og:site_name\" content=\"Profaqua\" \/>\n<meta property=\"article:publisher\" content=\"https:\/\/www.facebook.com\/profaqua\/\" \/>\n<meta property=\"article:modified_time\" content=\"2024-09-03T17:41:05+00:00\" \/>\n<meta property=\"og:image\" content=\"https:\/\/www.profaqua.ca\/wp-content\/uploads\/2017\/07\/3.1_Air.png\" \/>\n\t<meta property=\"og:image:width\" content=\"1800\" \/>\n\t<meta property=\"og:image:height\" content=\"1800\" \/>\n\t<meta property=\"og:image:type\" content=\"image\/png\" \/>\n<meta name=\"twitter:card\" content=\"summary_large_image\" \/>\n<meta name=\"twitter:label1\" content=\"Dur\u00e9e de lecture estim\u00e9e\" \/>\n\t<meta name=\"twitter:data1\" content=\"1 minute\" \/>\n<script type=\"application\/ld+json\" class=\"yoast-schema-graph\">{\"@context\":\"https:\/\/schema.org\",\"@graph\":[{\"@type\":\"WebPage\",\"@id\":\"https:\/\/www.profaqua.ca\/fr\/produit\/air\/\",\"url\":\"https:\/\/www.profaqua.ca\/fr\/produit\/air\/\",\"name\":\"Air (Colombie-Britannique) - Profaqua\",\"isPartOf\":{\"@id\":\"https:\/\/www.profaqua.ca\/fr\/#website\"},\"datePublished\":\"2024-08-14T01:25:10+00:00\",\"dateModified\":\"2024-09-03T17:41:05+00:00\",\"description\":\"Gonflez vos neurones ! Avoir le poids d\u2019un \u00e9l\u00e9phant sur le corps en sa pr\u00e9sence, ou se retrouver comme sur la Lune en son absence,\u00a0 l\u2019air est vraiment\",\"breadcrumb\":{\"@id\":\"https:\/\/www.profaqua.ca\/fr\/produit\/air\/#breadcrumb\"},\"inLanguage\":\"fr-FR\",\"potentialAction\":[{\"@type\":\"ReadAction\",\"target\":[\"https:\/\/www.profaqua.ca\/fr\/produit\/air\/\"]}]},{\"@type\":\"BreadcrumbList\",\"@id\":\"https:\/\/www.profaqua.ca\/fr\/produit\/air\/#breadcrumb\",\"itemListElement\":[{\"@type\":\"ListItem\",\"position\":1,\"name\":\"Home\",\"item\":\"https:\/\/www.profaqua.ca\/fr\/\"},{\"@type\":\"ListItem\",\"position\":2,\"name\":\"Produits\",\"item\":\"https:\/\/www.profaqua.ca\/fr\/shop\/\"},{\"@type\":\"ListItem\",\"position\":3,\"name\":\"Air (Colombie-Britannique)\"}]},{\"@type\":\"WebSite\",\"@id\":\"https:\/\/www.profaqua.ca\/fr\/#website\",\"url\":\"https:\/\/www.profaqua.ca\/fr\/\",\"name\":\"Profaqua\",\"description\":\"\",\"potentialAction\":[{\"@type\":\"SearchAction\",\"target\":{\"@type\":\"EntryPoint\",\"urlTemplate\":\"https:\/\/www.profaqua.ca\/fr\/?s={search_term_string}\"},\"query-input\":\"required name=search_term_string\"}],\"inLanguage\":\"fr-FR\"}]}<\/script>\n<!-- \/ Yoast SEO plugin. -->","yoast_head_json":{"title":"Air (Colombie-Britannique) - Profaqua","description":"Gonflez vos neurones ! Avoir le poids d\u2019un \u00e9l\u00e9phant sur le corps en sa pr\u00e9sence, ou se retrouver comme sur la Lune en son absence,\u00a0 l\u2019air est vraiment","robots":{"index":"index","follow":"follow","max-snippet":"max-snippet:-1","max-image-preview":"max-image-preview:large","max-video-preview":"max-video-preview:-1"},"canonical":"https:\/\/www.profaqua.ca\/fr\/produit\/air\/","og_locale":"fr_FR","og_type":"article","og_title":"Air (Colombie-Britannique) - Profaqua","og_description":"Gonflez vos neurones ! Avoir le poids d\u2019un \u00e9l\u00e9phant sur le corps en sa pr\u00e9sence, ou se retrouver comme sur la Lune en son absence,\u00a0 l\u2019air est vraiment","og_url":"https:\/\/www.profaqua.ca\/fr\/produit\/air\/","og_site_name":"Profaqua","article_publisher":"https:\/\/www.facebook.com\/profaqua\/","article_modified_time":"2024-09-03T17:41:05+00:00","og_image":[{"width":1800,"height":1800,"url":"https:\/\/www.profaqua.ca\/wp-content\/uploads\/2017\/07\/3.1_Air.png","type":"image\/png"}],"twitter_card":"summary_large_image","twitter_misc":{"Dur\u00e9e de lecture estim\u00e9e":"1 minute"},"schema":{"@context":"https:\/\/schema.org","@graph":[{"@type":"WebPage","@id":"https:\/\/www.profaqua.ca\/fr\/produit\/air\/","url":"https:\/\/www.profaqua.ca\/fr\/produit\/air\/","name":"Air (Colombie-Britannique) - Profaqua","isPartOf":{"@id":"https:\/\/www.profaqua.ca\/fr\/#website"},"datePublished":"2024-08-14T01:25:10+00:00","dateModified":"2024-09-03T17:41:05+00:00","description":"Gonflez vos neurones ! Avoir le poids d\u2019un \u00e9l\u00e9phant sur le corps en sa pr\u00e9sence, ou se retrouver comme sur la Lune en son absence,\u00a0 l\u2019air est vraiment","breadcrumb":{"@id":"https:\/\/www.profaqua.ca\/fr\/produit\/air\/#breadcrumb"},"inLanguage":"fr-FR","potentialAction":[{"@type":"ReadAction","target":["https:\/\/www.profaqua.ca\/fr\/produit\/air\/"]}]},{"@type":"BreadcrumbList","@id":"https:\/\/www.profaqua.ca\/fr\/produit\/air\/#breadcrumb","itemListElement":[{"@type":"ListItem","position":1,"name":"Home","item":"https:\/\/www.profaqua.ca\/fr\/"},{"@type":"ListItem","position":2,"name":"Produits","item":"https:\/\/www.profaqua.ca\/fr\/shop\/"},{"@type":"ListItem","position":3,"name":"Air (Colombie-Britannique)"}]},{"@type":"WebSite","@id":"https:\/\/www.profaqua.ca\/fr\/#website","url":"https:\/\/www.profaqua.ca\/fr\/","name":"Profaqua","description":"","potentialAction":[{"@type":"SearchAction","target":{"@type":"EntryPoint","urlTemplate":"https:\/\/www.profaqua.ca\/fr\/?s={search_term_string}"},"query-input":"required name=search_term_string"}],"inLanguage":"fr-FR"}]}},"_links":{"self":[{"href":"https:\/\/www.profaqua.ca\/fr\/wp-json\/wp\/v2\/product\/1202"}],"collection":[{"href":"https:\/\/www.profaqua.ca\/fr\/wp-json\/wp\/v2\/product"}],"about":[{"href":"https:\/\/www.profaqua.ca\/fr\/wp-json\/wp\/v2\/types\/product"}],"wp:featuredmedia":[{"embeddable":true,"href":"https:\/\/www.profaqua.ca\/fr\/wp-json\/wp\/v2\/media\/1218"}],"wp:attachment":[{"href":"https:\/\/www.profaqua.ca\/fr\/wp-json\/wp\/v2\/media?parent=1202"}],"wp:term":[{"taxonomy":"product_cat","embeddable":true,"href":"https:\/\/www.profaqua.ca\/fr\/wp-json\/wp\/v2\/product_cat?post=1202"},{"taxonomy":"product_tag","embeddable":true,"href":"https:\/\/www.profaqua.ca\/fr\/wp-json\/wp\/v2\/product_tag?post=1202"}],"curies":[{"name":"wp","href":"https:\/\/api.w.org\/{rel}","templated":true}]}}