{"id":1201,"date":"2017-07-26T13:32:49","date_gmt":"2017-07-26T18:32:49","guid":{"rendered":"https:\/\/www.profaqua.ca\/?post_type=product&#038;p=1201\/"},"modified":"2024-09-04T17:16:16","modified_gmt":"2024-09-04T22:16:16","slug":"temps-et-mesures","status":"publish","type":"product","link":"https:\/\/www.profaqua.ca\/fr\/produit\/temps-et-mesures\/","title":{"rendered":"Temps et mesures (Colombie-Britannique)"},"content":{"rendered":"<p><strong>Imp\u00e9rial ou m\u00e9trique ?<\/strong><\/p>\n<p>32 degr\u00e9s Celsius ou Fahrenheit? La diff\u00e9rence est clairement mesurable et ne sera plus jamais un secret pour vos jeunes.<\/p>\n<p>Ensemble, nous allons explorer, des unit\u00e9s de mesure: la temp\u00e9rature, l&rsquo;argent, le volume, le temps, et la densit\u00e9 par l\u2019interm\u00e9diaire de cinq exp\u00e9riences amusantes incluant l\u2019utilisation d\u2019un thermom\u00e8tre laser, d\u2019une calculatrice g\u00e9ante, de tasses \u00e0 mesurer, d\u2019une horloge solaire, et d\u2019une balance \u00e9lectronique.<\/p>\n<p>Les diff\u00e9rences entre les syst\u00e8mes m\u00e9triques et imp\u00e9riaux seront d\u00e9voil\u00e9es pour de bon!<\/p>\n<h2><strong><u>Objectifs du primaire:<\/u><\/strong><\/h2>\n<ul>\n<li>Distinction de diff\u00e9rentes notions de temps (heure, jour, semaine, mois, saison, \u00e9volution d\u2019un poussin, histoire, etc.).<\/li>\n<li>Distinguer la masse d\u2019un objet (quantit\u00e9 de mati\u00e8re) de son poids.<\/li>\n<li>Classer des solides selon leur masse volumique.<\/li>\n<li>Distinguer trois \u00e9tats de la mati\u00e8re (solide, liquide, gazeux) et les transformations n\u00e9cessaires (chauffer et refroidir) pour y parvenir.<\/li>\n<li>Comprendre que le volume peut prendre plusieurs formes.<\/li>\n<li>Utiliser des instruments de mesure simples (balance, cuill\u00e8re, bouteille gradu\u00e9e et thermom\u00e8tre)<\/li>\n<li>Comprendre la valeur de l\u2019argent (d\u2019hier et d\u2019aujourd\u2019hui).<\/li>\n<li>Associer le cycle du jour et de la nuit \u00e0 la rotation de la Terre.<\/li>\n<li>Associer l\u2019alternance des saisons avec la r\u00e9volution et l\u2019inclinaison de la Terre.<\/li>\n<\/ul>\n","protected":false},"excerpt":{"rendered":"<p>Imp\u00e9rial ou m\u00e9trique ? 32 degr\u00e9s Celsius ou Fahrenheit? La diff\u00e9rence est clairement mesurable et ne sera plus jamais un secret pour vos jeunes. Ensemble, nous allons explorer, des unit\u00e9s de mesure: la temp\u00e9rature, l&rsquo;argent, le volume, le temps, et la densit\u00e9 par l\u2019interm\u00e9diaire de cinq exp\u00e9riences amusantes incluant l\u2019utilisation d\u2019un thermom\u00e8tre laser, d\u2019une calculatrice g\u00e9ante, de tasses \u00e0 mesurer,<\/p>\n<div class=\"h10\"><\/div>\n<p><a class=\"more-link1\" href=\"https:\/\/www.profaqua.ca\/fr\/produit\/temps-et-mesures\/\">Voir plus<\/a><\/p>\n","protected":false},"featured_media":1249,"template":"","meta":[],"product_cat":[62],"product_tag":[],"acf":[],"yoast_head":"<!-- This site is optimized with the Yoast SEO plugin v20.13 - https:\/\/yoast.com\/wordpress\/plugins\/seo\/ -->\n<title>Temps et mesures (Colombie-Britannique) - Profaqua<\/title>\n<meta name=\"description\" content=\"Imp\u00e9rial ou m\u00e9trique ? 32 degr\u00e9s Celsius ou Fahrenheit? La diff\u00e9rence est clairement mesurable et ne sera plus jamais un secret pour vos jeunes. Ensemble,\" \/>\n<meta name=\"robots\" content=\"index, follow, max-snippet:-1, max-image-preview:large, max-video-preview:-1\" \/>\n<link rel=\"canonical\" href=\"https:\/\/www.profaqua.ca\/fr\/produit\/temps-et-mesures\/\" \/>\n<meta property=\"og:locale\" content=\"fr_FR\" \/>\n<meta property=\"og:type\" content=\"article\" \/>\n<meta property=\"og:title\" content=\"Temps et mesures (Colombie-Britannique) - Profaqua\" \/>\n<meta property=\"og:description\" content=\"Imp\u00e9rial ou m\u00e9trique ? 32 degr\u00e9s Celsius ou Fahrenheit? La diff\u00e9rence est clairement mesurable et ne sera plus jamais un secret pour vos jeunes. Ensemble,\" \/>\n<meta property=\"og:url\" content=\"https:\/\/www.profaqua.ca\/fr\/produit\/temps-et-mesures\/\" \/>\n<meta property=\"og:site_name\" content=\"Profaqua\" \/>\n<meta property=\"article:publisher\" content=\"https:\/\/www.facebook.com\/profaqua\/\" \/>\n<meta property=\"article:modified_time\" content=\"2024-09-04T22:16:16+00:00\" \/>\n<meta property=\"og:image\" content=\"https:\/\/www.profaqua.ca\/wp-content\/uploads\/2017\/07\/2.26_Temps_et_mesures-002.png\" \/>\n\t<meta property=\"og:image:width\" content=\"1800\" \/>\n\t<meta property=\"og:image:height\" content=\"1800\" \/>\n\t<meta property=\"og:image:type\" content=\"image\/png\" \/>\n<meta name=\"twitter:card\" content=\"summary_large_image\" \/>\n<meta name=\"twitter:label1\" content=\"Dur\u00e9e de lecture estim\u00e9e\" \/>\n\t<meta name=\"twitter:data1\" content=\"1 minute\" \/>\n<script type=\"application\/ld+json\" class=\"yoast-schema-graph\">{\"@context\":\"https:\/\/schema.org\",\"@graph\":[{\"@type\":\"WebPage\",\"@id\":\"https:\/\/www.profaqua.ca\/fr\/produit\/temps-et-mesures\/\",\"url\":\"https:\/\/www.profaqua.ca\/fr\/produit\/temps-et-mesures\/\",\"name\":\"Temps et mesures (Colombie-Britannique) - Profaqua\",\"isPartOf\":{\"@id\":\"https:\/\/www.profaqua.ca\/fr\/#website\"},\"datePublished\":\"2017-07-26T18:32:49+00:00\",\"dateModified\":\"2024-09-04T22:16:16+00:00\",\"description\":\"Imp\u00e9rial ou m\u00e9trique ? 32 degr\u00e9s Celsius ou Fahrenheit? La diff\u00e9rence est clairement mesurable et ne sera plus jamais un secret pour vos jeunes. Ensemble,\",\"breadcrumb\":{\"@id\":\"https:\/\/www.profaqua.ca\/fr\/produit\/temps-et-mesures\/#breadcrumb\"},\"inLanguage\":\"fr-FR\",\"potentialAction\":[{\"@type\":\"ReadAction\",\"target\":[\"https:\/\/www.profaqua.ca\/fr\/produit\/temps-et-mesures\/\"]}]},{\"@type\":\"BreadcrumbList\",\"@id\":\"https:\/\/www.profaqua.ca\/fr\/produit\/temps-et-mesures\/#breadcrumb\",\"itemListElement\":[{\"@type\":\"ListItem\",\"position\":1,\"name\":\"Home\",\"item\":\"https:\/\/www.profaqua.ca\/fr\/\"},{\"@type\":\"ListItem\",\"position\":2,\"name\":\"Produits\",\"item\":\"https:\/\/www.profaqua.ca\/fr\/shop\/\"},{\"@type\":\"ListItem\",\"position\":3,\"name\":\"Temps et mesures (Colombie-Britannique)\"}]},{\"@type\":\"WebSite\",\"@id\":\"https:\/\/www.profaqua.ca\/fr\/#website\",\"url\":\"https:\/\/www.profaqua.ca\/fr\/\",\"name\":\"Profaqua\",\"description\":\"\",\"potentialAction\":[{\"@type\":\"SearchAction\",\"target\":{\"@type\":\"EntryPoint\",\"urlTemplate\":\"https:\/\/www.profaqua.ca\/fr\/?s={search_term_string}\"},\"query-input\":\"required name=search_term_string\"}],\"inLanguage\":\"fr-FR\"}]}<\/script>\n<!-- \/ Yoast SEO plugin. -->","yoast_head_json":{"title":"Temps et mesures (Colombie-Britannique) - Profaqua","description":"Imp\u00e9rial ou m\u00e9trique ? 32 degr\u00e9s Celsius ou Fahrenheit? La diff\u00e9rence est clairement mesurable et ne sera plus jamais un secret pour vos jeunes. Ensemble,","robots":{"index":"index","follow":"follow","max-snippet":"max-snippet:-1","max-image-preview":"max-image-preview:large","max-video-preview":"max-video-preview:-1"},"canonical":"https:\/\/www.profaqua.ca\/fr\/produit\/temps-et-mesures\/","og_locale":"fr_FR","og_type":"article","og_title":"Temps et mesures (Colombie-Britannique) - Profaqua","og_description":"Imp\u00e9rial ou m\u00e9trique ? 32 degr\u00e9s Celsius ou Fahrenheit? La diff\u00e9rence est clairement mesurable et ne sera plus jamais un secret pour vos jeunes. Ensemble,","og_url":"https:\/\/www.profaqua.ca\/fr\/produit\/temps-et-mesures\/","og_site_name":"Profaqua","article_publisher":"https:\/\/www.facebook.com\/profaqua\/","article_modified_time":"2024-09-04T22:16:16+00:00","og_image":[{"width":1800,"height":1800,"url":"https:\/\/www.profaqua.ca\/wp-content\/uploads\/2017\/07\/2.26_Temps_et_mesures-002.png","type":"image\/png"}],"twitter_card":"summary_large_image","twitter_misc":{"Dur\u00e9e de lecture estim\u00e9e":"1 minute"},"schema":{"@context":"https:\/\/schema.org","@graph":[{"@type":"WebPage","@id":"https:\/\/www.profaqua.ca\/fr\/produit\/temps-et-mesures\/","url":"https:\/\/www.profaqua.ca\/fr\/produit\/temps-et-mesures\/","name":"Temps et mesures (Colombie-Britannique) - Profaqua","isPartOf":{"@id":"https:\/\/www.profaqua.ca\/fr\/#website"},"datePublished":"2017-07-26T18:32:49+00:00","dateModified":"2024-09-04T22:16:16+00:00","description":"Imp\u00e9rial ou m\u00e9trique ? 32 degr\u00e9s Celsius ou Fahrenheit? La diff\u00e9rence est clairement mesurable et ne sera plus jamais un secret pour vos jeunes. Ensemble,","breadcrumb":{"@id":"https:\/\/www.profaqua.ca\/fr\/produit\/temps-et-mesures\/#breadcrumb"},"inLanguage":"fr-FR","potentialAction":[{"@type":"ReadAction","target":["https:\/\/www.profaqua.ca\/fr\/produit\/temps-et-mesures\/"]}]},{"@type":"BreadcrumbList","@id":"https:\/\/www.profaqua.ca\/fr\/produit\/temps-et-mesures\/#breadcrumb","itemListElement":[{"@type":"ListItem","position":1,"name":"Home","item":"https:\/\/www.profaqua.ca\/fr\/"},{"@type":"ListItem","position":2,"name":"Produits","item":"https:\/\/www.profaqua.ca\/fr\/shop\/"},{"@type":"ListItem","position":3,"name":"Temps et mesures (Colombie-Britannique)"}]},{"@type":"WebSite","@id":"https:\/\/www.profaqua.ca\/fr\/#website","url":"https:\/\/www.profaqua.ca\/fr\/","name":"Profaqua","description":"","potentialAction":[{"@type":"SearchAction","target":{"@type":"EntryPoint","urlTemplate":"https:\/\/www.profaqua.ca\/fr\/?s={search_term_string}"},"query-input":"required name=search_term_string"}],"inLanguage":"fr-FR"}]}},"_links":{"self":[{"href":"https:\/\/www.profaqua.ca\/fr\/wp-json\/wp\/v2\/product\/1201"}],"collection":[{"href":"https:\/\/www.profaqua.ca\/fr\/wp-json\/wp\/v2\/product"}],"about":[{"href":"https:\/\/www.profaqua.ca\/fr\/wp-json\/wp\/v2\/types\/product"}],"wp:featuredmedia":[{"embeddable":true,"href":"https:\/\/www.profaqua.ca\/fr\/wp-json\/wp\/v2\/media\/1249"}],"wp:attachment":[{"href":"https:\/\/www.profaqua.ca\/fr\/wp-json\/wp\/v2\/media?parent=1201"}],"wp:term":[{"taxonomy":"product_cat","embeddable":true,"href":"https:\/\/www.profaqua.ca\/fr\/wp-json\/wp\/v2\/product_cat?post=1201"},{"taxonomy":"product_tag","embeddable":true,"href":"https:\/\/www.profaqua.ca\/fr\/wp-json\/wp\/v2\/product_tag?post=1201"}],"curies":[{"name":"wp","href":"https:\/\/api.w.org\/{rel}","templated":true}]}}