{"id":1199,"date":"2017-07-26T13:31:00","date_gmt":"2017-07-26T18:31:00","guid":{"rendered":"https:\/\/www.profaqua.ca\/?post_type=product&#038;p=1199\/"},"modified":"2024-09-04T17:21:59","modified_gmt":"2024-09-04T22:21:59","slug":"optique","status":"publish","type":"product","link":"https:\/\/www.profaqua.ca\/fr\/produit\/optique\/","title":{"rendered":"Optique (Colombie-Britannique)"},"content":{"rendered":"<p><strong>D\u00e9jouez nos trompe-l\u2019\u0153il !\u00a0\u00a0\u00a0\u00a0\u00a0\u00a0\u00a0\u00a0\u00a0\u00a0\u00a0\u00a0\u00a0\u00a0\u00a0 <\/strong><\/p>\n<p>Comment est fait notre \u0153il? Comment font les malvoyants pour lire? Comment notre cerveau nous joue-t-il des tours pour recr\u00e9er le mouvement et la profondeur dans une image? De quoi est compos\u00e9e la lumi\u00e8re ?<\/p>\n<p>Autant de questions fascinantes auxquelles nous r\u00e9pondrons gr\u00e2ce \u00e0 la d\u00e9couverte de l\u2019anatomie de notre \u0153il de g\u00e9ant et de nos 5 exp\u00e9riences : lecture de braille, du disque de Benham, cr\u00e9ation d\u2019un thaumatrope, illusions d\u2019optique et spectroscopes.<\/p>\n<p>Vos scientifiques seront fiers de ramener chez eux leur thaumatrope!<\/p>\n<h2><strong><u>Objectifs du primaire:<\/u><\/strong><\/h2>\n<ul>\n<li>D\u00e9crire les diff\u00e9rentes composantes anatomiques de l\u2019\u0153il.<\/li>\n<li>Comprendre comment l\u2019\u0153il d\u00e9tecte les couleurs (c\u00f4nes, b\u00e2tonnets).<\/li>\n<li>Observer, par des illusions d\u2019optique, le changement de formes, de couleurs et de textures dans des images.<\/li>\n<li>Fabriquer une illusion d\u2019optique (\u00e0 rapporter \u00e0 la maison).<\/li>\n<li>Observer le comportement de rayons lumineux color\u00e9s (couleurs primaires de la lumi\u00e8re).<\/li>\n<\/ul>\n<h2><strong><u>Objectifs du secondaire:<\/u><\/strong><\/h2>\n<ul>\n<li>Identifier les principales parties de l\u2019\u0153il impliqu\u00e9es dans la vision.<\/li>\n<li>D\u00e9crire la fonction des principales parties de l\u2019\u0153il.<\/li>\n<li>D\u00e9finir ce qu\u2019est un caract\u00e8re h\u00e9r\u00e9ditaire (couleur des yeux).<\/li>\n<li>D\u00e9crire les ph\u00e9nom\u00e8nes de dominance et de r\u00e9cessivit\u00e9 des caract\u00e8res.<\/li>\n<li>Comprendre comment le cerveau interpr\u00e8te l\u2019information lumineuse obtenue par les yeux (c\u00f4nes, b\u00e2tonnets, image invers\u00e9e, etc.).<\/li>\n<li>Observer des illusions d\u2019optique qui pi\u00e8gent le cerveau.<\/li>\n<\/ul>\n","protected":false},"excerpt":{"rendered":"<p>D\u00e9jouez nos trompe-l\u2019\u0153il !\u00a0\u00a0\u00a0\u00a0\u00a0\u00a0\u00a0\u00a0\u00a0\u00a0\u00a0\u00a0\u00a0\u00a0\u00a0 Comment est fait notre \u0153il? Comment font les malvoyants pour lire? Comment notre cerveau nous joue-t-il des tours pour recr\u00e9er le mouvement et la profondeur dans une image? De quoi est compos\u00e9e la lumi\u00e8re ? Autant de questions fascinantes auxquelles nous r\u00e9pondrons gr\u00e2ce \u00e0 la d\u00e9couverte de l\u2019anatomie de notre \u0153il de g\u00e9ant et de nos<\/p>\n<div class=\"h10\"><\/div>\n<p><a class=\"more-link1\" href=\"https:\/\/www.profaqua.ca\/fr\/produit\/optique\/\">Voir plus<\/a><\/p>\n","protected":false},"featured_media":1253,"template":"","meta":[],"product_cat":[62],"product_tag":[],"acf":[],"yoast_head":"<!-- This site is optimized with the Yoast SEO plugin v20.13 - https:\/\/yoast.com\/wordpress\/plugins\/seo\/ -->\n<title>Optique (Colombie-Britannique) - Profaqua<\/title>\n<meta name=\"description\" content=\"D\u00e9jouez nos trompe-l\u2019\u0153il !\u00a0\u00a0\u00a0\u00a0\u00a0\u00a0\u00a0\u00a0\u00a0\u00a0\u00a0\u00a0\u00a0\u00a0\u00a0 Comment est fait notre \u0153il? Comment font les malvoyants pour lire? Comment notre cerveau nous joue-t-il des\" \/>\n<meta name=\"robots\" content=\"index, follow, max-snippet:-1, max-image-preview:large, max-video-preview:-1\" \/>\n<link rel=\"canonical\" href=\"https:\/\/www.profaqua.ca\/fr\/produit\/optique\/\" \/>\n<meta property=\"og:locale\" content=\"fr_FR\" \/>\n<meta property=\"og:type\" content=\"article\" \/>\n<meta property=\"og:title\" content=\"Optique (Colombie-Britannique) - Profaqua\" \/>\n<meta property=\"og:description\" content=\"D\u00e9jouez nos trompe-l\u2019\u0153il !\u00a0\u00a0\u00a0\u00a0\u00a0\u00a0\u00a0\u00a0\u00a0\u00a0\u00a0\u00a0\u00a0\u00a0\u00a0 Comment est fait notre \u0153il? Comment font les malvoyants pour lire? Comment notre cerveau nous joue-t-il des\" \/>\n<meta property=\"og:url\" content=\"https:\/\/www.profaqua.ca\/fr\/produit\/optique\/\" \/>\n<meta property=\"og:site_name\" content=\"Profaqua\" \/>\n<meta property=\"article:publisher\" content=\"https:\/\/www.facebook.com\/profaqua\/\" \/>\n<meta property=\"article:modified_time\" content=\"2024-09-04T22:21:59+00:00\" \/>\n<meta property=\"og:image\" content=\"https:\/\/www.profaqua.ca\/wp-content\/uploads\/2017\/07\/2.24_Optique-002.png\" \/>\n\t<meta property=\"og:image:width\" content=\"1800\" \/>\n\t<meta property=\"og:image:height\" content=\"1800\" \/>\n\t<meta property=\"og:image:type\" content=\"image\/png\" \/>\n<meta name=\"twitter:card\" content=\"summary_large_image\" \/>\n<meta name=\"twitter:label1\" content=\"Dur\u00e9e de lecture estim\u00e9e\" \/>\n\t<meta name=\"twitter:data1\" content=\"2 minutes\" \/>\n<script type=\"application\/ld+json\" class=\"yoast-schema-graph\">{\"@context\":\"https:\/\/schema.org\",\"@graph\":[{\"@type\":\"WebPage\",\"@id\":\"https:\/\/www.profaqua.ca\/fr\/produit\/optique\/\",\"url\":\"https:\/\/www.profaqua.ca\/fr\/produit\/optique\/\",\"name\":\"Optique (Colombie-Britannique) - Profaqua\",\"isPartOf\":{\"@id\":\"https:\/\/www.profaqua.ca\/fr\/#website\"},\"datePublished\":\"2017-07-26T18:31:00+00:00\",\"dateModified\":\"2024-09-04T22:21:59+00:00\",\"description\":\"D\u00e9jouez nos trompe-l\u2019\u0153il !\u00a0\u00a0\u00a0\u00a0\u00a0\u00a0\u00a0\u00a0\u00a0\u00a0\u00a0\u00a0\u00a0\u00a0\u00a0 Comment est fait notre \u0153il? Comment font les malvoyants pour lire? Comment notre cerveau nous joue-t-il des\",\"breadcrumb\":{\"@id\":\"https:\/\/www.profaqua.ca\/fr\/produit\/optique\/#breadcrumb\"},\"inLanguage\":\"fr-FR\",\"potentialAction\":[{\"@type\":\"ReadAction\",\"target\":[\"https:\/\/www.profaqua.ca\/fr\/produit\/optique\/\"]}]},{\"@type\":\"BreadcrumbList\",\"@id\":\"https:\/\/www.profaqua.ca\/fr\/produit\/optique\/#breadcrumb\",\"itemListElement\":[{\"@type\":\"ListItem\",\"position\":1,\"name\":\"Home\",\"item\":\"https:\/\/www.profaqua.ca\/fr\/\"},{\"@type\":\"ListItem\",\"position\":2,\"name\":\"Produits\",\"item\":\"https:\/\/www.profaqua.ca\/fr\/shop\/\"},{\"@type\":\"ListItem\",\"position\":3,\"name\":\"Optique (Colombie-Britannique)\"}]},{\"@type\":\"WebSite\",\"@id\":\"https:\/\/www.profaqua.ca\/fr\/#website\",\"url\":\"https:\/\/www.profaqua.ca\/fr\/\",\"name\":\"Profaqua\",\"description\":\"\",\"potentialAction\":[{\"@type\":\"SearchAction\",\"target\":{\"@type\":\"EntryPoint\",\"urlTemplate\":\"https:\/\/www.profaqua.ca\/fr\/?s={search_term_string}\"},\"query-input\":\"required name=search_term_string\"}],\"inLanguage\":\"fr-FR\"}]}<\/script>\n<!-- \/ Yoast SEO plugin. -->","yoast_head_json":{"title":"Optique (Colombie-Britannique) - Profaqua","description":"D\u00e9jouez nos trompe-l\u2019\u0153il !\u00a0\u00a0\u00a0\u00a0\u00a0\u00a0\u00a0\u00a0\u00a0\u00a0\u00a0\u00a0\u00a0\u00a0\u00a0 Comment est fait notre \u0153il? Comment font les malvoyants pour lire? Comment notre cerveau nous joue-t-il des","robots":{"index":"index","follow":"follow","max-snippet":"max-snippet:-1","max-image-preview":"max-image-preview:large","max-video-preview":"max-video-preview:-1"},"canonical":"https:\/\/www.profaqua.ca\/fr\/produit\/optique\/","og_locale":"fr_FR","og_type":"article","og_title":"Optique (Colombie-Britannique) - Profaqua","og_description":"D\u00e9jouez nos trompe-l\u2019\u0153il !\u00a0\u00a0\u00a0\u00a0\u00a0\u00a0\u00a0\u00a0\u00a0\u00a0\u00a0\u00a0\u00a0\u00a0\u00a0 Comment est fait notre \u0153il? Comment font les malvoyants pour lire? Comment notre cerveau nous joue-t-il des","og_url":"https:\/\/www.profaqua.ca\/fr\/produit\/optique\/","og_site_name":"Profaqua","article_publisher":"https:\/\/www.facebook.com\/profaqua\/","article_modified_time":"2024-09-04T22:21:59+00:00","og_image":[{"width":1800,"height":1800,"url":"https:\/\/www.profaqua.ca\/wp-content\/uploads\/2017\/07\/2.24_Optique-002.png","type":"image\/png"}],"twitter_card":"summary_large_image","twitter_misc":{"Dur\u00e9e de lecture estim\u00e9e":"2 minutes"},"schema":{"@context":"https:\/\/schema.org","@graph":[{"@type":"WebPage","@id":"https:\/\/www.profaqua.ca\/fr\/produit\/optique\/","url":"https:\/\/www.profaqua.ca\/fr\/produit\/optique\/","name":"Optique (Colombie-Britannique) - Profaqua","isPartOf":{"@id":"https:\/\/www.profaqua.ca\/fr\/#website"},"datePublished":"2017-07-26T18:31:00+00:00","dateModified":"2024-09-04T22:21:59+00:00","description":"D\u00e9jouez nos trompe-l\u2019\u0153il !\u00a0\u00a0\u00a0\u00a0\u00a0\u00a0\u00a0\u00a0\u00a0\u00a0\u00a0\u00a0\u00a0\u00a0\u00a0 Comment est fait notre \u0153il? Comment font les malvoyants pour lire? Comment notre cerveau nous joue-t-il des","breadcrumb":{"@id":"https:\/\/www.profaqua.ca\/fr\/produit\/optique\/#breadcrumb"},"inLanguage":"fr-FR","potentialAction":[{"@type":"ReadAction","target":["https:\/\/www.profaqua.ca\/fr\/produit\/optique\/"]}]},{"@type":"BreadcrumbList","@id":"https:\/\/www.profaqua.ca\/fr\/produit\/optique\/#breadcrumb","itemListElement":[{"@type":"ListItem","position":1,"name":"Home","item":"https:\/\/www.profaqua.ca\/fr\/"},{"@type":"ListItem","position":2,"name":"Produits","item":"https:\/\/www.profaqua.ca\/fr\/shop\/"},{"@type":"ListItem","position":3,"name":"Optique (Colombie-Britannique)"}]},{"@type":"WebSite","@id":"https:\/\/www.profaqua.ca\/fr\/#website","url":"https:\/\/www.profaqua.ca\/fr\/","name":"Profaqua","description":"","potentialAction":[{"@type":"SearchAction","target":{"@type":"EntryPoint","urlTemplate":"https:\/\/www.profaqua.ca\/fr\/?s={search_term_string}"},"query-input":"required name=search_term_string"}],"inLanguage":"fr-FR"}]}},"_links":{"self":[{"href":"https:\/\/www.profaqua.ca\/fr\/wp-json\/wp\/v2\/product\/1199"}],"collection":[{"href":"https:\/\/www.profaqua.ca\/fr\/wp-json\/wp\/v2\/product"}],"about":[{"href":"https:\/\/www.profaqua.ca\/fr\/wp-json\/wp\/v2\/types\/product"}],"wp:featuredmedia":[{"embeddable":true,"href":"https:\/\/www.profaqua.ca\/fr\/wp-json\/wp\/v2\/media\/1253"}],"wp:attachment":[{"href":"https:\/\/www.profaqua.ca\/fr\/wp-json\/wp\/v2\/media?parent=1199"}],"wp:term":[{"taxonomy":"product_cat","embeddable":true,"href":"https:\/\/www.profaqua.ca\/fr\/wp-json\/wp\/v2\/product_cat?post=1199"},{"taxonomy":"product_tag","embeddable":true,"href":"https:\/\/www.profaqua.ca\/fr\/wp-json\/wp\/v2\/product_tag?post=1199"}],"curies":[{"name":"wp","href":"https:\/\/api.w.org\/{rel}","templated":true}]}}