{"id":1198,"date":"2017-07-26T13:29:33","date_gmt":"2017-07-26T18:29:33","guid":{"rendered":"https:\/\/www.profaqua.ca\/?post_type=product&#038;p=1198\/"},"modified":"2024-09-04T17:21:54","modified_gmt":"2024-09-04T22:21:54","slug":"oeuf-en-parachute","status":"publish","type":"product","link":"https:\/\/www.profaqua.ca\/fr\/produit\/oeuf-en-parachute\/","title":{"rendered":"\u0152uf en parachute (Colombie-Britannique)"},"content":{"rendered":"<p><strong>Sauvez votre omelette !<\/strong><\/p>\n<p>Vous aviez planifi\u00e9 de manger une omelette ce soir? Hum, d\u00e9licieux!<\/p>\n<p>Mais voil\u00e0 votre d\u00e9fi: trouver une solution pour emp\u00eacher l\u2019\u00e9crasement dans une po\u00eale de votre \u0153uf accroch\u00e9 \u00e0 son parachute et lanc\u00e9 d\u2019une certaine hauteur!<\/p>\n<p>Cr\u00e9ativit\u00e9 et collaboration seront au rendez-vous pour que vos physiciens sauvent le repas du soir!<\/p>\n<p>Lutte contre la gravit\u00e9, transformation d\u2019\u00e9nergie potentielle en \u00e9nergie cin\u00e9tique, transfert d\u2019\u00e9nergie et amortissement\u2026<\/p>\n<p>Autant de notions apprises pour un plaisir garanti!<\/p>\n<p>N.B: Nos \u0153ufs sont en plastique \u2026<\/p>\n<h2><strong><u>Objectifs du primaire:<\/u><\/strong><\/h2>\n<ul>\n<li>D\u00e9crire et exp\u00e9rimenter l\u2019effet de la gravit\u00e9 sur un \u0153uf (en plastique) en chute libre.<\/li>\n<li>Comprendre le principe d\u2019\u00e9nergie potentielle gravitationnelle.<\/li>\n<li>D\u00e9couvrir des m\u00e9thodes pour contrer la force de gravit\u00e9 (protection de l\u2019\u0153uf).<\/li>\n<\/ul>\n<h2><strong><u>Objectifs du secondaire:<\/u><\/strong><\/h2>\n<ul>\n<li>D\u00e9crire qualitativement la relation entre l\u2019\u00e9nergie potentielle d\u2019un corps, sa masse, l\u2019acc\u00e9l\u00e9ration gravitationnelle et son d\u00e9placement.<\/li>\n<li>D\u00e9finir la gravitation comme \u00e9tant une force d\u2019attraction mutuelle qui s\u2019exerce entre les corps.<\/li>\n<\/ul>\n","protected":false},"excerpt":{"rendered":"<p>Sauvez votre omelette ! Vous aviez planifi\u00e9 de manger une omelette ce soir? Hum, d\u00e9licieux! Mais voil\u00e0 votre d\u00e9fi: trouver une solution pour emp\u00eacher l\u2019\u00e9crasement dans une po\u00eale de votre \u0153uf accroch\u00e9 \u00e0 son parachute et lanc\u00e9 d\u2019une certaine hauteur! Cr\u00e9ativit\u00e9 et collaboration seront au rendez-vous pour que vos physiciens sauvent le repas du soir! Lutte contre la gravit\u00e9, transformation<\/p>\n<div class=\"h10\"><\/div>\n<p><a class=\"more-link1\" href=\"https:\/\/www.profaqua.ca\/fr\/produit\/oeuf-en-parachute\/\">Voir plus<\/a><\/p>\n","protected":false},"featured_media":1255,"template":"","meta":[],"product_cat":[62],"product_tag":[],"acf":[],"yoast_head":"<!-- This site is optimized with the Yoast SEO plugin v20.13 - https:\/\/yoast.com\/wordpress\/plugins\/seo\/ -->\n<title>\u0152uf en parachute (Colombie-Britannique) - Profaqua<\/title>\n<meta name=\"description\" content=\"Sauvez votre omelette ! Vous aviez planifi\u00e9 de manger une omelette ce soir? Hum, d\u00e9licieux! Mais voil\u00e0 votre d\u00e9fi: trouver une solution pour emp\u00eacher\" \/>\n<meta name=\"robots\" content=\"index, follow, max-snippet:-1, max-image-preview:large, max-video-preview:-1\" \/>\n<link rel=\"canonical\" href=\"https:\/\/www.profaqua.ca\/fr\/produit\/oeuf-en-parachute\/\" \/>\n<meta property=\"og:locale\" content=\"fr_FR\" \/>\n<meta property=\"og:type\" content=\"article\" \/>\n<meta property=\"og:title\" content=\"\u0152uf en parachute (Colombie-Britannique) - Profaqua\" \/>\n<meta property=\"og:description\" content=\"Sauvez votre omelette ! Vous aviez planifi\u00e9 de manger une omelette ce soir? Hum, d\u00e9licieux! Mais voil\u00e0 votre d\u00e9fi: trouver une solution pour emp\u00eacher\" \/>\n<meta property=\"og:url\" content=\"https:\/\/www.profaqua.ca\/fr\/produit\/oeuf-en-parachute\/\" \/>\n<meta property=\"og:site_name\" content=\"Profaqua\" \/>\n<meta property=\"article:publisher\" content=\"https:\/\/www.facebook.com\/profaqua\/\" \/>\n<meta property=\"article:modified_time\" content=\"2024-09-04T22:21:54+00:00\" \/>\n<meta property=\"og:image\" content=\"https:\/\/www.profaqua.ca\/wp-content\/uploads\/2017\/07\/2.23_Oeufs_en_parachute-002.png\" \/>\n\t<meta property=\"og:image:width\" content=\"1800\" \/>\n\t<meta property=\"og:image:height\" content=\"1800\" \/>\n\t<meta property=\"og:image:type\" content=\"image\/png\" \/>\n<meta name=\"twitter:card\" content=\"summary_large_image\" \/>\n<meta name=\"twitter:label1\" content=\"Dur\u00e9e de lecture estim\u00e9e\" \/>\n\t<meta name=\"twitter:data1\" content=\"1 minute\" \/>\n<script type=\"application\/ld+json\" class=\"yoast-schema-graph\">{\"@context\":\"https:\/\/schema.org\",\"@graph\":[{\"@type\":\"WebPage\",\"@id\":\"https:\/\/www.profaqua.ca\/fr\/produit\/oeuf-en-parachute\/\",\"url\":\"https:\/\/www.profaqua.ca\/fr\/produit\/oeuf-en-parachute\/\",\"name\":\"\u0152uf en parachute (Colombie-Britannique) - Profaqua\",\"isPartOf\":{\"@id\":\"https:\/\/www.profaqua.ca\/fr\/#website\"},\"datePublished\":\"2017-07-26T18:29:33+00:00\",\"dateModified\":\"2024-09-04T22:21:54+00:00\",\"description\":\"Sauvez votre omelette ! Vous aviez planifi\u00e9 de manger une omelette ce soir? Hum, d\u00e9licieux! Mais voil\u00e0 votre d\u00e9fi: trouver une solution pour emp\u00eacher\",\"breadcrumb\":{\"@id\":\"https:\/\/www.profaqua.ca\/fr\/produit\/oeuf-en-parachute\/#breadcrumb\"},\"inLanguage\":\"fr-FR\",\"potentialAction\":[{\"@type\":\"ReadAction\",\"target\":[\"https:\/\/www.profaqua.ca\/fr\/produit\/oeuf-en-parachute\/\"]}]},{\"@type\":\"BreadcrumbList\",\"@id\":\"https:\/\/www.profaqua.ca\/fr\/produit\/oeuf-en-parachute\/#breadcrumb\",\"itemListElement\":[{\"@type\":\"ListItem\",\"position\":1,\"name\":\"Home\",\"item\":\"https:\/\/www.profaqua.ca\/fr\/\"},{\"@type\":\"ListItem\",\"position\":2,\"name\":\"Produits\",\"item\":\"https:\/\/www.profaqua.ca\/fr\/shop\/\"},{\"@type\":\"ListItem\",\"position\":3,\"name\":\"\u0152uf en parachute (Colombie-Britannique)\"}]},{\"@type\":\"WebSite\",\"@id\":\"https:\/\/www.profaqua.ca\/fr\/#website\",\"url\":\"https:\/\/www.profaqua.ca\/fr\/\",\"name\":\"Profaqua\",\"description\":\"\",\"potentialAction\":[{\"@type\":\"SearchAction\",\"target\":{\"@type\":\"EntryPoint\",\"urlTemplate\":\"https:\/\/www.profaqua.ca\/fr\/?s={search_term_string}\"},\"query-input\":\"required name=search_term_string\"}],\"inLanguage\":\"fr-FR\"}]}<\/script>\n<!-- \/ Yoast SEO plugin. -->","yoast_head_json":{"title":"\u0152uf en parachute (Colombie-Britannique) - Profaqua","description":"Sauvez votre omelette ! Vous aviez planifi\u00e9 de manger une omelette ce soir? Hum, d\u00e9licieux! Mais voil\u00e0 votre d\u00e9fi: trouver une solution pour emp\u00eacher","robots":{"index":"index","follow":"follow","max-snippet":"max-snippet:-1","max-image-preview":"max-image-preview:large","max-video-preview":"max-video-preview:-1"},"canonical":"https:\/\/www.profaqua.ca\/fr\/produit\/oeuf-en-parachute\/","og_locale":"fr_FR","og_type":"article","og_title":"\u0152uf en parachute (Colombie-Britannique) - Profaqua","og_description":"Sauvez votre omelette ! Vous aviez planifi\u00e9 de manger une omelette ce soir? Hum, d\u00e9licieux! Mais voil\u00e0 votre d\u00e9fi: trouver une solution pour emp\u00eacher","og_url":"https:\/\/www.profaqua.ca\/fr\/produit\/oeuf-en-parachute\/","og_site_name":"Profaqua","article_publisher":"https:\/\/www.facebook.com\/profaqua\/","article_modified_time":"2024-09-04T22:21:54+00:00","og_image":[{"width":1800,"height":1800,"url":"https:\/\/www.profaqua.ca\/wp-content\/uploads\/2017\/07\/2.23_Oeufs_en_parachute-002.png","type":"image\/png"}],"twitter_card":"summary_large_image","twitter_misc":{"Dur\u00e9e de lecture estim\u00e9e":"1 minute"},"schema":{"@context":"https:\/\/schema.org","@graph":[{"@type":"WebPage","@id":"https:\/\/www.profaqua.ca\/fr\/produit\/oeuf-en-parachute\/","url":"https:\/\/www.profaqua.ca\/fr\/produit\/oeuf-en-parachute\/","name":"\u0152uf en parachute (Colombie-Britannique) - Profaqua","isPartOf":{"@id":"https:\/\/www.profaqua.ca\/fr\/#website"},"datePublished":"2017-07-26T18:29:33+00:00","dateModified":"2024-09-04T22:21:54+00:00","description":"Sauvez votre omelette ! Vous aviez planifi\u00e9 de manger une omelette ce soir? Hum, d\u00e9licieux! Mais voil\u00e0 votre d\u00e9fi: trouver une solution pour emp\u00eacher","breadcrumb":{"@id":"https:\/\/www.profaqua.ca\/fr\/produit\/oeuf-en-parachute\/#breadcrumb"},"inLanguage":"fr-FR","potentialAction":[{"@type":"ReadAction","target":["https:\/\/www.profaqua.ca\/fr\/produit\/oeuf-en-parachute\/"]}]},{"@type":"BreadcrumbList","@id":"https:\/\/www.profaqua.ca\/fr\/produit\/oeuf-en-parachute\/#breadcrumb","itemListElement":[{"@type":"ListItem","position":1,"name":"Home","item":"https:\/\/www.profaqua.ca\/fr\/"},{"@type":"ListItem","position":2,"name":"Produits","item":"https:\/\/www.profaqua.ca\/fr\/shop\/"},{"@type":"ListItem","position":3,"name":"\u0152uf en parachute (Colombie-Britannique)"}]},{"@type":"WebSite","@id":"https:\/\/www.profaqua.ca\/fr\/#website","url":"https:\/\/www.profaqua.ca\/fr\/","name":"Profaqua","description":"","potentialAction":[{"@type":"SearchAction","target":{"@type":"EntryPoint","urlTemplate":"https:\/\/www.profaqua.ca\/fr\/?s={search_term_string}"},"query-input":"required name=search_term_string"}],"inLanguage":"fr-FR"}]}},"_links":{"self":[{"href":"https:\/\/www.profaqua.ca\/fr\/wp-json\/wp\/v2\/product\/1198"}],"collection":[{"href":"https:\/\/www.profaqua.ca\/fr\/wp-json\/wp\/v2\/product"}],"about":[{"href":"https:\/\/www.profaqua.ca\/fr\/wp-json\/wp\/v2\/types\/product"}],"wp:featuredmedia":[{"embeddable":true,"href":"https:\/\/www.profaqua.ca\/fr\/wp-json\/wp\/v2\/media\/1255"}],"wp:attachment":[{"href":"https:\/\/www.profaqua.ca\/fr\/wp-json\/wp\/v2\/media?parent=1198"}],"wp:term":[{"taxonomy":"product_cat","embeddable":true,"href":"https:\/\/www.profaqua.ca\/fr\/wp-json\/wp\/v2\/product_cat?post=1198"},{"taxonomy":"product_tag","embeddable":true,"href":"https:\/\/www.profaqua.ca\/fr\/wp-json\/wp\/v2\/product_tag?post=1198"}],"curies":[{"name":"wp","href":"https:\/\/api.w.org\/{rel}","templated":true}]}}