{"id":1197,"date":"2017-07-26T13:28:30","date_gmt":"2017-07-26T18:28:30","guid":{"rendered":"https:\/\/www.profaqua.ca\/?post_type=product&#038;p=1197\/"},"modified":"2024-08-25T14:52:05","modified_gmt":"2024-08-25T19:52:05","slug":"magnetisme","status":"publish","type":"product","link":"https:\/\/www.profaqua.ca\/fr\/produit\/magnetisme\/","title":{"rendered":"Magn\u00e9tisme (Colombie-Britannique)"},"content":{"rendered":"<p><strong>La boussole perd le nord !<\/strong><\/p>\n<p>De l\u2019aimant du tableau de la classe, en passant par la plan\u00e8te Terre, d\u00e9couvrez avec nous le monde fascinant du magn\u00e9tisme.<\/p>\n<p>Magn\u00e9tique ou non magn\u00e9tique? Attir\u00e9 ou repouss\u00e9?<\/p>\n<p>R\u00e9pondez \u00e0 ces questions avec nous gr\u00e2ce \u00e0 nos 5 exp\u00e9riences cr\u00e9atives et amusantes incluant le bras aimant\u00e9, le jeu de fl\u00e9chettes, le labyrinthe magn\u00e9tique, le jeu d\u2019empilage et les super constructions!<\/p>\n<h2><strong><u>Objectifs du primaire:<\/u><\/strong><\/h2>\n<ul>\n<li>D\u00e9crire ce qu\u2019est le magn\u00e9tisme, les aimants, le champ \u00e9lectromagn\u00e9tique et les p\u00f4les magn\u00e9tiques.<\/li>\n<li>Reconna\u00eetre les principaux effets des aimants (attraction, r\u00e9pulsion).<\/li>\n<li>Identifier diff\u00e9rents objets magn\u00e9tiques et non magn\u00e9tiques.<\/li>\n<li>Reconna\u00eetre les principaux m\u00e9taux magn\u00e9tiques (cobalt, nickel, fer).<\/li>\n<li>Utiliser du mat\u00e9riel scientifique simple (boussole).<\/li>\n<\/ul>\n","protected":false},"excerpt":{"rendered":"<p>La boussole perd le nord ! De l\u2019aimant du tableau de la classe, en passant par la plan\u00e8te Terre, d\u00e9couvrez avec nous le monde fascinant du magn\u00e9tisme. Magn\u00e9tique ou non magn\u00e9tique? Attir\u00e9 ou repouss\u00e9? R\u00e9pondez \u00e0 ces questions avec nous gr\u00e2ce \u00e0 nos 5 exp\u00e9riences cr\u00e9atives et amusantes incluant le bras aimant\u00e9, le jeu de fl\u00e9chettes, le labyrinthe magn\u00e9tique, le<\/p>\n<div class=\"h10\"><\/div>\n<p><a class=\"more-link1\" href=\"https:\/\/www.profaqua.ca\/fr\/produit\/magnetisme\/\">Voir plus<\/a><\/p>\n","protected":false},"featured_media":1257,"template":"","meta":[],"product_cat":[62],"product_tag":[],"acf":[],"yoast_head":"<!-- This site is optimized with the Yoast SEO plugin v20.13 - https:\/\/yoast.com\/wordpress\/plugins\/seo\/ -->\n<title>Magn\u00e9tisme (Colombie-Britannique) - Profaqua<\/title>\n<meta name=\"description\" content=\"La boussole perd le nord ! De l\u2019aimant du tableau de la classe, en passant par la plan\u00e8te Terre, d\u00e9couvrez avec nous le monde fascinant du magn\u00e9tisme.\" \/>\n<meta name=\"robots\" content=\"index, follow, max-snippet:-1, max-image-preview:large, max-video-preview:-1\" \/>\n<link rel=\"canonical\" href=\"https:\/\/www.profaqua.ca\/fr\/produit\/magnetisme\/\" \/>\n<meta property=\"og:locale\" content=\"fr_FR\" \/>\n<meta property=\"og:type\" content=\"article\" \/>\n<meta property=\"og:title\" content=\"Magn\u00e9tisme (Colombie-Britannique) - Profaqua\" \/>\n<meta property=\"og:description\" content=\"La boussole perd le nord ! De l\u2019aimant du tableau de la classe, en passant par la plan\u00e8te Terre, d\u00e9couvrez avec nous le monde fascinant du magn\u00e9tisme.\" \/>\n<meta property=\"og:url\" content=\"https:\/\/www.profaqua.ca\/fr\/produit\/magnetisme\/\" \/>\n<meta property=\"og:site_name\" content=\"Profaqua\" \/>\n<meta property=\"article:publisher\" content=\"https:\/\/www.facebook.com\/profaqua\/\" \/>\n<meta property=\"article:modified_time\" content=\"2024-08-25T19:52:05+00:00\" \/>\n<meta property=\"og:image\" content=\"https:\/\/www.profaqua.ca\/wp-content\/uploads\/2017\/07\/2.22_Magn\u00e9tisme-002.png\" \/>\n\t<meta property=\"og:image:width\" content=\"1800\" \/>\n\t<meta property=\"og:image:height\" content=\"1800\" \/>\n\t<meta property=\"og:image:type\" content=\"image\/png\" \/>\n<meta name=\"twitter:card\" content=\"summary_large_image\" \/>\n<meta name=\"twitter:label1\" content=\"Dur\u00e9e de lecture estim\u00e9e\" \/>\n\t<meta name=\"twitter:data1\" content=\"1 minute\" \/>\n<script type=\"application\/ld+json\" class=\"yoast-schema-graph\">{\"@context\":\"https:\/\/schema.org\",\"@graph\":[{\"@type\":\"WebPage\",\"@id\":\"https:\/\/www.profaqua.ca\/fr\/produit\/magnetisme\/\",\"url\":\"https:\/\/www.profaqua.ca\/fr\/produit\/magnetisme\/\",\"name\":\"Magn\u00e9tisme (Colombie-Britannique) - Profaqua\",\"isPartOf\":{\"@id\":\"https:\/\/www.profaqua.ca\/fr\/#website\"},\"datePublished\":\"2017-07-26T18:28:30+00:00\",\"dateModified\":\"2024-08-25T19:52:05+00:00\",\"description\":\"La boussole perd le nord ! De l\u2019aimant du tableau de la classe, en passant par la plan\u00e8te Terre, d\u00e9couvrez avec nous le monde fascinant du magn\u00e9tisme.\",\"breadcrumb\":{\"@id\":\"https:\/\/www.profaqua.ca\/fr\/produit\/magnetisme\/#breadcrumb\"},\"inLanguage\":\"fr-FR\",\"potentialAction\":[{\"@type\":\"ReadAction\",\"target\":[\"https:\/\/www.profaqua.ca\/fr\/produit\/magnetisme\/\"]}]},{\"@type\":\"BreadcrumbList\",\"@id\":\"https:\/\/www.profaqua.ca\/fr\/produit\/magnetisme\/#breadcrumb\",\"itemListElement\":[{\"@type\":\"ListItem\",\"position\":1,\"name\":\"Home\",\"item\":\"https:\/\/www.profaqua.ca\/fr\/\"},{\"@type\":\"ListItem\",\"position\":2,\"name\":\"Produits\",\"item\":\"https:\/\/www.profaqua.ca\/fr\/shop\/\"},{\"@type\":\"ListItem\",\"position\":3,\"name\":\"Magn\u00e9tisme (Colombie-Britannique)\"}]},{\"@type\":\"WebSite\",\"@id\":\"https:\/\/www.profaqua.ca\/fr\/#website\",\"url\":\"https:\/\/www.profaqua.ca\/fr\/\",\"name\":\"Profaqua\",\"description\":\"\",\"potentialAction\":[{\"@type\":\"SearchAction\",\"target\":{\"@type\":\"EntryPoint\",\"urlTemplate\":\"https:\/\/www.profaqua.ca\/fr\/?s={search_term_string}\"},\"query-input\":\"required name=search_term_string\"}],\"inLanguage\":\"fr-FR\"}]}<\/script>\n<!-- \/ Yoast SEO plugin. -->","yoast_head_json":{"title":"Magn\u00e9tisme (Colombie-Britannique) - Profaqua","description":"La boussole perd le nord ! De l\u2019aimant du tableau de la classe, en passant par la plan\u00e8te Terre, d\u00e9couvrez avec nous le monde fascinant du magn\u00e9tisme.","robots":{"index":"index","follow":"follow","max-snippet":"max-snippet:-1","max-image-preview":"max-image-preview:large","max-video-preview":"max-video-preview:-1"},"canonical":"https:\/\/www.profaqua.ca\/fr\/produit\/magnetisme\/","og_locale":"fr_FR","og_type":"article","og_title":"Magn\u00e9tisme (Colombie-Britannique) - Profaqua","og_description":"La boussole perd le nord ! De l\u2019aimant du tableau de la classe, en passant par la plan\u00e8te Terre, d\u00e9couvrez avec nous le monde fascinant du magn\u00e9tisme.","og_url":"https:\/\/www.profaqua.ca\/fr\/produit\/magnetisme\/","og_site_name":"Profaqua","article_publisher":"https:\/\/www.facebook.com\/profaqua\/","article_modified_time":"2024-08-25T19:52:05+00:00","og_image":[{"width":1800,"height":1800,"url":"https:\/\/www.profaqua.ca\/wp-content\/uploads\/2017\/07\/2.22_Magn\u00e9tisme-002.png","type":"image\/png"}],"twitter_card":"summary_large_image","twitter_misc":{"Dur\u00e9e de lecture estim\u00e9e":"1 minute"},"schema":{"@context":"https:\/\/schema.org","@graph":[{"@type":"WebPage","@id":"https:\/\/www.profaqua.ca\/fr\/produit\/magnetisme\/","url":"https:\/\/www.profaqua.ca\/fr\/produit\/magnetisme\/","name":"Magn\u00e9tisme (Colombie-Britannique) - Profaqua","isPartOf":{"@id":"https:\/\/www.profaqua.ca\/fr\/#website"},"datePublished":"2017-07-26T18:28:30+00:00","dateModified":"2024-08-25T19:52:05+00:00","description":"La boussole perd le nord ! De l\u2019aimant du tableau de la classe, en passant par la plan\u00e8te Terre, d\u00e9couvrez avec nous le monde fascinant du magn\u00e9tisme.","breadcrumb":{"@id":"https:\/\/www.profaqua.ca\/fr\/produit\/magnetisme\/#breadcrumb"},"inLanguage":"fr-FR","potentialAction":[{"@type":"ReadAction","target":["https:\/\/www.profaqua.ca\/fr\/produit\/magnetisme\/"]}]},{"@type":"BreadcrumbList","@id":"https:\/\/www.profaqua.ca\/fr\/produit\/magnetisme\/#breadcrumb","itemListElement":[{"@type":"ListItem","position":1,"name":"Home","item":"https:\/\/www.profaqua.ca\/fr\/"},{"@type":"ListItem","position":2,"name":"Produits","item":"https:\/\/www.profaqua.ca\/fr\/shop\/"},{"@type":"ListItem","position":3,"name":"Magn\u00e9tisme (Colombie-Britannique)"}]},{"@type":"WebSite","@id":"https:\/\/www.profaqua.ca\/fr\/#website","url":"https:\/\/www.profaqua.ca\/fr\/","name":"Profaqua","description":"","potentialAction":[{"@type":"SearchAction","target":{"@type":"EntryPoint","urlTemplate":"https:\/\/www.profaqua.ca\/fr\/?s={search_term_string}"},"query-input":"required name=search_term_string"}],"inLanguage":"fr-FR"}]}},"_links":{"self":[{"href":"https:\/\/www.profaqua.ca\/fr\/wp-json\/wp\/v2\/product\/1197"}],"collection":[{"href":"https:\/\/www.profaqua.ca\/fr\/wp-json\/wp\/v2\/product"}],"about":[{"href":"https:\/\/www.profaqua.ca\/fr\/wp-json\/wp\/v2\/types\/product"}],"wp:featuredmedia":[{"embeddable":true,"href":"https:\/\/www.profaqua.ca\/fr\/wp-json\/wp\/v2\/media\/1257"}],"wp:attachment":[{"href":"https:\/\/www.profaqua.ca\/fr\/wp-json\/wp\/v2\/media?parent=1197"}],"wp:term":[{"taxonomy":"product_cat","embeddable":true,"href":"https:\/\/www.profaqua.ca\/fr\/wp-json\/wp\/v2\/product_cat?post=1197"},{"taxonomy":"product_tag","embeddable":true,"href":"https:\/\/www.profaqua.ca\/fr\/wp-json\/wp\/v2\/product_tag?post=1197"}],"curies":[{"name":"wp","href":"https:\/\/api.w.org\/{rel}","templated":true}]}}