{"id":1196,"date":"2017-07-26T13:27:59","date_gmt":"2017-07-26T18:27:59","guid":{"rendered":"https:\/\/www.profaqua.ca\/?post_type=product&#038;p=1196\/"},"modified":"2024-09-04T17:27:24","modified_gmt":"2024-09-04T22:27:24","slug":"magie","status":"publish","type":"product","link":"https:\/\/www.profaqua.ca\/fr\/produit\/magie\/","title":{"rendered":"Magie (Colombie-Britannique)"},"content":{"rendered":"<p><strong>Magique ? Non, scientifique, bien s\u00fbr !<\/strong><\/p>\n<p>Des objets qui se multiplient ou disparaissent, des anneaux qui s\u2019entrem\u00ealent et m\u00eame de la t\u00e9l\u00e9pathie !!! Est-ce magique? Mais non, c\u2019est scientifique!<\/p>\n<p>Apprenez avec nous \u00e0 r\u00e9aliser quelques tours de magie qui sauront surprendre vos proches en assistant \u00e0 notre petit spectacle et en participant \u00e0 nos 5 stations: le n\u0153ud des 3 cordes, les 3 cerceaux, le pouce magique, les 3 verres et la corde et le petit anneau!<\/p>\n<p>Vos magiciens en herbe assisteront \u00e0 des tours de magie suppl\u00e9mentaires et d\u00e9velopperont leur habilet\u00e9 en r\u00e9alisant mieux leurs propres tours!<\/p>\n<h2><strong><u>Objectifs du primaire:<\/u><\/strong><\/h2>\n<ul>\n<li>Utiliser le mat\u00e9riel du magicien pour comprendre les tours.<\/li>\n<li>\u00catre capable d\u2019\u00e9couter, de m\u00e9moriser et de se concentrer sur chacun des tours.<\/li>\n<li>Apprendre \u00e0 effectuer diff\u00e9rents tours de magie.<\/li>\n<\/ul>\n","protected":false},"excerpt":{"rendered":"<p>Magique ? Non, scientifique, bien s\u00fbr ! Des objets qui se multiplient ou disparaissent, des anneaux qui s\u2019entrem\u00ealent et m\u00eame de la t\u00e9l\u00e9pathie !!! Est-ce magique? Mais non, c\u2019est scientifique! Apprenez avec nous \u00e0 r\u00e9aliser quelques tours de magie qui sauront surprendre vos proches en assistant \u00e0 notre petit spectacle et en participant \u00e0 nos 5 stations: le n\u0153ud des<\/p>\n<div class=\"h10\"><\/div>\n<p><a class=\"more-link1\" href=\"https:\/\/www.profaqua.ca\/fr\/produit\/magie\/\">Voir plus<\/a><\/p>\n","protected":false},"featured_media":1259,"template":"","meta":[],"product_cat":[62],"product_tag":[],"acf":[],"yoast_head":"<!-- This site is optimized with the Yoast SEO plugin v20.13 - https:\/\/yoast.com\/wordpress\/plugins\/seo\/ -->\n<title>Magie (Colombie-Britannique) - Profaqua<\/title>\n<meta name=\"description\" content=\"Magique ? Non, scientifique, bien s\u00fbr ! Des objets qui se multiplient ou disparaissent, des anneaux qui s\u2019entrem\u00ealent et m\u00eame de la t\u00e9l\u00e9pathie !!! Est-ce\" \/>\n<meta name=\"robots\" content=\"index, follow, max-snippet:-1, max-image-preview:large, max-video-preview:-1\" \/>\n<link rel=\"canonical\" href=\"https:\/\/www.profaqua.ca\/fr\/produit\/magie\/\" \/>\n<meta property=\"og:locale\" content=\"fr_FR\" \/>\n<meta property=\"og:type\" content=\"article\" \/>\n<meta property=\"og:title\" content=\"Magie (Colombie-Britannique) - Profaqua\" \/>\n<meta property=\"og:description\" content=\"Magique ? Non, scientifique, bien s\u00fbr ! Des objets qui se multiplient ou disparaissent, des anneaux qui s\u2019entrem\u00ealent et m\u00eame de la t\u00e9l\u00e9pathie !!! Est-ce\" \/>\n<meta property=\"og:url\" content=\"https:\/\/www.profaqua.ca\/fr\/produit\/magie\/\" \/>\n<meta property=\"og:site_name\" content=\"Profaqua\" \/>\n<meta property=\"article:publisher\" content=\"https:\/\/www.facebook.com\/profaqua\/\" \/>\n<meta property=\"article:modified_time\" content=\"2024-09-04T22:27:24+00:00\" \/>\n<meta property=\"og:image\" content=\"https:\/\/www.profaqua.ca\/wp-content\/uploads\/2017\/07\/2.21_Magie-002.png\" \/>\n\t<meta property=\"og:image:width\" content=\"1800\" \/>\n\t<meta property=\"og:image:height\" content=\"1800\" \/>\n\t<meta property=\"og:image:type\" content=\"image\/png\" \/>\n<meta name=\"twitter:card\" content=\"summary_large_image\" \/>\n<meta name=\"twitter:label1\" content=\"Dur\u00e9e de lecture estim\u00e9e\" \/>\n\t<meta name=\"twitter:data1\" content=\"1 minute\" \/>\n<script type=\"application\/ld+json\" class=\"yoast-schema-graph\">{\"@context\":\"https:\/\/schema.org\",\"@graph\":[{\"@type\":\"WebPage\",\"@id\":\"https:\/\/www.profaqua.ca\/fr\/produit\/magie\/\",\"url\":\"https:\/\/www.profaqua.ca\/fr\/produit\/magie\/\",\"name\":\"Magie (Colombie-Britannique) - Profaqua\",\"isPartOf\":{\"@id\":\"https:\/\/www.profaqua.ca\/fr\/#website\"},\"datePublished\":\"2017-07-26T18:27:59+00:00\",\"dateModified\":\"2024-09-04T22:27:24+00:00\",\"description\":\"Magique ? Non, scientifique, bien s\u00fbr ! Des objets qui se multiplient ou disparaissent, des anneaux qui s\u2019entrem\u00ealent et m\u00eame de la t\u00e9l\u00e9pathie !!! Est-ce\",\"breadcrumb\":{\"@id\":\"https:\/\/www.profaqua.ca\/fr\/produit\/magie\/#breadcrumb\"},\"inLanguage\":\"fr-FR\",\"potentialAction\":[{\"@type\":\"ReadAction\",\"target\":[\"https:\/\/www.profaqua.ca\/fr\/produit\/magie\/\"]}]},{\"@type\":\"BreadcrumbList\",\"@id\":\"https:\/\/www.profaqua.ca\/fr\/produit\/magie\/#breadcrumb\",\"itemListElement\":[{\"@type\":\"ListItem\",\"position\":1,\"name\":\"Home\",\"item\":\"https:\/\/www.profaqua.ca\/fr\/\"},{\"@type\":\"ListItem\",\"position\":2,\"name\":\"Produits\",\"item\":\"https:\/\/www.profaqua.ca\/fr\/shop\/\"},{\"@type\":\"ListItem\",\"position\":3,\"name\":\"Magie (Colombie-Britannique)\"}]},{\"@type\":\"WebSite\",\"@id\":\"https:\/\/www.profaqua.ca\/fr\/#website\",\"url\":\"https:\/\/www.profaqua.ca\/fr\/\",\"name\":\"Profaqua\",\"description\":\"\",\"potentialAction\":[{\"@type\":\"SearchAction\",\"target\":{\"@type\":\"EntryPoint\",\"urlTemplate\":\"https:\/\/www.profaqua.ca\/fr\/?s={search_term_string}\"},\"query-input\":\"required name=search_term_string\"}],\"inLanguage\":\"fr-FR\"}]}<\/script>\n<!-- \/ Yoast SEO plugin. -->","yoast_head_json":{"title":"Magie (Colombie-Britannique) - Profaqua","description":"Magique ? Non, scientifique, bien s\u00fbr ! Des objets qui se multiplient ou disparaissent, des anneaux qui s\u2019entrem\u00ealent et m\u00eame de la t\u00e9l\u00e9pathie !!! Est-ce","robots":{"index":"index","follow":"follow","max-snippet":"max-snippet:-1","max-image-preview":"max-image-preview:large","max-video-preview":"max-video-preview:-1"},"canonical":"https:\/\/www.profaqua.ca\/fr\/produit\/magie\/","og_locale":"fr_FR","og_type":"article","og_title":"Magie (Colombie-Britannique) - Profaqua","og_description":"Magique ? Non, scientifique, bien s\u00fbr ! Des objets qui se multiplient ou disparaissent, des anneaux qui s\u2019entrem\u00ealent et m\u00eame de la t\u00e9l\u00e9pathie !!! Est-ce","og_url":"https:\/\/www.profaqua.ca\/fr\/produit\/magie\/","og_site_name":"Profaqua","article_publisher":"https:\/\/www.facebook.com\/profaqua\/","article_modified_time":"2024-09-04T22:27:24+00:00","og_image":[{"width":1800,"height":1800,"url":"https:\/\/www.profaqua.ca\/wp-content\/uploads\/2017\/07\/2.21_Magie-002.png","type":"image\/png"}],"twitter_card":"summary_large_image","twitter_misc":{"Dur\u00e9e de lecture estim\u00e9e":"1 minute"},"schema":{"@context":"https:\/\/schema.org","@graph":[{"@type":"WebPage","@id":"https:\/\/www.profaqua.ca\/fr\/produit\/magie\/","url":"https:\/\/www.profaqua.ca\/fr\/produit\/magie\/","name":"Magie (Colombie-Britannique) - Profaqua","isPartOf":{"@id":"https:\/\/www.profaqua.ca\/fr\/#website"},"datePublished":"2017-07-26T18:27:59+00:00","dateModified":"2024-09-04T22:27:24+00:00","description":"Magique ? Non, scientifique, bien s\u00fbr ! Des objets qui se multiplient ou disparaissent, des anneaux qui s\u2019entrem\u00ealent et m\u00eame de la t\u00e9l\u00e9pathie !!! Est-ce","breadcrumb":{"@id":"https:\/\/www.profaqua.ca\/fr\/produit\/magie\/#breadcrumb"},"inLanguage":"fr-FR","potentialAction":[{"@type":"ReadAction","target":["https:\/\/www.profaqua.ca\/fr\/produit\/magie\/"]}]},{"@type":"BreadcrumbList","@id":"https:\/\/www.profaqua.ca\/fr\/produit\/magie\/#breadcrumb","itemListElement":[{"@type":"ListItem","position":1,"name":"Home","item":"https:\/\/www.profaqua.ca\/fr\/"},{"@type":"ListItem","position":2,"name":"Produits","item":"https:\/\/www.profaqua.ca\/fr\/shop\/"},{"@type":"ListItem","position":3,"name":"Magie (Colombie-Britannique)"}]},{"@type":"WebSite","@id":"https:\/\/www.profaqua.ca\/fr\/#website","url":"https:\/\/www.profaqua.ca\/fr\/","name":"Profaqua","description":"","potentialAction":[{"@type":"SearchAction","target":{"@type":"EntryPoint","urlTemplate":"https:\/\/www.profaqua.ca\/fr\/?s={search_term_string}"},"query-input":"required name=search_term_string"}],"inLanguage":"fr-FR"}]}},"_links":{"self":[{"href":"https:\/\/www.profaqua.ca\/fr\/wp-json\/wp\/v2\/product\/1196"}],"collection":[{"href":"https:\/\/www.profaqua.ca\/fr\/wp-json\/wp\/v2\/product"}],"about":[{"href":"https:\/\/www.profaqua.ca\/fr\/wp-json\/wp\/v2\/types\/product"}],"wp:featuredmedia":[{"embeddable":true,"href":"https:\/\/www.profaqua.ca\/fr\/wp-json\/wp\/v2\/media\/1259"}],"wp:attachment":[{"href":"https:\/\/www.profaqua.ca\/fr\/wp-json\/wp\/v2\/media?parent=1196"}],"wp:term":[{"taxonomy":"product_cat","embeddable":true,"href":"https:\/\/www.profaqua.ca\/fr\/wp-json\/wp\/v2\/product_cat?post=1196"},{"taxonomy":"product_tag","embeddable":true,"href":"https:\/\/www.profaqua.ca\/fr\/wp-json\/wp\/v2\/product_tag?post=1196"}],"curies":[{"name":"wp","href":"https:\/\/api.w.org\/{rel}","templated":true}]}}