{"id":1195,"date":"2017-07-26T13:26:00","date_gmt":"2017-07-26T18:26:00","guid":{"rendered":"https:\/\/www.profaqua.ca\/?post_type=product&#038;p=1195\/"},"modified":"2024-09-04T17:27:16","modified_gmt":"2024-09-04T22:27:16","slug":"machines-simples","status":"publish","type":"product","link":"https:\/\/www.profaqua.ca\/fr\/produit\/machines-simples\/","title":{"rendered":"Machines simples (Colombie-Britannique)"},"content":{"rendered":"<p><strong>Simples, mais utiles !<\/strong><\/p>\n<p>Vous n\u2019\u00eates pas fain\u00e9ants\u2026 mais intelligents!<\/p>\n<p>Depuis toujours, l\u2019\u00eatre humain d\u00e9veloppe des outils pour augmenter sa force physique et diminuer ses efforts.<\/p>\n<p>D\u00e9couvrez avec nous les diff\u00e9rentes familles de machines simples (levier, plan inclin\u00e9, poulie, treuil, vis, coin).<\/p>\n<p>Dans l&rsquo;atelier de 60 minutes, les \u00e9l\u00e8ves construiront un levier pour comparer leurs efficacit\u00e9s avec l\u2019aide d\u2019un dynamom\u00e8tre, \u00e0 soulever une charge de 1 kg dans le cadre d\u2019une vraie \u00e9tude scientifique. Vos petits Newton devront d\u00e9terminer quelle position de levier sera la gagnante dans sa lutte contre la gravit\u00e9.<\/p>\n<p>Dans l&rsquo;atelier de 75 minutes, les \u00e9l\u00e8ves vont exp\u00e9rimenter et d\u00e9couvrir quelle machine simple est la plus efficace pour soulever une masse de 1 kg. Le levier ou la poulie? Pour r\u00e9pondre \u00e0 cette question, ils vont construire diff\u00e9rentes combinaisons de plusieurs poulies pour comparer leurs r\u00e9sultats \u00e0 ceux du levier.<\/p>\n<p>C\u2019est le temps d\u2019\u00e9mettre vos hypoth\u00e8ses!<\/p>\n<h2><strong><u>Objectifs du primaire:<\/u><\/strong><\/h2>\n<ul>\n<li>Identifier et reconna\u00eetre l\u2019utilit\u00e9 des machines simples (levier, plan inclin\u00e9, vis, poulie, treuil<strong>, <\/strong>roue)<strong>.<\/strong><\/li>\n<li>D\u00e9crire l\u2019utilit\u00e9 des machines simples (variation de l\u2019effort).<\/li>\n<li>D\u00e9crire l\u2019effet d\u2019une force sur une structure.<\/li>\n<li>Manipuler des leviers et des poulies pour soulever une charge.<\/li>\n<li>Utiliser des outils de mesure (dynamom\u00e8tre).<\/li>\n<\/ul>\n","protected":false},"excerpt":{"rendered":"<p>Simples, mais utiles ! Vous n\u2019\u00eates pas fain\u00e9ants\u2026 mais intelligents! Depuis toujours, l\u2019\u00eatre humain d\u00e9veloppe des outils pour augmenter sa force physique et diminuer ses efforts. D\u00e9couvrez avec nous les diff\u00e9rentes familles de machines simples (levier, plan inclin\u00e9, poulie, treuil, vis, coin). Dans l&rsquo;atelier de 60 minutes, les \u00e9l\u00e8ves construiront un levier pour comparer leurs efficacit\u00e9s avec l\u2019aide d\u2019un dynamom\u00e8tre,<\/p>\n<div class=\"h10\"><\/div>\n<p><a class=\"more-link1\" href=\"https:\/\/www.profaqua.ca\/fr\/produit\/machines-simples\/\">Voir plus<\/a><\/p>\n","protected":false},"featured_media":1264,"template":"","meta":[],"product_cat":[62],"product_tag":[],"acf":[],"yoast_head":"<!-- This site is optimized with the Yoast SEO plugin v20.13 - https:\/\/yoast.com\/wordpress\/plugins\/seo\/ -->\n<title>Machines simples (Colombie-Britannique) - Profaqua<\/title>\n<meta name=\"description\" content=\"Simples, mais utiles ! Vous n\u2019\u00eates pas fain\u00e9ants\u2026 mais intelligents! Depuis toujours, l\u2019\u00eatre humain d\u00e9veloppe des outils pour augmenter sa force physique\" \/>\n<meta name=\"robots\" content=\"index, follow, max-snippet:-1, max-image-preview:large, max-video-preview:-1\" \/>\n<link rel=\"canonical\" href=\"https:\/\/www.profaqua.ca\/fr\/produit\/machines-simples\/\" \/>\n<meta property=\"og:locale\" content=\"fr_FR\" \/>\n<meta property=\"og:type\" content=\"article\" \/>\n<meta property=\"og:title\" content=\"Machines simples (Colombie-Britannique) - Profaqua\" \/>\n<meta property=\"og:description\" content=\"Simples, mais utiles ! Vous n\u2019\u00eates pas fain\u00e9ants\u2026 mais intelligents! Depuis toujours, l\u2019\u00eatre humain d\u00e9veloppe des outils pour augmenter sa force physique\" \/>\n<meta property=\"og:url\" content=\"https:\/\/www.profaqua.ca\/fr\/produit\/machines-simples\/\" \/>\n<meta property=\"og:site_name\" content=\"Profaqua\" \/>\n<meta property=\"article:publisher\" content=\"https:\/\/www.facebook.com\/profaqua\/\" \/>\n<meta property=\"article:modified_time\" content=\"2024-09-04T22:27:16+00:00\" \/>\n<meta property=\"og:image\" content=\"https:\/\/www.profaqua.ca\/wp-content\/uploads\/2017\/07\/2.20_Machines_simples-002.png\" \/>\n\t<meta property=\"og:image:width\" content=\"1800\" \/>\n\t<meta property=\"og:image:height\" content=\"1800\" \/>\n\t<meta property=\"og:image:type\" content=\"image\/png\" \/>\n<meta name=\"twitter:card\" content=\"summary_large_image\" \/>\n<meta name=\"twitter:label1\" content=\"Dur\u00e9e de lecture estim\u00e9e\" \/>\n\t<meta name=\"twitter:data1\" content=\"2 minutes\" \/>\n<script type=\"application\/ld+json\" class=\"yoast-schema-graph\">{\"@context\":\"https:\/\/schema.org\",\"@graph\":[{\"@type\":\"WebPage\",\"@id\":\"https:\/\/www.profaqua.ca\/fr\/produit\/machines-simples\/\",\"url\":\"https:\/\/www.profaqua.ca\/fr\/produit\/machines-simples\/\",\"name\":\"Machines simples (Colombie-Britannique) - Profaqua\",\"isPartOf\":{\"@id\":\"https:\/\/www.profaqua.ca\/fr\/#website\"},\"datePublished\":\"2017-07-26T18:26:00+00:00\",\"dateModified\":\"2024-09-04T22:27:16+00:00\",\"description\":\"Simples, mais utiles ! Vous n\u2019\u00eates pas fain\u00e9ants\u2026 mais intelligents! Depuis toujours, l\u2019\u00eatre humain d\u00e9veloppe des outils pour augmenter sa force physique\",\"breadcrumb\":{\"@id\":\"https:\/\/www.profaqua.ca\/fr\/produit\/machines-simples\/#breadcrumb\"},\"inLanguage\":\"fr-FR\",\"potentialAction\":[{\"@type\":\"ReadAction\",\"target\":[\"https:\/\/www.profaqua.ca\/fr\/produit\/machines-simples\/\"]}]},{\"@type\":\"BreadcrumbList\",\"@id\":\"https:\/\/www.profaqua.ca\/fr\/produit\/machines-simples\/#breadcrumb\",\"itemListElement\":[{\"@type\":\"ListItem\",\"position\":1,\"name\":\"Home\",\"item\":\"https:\/\/www.profaqua.ca\/fr\/\"},{\"@type\":\"ListItem\",\"position\":2,\"name\":\"Produits\",\"item\":\"https:\/\/www.profaqua.ca\/fr\/shop\/\"},{\"@type\":\"ListItem\",\"position\":3,\"name\":\"Machines simples (Colombie-Britannique)\"}]},{\"@type\":\"WebSite\",\"@id\":\"https:\/\/www.profaqua.ca\/fr\/#website\",\"url\":\"https:\/\/www.profaqua.ca\/fr\/\",\"name\":\"Profaqua\",\"description\":\"\",\"potentialAction\":[{\"@type\":\"SearchAction\",\"target\":{\"@type\":\"EntryPoint\",\"urlTemplate\":\"https:\/\/www.profaqua.ca\/fr\/?s={search_term_string}\"},\"query-input\":\"required name=search_term_string\"}],\"inLanguage\":\"fr-FR\"}]}<\/script>\n<!-- \/ Yoast SEO plugin. -->","yoast_head_json":{"title":"Machines simples (Colombie-Britannique) - Profaqua","description":"Simples, mais utiles ! Vous n\u2019\u00eates pas fain\u00e9ants\u2026 mais intelligents! Depuis toujours, l\u2019\u00eatre humain d\u00e9veloppe des outils pour augmenter sa force physique","robots":{"index":"index","follow":"follow","max-snippet":"max-snippet:-1","max-image-preview":"max-image-preview:large","max-video-preview":"max-video-preview:-1"},"canonical":"https:\/\/www.profaqua.ca\/fr\/produit\/machines-simples\/","og_locale":"fr_FR","og_type":"article","og_title":"Machines simples (Colombie-Britannique) - Profaqua","og_description":"Simples, mais utiles ! Vous n\u2019\u00eates pas fain\u00e9ants\u2026 mais intelligents! Depuis toujours, l\u2019\u00eatre humain d\u00e9veloppe des outils pour augmenter sa force physique","og_url":"https:\/\/www.profaqua.ca\/fr\/produit\/machines-simples\/","og_site_name":"Profaqua","article_publisher":"https:\/\/www.facebook.com\/profaqua\/","article_modified_time":"2024-09-04T22:27:16+00:00","og_image":[{"width":1800,"height":1800,"url":"https:\/\/www.profaqua.ca\/wp-content\/uploads\/2017\/07\/2.20_Machines_simples-002.png","type":"image\/png"}],"twitter_card":"summary_large_image","twitter_misc":{"Dur\u00e9e de lecture estim\u00e9e":"2 minutes"},"schema":{"@context":"https:\/\/schema.org","@graph":[{"@type":"WebPage","@id":"https:\/\/www.profaqua.ca\/fr\/produit\/machines-simples\/","url":"https:\/\/www.profaqua.ca\/fr\/produit\/machines-simples\/","name":"Machines simples (Colombie-Britannique) - Profaqua","isPartOf":{"@id":"https:\/\/www.profaqua.ca\/fr\/#website"},"datePublished":"2017-07-26T18:26:00+00:00","dateModified":"2024-09-04T22:27:16+00:00","description":"Simples, mais utiles ! Vous n\u2019\u00eates pas fain\u00e9ants\u2026 mais intelligents! Depuis toujours, l\u2019\u00eatre humain d\u00e9veloppe des outils pour augmenter sa force physique","breadcrumb":{"@id":"https:\/\/www.profaqua.ca\/fr\/produit\/machines-simples\/#breadcrumb"},"inLanguage":"fr-FR","potentialAction":[{"@type":"ReadAction","target":["https:\/\/www.profaqua.ca\/fr\/produit\/machines-simples\/"]}]},{"@type":"BreadcrumbList","@id":"https:\/\/www.profaqua.ca\/fr\/produit\/machines-simples\/#breadcrumb","itemListElement":[{"@type":"ListItem","position":1,"name":"Home","item":"https:\/\/www.profaqua.ca\/fr\/"},{"@type":"ListItem","position":2,"name":"Produits","item":"https:\/\/www.profaqua.ca\/fr\/shop\/"},{"@type":"ListItem","position":3,"name":"Machines simples (Colombie-Britannique)"}]},{"@type":"WebSite","@id":"https:\/\/www.profaqua.ca\/fr\/#website","url":"https:\/\/www.profaqua.ca\/fr\/","name":"Profaqua","description":"","potentialAction":[{"@type":"SearchAction","target":{"@type":"EntryPoint","urlTemplate":"https:\/\/www.profaqua.ca\/fr\/?s={search_term_string}"},"query-input":"required name=search_term_string"}],"inLanguage":"fr-FR"}]}},"_links":{"self":[{"href":"https:\/\/www.profaqua.ca\/fr\/wp-json\/wp\/v2\/product\/1195"}],"collection":[{"href":"https:\/\/www.profaqua.ca\/fr\/wp-json\/wp\/v2\/product"}],"about":[{"href":"https:\/\/www.profaqua.ca\/fr\/wp-json\/wp\/v2\/types\/product"}],"wp:featuredmedia":[{"embeddable":true,"href":"https:\/\/www.profaqua.ca\/fr\/wp-json\/wp\/v2\/media\/1264"}],"wp:attachment":[{"href":"https:\/\/www.profaqua.ca\/fr\/wp-json\/wp\/v2\/media?parent=1195"}],"wp:term":[{"taxonomy":"product_cat","embeddable":true,"href":"https:\/\/www.profaqua.ca\/fr\/wp-json\/wp\/v2\/product_cat?post=1195"},{"taxonomy":"product_tag","embeddable":true,"href":"https:\/\/www.profaqua.ca\/fr\/wp-json\/wp\/v2\/product_tag?post=1195"}],"curies":[{"name":"wp","href":"https:\/\/api.w.org\/{rel}","templated":true}]}}