{"id":1194,"date":"2017-07-26T13:21:17","date_gmt":"2017-07-26T18:21:17","guid":{"rendered":"https:\/\/www.profaqua.ca\/?post_type=product&#038;p=1194\/"},"modified":"2024-08-25T16:20:35","modified_gmt":"2024-08-25T21:20:35","slug":"lumiere-et-laser-2","status":"publish","type":"product","link":"https:\/\/www.profaqua.ca\/fr\/produit\/lumiere-et-laser-2\/","title":{"rendered":"Lumi\u00e8re et Laser (Colombie-Britannique)"},"content":{"rendered":"<p><strong>Laissez-nous vous \u00e9clairer !<\/strong><\/p>\n<p>Qu\u2019est-ce que la lumi\u00e8re? Que se cache-t-il derri\u00e8re la lumi\u00e8re blanche? Comment fonctionne un laser?<\/p>\n<p>Lumi\u00e8re visible et invisible, composition, vitesse, force et diversit\u00e9 de la lumi\u00e8re, voil\u00e0 autant de notions que les jeunes d\u00e9couvriront \u00e0 travers la manipulation de spectroscope, lumi\u00e8re blanche et ultraviolette, fibre optique, prisme, miroirs et lasers. Lumi\u00e8re cach\u00e9e et lumi\u00e8re secr\u00e8te. Que se cache-t-il dans un passeport ou dans la t\u00e9l\u00e9commande du TBI?<\/p>\n<p>Ils en sortiront tout \u00e9blouis!<\/p>\n<h2><strong><u>Objectifs du primaire:<\/u><\/strong><\/h2>\n<ul>\n<li>Comprendre la composition de la lumi\u00e8re (photons).<\/li>\n<li>Conna\u00eetre les couleurs primaires de la lumi\u00e8re.<\/li>\n<li>Identifier diff\u00e9rentes sources de lumi\u00e8re.<\/li>\n<li>Observer le comportement d\u2019un rayon lumineux (laser).<\/li>\n<li>Reconna\u00eetre la pr\u00e9sence de lumi\u00e8res cach\u00e9es (infrarouge et ultraviolet).<\/li>\n<\/ul>\n<h2><strong><u>Objectifs du secondaire:<\/u><\/strong><\/h2>\n<ul>\n<li>D\u00e9finir la lumi\u00e8re comme \u00e9tant une forme d\u2019\u00e9nergie rayonnante.<\/li>\n<li>D\u00e9finir la longueur d\u2019onde comme \u00e9tant la distance entre deux points identiques d\u2019une onde \u00e0 un instant donn\u00e9 (ex. : distance entre deux cr\u00eates).<\/li>\n<li>Situer diff\u00e9rentes r\u00e9gions lumineuses sur le spectre \u00e9lectromagn\u00e9tique (ex. : radio, infrarouge, lumi\u00e8re visible, rayons X).<\/li>\n<li>D\u00e9crire la relation entre la longueur d\u2019onde et l\u2019\u00e9nergie qui lui est associ\u00e9e (ex. : les rayons X, tr\u00e8s \u00e9nerg\u00e9tiques, ont une faible longueur d\u2019onde).<\/li>\n<li>D\u00e9crire la fa\u00e7on dont les rayons lumineux sont d\u00e9vi\u00e9s par une surface r\u00e9fl\u00e9chissante plane et un miroir.<\/li>\n<li>D\u00e9crire la fa\u00e7on dont les rayons lumineux sont d\u00e9vi\u00e9s lorsqu\u2019ils traversent la surface d\u2019une substance translucide convexe ou concave.<\/li>\n<\/ul>\n","protected":false},"excerpt":{"rendered":"<p>Laissez-nous vous \u00e9clairer ! Qu\u2019est-ce que la lumi\u00e8re? Que se cache-t-il derri\u00e8re la lumi\u00e8re blanche? Comment fonctionne un laser? Lumi\u00e8re visible et invisible, composition, vitesse, force et diversit\u00e9 de la lumi\u00e8re, voil\u00e0 autant de notions que les jeunes d\u00e9couvriront \u00e0 travers la manipulation de spectroscope, lumi\u00e8re blanche et ultraviolette, fibre optique, prisme, miroirs et lasers. Lumi\u00e8re cach\u00e9e et lumi\u00e8re secr\u00e8te.<\/p>\n<div class=\"h10\"><\/div>\n<p><a class=\"more-link1\" href=\"https:\/\/www.profaqua.ca\/fr\/produit\/lumiere-et-laser-2\/\">Voir plus<\/a><\/p>\n","protected":false},"featured_media":1266,"template":"","meta":[],"product_cat":[62],"product_tag":[],"acf":[],"yoast_head":"<!-- This site is optimized with the Yoast SEO plugin v20.13 - https:\/\/yoast.com\/wordpress\/plugins\/seo\/ -->\n<title>Lumi\u00e8re et Laser (Colombie-Britannique) - Profaqua<\/title>\n<meta name=\"description\" content=\"Laissez-nous vous \u00e9clairer ! Qu\u2019est-ce que la lumi\u00e8re? Que se cache-t-il derri\u00e8re la lumi\u00e8re blanche? Comment fonctionne un laser? Lumi\u00e8re visible et\" \/>\n<meta name=\"robots\" content=\"index, follow, max-snippet:-1, max-image-preview:large, max-video-preview:-1\" \/>\n<link rel=\"canonical\" href=\"https:\/\/www.profaqua.ca\/fr\/produit\/lumiere-et-laser-2\/\" \/>\n<meta property=\"og:locale\" content=\"fr_FR\" \/>\n<meta property=\"og:type\" content=\"article\" \/>\n<meta property=\"og:title\" content=\"Lumi\u00e8re et Laser (Colombie-Britannique) - Profaqua\" \/>\n<meta property=\"og:description\" content=\"Laissez-nous vous \u00e9clairer ! Qu\u2019est-ce que la lumi\u00e8re? Que se cache-t-il derri\u00e8re la lumi\u00e8re blanche? Comment fonctionne un laser? Lumi\u00e8re visible et\" \/>\n<meta property=\"og:url\" content=\"https:\/\/www.profaqua.ca\/fr\/produit\/lumiere-et-laser-2\/\" \/>\n<meta property=\"og:site_name\" content=\"Profaqua\" \/>\n<meta property=\"article:publisher\" content=\"https:\/\/www.facebook.com\/profaqua\/\" \/>\n<meta property=\"article:modified_time\" content=\"2024-08-25T21:20:35+00:00\" \/>\n<meta property=\"og:image\" content=\"https:\/\/www.profaqua.ca\/wp-content\/uploads\/2017\/07\/2.19_Lumi\u00e8re_et_laser-002.png\" \/>\n\t<meta property=\"og:image:width\" content=\"1800\" \/>\n\t<meta property=\"og:image:height\" content=\"1800\" \/>\n\t<meta property=\"og:image:type\" content=\"image\/png\" \/>\n<meta name=\"twitter:card\" content=\"summary_large_image\" \/>\n<meta name=\"twitter:label1\" content=\"Dur\u00e9e de lecture estim\u00e9e\" \/>\n\t<meta name=\"twitter:data1\" content=\"2 minutes\" \/>\n<script type=\"application\/ld+json\" class=\"yoast-schema-graph\">{\"@context\":\"https:\/\/schema.org\",\"@graph\":[{\"@type\":\"WebPage\",\"@id\":\"https:\/\/www.profaqua.ca\/fr\/produit\/lumiere-et-laser-2\/\",\"url\":\"https:\/\/www.profaqua.ca\/fr\/produit\/lumiere-et-laser-2\/\",\"name\":\"Lumi\u00e8re et Laser (Colombie-Britannique) - Profaqua\",\"isPartOf\":{\"@id\":\"https:\/\/www.profaqua.ca\/fr\/#website\"},\"datePublished\":\"2017-07-26T18:21:17+00:00\",\"dateModified\":\"2024-08-25T21:20:35+00:00\",\"description\":\"Laissez-nous vous \u00e9clairer ! Qu\u2019est-ce que la lumi\u00e8re? Que se cache-t-il derri\u00e8re la lumi\u00e8re blanche? Comment fonctionne un laser? Lumi\u00e8re visible et\",\"breadcrumb\":{\"@id\":\"https:\/\/www.profaqua.ca\/fr\/produit\/lumiere-et-laser-2\/#breadcrumb\"},\"inLanguage\":\"fr-FR\",\"potentialAction\":[{\"@type\":\"ReadAction\",\"target\":[\"https:\/\/www.profaqua.ca\/fr\/produit\/lumiere-et-laser-2\/\"]}]},{\"@type\":\"BreadcrumbList\",\"@id\":\"https:\/\/www.profaqua.ca\/fr\/produit\/lumiere-et-laser-2\/#breadcrumb\",\"itemListElement\":[{\"@type\":\"ListItem\",\"position\":1,\"name\":\"Home\",\"item\":\"https:\/\/www.profaqua.ca\/fr\/\"},{\"@type\":\"ListItem\",\"position\":2,\"name\":\"Produits\",\"item\":\"https:\/\/www.profaqua.ca\/fr\/shop\/\"},{\"@type\":\"ListItem\",\"position\":3,\"name\":\"Lumi\u00e8re et Laser (Colombie-Britannique)\"}]},{\"@type\":\"WebSite\",\"@id\":\"https:\/\/www.profaqua.ca\/fr\/#website\",\"url\":\"https:\/\/www.profaqua.ca\/fr\/\",\"name\":\"Profaqua\",\"description\":\"\",\"potentialAction\":[{\"@type\":\"SearchAction\",\"target\":{\"@type\":\"EntryPoint\",\"urlTemplate\":\"https:\/\/www.profaqua.ca\/fr\/?s={search_term_string}\"},\"query-input\":\"required name=search_term_string\"}],\"inLanguage\":\"fr-FR\"}]}<\/script>\n<!-- \/ Yoast SEO plugin. -->","yoast_head_json":{"title":"Lumi\u00e8re et Laser (Colombie-Britannique) - Profaqua","description":"Laissez-nous vous \u00e9clairer ! Qu\u2019est-ce que la lumi\u00e8re? Que se cache-t-il derri\u00e8re la lumi\u00e8re blanche? Comment fonctionne un laser? Lumi\u00e8re visible et","robots":{"index":"index","follow":"follow","max-snippet":"max-snippet:-1","max-image-preview":"max-image-preview:large","max-video-preview":"max-video-preview:-1"},"canonical":"https:\/\/www.profaqua.ca\/fr\/produit\/lumiere-et-laser-2\/","og_locale":"fr_FR","og_type":"article","og_title":"Lumi\u00e8re et Laser (Colombie-Britannique) - Profaqua","og_description":"Laissez-nous vous \u00e9clairer ! Qu\u2019est-ce que la lumi\u00e8re? Que se cache-t-il derri\u00e8re la lumi\u00e8re blanche? Comment fonctionne un laser? Lumi\u00e8re visible et","og_url":"https:\/\/www.profaqua.ca\/fr\/produit\/lumiere-et-laser-2\/","og_site_name":"Profaqua","article_publisher":"https:\/\/www.facebook.com\/profaqua\/","article_modified_time":"2024-08-25T21:20:35+00:00","og_image":[{"width":1800,"height":1800,"url":"https:\/\/www.profaqua.ca\/wp-content\/uploads\/2017\/07\/2.19_Lumi\u00e8re_et_laser-002.png","type":"image\/png"}],"twitter_card":"summary_large_image","twitter_misc":{"Dur\u00e9e de lecture estim\u00e9e":"2 minutes"},"schema":{"@context":"https:\/\/schema.org","@graph":[{"@type":"WebPage","@id":"https:\/\/www.profaqua.ca\/fr\/produit\/lumiere-et-laser-2\/","url":"https:\/\/www.profaqua.ca\/fr\/produit\/lumiere-et-laser-2\/","name":"Lumi\u00e8re et Laser (Colombie-Britannique) - Profaqua","isPartOf":{"@id":"https:\/\/www.profaqua.ca\/fr\/#website"},"datePublished":"2017-07-26T18:21:17+00:00","dateModified":"2024-08-25T21:20:35+00:00","description":"Laissez-nous vous \u00e9clairer ! Qu\u2019est-ce que la lumi\u00e8re? Que se cache-t-il derri\u00e8re la lumi\u00e8re blanche? Comment fonctionne un laser? Lumi\u00e8re visible et","breadcrumb":{"@id":"https:\/\/www.profaqua.ca\/fr\/produit\/lumiere-et-laser-2\/#breadcrumb"},"inLanguage":"fr-FR","potentialAction":[{"@type":"ReadAction","target":["https:\/\/www.profaqua.ca\/fr\/produit\/lumiere-et-laser-2\/"]}]},{"@type":"BreadcrumbList","@id":"https:\/\/www.profaqua.ca\/fr\/produit\/lumiere-et-laser-2\/#breadcrumb","itemListElement":[{"@type":"ListItem","position":1,"name":"Home","item":"https:\/\/www.profaqua.ca\/fr\/"},{"@type":"ListItem","position":2,"name":"Produits","item":"https:\/\/www.profaqua.ca\/fr\/shop\/"},{"@type":"ListItem","position":3,"name":"Lumi\u00e8re et Laser (Colombie-Britannique)"}]},{"@type":"WebSite","@id":"https:\/\/www.profaqua.ca\/fr\/#website","url":"https:\/\/www.profaqua.ca\/fr\/","name":"Profaqua","description":"","potentialAction":[{"@type":"SearchAction","target":{"@type":"EntryPoint","urlTemplate":"https:\/\/www.profaqua.ca\/fr\/?s={search_term_string}"},"query-input":"required name=search_term_string"}],"inLanguage":"fr-FR"}]}},"_links":{"self":[{"href":"https:\/\/www.profaqua.ca\/fr\/wp-json\/wp\/v2\/product\/1194"}],"collection":[{"href":"https:\/\/www.profaqua.ca\/fr\/wp-json\/wp\/v2\/product"}],"about":[{"href":"https:\/\/www.profaqua.ca\/fr\/wp-json\/wp\/v2\/types\/product"}],"wp:featuredmedia":[{"embeddable":true,"href":"https:\/\/www.profaqua.ca\/fr\/wp-json\/wp\/v2\/media\/1266"}],"wp:attachment":[{"href":"https:\/\/www.profaqua.ca\/fr\/wp-json\/wp\/v2\/media?parent=1194"}],"wp:term":[{"taxonomy":"product_cat","embeddable":true,"href":"https:\/\/www.profaqua.ca\/fr\/wp-json\/wp\/v2\/product_cat?post=1194"},{"taxonomy":"product_tag","embeddable":true,"href":"https:\/\/www.profaqua.ca\/fr\/wp-json\/wp\/v2\/product_tag?post=1194"}],"curies":[{"name":"wp","href":"https:\/\/api.w.org\/{rel}","templated":true}]}}