{"id":1187,"date":"2020-08-26T06:04:04","date_gmt":"2020-08-26T11:04:04","guid":{"rendered":"https:\/\/www.profaqua.ca\/?post_type=product&#038;p=1187\/"},"modified":"2024-09-07T15:38:05","modified_gmt":"2024-09-07T20:38:05","slug":"vermicompostage","status":"publish","type":"product","link":"https:\/\/www.profaqua.ca\/fr\/produit\/vermicompostage\/","title":{"rendered":"Vermicompostage &#8211; Location (Colombie-Britannique)"},"content":{"rendered":"<p><strong>D\u00e9couvrez les mangeurs du papier brun !<\/strong><\/p>\n<p>La collecte des r\u00e9sidus alimentaires, mais qu\u2019est-ce que c\u2019est? Que se passe-t-il avec le contenu des myst\u00e9rieux bacs bruns de compostage?<\/p>\n<p>C\u2019est ce que nous vous proposons de d\u00e9couvrir avec la location de notre bac \u00e0 vermicompost et ses fantastiques vers de terre pendant deux mois.<\/p>\n<p>La location inclut la livraison du bac, 1 kg de <em>lombrics<\/em> rouges, l\u2019installation du mat\u00e9riel et une formation de 15 minutes du mode d\u2019utilisation du vermicompost.<\/p>\n<p>Vous serez agr\u00e9ablement surpris par l\u2019odeur! R\u00e9duire ses d\u00e9chets en produisant de la terre enrichie en min\u00e9raux, quelle belle mani\u00e8re de valoriser son environnement!<\/p>\n<h2><strong><u>Objectifs:<\/u><\/strong><\/h2>\n<ul>\n<li>Comprendre comment le sol organique est cr\u00e9\u00e9.<\/li>\n<li>Diff\u00e9rencier le vermicompostage du compostage.<\/li>\n<li>D\u00e9crire les \u00e9tapes pour favoriser un bon vermicompostage.<\/li>\n<\/ul>\n","protected":false},"excerpt":{"rendered":"<p>D\u00e9couvrez les mangeurs du papier brun ! La collecte des r\u00e9sidus alimentaires, mais qu\u2019est-ce que c\u2019est? Que se passe-t-il avec le contenu des myst\u00e9rieux bacs bruns de compostage? C\u2019est ce que nous vous proposons de d\u00e9couvrir avec la location de notre bac \u00e0 vermicompost et ses fantastiques vers de terre pendant deux mois. La location inclut la livraison du bac,<\/p>\n<div class=\"h10\"><\/div>\n<p><a class=\"more-link1\" href=\"https:\/\/www.profaqua.ca\/fr\/produit\/vermicompostage\/\">Voir plus<\/a><\/p>\n","protected":false},"featured_media":1188,"template":"","meta":[],"product_cat":[63],"product_tag":[],"acf":[],"yoast_head":"<!-- This site is optimized with the Yoast SEO plugin v20.13 - https:\/\/yoast.com\/wordpress\/plugins\/seo\/ -->\n<title>Vermicompostage - Location (Colombie-Britannique) - Profaqua<\/title>\n<meta name=\"description\" content=\"D\u00e9couvrez les mangeurs du papier brun ! La collecte des r\u00e9sidus alimentaires, mais qu\u2019est-ce que c\u2019est? Que se passe-t-il avec le contenu des myst\u00e9rieux\" \/>\n<meta name=\"robots\" content=\"index, follow, max-snippet:-1, max-image-preview:large, max-video-preview:-1\" \/>\n<link rel=\"canonical\" href=\"https:\/\/www.profaqua.ca\/fr\/produit\/vermicompostage\/\" \/>\n<meta property=\"og:locale\" content=\"fr_FR\" \/>\n<meta property=\"og:type\" content=\"article\" \/>\n<meta property=\"og:title\" content=\"Vermicompostage - Location (Colombie-Britannique) - Profaqua\" \/>\n<meta property=\"og:description\" content=\"D\u00e9couvrez les mangeurs du papier brun ! La collecte des r\u00e9sidus alimentaires, mais qu\u2019est-ce que c\u2019est? Que se passe-t-il avec le contenu des myst\u00e9rieux\" \/>\n<meta property=\"og:url\" content=\"https:\/\/www.profaqua.ca\/fr\/produit\/vermicompostage\/\" \/>\n<meta property=\"og:site_name\" content=\"Profaqua\" \/>\n<meta property=\"article:publisher\" content=\"https:\/\/www.facebook.com\/profaqua\/\" \/>\n<meta property=\"article:modified_time\" content=\"2024-09-07T20:38:05+00:00\" \/>\n<meta property=\"og:image\" content=\"https:\/\/www.profaqua.ca\/wp-content\/uploads\/2017\/07\/4.20_Vermicompostage-Location.png\" \/>\n\t<meta property=\"og:image:width\" content=\"1800\" \/>\n\t<meta property=\"og:image:height\" content=\"1800\" \/>\n\t<meta property=\"og:image:type\" content=\"image\/png\" \/>\n<meta name=\"twitter:card\" content=\"summary_large_image\" \/>\n<meta name=\"twitter:label1\" content=\"Dur\u00e9e de lecture estim\u00e9e\" \/>\n\t<meta name=\"twitter:data1\" content=\"1 minute\" \/>\n<script type=\"application\/ld+json\" class=\"yoast-schema-graph\">{\"@context\":\"https:\/\/schema.org\",\"@graph\":[{\"@type\":\"WebPage\",\"@id\":\"https:\/\/www.profaqua.ca\/fr\/produit\/vermicompostage\/\",\"url\":\"https:\/\/www.profaqua.ca\/fr\/produit\/vermicompostage\/\",\"name\":\"Vermicompostage - Location (Colombie-Britannique) - Profaqua\",\"isPartOf\":{\"@id\":\"https:\/\/www.profaqua.ca\/fr\/#website\"},\"datePublished\":\"2020-08-26T11:04:04+00:00\",\"dateModified\":\"2024-09-07T20:38:05+00:00\",\"description\":\"D\u00e9couvrez les mangeurs du papier brun ! La collecte des r\u00e9sidus alimentaires, mais qu\u2019est-ce que c\u2019est? Que se passe-t-il avec le contenu des myst\u00e9rieux\",\"breadcrumb\":{\"@id\":\"https:\/\/www.profaqua.ca\/fr\/produit\/vermicompostage\/#breadcrumb\"},\"inLanguage\":\"fr-FR\",\"potentialAction\":[{\"@type\":\"ReadAction\",\"target\":[\"https:\/\/www.profaqua.ca\/fr\/produit\/vermicompostage\/\"]}]},{\"@type\":\"BreadcrumbList\",\"@id\":\"https:\/\/www.profaqua.ca\/fr\/produit\/vermicompostage\/#breadcrumb\",\"itemListElement\":[{\"@type\":\"ListItem\",\"position\":1,\"name\":\"Home\",\"item\":\"https:\/\/www.profaqua.ca\/fr\/\"},{\"@type\":\"ListItem\",\"position\":2,\"name\":\"Produits\",\"item\":\"https:\/\/www.profaqua.ca\/fr\/shop\/\"},{\"@type\":\"ListItem\",\"position\":3,\"name\":\"Vermicompostage &#8211; Location (Colombie-Britannique)\"}]},{\"@type\":\"WebSite\",\"@id\":\"https:\/\/www.profaqua.ca\/fr\/#website\",\"url\":\"https:\/\/www.profaqua.ca\/fr\/\",\"name\":\"Profaqua\",\"description\":\"\",\"potentialAction\":[{\"@type\":\"SearchAction\",\"target\":{\"@type\":\"EntryPoint\",\"urlTemplate\":\"https:\/\/www.profaqua.ca\/fr\/?s={search_term_string}\"},\"query-input\":\"required name=search_term_string\"}],\"inLanguage\":\"fr-FR\"}]}<\/script>\n<!-- \/ Yoast SEO plugin. -->","yoast_head_json":{"title":"Vermicompostage - Location (Colombie-Britannique) - Profaqua","description":"D\u00e9couvrez les mangeurs du papier brun ! La collecte des r\u00e9sidus alimentaires, mais qu\u2019est-ce que c\u2019est? Que se passe-t-il avec le contenu des myst\u00e9rieux","robots":{"index":"index","follow":"follow","max-snippet":"max-snippet:-1","max-image-preview":"max-image-preview:large","max-video-preview":"max-video-preview:-1"},"canonical":"https:\/\/www.profaqua.ca\/fr\/produit\/vermicompostage\/","og_locale":"fr_FR","og_type":"article","og_title":"Vermicompostage - Location (Colombie-Britannique) - Profaqua","og_description":"D\u00e9couvrez les mangeurs du papier brun ! La collecte des r\u00e9sidus alimentaires, mais qu\u2019est-ce que c\u2019est? Que se passe-t-il avec le contenu des myst\u00e9rieux","og_url":"https:\/\/www.profaqua.ca\/fr\/produit\/vermicompostage\/","og_site_name":"Profaqua","article_publisher":"https:\/\/www.facebook.com\/profaqua\/","article_modified_time":"2024-09-07T20:38:05+00:00","og_image":[{"width":1800,"height":1800,"url":"https:\/\/www.profaqua.ca\/wp-content\/uploads\/2017\/07\/4.20_Vermicompostage-Location.png","type":"image\/png"}],"twitter_card":"summary_large_image","twitter_misc":{"Dur\u00e9e de lecture estim\u00e9e":"1 minute"},"schema":{"@context":"https:\/\/schema.org","@graph":[{"@type":"WebPage","@id":"https:\/\/www.profaqua.ca\/fr\/produit\/vermicompostage\/","url":"https:\/\/www.profaqua.ca\/fr\/produit\/vermicompostage\/","name":"Vermicompostage - Location (Colombie-Britannique) - Profaqua","isPartOf":{"@id":"https:\/\/www.profaqua.ca\/fr\/#website"},"datePublished":"2020-08-26T11:04:04+00:00","dateModified":"2024-09-07T20:38:05+00:00","description":"D\u00e9couvrez les mangeurs du papier brun ! La collecte des r\u00e9sidus alimentaires, mais qu\u2019est-ce que c\u2019est? Que se passe-t-il avec le contenu des myst\u00e9rieux","breadcrumb":{"@id":"https:\/\/www.profaqua.ca\/fr\/produit\/vermicompostage\/#breadcrumb"},"inLanguage":"fr-FR","potentialAction":[{"@type":"ReadAction","target":["https:\/\/www.profaqua.ca\/fr\/produit\/vermicompostage\/"]}]},{"@type":"BreadcrumbList","@id":"https:\/\/www.profaqua.ca\/fr\/produit\/vermicompostage\/#breadcrumb","itemListElement":[{"@type":"ListItem","position":1,"name":"Home","item":"https:\/\/www.profaqua.ca\/fr\/"},{"@type":"ListItem","position":2,"name":"Produits","item":"https:\/\/www.profaqua.ca\/fr\/shop\/"},{"@type":"ListItem","position":3,"name":"Vermicompostage &#8211; Location (Colombie-Britannique)"}]},{"@type":"WebSite","@id":"https:\/\/www.profaqua.ca\/fr\/#website","url":"https:\/\/www.profaqua.ca\/fr\/","name":"Profaqua","description":"","potentialAction":[{"@type":"SearchAction","target":{"@type":"EntryPoint","urlTemplate":"https:\/\/www.profaqua.ca\/fr\/?s={search_term_string}"},"query-input":"required name=search_term_string"}],"inLanguage":"fr-FR"}]}},"_links":{"self":[{"href":"https:\/\/www.profaqua.ca\/fr\/wp-json\/wp\/v2\/product\/1187"}],"collection":[{"href":"https:\/\/www.profaqua.ca\/fr\/wp-json\/wp\/v2\/product"}],"about":[{"href":"https:\/\/www.profaqua.ca\/fr\/wp-json\/wp\/v2\/types\/product"}],"wp:featuredmedia":[{"embeddable":true,"href":"https:\/\/www.profaqua.ca\/fr\/wp-json\/wp\/v2\/media\/1188"}],"wp:attachment":[{"href":"https:\/\/www.profaqua.ca\/fr\/wp-json\/wp\/v2\/media?parent=1187"}],"wp:term":[{"taxonomy":"product_cat","embeddable":true,"href":"https:\/\/www.profaqua.ca\/fr\/wp-json\/wp\/v2\/product_cat?post=1187"},{"taxonomy":"product_tag","embeddable":true,"href":"https:\/\/www.profaqua.ca\/fr\/wp-json\/wp\/v2\/product_tag?post=1187"}],"curies":[{"name":"wp","href":"https:\/\/api.w.org\/{rel}","templated":true}]}}