{"id":1176,"date":"2020-08-26T05:56:42","date_gmt":"2020-08-26T10:56:42","guid":{"rendered":"https:\/\/www.profaqua.ca\/?post_type=product&#038;p=1176\/"},"modified":"2024-09-07T15:34:39","modified_gmt":"2024-09-07T20:34:39","slug":"nutrition","status":"publish","type":"product","link":"https:\/\/www.profaqua.ca\/fr\/produit\/nutrition\/","title":{"rendered":"Nutrition (Colombie-Britannique)"},"content":{"rendered":"<p><strong>Le d\u00e9fi d\u2019une bonne alimentation ! <\/strong><\/p>\n<p>Sucres lents ou rapides, de l\u2019eau ou du jus? Nos performances sportives et notre sant\u00e9 d\u00e9pendent de nos choix nutritifs!<\/p>\n<p>Vos jeunes vont le r\u00e9aliser en participant \u00e0 une v\u00e9ritable exp\u00e9rience de recherche dont ils seront les acteurs !<\/p>\n<p>Nous \u00e9valuerons l\u2019effet du niveau d\u2019hydratation et de diff\u00e9rents sucres sur leur performance sportive puis un tableau de leurs r\u00e9sultats vous sera remis pour chaque exp\u00e9rience.<\/p>\n<p>Une excellente mani\u00e8re de r\u00e9aliser l\u2019impact de nos habitudes alimentaires!<\/p>\n<p><span style=\"text-decoration: underline;\"><strong>Au menu:<\/strong><\/span><\/p>\n<p><em>Les 2 ateliers s\u2019effectueront dans le gymnase de l\u2019\u00e9cole et peuvent s\u2019effectuer sur 2 semaines ou 2 cours d\u2019\u00e9ducation physique. <\/em><\/p>\n<p><em>Les aliments n\u00e9cessaires \u00e0 l\u2019atelier du test des glucides sont livr\u00e9s lors du test des liquides.<\/em><\/p>\n<p><strong>1) 1re rencontre &#8211; Test des liquides<\/strong> (60 ou 75 minutes):<\/p>\n<p>Ce test comporte quatre groupes avec des degr\u00e9s d\u2019hydratation diff\u00e9rents (eau de source naturelle ozon\u00e9e, boisson sportive avec 21 grammes de sucre, boissons sportives faible en calories, aucune hydratation). Quel groupe sera le plus performant \u00e0 nos d\u00e9fis de course navette?<\/p>\n<p><strong>2) 2e rencontre &#8211; Test des glucides complexes (sucre lent) <\/strong>(60 ou 75 minutes):<\/p>\n<p>Deux groupes sont form\u00e9s: le premier est le groupe t\u00e9moin avec une alimentation r\u00e9guli\u00e8re ou, avec l\u2019accord des parents, avec une alimentation non di\u00e9t\u00e9tique (pizzas, hamburgers); le deuxi\u00e8me est le groupe test avec une alimentation enrichie en glucides complexes plus connus sous le nom de sucres lents (fourni par prof<strong>aqua<\/strong>: repas de p\u00e2tes alimentaires le soir avant l\u2019activit\u00e9, petit d\u00e9jeuner de gruau, collation de barre de c\u00e9r\u00e9ales). Les performances physiques des deux groupes seront ensuite \u00e9valu\u00e9es gr\u00e2ce \u00e0 des exercices physiques (redressements assis, pompes, fentes, etc.).<\/p>\n<h2><strong><u>Objectifs du primaire:<\/u><\/strong><\/h2>\n<ul>\n<li>D\u00e9crire les composantes et les fonctions des principaux muscles et organes de l\u2019anatomie humaine.<\/li>\n<li>Identifier diff\u00e9rentes parties du syst\u00e8me musculosquelettique.<\/li>\n<li>Identifier les organes du syst\u00e8me digestif et d\u00e9crire leurs fonctions.<\/li>\n<li>Nommer les besoins alimentaires essentiels \u00e0 la croissance du corps humain (eau, glucides, prot\u00e9ines, lipides, sels et min\u00e9raux, vitamines).<\/li>\n<li>Comprendre les \u00e9tiquettes de valeurs nutritives sur les diff\u00e9rents produits alimentaires.<\/li>\n<li>Comprendre la diff\u00e9rence entre glucides lents et glucides rapides.<\/li>\n<li>D\u00e9crire les effets des boissons \u00e9nergisantes sur le m\u00e9tabolisme.<\/li>\n<\/ul>\n<h2><strong><u>Objectifs du secondaire:<\/u><\/strong><\/h2>\n<ul>\n<li>Identifier les principales parties du syst\u00e8me digestif et leurs r\u00f4les.<\/li>\n<li>Identifier et d\u00e9crire la fonction des glandes digestives de l\u2019appareil digestif.<\/li>\n<li>Associer les organes du tube digestif au type de transformation qu\u2019ils font subir aux aliments (ex. : action m\u00e9canique des dents, action chimique des glandes).<\/li>\n<li>Expliquer les fonctions des os, des articulations et des muscles (biceps et triceps).<\/li>\n<li>D\u00e9crire les principales fonctions biologiques des diff\u00e9rents constituants alimentaires qui se trouvent dans les aliments (eau, protides, glucides, lipides, vitamines, sels min\u00e9raux).<\/li>\n<li>Comprendre la diff\u00e9rence entre glucides lents et glucides rapides.<\/li>\n<li>\u00c9valuer la valeur \u00e9nerg\u00e9tique et nutritionnelle de divers aliments.<\/li>\n<\/ul>\n","protected":false},"excerpt":{"rendered":"<p>Le d\u00e9fi d\u2019une bonne alimentation ! Sucres lents ou rapides, de l\u2019eau ou du jus? Nos performances sportives et notre sant\u00e9 d\u00e9pendent de nos choix nutritifs! Vos jeunes vont le r\u00e9aliser en participant \u00e0 une v\u00e9ritable exp\u00e9rience de recherche dont ils seront les acteurs ! Nous \u00e9valuerons l\u2019effet du niveau d\u2019hydratation et de diff\u00e9rents sucres sur leur performance sportive puis<\/p>\n<div class=\"h10\"><\/div>\n<p><a class=\"more-link1\" href=\"https:\/\/www.profaqua.ca\/fr\/produit\/nutrition\/\">Voir plus<\/a><\/p>\n","protected":false},"featured_media":1177,"template":"","meta":[],"product_cat":[63],"product_tag":[],"acf":[],"yoast_head":"<!-- This site is optimized with the Yoast SEO plugin v20.13 - https:\/\/yoast.com\/wordpress\/plugins\/seo\/ -->\n<title>Nutrition (Colombie-Britannique) - Profaqua<\/title>\n<meta name=\"description\" content=\"Le d\u00e9fi d\u2019une bonne alimentation ! Sucres lents ou rapides, de l\u2019eau ou du jus? Nos performances sportives et notre sant\u00e9 d\u00e9pendent de nos choix\" \/>\n<meta name=\"robots\" content=\"index, follow, max-snippet:-1, max-image-preview:large, max-video-preview:-1\" \/>\n<link rel=\"canonical\" href=\"https:\/\/www.profaqua.ca\/fr\/produit\/nutrition\/\" \/>\n<meta property=\"og:locale\" content=\"fr_FR\" \/>\n<meta property=\"og:type\" content=\"article\" \/>\n<meta property=\"og:title\" content=\"Nutrition (Colombie-Britannique) - Profaqua\" \/>\n<meta property=\"og:description\" content=\"Le d\u00e9fi d\u2019une bonne alimentation ! Sucres lents ou rapides, de l\u2019eau ou du jus? Nos performances sportives et notre sant\u00e9 d\u00e9pendent de nos choix\" \/>\n<meta property=\"og:url\" content=\"https:\/\/www.profaqua.ca\/fr\/produit\/nutrition\/\" \/>\n<meta property=\"og:site_name\" content=\"Profaqua\" \/>\n<meta property=\"article:publisher\" content=\"https:\/\/www.facebook.com\/profaqua\/\" \/>\n<meta property=\"article:modified_time\" content=\"2024-09-07T20:34:39+00:00\" \/>\n<meta property=\"og:image\" content=\"https:\/\/www.profaqua.ca\/wp-content\/uploads\/2017\/07\/4.14_Nutrition_Projet.png\" \/>\n\t<meta property=\"og:image:width\" content=\"1800\" \/>\n\t<meta property=\"og:image:height\" content=\"1800\" \/>\n\t<meta property=\"og:image:type\" content=\"image\/png\" \/>\n<meta name=\"twitter:card\" content=\"summary_large_image\" \/>\n<meta name=\"twitter:label1\" content=\"Dur\u00e9e de lecture estim\u00e9e\" \/>\n\t<meta name=\"twitter:data1\" content=\"3 minutes\" \/>\n<script type=\"application\/ld+json\" class=\"yoast-schema-graph\">{\"@context\":\"https:\/\/schema.org\",\"@graph\":[{\"@type\":\"WebPage\",\"@id\":\"https:\/\/www.profaqua.ca\/fr\/produit\/nutrition\/\",\"url\":\"https:\/\/www.profaqua.ca\/fr\/produit\/nutrition\/\",\"name\":\"Nutrition (Colombie-Britannique) - Profaqua\",\"isPartOf\":{\"@id\":\"https:\/\/www.profaqua.ca\/fr\/#website\"},\"datePublished\":\"2020-08-26T10:56:42+00:00\",\"dateModified\":\"2024-09-07T20:34:39+00:00\",\"description\":\"Le d\u00e9fi d\u2019une bonne alimentation ! Sucres lents ou rapides, de l\u2019eau ou du jus? Nos performances sportives et notre sant\u00e9 d\u00e9pendent de nos choix\",\"breadcrumb\":{\"@id\":\"https:\/\/www.profaqua.ca\/fr\/produit\/nutrition\/#breadcrumb\"},\"inLanguage\":\"fr-FR\",\"potentialAction\":[{\"@type\":\"ReadAction\",\"target\":[\"https:\/\/www.profaqua.ca\/fr\/produit\/nutrition\/\"]}]},{\"@type\":\"BreadcrumbList\",\"@id\":\"https:\/\/www.profaqua.ca\/fr\/produit\/nutrition\/#breadcrumb\",\"itemListElement\":[{\"@type\":\"ListItem\",\"position\":1,\"name\":\"Home\",\"item\":\"https:\/\/www.profaqua.ca\/fr\/\"},{\"@type\":\"ListItem\",\"position\":2,\"name\":\"Produits\",\"item\":\"https:\/\/www.profaqua.ca\/fr\/shop\/\"},{\"@type\":\"ListItem\",\"position\":3,\"name\":\"Nutrition (Colombie-Britannique)\"}]},{\"@type\":\"WebSite\",\"@id\":\"https:\/\/www.profaqua.ca\/fr\/#website\",\"url\":\"https:\/\/www.profaqua.ca\/fr\/\",\"name\":\"Profaqua\",\"description\":\"\",\"potentialAction\":[{\"@type\":\"SearchAction\",\"target\":{\"@type\":\"EntryPoint\",\"urlTemplate\":\"https:\/\/www.profaqua.ca\/fr\/?s={search_term_string}\"},\"query-input\":\"required name=search_term_string\"}],\"inLanguage\":\"fr-FR\"}]}<\/script>\n<!-- \/ Yoast SEO plugin. -->","yoast_head_json":{"title":"Nutrition (Colombie-Britannique) - Profaqua","description":"Le d\u00e9fi d\u2019une bonne alimentation ! Sucres lents ou rapides, de l\u2019eau ou du jus? Nos performances sportives et notre sant\u00e9 d\u00e9pendent de nos choix","robots":{"index":"index","follow":"follow","max-snippet":"max-snippet:-1","max-image-preview":"max-image-preview:large","max-video-preview":"max-video-preview:-1"},"canonical":"https:\/\/www.profaqua.ca\/fr\/produit\/nutrition\/","og_locale":"fr_FR","og_type":"article","og_title":"Nutrition (Colombie-Britannique) - Profaqua","og_description":"Le d\u00e9fi d\u2019une bonne alimentation ! Sucres lents ou rapides, de l\u2019eau ou du jus? Nos performances sportives et notre sant\u00e9 d\u00e9pendent de nos choix","og_url":"https:\/\/www.profaqua.ca\/fr\/produit\/nutrition\/","og_site_name":"Profaqua","article_publisher":"https:\/\/www.facebook.com\/profaqua\/","article_modified_time":"2024-09-07T20:34:39+00:00","og_image":[{"width":1800,"height":1800,"url":"https:\/\/www.profaqua.ca\/wp-content\/uploads\/2017\/07\/4.14_Nutrition_Projet.png","type":"image\/png"}],"twitter_card":"summary_large_image","twitter_misc":{"Dur\u00e9e de lecture estim\u00e9e":"3 minutes"},"schema":{"@context":"https:\/\/schema.org","@graph":[{"@type":"WebPage","@id":"https:\/\/www.profaqua.ca\/fr\/produit\/nutrition\/","url":"https:\/\/www.profaqua.ca\/fr\/produit\/nutrition\/","name":"Nutrition (Colombie-Britannique) - Profaqua","isPartOf":{"@id":"https:\/\/www.profaqua.ca\/fr\/#website"},"datePublished":"2020-08-26T10:56:42+00:00","dateModified":"2024-09-07T20:34:39+00:00","description":"Le d\u00e9fi d\u2019une bonne alimentation ! Sucres lents ou rapides, de l\u2019eau ou du jus? Nos performances sportives et notre sant\u00e9 d\u00e9pendent de nos choix","breadcrumb":{"@id":"https:\/\/www.profaqua.ca\/fr\/produit\/nutrition\/#breadcrumb"},"inLanguage":"fr-FR","potentialAction":[{"@type":"ReadAction","target":["https:\/\/www.profaqua.ca\/fr\/produit\/nutrition\/"]}]},{"@type":"BreadcrumbList","@id":"https:\/\/www.profaqua.ca\/fr\/produit\/nutrition\/#breadcrumb","itemListElement":[{"@type":"ListItem","position":1,"name":"Home","item":"https:\/\/www.profaqua.ca\/fr\/"},{"@type":"ListItem","position":2,"name":"Produits","item":"https:\/\/www.profaqua.ca\/fr\/shop\/"},{"@type":"ListItem","position":3,"name":"Nutrition (Colombie-Britannique)"}]},{"@type":"WebSite","@id":"https:\/\/www.profaqua.ca\/fr\/#website","url":"https:\/\/www.profaqua.ca\/fr\/","name":"Profaqua","description":"","potentialAction":[{"@type":"SearchAction","target":{"@type":"EntryPoint","urlTemplate":"https:\/\/www.profaqua.ca\/fr\/?s={search_term_string}"},"query-input":"required name=search_term_string"}],"inLanguage":"fr-FR"}]}},"_links":{"self":[{"href":"https:\/\/www.profaqua.ca\/fr\/wp-json\/wp\/v2\/product\/1176"}],"collection":[{"href":"https:\/\/www.profaqua.ca\/fr\/wp-json\/wp\/v2\/product"}],"about":[{"href":"https:\/\/www.profaqua.ca\/fr\/wp-json\/wp\/v2\/types\/product"}],"wp:featuredmedia":[{"embeddable":true,"href":"https:\/\/www.profaqua.ca\/fr\/wp-json\/wp\/v2\/media\/1177"}],"wp:attachment":[{"href":"https:\/\/www.profaqua.ca\/fr\/wp-json\/wp\/v2\/media?parent=1176"}],"wp:term":[{"taxonomy":"product_cat","embeddable":true,"href":"https:\/\/www.profaqua.ca\/fr\/wp-json\/wp\/v2\/product_cat?post=1176"},{"taxonomy":"product_tag","embeddable":true,"href":"https:\/\/www.profaqua.ca\/fr\/wp-json\/wp\/v2\/product_tag?post=1176"}],"curies":[{"name":"wp","href":"https:\/\/api.w.org\/{rel}","templated":true}]}}