{"id":1173,"date":"2017-07-26T05:54:58","date_gmt":"2017-07-26T10:54:58","guid":{"rendered":"https:\/\/www.profaqua.ca\/?post_type=product&#038;p=1173\/"},"modified":"2024-09-07T15:32:59","modified_gmt":"2024-09-07T20:32:59","slug":"monde-animal","status":"publish","type":"product","link":"https:\/\/www.profaqua.ca\/fr\/produit\/monde-animal\/","title":{"rendered":"Monde animal (Colombie-Britannique)"},"content":{"rendered":"<p><strong>Nous sommes des animaux !<\/strong><\/p>\n<p>Eh oui, m\u00eame l\u2019\u00eatre humain appartient \u00e0 la grande famille des animaux!<\/p>\n<p>Du cr\u00e2ne de vache \u00e0 la fourrure de loup, en passant par la ruche d\u2019abeilles, le nid de gu\u00eapes et la hutte de castor, nous partagerons tous nos v\u00e9ritables tr\u00e9sors du monde animal avec vos apprentis biologistes qui en seront \u00e9bahis!<\/p>\n<p><strong>Au menu:<\/strong><\/p>\n<p>1re rencontre &#8211; Diversit\u00e9 du monde animal (60 minutes).<\/p>\n<p>2e rencontre &#8211; Maison des animaux (60 minutes).<\/p>\n<h2><strong><u>Objectifs du primaire:<\/u><\/strong><\/h2>\n<ul>\n<li>Classer des \u00eatres vivants selon leur r\u00e8gne.<\/li>\n<li>R\u00e9pertorier les animaux selon leur classe (mammif\u00e8res, reptiles, oiseaux, poissons, amphibiens).<\/li>\n<li>Expliquer les diff\u00e9rents r\u00e9gimes alimentaires (carnivore, herbivore, omnivore) \u00e0 l\u2019aide d\u2019objets de manipulation.<\/li>\n<li>D\u00e9crire des caract\u00e9ristiques physiques qui t\u00e9moignent de l\u2019adaptation d\u2019un animal \u00e0 son milieu.<\/li>\n<li>Expliquer des adaptations d\u2019animaux permettant d\u2019augmenter leurs chances de survie (ex. : mim\u00e9tisme, camouflage).<\/li>\n<li>Identifier des habitats ainsi que les populations animales et v\u00e9g\u00e9tales qui y sont associ\u00e9es.<\/li>\n<li>D\u00e9crire comment les animaux satisfont \u00e0 leurs besoins fondamentaux \u00e0 l\u2019int\u00e9rieur de leur habitat.<\/li>\n<\/ul>\n","protected":false},"excerpt":{"rendered":"<p>Nous sommes des animaux ! Eh oui, m\u00eame l\u2019\u00eatre humain appartient \u00e0 la grande famille des animaux! Du cr\u00e2ne de vache \u00e0 la fourrure de loup, en passant par la ruche d\u2019abeilles, le nid de gu\u00eapes et la hutte de castor, nous partagerons tous nos v\u00e9ritables tr\u00e9sors du monde animal avec vos apprentis biologistes qui en seront \u00e9bahis! Au menu:<\/p>\n<div class=\"h10\"><\/div>\n<p><a class=\"more-link1\" href=\"https:\/\/www.profaqua.ca\/fr\/produit\/monde-animal\/\">Voir plus<\/a><\/p>\n","protected":false},"featured_media":1174,"template":"","meta":[],"product_cat":[63],"product_tag":[],"acf":[],"yoast_head":"<!-- This site is optimized with the Yoast SEO plugin v20.13 - https:\/\/yoast.com\/wordpress\/plugins\/seo\/ -->\n<title>Monde animal (Colombie-Britannique) - Profaqua<\/title>\n<meta name=\"description\" content=\"Nous sommes des animaux ! Eh oui, m\u00eame l\u2019\u00eatre humain appartient \u00e0 la grande famille des animaux! Du cr\u00e2ne de vache \u00e0 la fourrure de loup, en passant par\" \/>\n<meta name=\"robots\" content=\"index, follow, max-snippet:-1, max-image-preview:large, max-video-preview:-1\" \/>\n<link rel=\"canonical\" href=\"https:\/\/www.profaqua.ca\/fr\/produit\/monde-animal\/\" \/>\n<meta property=\"og:locale\" content=\"fr_FR\" \/>\n<meta property=\"og:type\" content=\"article\" \/>\n<meta property=\"og:title\" content=\"Monde animal (Colombie-Britannique) - Profaqua\" \/>\n<meta property=\"og:description\" content=\"Nous sommes des animaux ! Eh oui, m\u00eame l\u2019\u00eatre humain appartient \u00e0 la grande famille des animaux! Du cr\u00e2ne de vache \u00e0 la fourrure de loup, en passant par\" \/>\n<meta property=\"og:url\" content=\"https:\/\/www.profaqua.ca\/fr\/produit\/monde-animal\/\" \/>\n<meta property=\"og:site_name\" content=\"Profaqua\" \/>\n<meta property=\"article:publisher\" content=\"https:\/\/www.facebook.com\/profaqua\/\" \/>\n<meta property=\"article:modified_time\" content=\"2024-09-07T20:32:59+00:00\" \/>\n<meta property=\"og:image\" content=\"https:\/\/www.profaqua.ca\/wp-content\/uploads\/2017\/07\/4.13_Monde_animal_Projet.png\" \/>\n\t<meta property=\"og:image:width\" content=\"1800\" \/>\n\t<meta property=\"og:image:height\" content=\"1800\" \/>\n\t<meta property=\"og:image:type\" content=\"image\/png\" \/>\n<meta name=\"twitter:card\" content=\"summary_large_image\" \/>\n<meta name=\"twitter:label1\" content=\"Dur\u00e9e de lecture estim\u00e9e\" \/>\n\t<meta name=\"twitter:data1\" content=\"1 minute\" \/>\n<script type=\"application\/ld+json\" class=\"yoast-schema-graph\">{\"@context\":\"https:\/\/schema.org\",\"@graph\":[{\"@type\":\"WebPage\",\"@id\":\"https:\/\/www.profaqua.ca\/fr\/produit\/monde-animal\/\",\"url\":\"https:\/\/www.profaqua.ca\/fr\/produit\/monde-animal\/\",\"name\":\"Monde animal (Colombie-Britannique) - Profaqua\",\"isPartOf\":{\"@id\":\"https:\/\/www.profaqua.ca\/fr\/#website\"},\"datePublished\":\"2017-07-26T10:54:58+00:00\",\"dateModified\":\"2024-09-07T20:32:59+00:00\",\"description\":\"Nous sommes des animaux ! Eh oui, m\u00eame l\u2019\u00eatre humain appartient \u00e0 la grande famille des animaux! Du cr\u00e2ne de vache \u00e0 la fourrure de loup, en passant par\",\"breadcrumb\":{\"@id\":\"https:\/\/www.profaqua.ca\/fr\/produit\/monde-animal\/#breadcrumb\"},\"inLanguage\":\"fr-FR\",\"potentialAction\":[{\"@type\":\"ReadAction\",\"target\":[\"https:\/\/www.profaqua.ca\/fr\/produit\/monde-animal\/\"]}]},{\"@type\":\"BreadcrumbList\",\"@id\":\"https:\/\/www.profaqua.ca\/fr\/produit\/monde-animal\/#breadcrumb\",\"itemListElement\":[{\"@type\":\"ListItem\",\"position\":1,\"name\":\"Home\",\"item\":\"https:\/\/www.profaqua.ca\/fr\/\"},{\"@type\":\"ListItem\",\"position\":2,\"name\":\"Produits\",\"item\":\"https:\/\/www.profaqua.ca\/fr\/shop\/\"},{\"@type\":\"ListItem\",\"position\":3,\"name\":\"Monde animal (Colombie-Britannique)\"}]},{\"@type\":\"WebSite\",\"@id\":\"https:\/\/www.profaqua.ca\/fr\/#website\",\"url\":\"https:\/\/www.profaqua.ca\/fr\/\",\"name\":\"Profaqua\",\"description\":\"\",\"potentialAction\":[{\"@type\":\"SearchAction\",\"target\":{\"@type\":\"EntryPoint\",\"urlTemplate\":\"https:\/\/www.profaqua.ca\/fr\/?s={search_term_string}\"},\"query-input\":\"required name=search_term_string\"}],\"inLanguage\":\"fr-FR\"}]}<\/script>\n<!-- \/ Yoast SEO plugin. -->","yoast_head_json":{"title":"Monde animal (Colombie-Britannique) - Profaqua","description":"Nous sommes des animaux ! Eh oui, m\u00eame l\u2019\u00eatre humain appartient \u00e0 la grande famille des animaux! Du cr\u00e2ne de vache \u00e0 la fourrure de loup, en passant par","robots":{"index":"index","follow":"follow","max-snippet":"max-snippet:-1","max-image-preview":"max-image-preview:large","max-video-preview":"max-video-preview:-1"},"canonical":"https:\/\/www.profaqua.ca\/fr\/produit\/monde-animal\/","og_locale":"fr_FR","og_type":"article","og_title":"Monde animal (Colombie-Britannique) - Profaqua","og_description":"Nous sommes des animaux ! Eh oui, m\u00eame l\u2019\u00eatre humain appartient \u00e0 la grande famille des animaux! Du cr\u00e2ne de vache \u00e0 la fourrure de loup, en passant par","og_url":"https:\/\/www.profaqua.ca\/fr\/produit\/monde-animal\/","og_site_name":"Profaqua","article_publisher":"https:\/\/www.facebook.com\/profaqua\/","article_modified_time":"2024-09-07T20:32:59+00:00","og_image":[{"width":1800,"height":1800,"url":"https:\/\/www.profaqua.ca\/wp-content\/uploads\/2017\/07\/4.13_Monde_animal_Projet.png","type":"image\/png"}],"twitter_card":"summary_large_image","twitter_misc":{"Dur\u00e9e de lecture estim\u00e9e":"1 minute"},"schema":{"@context":"https:\/\/schema.org","@graph":[{"@type":"WebPage","@id":"https:\/\/www.profaqua.ca\/fr\/produit\/monde-animal\/","url":"https:\/\/www.profaqua.ca\/fr\/produit\/monde-animal\/","name":"Monde animal (Colombie-Britannique) - Profaqua","isPartOf":{"@id":"https:\/\/www.profaqua.ca\/fr\/#website"},"datePublished":"2017-07-26T10:54:58+00:00","dateModified":"2024-09-07T20:32:59+00:00","description":"Nous sommes des animaux ! Eh oui, m\u00eame l\u2019\u00eatre humain appartient \u00e0 la grande famille des animaux! Du cr\u00e2ne de vache \u00e0 la fourrure de loup, en passant par","breadcrumb":{"@id":"https:\/\/www.profaqua.ca\/fr\/produit\/monde-animal\/#breadcrumb"},"inLanguage":"fr-FR","potentialAction":[{"@type":"ReadAction","target":["https:\/\/www.profaqua.ca\/fr\/produit\/monde-animal\/"]}]},{"@type":"BreadcrumbList","@id":"https:\/\/www.profaqua.ca\/fr\/produit\/monde-animal\/#breadcrumb","itemListElement":[{"@type":"ListItem","position":1,"name":"Home","item":"https:\/\/www.profaqua.ca\/fr\/"},{"@type":"ListItem","position":2,"name":"Produits","item":"https:\/\/www.profaqua.ca\/fr\/shop\/"},{"@type":"ListItem","position":3,"name":"Monde animal (Colombie-Britannique)"}]},{"@type":"WebSite","@id":"https:\/\/www.profaqua.ca\/fr\/#website","url":"https:\/\/www.profaqua.ca\/fr\/","name":"Profaqua","description":"","potentialAction":[{"@type":"SearchAction","target":{"@type":"EntryPoint","urlTemplate":"https:\/\/www.profaqua.ca\/fr\/?s={search_term_string}"},"query-input":"required name=search_term_string"}],"inLanguage":"fr-FR"}]}},"_links":{"self":[{"href":"https:\/\/www.profaqua.ca\/fr\/wp-json\/wp\/v2\/product\/1173"}],"collection":[{"href":"https:\/\/www.profaqua.ca\/fr\/wp-json\/wp\/v2\/product"}],"about":[{"href":"https:\/\/www.profaqua.ca\/fr\/wp-json\/wp\/v2\/types\/product"}],"wp:featuredmedia":[{"embeddable":true,"href":"https:\/\/www.profaqua.ca\/fr\/wp-json\/wp\/v2\/media\/1174"}],"wp:attachment":[{"href":"https:\/\/www.profaqua.ca\/fr\/wp-json\/wp\/v2\/media?parent=1173"}],"wp:term":[{"taxonomy":"product_cat","embeddable":true,"href":"https:\/\/www.profaqua.ca\/fr\/wp-json\/wp\/v2\/product_cat?post=1173"},{"taxonomy":"product_tag","embeddable":true,"href":"https:\/\/www.profaqua.ca\/fr\/wp-json\/wp\/v2\/product_tag?post=1173"}],"curies":[{"name":"wp","href":"https:\/\/api.w.org\/{rel}","templated":true}]}}