{"id":1170,"date":"2020-08-26T05:54:17","date_gmt":"2020-08-26T10:54:17","guid":{"rendered":"https:\/\/www.profaqua.ca\/?post_type=product&#038;p=1170\/"},"modified":"2024-09-07T15:37:58","modified_gmt":"2024-09-07T20:37:58","slug":"serre","status":"publish","type":"product","link":"https:\/\/www.profaqua.ca\/fr\/produit\/serre\/","title":{"rendered":"Serre &#8211; Location (Colombie-Britannique)"},"content":{"rendered":"<p><strong>D\u00e9jouez les saisons !<\/strong><\/p>\n<p>Quel plaisir de pouvoir assaisonner nos bons petits plats avec des herbes fra\u00eeches, m\u00eame en plein hiver !<\/p>\n<p>Faites pousser vos id\u00e9es et vos plantes en louant notre mini-serre pendant 2 mois. La location inclut la livraison de la serre, les graines (fines herbes et l\u00e9gumineuses) et du terreau, l\u2019installation du mat\u00e9riel et une formation de 15 minutes du mode d\u2019utilisation de la serre.<\/p>\n<p>En toute saison ou en pr\u00e9vision de la f\u00eate des M\u00e8res, passez au vert!<\/p>\n<p><strong><u>Comprends :<\/u><\/strong><\/p>\n<p>1) Formation sur son utilisation (15 minutes).<\/p>\n<p>2) Location et l\u2019installation (2 mois de pr\u00eat).<\/p>\n<h2><strong><u>Objectifs du primaire:<\/u><\/strong><\/h2>\n<ul>\n<li>Permettre aux jeunes de comprendre le fonctionnement du mat\u00e9riel n\u00e9cessaire au bon d\u00e9veloppement de la germination.<\/li>\n<li>D\u00e9crire les stades de croissance d\u2019une plante \u00e0 fleurs (pollinisation, f\u00e9condation, fructification, dispersion, germination et floraison).<\/li>\n<\/ul>\n<p>&nbsp;<\/p>\n","protected":false},"excerpt":{"rendered":"<p>D\u00e9jouez les saisons ! Quel plaisir de pouvoir assaisonner nos bons petits plats avec des herbes fra\u00eeches, m\u00eame en plein hiver ! Faites pousser vos id\u00e9es et vos plantes en louant notre mini-serre pendant 2 mois. La location inclut la livraison de la serre, les graines (fines herbes et l\u00e9gumineuses) et du terreau, l\u2019installation du mat\u00e9riel et une formation de<\/p>\n<div class=\"h10\"><\/div>\n<p><a class=\"more-link1\" href=\"https:\/\/www.profaqua.ca\/fr\/produit\/serre\/\">Voir plus<\/a><\/p>\n","protected":false},"featured_media":1171,"template":"","meta":[],"product_cat":[63],"product_tag":[],"acf":[],"yoast_head":"<!-- This site is optimized with the Yoast SEO plugin v20.13 - https:\/\/yoast.com\/wordpress\/plugins\/seo\/ -->\n<title>Serre - Location (Colombie-Britannique) - Profaqua<\/title>\n<meta name=\"description\" content=\"D\u00e9jouez les saisons ! Quel plaisir de pouvoir assaisonner nos bons petits plats avec des herbes fra\u00eeches, m\u00eame en plein hiver ! Faites pousser vos id\u00e9es\" \/>\n<meta name=\"robots\" content=\"index, follow, max-snippet:-1, max-image-preview:large, max-video-preview:-1\" \/>\n<link rel=\"canonical\" href=\"https:\/\/www.profaqua.ca\/fr\/produit\/serre\/\" \/>\n<meta property=\"og:locale\" content=\"fr_FR\" \/>\n<meta property=\"og:type\" content=\"article\" \/>\n<meta property=\"og:title\" content=\"Serre - Location (Colombie-Britannique) - Profaqua\" \/>\n<meta property=\"og:description\" content=\"D\u00e9jouez les saisons ! Quel plaisir de pouvoir assaisonner nos bons petits plats avec des herbes fra\u00eeches, m\u00eame en plein hiver ! Faites pousser vos id\u00e9es\" \/>\n<meta property=\"og:url\" content=\"https:\/\/www.profaqua.ca\/fr\/produit\/serre\/\" \/>\n<meta property=\"og:site_name\" content=\"Profaqua\" \/>\n<meta property=\"article:publisher\" content=\"https:\/\/www.facebook.com\/profaqua\/\" \/>\n<meta property=\"article:modified_time\" content=\"2024-09-07T20:37:58+00:00\" \/>\n<meta property=\"og:image\" content=\"https:\/\/www.profaqua.ca\/wp-content\/uploads\/2017\/07\/4.10_Serre_Location.png\" \/>\n\t<meta property=\"og:image:width\" content=\"1800\" \/>\n\t<meta property=\"og:image:height\" content=\"1800\" \/>\n\t<meta property=\"og:image:type\" content=\"image\/png\" \/>\n<meta name=\"twitter:card\" content=\"summary_large_image\" \/>\n<meta name=\"twitter:label1\" content=\"Dur\u00e9e de lecture estim\u00e9e\" \/>\n\t<meta name=\"twitter:data1\" content=\"1 minute\" \/>\n<script type=\"application\/ld+json\" class=\"yoast-schema-graph\">{\"@context\":\"https:\/\/schema.org\",\"@graph\":[{\"@type\":\"WebPage\",\"@id\":\"https:\/\/www.profaqua.ca\/fr\/produit\/serre\/\",\"url\":\"https:\/\/www.profaqua.ca\/fr\/produit\/serre\/\",\"name\":\"Serre - Location (Colombie-Britannique) - Profaqua\",\"isPartOf\":{\"@id\":\"https:\/\/www.profaqua.ca\/fr\/#website\"},\"datePublished\":\"2020-08-26T10:54:17+00:00\",\"dateModified\":\"2024-09-07T20:37:58+00:00\",\"description\":\"D\u00e9jouez les saisons ! Quel plaisir de pouvoir assaisonner nos bons petits plats avec des herbes fra\u00eeches, m\u00eame en plein hiver ! Faites pousser vos id\u00e9es\",\"breadcrumb\":{\"@id\":\"https:\/\/www.profaqua.ca\/fr\/produit\/serre\/#breadcrumb\"},\"inLanguage\":\"fr-FR\",\"potentialAction\":[{\"@type\":\"ReadAction\",\"target\":[\"https:\/\/www.profaqua.ca\/fr\/produit\/serre\/\"]}]},{\"@type\":\"BreadcrumbList\",\"@id\":\"https:\/\/www.profaqua.ca\/fr\/produit\/serre\/#breadcrumb\",\"itemListElement\":[{\"@type\":\"ListItem\",\"position\":1,\"name\":\"Home\",\"item\":\"https:\/\/www.profaqua.ca\/fr\/\"},{\"@type\":\"ListItem\",\"position\":2,\"name\":\"Produits\",\"item\":\"https:\/\/www.profaqua.ca\/fr\/shop\/\"},{\"@type\":\"ListItem\",\"position\":3,\"name\":\"Serre &#8211; Location (Colombie-Britannique)\"}]},{\"@type\":\"WebSite\",\"@id\":\"https:\/\/www.profaqua.ca\/fr\/#website\",\"url\":\"https:\/\/www.profaqua.ca\/fr\/\",\"name\":\"Profaqua\",\"description\":\"\",\"potentialAction\":[{\"@type\":\"SearchAction\",\"target\":{\"@type\":\"EntryPoint\",\"urlTemplate\":\"https:\/\/www.profaqua.ca\/fr\/?s={search_term_string}\"},\"query-input\":\"required name=search_term_string\"}],\"inLanguage\":\"fr-FR\"}]}<\/script>\n<!-- \/ Yoast SEO plugin. -->","yoast_head_json":{"title":"Serre - Location (Colombie-Britannique) - Profaqua","description":"D\u00e9jouez les saisons ! Quel plaisir de pouvoir assaisonner nos bons petits plats avec des herbes fra\u00eeches, m\u00eame en plein hiver ! Faites pousser vos id\u00e9es","robots":{"index":"index","follow":"follow","max-snippet":"max-snippet:-1","max-image-preview":"max-image-preview:large","max-video-preview":"max-video-preview:-1"},"canonical":"https:\/\/www.profaqua.ca\/fr\/produit\/serre\/","og_locale":"fr_FR","og_type":"article","og_title":"Serre - Location (Colombie-Britannique) - Profaqua","og_description":"D\u00e9jouez les saisons ! Quel plaisir de pouvoir assaisonner nos bons petits plats avec des herbes fra\u00eeches, m\u00eame en plein hiver ! Faites pousser vos id\u00e9es","og_url":"https:\/\/www.profaqua.ca\/fr\/produit\/serre\/","og_site_name":"Profaqua","article_publisher":"https:\/\/www.facebook.com\/profaqua\/","article_modified_time":"2024-09-07T20:37:58+00:00","og_image":[{"width":1800,"height":1800,"url":"https:\/\/www.profaqua.ca\/wp-content\/uploads\/2017\/07\/4.10_Serre_Location.png","type":"image\/png"}],"twitter_card":"summary_large_image","twitter_misc":{"Dur\u00e9e de lecture estim\u00e9e":"1 minute"},"schema":{"@context":"https:\/\/schema.org","@graph":[{"@type":"WebPage","@id":"https:\/\/www.profaqua.ca\/fr\/produit\/serre\/","url":"https:\/\/www.profaqua.ca\/fr\/produit\/serre\/","name":"Serre - Location (Colombie-Britannique) - Profaqua","isPartOf":{"@id":"https:\/\/www.profaqua.ca\/fr\/#website"},"datePublished":"2020-08-26T10:54:17+00:00","dateModified":"2024-09-07T20:37:58+00:00","description":"D\u00e9jouez les saisons ! Quel plaisir de pouvoir assaisonner nos bons petits plats avec des herbes fra\u00eeches, m\u00eame en plein hiver ! Faites pousser vos id\u00e9es","breadcrumb":{"@id":"https:\/\/www.profaqua.ca\/fr\/produit\/serre\/#breadcrumb"},"inLanguage":"fr-FR","potentialAction":[{"@type":"ReadAction","target":["https:\/\/www.profaqua.ca\/fr\/produit\/serre\/"]}]},{"@type":"BreadcrumbList","@id":"https:\/\/www.profaqua.ca\/fr\/produit\/serre\/#breadcrumb","itemListElement":[{"@type":"ListItem","position":1,"name":"Home","item":"https:\/\/www.profaqua.ca\/fr\/"},{"@type":"ListItem","position":2,"name":"Produits","item":"https:\/\/www.profaqua.ca\/fr\/shop\/"},{"@type":"ListItem","position":3,"name":"Serre &#8211; Location (Colombie-Britannique)"}]},{"@type":"WebSite","@id":"https:\/\/www.profaqua.ca\/fr\/#website","url":"https:\/\/www.profaqua.ca\/fr\/","name":"Profaqua","description":"","potentialAction":[{"@type":"SearchAction","target":{"@type":"EntryPoint","urlTemplate":"https:\/\/www.profaqua.ca\/fr\/?s={search_term_string}"},"query-input":"required name=search_term_string"}],"inLanguage":"fr-FR"}]}},"_links":{"self":[{"href":"https:\/\/www.profaqua.ca\/fr\/wp-json\/wp\/v2\/product\/1170"}],"collection":[{"href":"https:\/\/www.profaqua.ca\/fr\/wp-json\/wp\/v2\/product"}],"about":[{"href":"https:\/\/www.profaqua.ca\/fr\/wp-json\/wp\/v2\/types\/product"}],"wp:featuredmedia":[{"embeddable":true,"href":"https:\/\/www.profaqua.ca\/fr\/wp-json\/wp\/v2\/media\/1171"}],"wp:attachment":[{"href":"https:\/\/www.profaqua.ca\/fr\/wp-json\/wp\/v2\/media?parent=1170"}],"wp:term":[{"taxonomy":"product_cat","embeddable":true,"href":"https:\/\/www.profaqua.ca\/fr\/wp-json\/wp\/v2\/product_cat?post=1170"},{"taxonomy":"product_tag","embeddable":true,"href":"https:\/\/www.profaqua.ca\/fr\/wp-json\/wp\/v2\/product_tag?post=1170"}],"curies":[{"name":"wp","href":"https:\/\/api.w.org\/{rel}","templated":true}]}}