{"id":1167,"date":"2020-08-26T05:53:04","date_gmt":"2020-08-26T10:53:04","guid":{"rendered":"https:\/\/www.profaqua.ca\/?post_type=product&#038;p=1167\/"},"modified":"2024-09-07T15:32:52","modified_gmt":"2024-09-07T20:32:52","slug":"horticulture","status":"publish","type":"product","link":"https:\/\/www.profaqua.ca\/fr\/produit\/horticulture\/","title":{"rendered":"Horticulture (Colombie-Britannique)"},"content":{"rendered":"<p><strong>Un jardin dans la classe !<\/strong><\/p>\n<p>Relevez le d\u00e9fi de faire pousser des l\u00e9gumineuses et des fines herbes dans votre classe !<\/p>\n<p>Nous allons vous surprendre avec ces 3 ateliers qui s\u00e9duiront vos petits jardiniers.<\/p>\n<p>Ils d\u00e9couvriront comment fabriquer une terre enrichie en min\u00e9raux et le monde des fleurs pour utiliser toutes ces informations et faire pousser des v\u00e9g\u00e9taux dans une mini serre install\u00e9e dans la classe.<\/p>\n<p>Une vraie \u00e9tude scientifique qui fera germer de nouvelles connaissances !<\/p>\n<p><strong>Au menu:<\/strong><\/p>\n<p>1re rencontre &#8211; Vie souterraine (60 minutes).<\/p>\n<p>2e rencontre &#8211; Fleurs en classe (60 minutes) et l&rsquo;installation \/ formation (15 minutes) sur l&rsquo;utilisation de la serre (2 mois de pr\u00eat).<\/p>\n<p>&nbsp;<\/p>\n<h2><strong><u>Objectifs du primaire:<\/u><\/strong><\/h2>\n<ul>\n<li>Expliquer les concepts scientifiques du compostage.<\/li>\n<li>D\u00e9crire comment la terre peut r\u00e9pondre \u00e0 des besoins fondamentaux (pour les animaux et les humains).<\/li>\n<li>D\u00e9crire les parties de l\u2019anatomie d\u2019une plante (racines, tiges, feuilles, fleurs, fruits et graines).<\/li>\n<li>Associer les parties d\u2019une plante \u00e0 leur fonction g\u00e9n\u00e9rale.<\/li>\n<li>D\u00e9crire le mode de reproduction sexu\u00e9e des v\u00e9g\u00e9taux (pistil, \u00e9tamine, pollen, graine et fruit).<\/li>\n<li>D\u00e9crire les stades de croissance d\u2019une plante \u00e0 fleurs (pollinisation, f\u00e9condation, fructification, dispersion, la germination, la floraison).<\/li>\n<li>Diss\u00e9quer une fleur en classe.<\/li>\n<li>D\u00e9crire la diff\u00e9rence entre conif\u00e8res et feuillus et pr\u00e9senter les caract\u00e9ristiques de certains arbres.<\/li>\n<li>D\u00e9crire certains moyens de d\u00e9fense des arbres leur permettant de favoriser leur croissance.<\/li>\n<li>D\u00e9crire l\u2019effet de l\u2019urbanisation et de l\u2019am\u00e9nagement du territoire sur les arbres et les plantes.<\/li>\n<\/ul>\n","protected":false},"excerpt":{"rendered":"<p>Un jardin dans la classe ! Relevez le d\u00e9fi de faire pousser des l\u00e9gumineuses et des fines herbes dans votre classe ! Nous allons vous surprendre avec ces 3 ateliers qui s\u00e9duiront vos petits jardiniers. Ils d\u00e9couvriront comment fabriquer une terre enrichie en min\u00e9raux et le monde des fleurs pour utiliser toutes ces informations et faire pousser des v\u00e9g\u00e9taux dans<\/p>\n<div class=\"h10\"><\/div>\n<p><a class=\"more-link1\" href=\"https:\/\/www.profaqua.ca\/fr\/produit\/horticulture\/\">Voir plus<\/a><\/p>\n","protected":false},"featured_media":1168,"template":"","meta":[],"product_cat":[63],"product_tag":[],"acf":[],"yoast_head":"<!-- This site is optimized with the Yoast SEO plugin v20.13 - https:\/\/yoast.com\/wordpress\/plugins\/seo\/ -->\n<title>Horticulture (Colombie-Britannique) - Profaqua<\/title>\n<meta name=\"description\" content=\"Un jardin dans la classe ! Relevez le d\u00e9fi de faire pousser des l\u00e9gumineuses et des fines herbes dans votre classe ! Nous allons vous surprendre avec ces\" \/>\n<meta name=\"robots\" content=\"index, follow, max-snippet:-1, max-image-preview:large, max-video-preview:-1\" \/>\n<link rel=\"canonical\" href=\"https:\/\/www.profaqua.ca\/fr\/produit\/horticulture\/\" \/>\n<meta property=\"og:locale\" content=\"fr_FR\" \/>\n<meta property=\"og:type\" content=\"article\" \/>\n<meta property=\"og:title\" content=\"Horticulture (Colombie-Britannique) - Profaqua\" \/>\n<meta property=\"og:description\" content=\"Un jardin dans la classe ! Relevez le d\u00e9fi de faire pousser des l\u00e9gumineuses et des fines herbes dans votre classe ! Nous allons vous surprendre avec ces\" \/>\n<meta property=\"og:url\" content=\"https:\/\/www.profaqua.ca\/fr\/produit\/horticulture\/\" \/>\n<meta property=\"og:site_name\" content=\"Profaqua\" \/>\n<meta property=\"article:publisher\" content=\"https:\/\/www.facebook.com\/profaqua\/\" \/>\n<meta property=\"article:modified_time\" content=\"2024-09-07T20:32:52+00:00\" \/>\n<meta property=\"og:image\" content=\"https:\/\/www.profaqua.ca\/wp-content\/uploads\/2017\/07\/4.9_Horticulture_Projet.png\" \/>\n\t<meta property=\"og:image:width\" content=\"1800\" \/>\n\t<meta property=\"og:image:height\" content=\"1800\" \/>\n\t<meta property=\"og:image:type\" content=\"image\/png\" \/>\n<meta name=\"twitter:card\" content=\"summary_large_image\" \/>\n<meta name=\"twitter:label1\" content=\"Dur\u00e9e de lecture estim\u00e9e\" \/>\n\t<meta name=\"twitter:data1\" content=\"2 minutes\" \/>\n<script type=\"application\/ld+json\" class=\"yoast-schema-graph\">{\"@context\":\"https:\/\/schema.org\",\"@graph\":[{\"@type\":\"WebPage\",\"@id\":\"https:\/\/www.profaqua.ca\/fr\/produit\/horticulture\/\",\"url\":\"https:\/\/www.profaqua.ca\/fr\/produit\/horticulture\/\",\"name\":\"Horticulture (Colombie-Britannique) - Profaqua\",\"isPartOf\":{\"@id\":\"https:\/\/www.profaqua.ca\/fr\/#website\"},\"datePublished\":\"2020-08-26T10:53:04+00:00\",\"dateModified\":\"2024-09-07T20:32:52+00:00\",\"description\":\"Un jardin dans la classe ! Relevez le d\u00e9fi de faire pousser des l\u00e9gumineuses et des fines herbes dans votre classe ! Nous allons vous surprendre avec ces\",\"breadcrumb\":{\"@id\":\"https:\/\/www.profaqua.ca\/fr\/produit\/horticulture\/#breadcrumb\"},\"inLanguage\":\"fr-FR\",\"potentialAction\":[{\"@type\":\"ReadAction\",\"target\":[\"https:\/\/www.profaqua.ca\/fr\/produit\/horticulture\/\"]}]},{\"@type\":\"BreadcrumbList\",\"@id\":\"https:\/\/www.profaqua.ca\/fr\/produit\/horticulture\/#breadcrumb\",\"itemListElement\":[{\"@type\":\"ListItem\",\"position\":1,\"name\":\"Home\",\"item\":\"https:\/\/www.profaqua.ca\/fr\/\"},{\"@type\":\"ListItem\",\"position\":2,\"name\":\"Produits\",\"item\":\"https:\/\/www.profaqua.ca\/fr\/shop\/\"},{\"@type\":\"ListItem\",\"position\":3,\"name\":\"Horticulture (Colombie-Britannique)\"}]},{\"@type\":\"WebSite\",\"@id\":\"https:\/\/www.profaqua.ca\/fr\/#website\",\"url\":\"https:\/\/www.profaqua.ca\/fr\/\",\"name\":\"Profaqua\",\"description\":\"\",\"potentialAction\":[{\"@type\":\"SearchAction\",\"target\":{\"@type\":\"EntryPoint\",\"urlTemplate\":\"https:\/\/www.profaqua.ca\/fr\/?s={search_term_string}\"},\"query-input\":\"required name=search_term_string\"}],\"inLanguage\":\"fr-FR\"}]}<\/script>\n<!-- \/ Yoast SEO plugin. -->","yoast_head_json":{"title":"Horticulture (Colombie-Britannique) - Profaqua","description":"Un jardin dans la classe ! Relevez le d\u00e9fi de faire pousser des l\u00e9gumineuses et des fines herbes dans votre classe ! Nous allons vous surprendre avec ces","robots":{"index":"index","follow":"follow","max-snippet":"max-snippet:-1","max-image-preview":"max-image-preview:large","max-video-preview":"max-video-preview:-1"},"canonical":"https:\/\/www.profaqua.ca\/fr\/produit\/horticulture\/","og_locale":"fr_FR","og_type":"article","og_title":"Horticulture (Colombie-Britannique) - Profaqua","og_description":"Un jardin dans la classe ! Relevez le d\u00e9fi de faire pousser des l\u00e9gumineuses et des fines herbes dans votre classe ! Nous allons vous surprendre avec ces","og_url":"https:\/\/www.profaqua.ca\/fr\/produit\/horticulture\/","og_site_name":"Profaqua","article_publisher":"https:\/\/www.facebook.com\/profaqua\/","article_modified_time":"2024-09-07T20:32:52+00:00","og_image":[{"width":1800,"height":1800,"url":"https:\/\/www.profaqua.ca\/wp-content\/uploads\/2017\/07\/4.9_Horticulture_Projet.png","type":"image\/png"}],"twitter_card":"summary_large_image","twitter_misc":{"Dur\u00e9e de lecture estim\u00e9e":"2 minutes"},"schema":{"@context":"https:\/\/schema.org","@graph":[{"@type":"WebPage","@id":"https:\/\/www.profaqua.ca\/fr\/produit\/horticulture\/","url":"https:\/\/www.profaqua.ca\/fr\/produit\/horticulture\/","name":"Horticulture (Colombie-Britannique) - Profaqua","isPartOf":{"@id":"https:\/\/www.profaqua.ca\/fr\/#website"},"datePublished":"2020-08-26T10:53:04+00:00","dateModified":"2024-09-07T20:32:52+00:00","description":"Un jardin dans la classe ! Relevez le d\u00e9fi de faire pousser des l\u00e9gumineuses et des fines herbes dans votre classe ! Nous allons vous surprendre avec ces","breadcrumb":{"@id":"https:\/\/www.profaqua.ca\/fr\/produit\/horticulture\/#breadcrumb"},"inLanguage":"fr-FR","potentialAction":[{"@type":"ReadAction","target":["https:\/\/www.profaqua.ca\/fr\/produit\/horticulture\/"]}]},{"@type":"BreadcrumbList","@id":"https:\/\/www.profaqua.ca\/fr\/produit\/horticulture\/#breadcrumb","itemListElement":[{"@type":"ListItem","position":1,"name":"Home","item":"https:\/\/www.profaqua.ca\/fr\/"},{"@type":"ListItem","position":2,"name":"Produits","item":"https:\/\/www.profaqua.ca\/fr\/shop\/"},{"@type":"ListItem","position":3,"name":"Horticulture (Colombie-Britannique)"}]},{"@type":"WebSite","@id":"https:\/\/www.profaqua.ca\/fr\/#website","url":"https:\/\/www.profaqua.ca\/fr\/","name":"Profaqua","description":"","potentialAction":[{"@type":"SearchAction","target":{"@type":"EntryPoint","urlTemplate":"https:\/\/www.profaqua.ca\/fr\/?s={search_term_string}"},"query-input":"required name=search_term_string"}],"inLanguage":"fr-FR"}]}},"_links":{"self":[{"href":"https:\/\/www.profaqua.ca\/fr\/wp-json\/wp\/v2\/product\/1167"}],"collection":[{"href":"https:\/\/www.profaqua.ca\/fr\/wp-json\/wp\/v2\/product"}],"about":[{"href":"https:\/\/www.profaqua.ca\/fr\/wp-json\/wp\/v2\/types\/product"}],"wp:featuredmedia":[{"embeddable":true,"href":"https:\/\/www.profaqua.ca\/fr\/wp-json\/wp\/v2\/media\/1168"}],"wp:attachment":[{"href":"https:\/\/www.profaqua.ca\/fr\/wp-json\/wp\/v2\/media?parent=1167"}],"wp:term":[{"taxonomy":"product_cat","embeddable":true,"href":"https:\/\/www.profaqua.ca\/fr\/wp-json\/wp\/v2\/product_cat?post=1167"},{"taxonomy":"product_tag","embeddable":true,"href":"https:\/\/www.profaqua.ca\/fr\/wp-json\/wp\/v2\/product_tag?post=1167"}],"curies":[{"name":"wp","href":"https:\/\/api.w.org\/{rel}","templated":true}]}}