{"id":1164,"date":"2020-08-26T05:51:58","date_gmt":"2020-08-26T10:51:58","guid":{"rendered":"https:\/\/www.profaqua.ca\/?post_type=product&#038;p=1164\/"},"modified":"2024-09-07T15:31:15","modified_gmt":"2024-09-07T20:31:15","slug":"entomologie","status":"publish","type":"product","link":"https:\/\/www.profaqua.ca\/fr\/produit\/entomologie\/","title":{"rendered":"Entomologie (Colombie-Britannique)"},"content":{"rendered":"<p><strong>Grosses bestioles n\u2019auront plus peur des petites !<\/strong><\/p>\n<p>Les bibittes, les bestioles, quel que soit le petit nom qu\u2019on leur donne, nous font parfois tr\u00e8s peur! Mais d\u00e8s qu\u2019on s\u2019y arr\u00eate un peu, on d\u00e9couvre un univers fascinant!<\/p>\n<p>Laissez-nous vous donner la piq\u00fbre des insectes \u00e0 travers 3 ateliers incluant la chasse de sp\u00e9cimens vivants et la fabrication d\u2019un insectarium qu\u2019ils ram\u00e8neront \u00e0 la maison!<\/p>\n<p>Effet secondaire d\u00e9sirable : d\u00e9clencher des vocations d\u2019entomologistes\u2026<\/p>\n<p><strong>Au menu:<\/strong><\/p>\n<p><strong>1re rencontre &#8211;\u00a0 Insectes (60 minutes):<\/strong><\/p>\n<p><em>Demander aux enfants d\u2019apporter une bo\u00eete \u00e0 chaussures vide pour la prochaine \u00e9tape.<\/em><\/p>\n<p><strong>2e rencontre &#8211; Chasse aux bestioles (60 minutes):<\/strong><\/p>\n<p>Nous partirons dehors \u00e0 l\u2019aventure pour capturer des sp\u00e9cimens vivants! Nous vous fournissons les filets et capsules servant \u00e0 la capture.<\/p>\n<p><strong>3e rencontre &#8211; Construction d\u2019un insectarium (60 minutes):<\/strong><\/p>\n<p>Les jeunes construisent leur propre insectarium \u00e0 partir d\u2019une bo\u00eete \u00e0 chaussures en carton pour y placer les bestioles captur\u00e9es et congel\u00e9es \u00e0 l\u2019\u00e9tape pr\u00e9c\u00e9dente.<\/p>\n<p><strong>NOTE:<\/strong><\/p>\n<ul>\n<li><em>En cas de pluie, les \u00e9tapes 2 et 3 seront invers\u00e9es.<\/em><\/li>\n<li><em>La chasse aux insectes peut se d\u00e9rouler de <strong>mai \u00e0 septembre.<\/strong><\/em><\/li>\n<\/ul>\n<h2><strong><u>Objectifs du primaire:<\/u><\/strong><\/h2>\n<ul>\n<li>D\u00e9crire et associer les parties de l\u2019anatomie de l\u2019insecte (t\u00eate, thorax et abdomen).<\/li>\n<li>D\u00e9crire diff\u00e9rents changements dans l\u2019apparence des insectes lors de leur croissance.<\/li>\n<li>D\u00e9crire les caract\u00e9ristiques particuli\u00e8res de diff\u00e9rents insectes (mode de vie, particularit\u00e9s anatomiques, habitats).<\/li>\n<li>Comprendre comment certains insectes communiquent avec leur semblable.<\/li>\n<li>Fabriquer un insectarium en classe.<\/li>\n<li>D\u00e9couvrir les diff\u00e9rents habitats des insectes dans la nature.<\/li>\n<\/ul>\n","protected":false},"excerpt":{"rendered":"<p>Grosses bestioles n\u2019auront plus peur des petites ! Les bibittes, les bestioles, quel que soit le petit nom qu\u2019on leur donne, nous font parfois tr\u00e8s peur! Mais d\u00e8s qu\u2019on s\u2019y arr\u00eate un peu, on d\u00e9couvre un univers fascinant! Laissez-nous vous donner la piq\u00fbre des insectes \u00e0 travers 3 ateliers incluant la chasse de sp\u00e9cimens vivants et la fabrication d\u2019un insectarium<\/p>\n<div class=\"h10\"><\/div>\n<p><a class=\"more-link1\" href=\"https:\/\/www.profaqua.ca\/fr\/produit\/entomologie\/\">Voir plus<\/a><\/p>\n","protected":false},"featured_media":1165,"template":"","meta":[],"product_cat":[63],"product_tag":[],"acf":[],"yoast_head":"<!-- This site is optimized with the Yoast SEO plugin v20.13 - https:\/\/yoast.com\/wordpress\/plugins\/seo\/ -->\n<title>Entomologie (Colombie-Britannique) - Profaqua<\/title>\n<meta name=\"description\" content=\"Grosses bestioles n\u2019auront plus peur des petites ! Les bibittes, les bestioles, quel que soit le petit nom qu\u2019on leur donne, nous font parfois tr\u00e8s peur!\" \/>\n<meta name=\"robots\" content=\"index, follow, max-snippet:-1, max-image-preview:large, max-video-preview:-1\" \/>\n<link rel=\"canonical\" href=\"https:\/\/www.profaqua.ca\/fr\/produit\/entomologie\/\" \/>\n<meta property=\"og:locale\" content=\"fr_FR\" \/>\n<meta property=\"og:type\" content=\"article\" \/>\n<meta property=\"og:title\" content=\"Entomologie (Colombie-Britannique) - Profaqua\" \/>\n<meta property=\"og:description\" content=\"Grosses bestioles n\u2019auront plus peur des petites ! Les bibittes, les bestioles, quel que soit le petit nom qu\u2019on leur donne, nous font parfois tr\u00e8s peur!\" \/>\n<meta property=\"og:url\" content=\"https:\/\/www.profaqua.ca\/fr\/produit\/entomologie\/\" \/>\n<meta property=\"og:site_name\" content=\"Profaqua\" \/>\n<meta property=\"article:publisher\" content=\"https:\/\/www.facebook.com\/profaqua\/\" \/>\n<meta property=\"article:modified_time\" content=\"2024-09-07T20:31:15+00:00\" \/>\n<meta property=\"og:image\" content=\"https:\/\/www.profaqua.ca\/wp-content\/uploads\/2017\/07\/4.6_Entomologie_Projet.png\" \/>\n\t<meta property=\"og:image:width\" content=\"1800\" \/>\n\t<meta property=\"og:image:height\" content=\"1800\" \/>\n\t<meta property=\"og:image:type\" content=\"image\/png\" \/>\n<meta name=\"twitter:card\" content=\"summary_large_image\" \/>\n<meta name=\"twitter:label1\" content=\"Dur\u00e9e de lecture estim\u00e9e\" \/>\n\t<meta name=\"twitter:data1\" content=\"2 minutes\" \/>\n<script type=\"application\/ld+json\" class=\"yoast-schema-graph\">{\"@context\":\"https:\/\/schema.org\",\"@graph\":[{\"@type\":\"WebPage\",\"@id\":\"https:\/\/www.profaqua.ca\/fr\/produit\/entomologie\/\",\"url\":\"https:\/\/www.profaqua.ca\/fr\/produit\/entomologie\/\",\"name\":\"Entomologie (Colombie-Britannique) - Profaqua\",\"isPartOf\":{\"@id\":\"https:\/\/www.profaqua.ca\/fr\/#website\"},\"datePublished\":\"2020-08-26T10:51:58+00:00\",\"dateModified\":\"2024-09-07T20:31:15+00:00\",\"description\":\"Grosses bestioles n\u2019auront plus peur des petites ! Les bibittes, les bestioles, quel que soit le petit nom qu\u2019on leur donne, nous font parfois tr\u00e8s peur!\",\"breadcrumb\":{\"@id\":\"https:\/\/www.profaqua.ca\/fr\/produit\/entomologie\/#breadcrumb\"},\"inLanguage\":\"fr-FR\",\"potentialAction\":[{\"@type\":\"ReadAction\",\"target\":[\"https:\/\/www.profaqua.ca\/fr\/produit\/entomologie\/\"]}]},{\"@type\":\"BreadcrumbList\",\"@id\":\"https:\/\/www.profaqua.ca\/fr\/produit\/entomologie\/#breadcrumb\",\"itemListElement\":[{\"@type\":\"ListItem\",\"position\":1,\"name\":\"Home\",\"item\":\"https:\/\/www.profaqua.ca\/fr\/\"},{\"@type\":\"ListItem\",\"position\":2,\"name\":\"Produits\",\"item\":\"https:\/\/www.profaqua.ca\/fr\/shop\/\"},{\"@type\":\"ListItem\",\"position\":3,\"name\":\"Entomologie (Colombie-Britannique)\"}]},{\"@type\":\"WebSite\",\"@id\":\"https:\/\/www.profaqua.ca\/fr\/#website\",\"url\":\"https:\/\/www.profaqua.ca\/fr\/\",\"name\":\"Profaqua\",\"description\":\"\",\"potentialAction\":[{\"@type\":\"SearchAction\",\"target\":{\"@type\":\"EntryPoint\",\"urlTemplate\":\"https:\/\/www.profaqua.ca\/fr\/?s={search_term_string}\"},\"query-input\":\"required name=search_term_string\"}],\"inLanguage\":\"fr-FR\"}]}<\/script>\n<!-- \/ Yoast SEO plugin. -->","yoast_head_json":{"title":"Entomologie (Colombie-Britannique) - Profaqua","description":"Grosses bestioles n\u2019auront plus peur des petites ! Les bibittes, les bestioles, quel que soit le petit nom qu\u2019on leur donne, nous font parfois tr\u00e8s peur!","robots":{"index":"index","follow":"follow","max-snippet":"max-snippet:-1","max-image-preview":"max-image-preview:large","max-video-preview":"max-video-preview:-1"},"canonical":"https:\/\/www.profaqua.ca\/fr\/produit\/entomologie\/","og_locale":"fr_FR","og_type":"article","og_title":"Entomologie (Colombie-Britannique) - Profaqua","og_description":"Grosses bestioles n\u2019auront plus peur des petites ! Les bibittes, les bestioles, quel que soit le petit nom qu\u2019on leur donne, nous font parfois tr\u00e8s peur!","og_url":"https:\/\/www.profaqua.ca\/fr\/produit\/entomologie\/","og_site_name":"Profaqua","article_publisher":"https:\/\/www.facebook.com\/profaqua\/","article_modified_time":"2024-09-07T20:31:15+00:00","og_image":[{"width":1800,"height":1800,"url":"https:\/\/www.profaqua.ca\/wp-content\/uploads\/2017\/07\/4.6_Entomologie_Projet.png","type":"image\/png"}],"twitter_card":"summary_large_image","twitter_misc":{"Dur\u00e9e de lecture estim\u00e9e":"2 minutes"},"schema":{"@context":"https:\/\/schema.org","@graph":[{"@type":"WebPage","@id":"https:\/\/www.profaqua.ca\/fr\/produit\/entomologie\/","url":"https:\/\/www.profaqua.ca\/fr\/produit\/entomologie\/","name":"Entomologie (Colombie-Britannique) - Profaqua","isPartOf":{"@id":"https:\/\/www.profaqua.ca\/fr\/#website"},"datePublished":"2020-08-26T10:51:58+00:00","dateModified":"2024-09-07T20:31:15+00:00","description":"Grosses bestioles n\u2019auront plus peur des petites ! Les bibittes, les bestioles, quel que soit le petit nom qu\u2019on leur donne, nous font parfois tr\u00e8s peur!","breadcrumb":{"@id":"https:\/\/www.profaqua.ca\/fr\/produit\/entomologie\/#breadcrumb"},"inLanguage":"fr-FR","potentialAction":[{"@type":"ReadAction","target":["https:\/\/www.profaqua.ca\/fr\/produit\/entomologie\/"]}]},{"@type":"BreadcrumbList","@id":"https:\/\/www.profaqua.ca\/fr\/produit\/entomologie\/#breadcrumb","itemListElement":[{"@type":"ListItem","position":1,"name":"Home","item":"https:\/\/www.profaqua.ca\/fr\/"},{"@type":"ListItem","position":2,"name":"Produits","item":"https:\/\/www.profaqua.ca\/fr\/shop\/"},{"@type":"ListItem","position":3,"name":"Entomologie (Colombie-Britannique)"}]},{"@type":"WebSite","@id":"https:\/\/www.profaqua.ca\/fr\/#website","url":"https:\/\/www.profaqua.ca\/fr\/","name":"Profaqua","description":"","potentialAction":[{"@type":"SearchAction","target":{"@type":"EntryPoint","urlTemplate":"https:\/\/www.profaqua.ca\/fr\/?s={search_term_string}"},"query-input":"required name=search_term_string"}],"inLanguage":"fr-FR"}]}},"_links":{"self":[{"href":"https:\/\/www.profaqua.ca\/fr\/wp-json\/wp\/v2\/product\/1164"}],"collection":[{"href":"https:\/\/www.profaqua.ca\/fr\/wp-json\/wp\/v2\/product"}],"about":[{"href":"https:\/\/www.profaqua.ca\/fr\/wp-json\/wp\/v2\/types\/product"}],"wp:featuredmedia":[{"embeddable":true,"href":"https:\/\/www.profaqua.ca\/fr\/wp-json\/wp\/v2\/media\/1165"}],"wp:attachment":[{"href":"https:\/\/www.profaqua.ca\/fr\/wp-json\/wp\/v2\/media?parent=1164"}],"wp:term":[{"taxonomy":"product_cat","embeddable":true,"href":"https:\/\/www.profaqua.ca\/fr\/wp-json\/wp\/v2\/product_cat?post=1164"},{"taxonomy":"product_tag","embeddable":true,"href":"https:\/\/www.profaqua.ca\/fr\/wp-json\/wp\/v2\/product_tag?post=1164"}],"curies":[{"name":"wp","href":"https:\/\/api.w.org\/{rel}","templated":true}]}}