{"id":1162,"date":"2017-07-26T05:48:24","date_gmt":"2017-07-26T10:48:24","guid":{"rendered":"https:\/\/www.profaqua.ca\/?post_type=product&#038;p=1162\/"},"modified":"2024-09-07T15:29:11","modified_gmt":"2024-09-07T20:29:11","slug":"canetons-2","status":"publish","type":"product","link":"https:\/\/www.profaqua.ca\/fr\/produit\/canetons-2\/","title":{"rendered":"Canetons &#8211; 1 atelier (Colombie-Britannique)"},"content":{"rendered":"<p><strong>Un projet tout cru dans le bec !<\/strong><\/p>\n<p>C\u2019est bient\u00f4t P\u00e2ques, c\u2019est le temps des cocos, mais pas seulement ceux en chocolat, des vrais cocos!<\/p>\n<p>\u00c9merveillez les enfants, et vous-m\u00eame, avec ce tr\u00e8s beau projet qui vous permettra d\u2019assister \u00e0 la naissance d\u2019adorables petits canetons.<\/p>\n<p>C\u2019est un projet cl\u00e9s en main incluant la livraison des \u0153ufs fertilis\u00e9s, des incubateurs, des poulaillers, de la nourriture et de la liti\u00e8re, la formation de l\u2019utilisation du mat\u00e9riel et le retour des oiseaux \u00e0 la ferme. Le plus dur sera de vous s\u00e9parer de vos adorables rejetons\u2026<\/p>\n<p><u>Service de location et 1 atelier de 60 minutes:<\/u><\/p>\n<p><strong>1re rencontre &#8211;\u00a0 Animation sur le d\u00e9veloppement des canetons (60 minutes).<\/strong><\/p>\n<p>Atelier explicatif sur la naissance avec une formation sur l\u2019utilisation du mat\u00e9riel et les soins \u00e0 donner aux \u0153ufs (une semaine) puis aux b\u00e9b\u00e9s (une semaine). Feuillet d\u2019observation de croissance fourni.<\/p>\n<p><strong>2e rencontre &#8211;\u00a0 Livraison des 6 \u0153ufs, la liti\u00e8re, la nourriture, un incubateur et un poulailler automatis\u00e9s (pour une dur\u00e9e maximale de 20 jours).<\/strong><\/p>\n<p><strong>3e rencontre &#8211; Retour des canetons \u00e0 la ferme et du mat\u00e9riel.<\/strong><\/p>\n<p>NOTE: <em>Entre janvier et fin avril seulement<\/em>.<\/p>\n<h2><strong><u>Objectifs du primaire:<\/u><\/strong><\/h2>\n<ul>\n<li>D\u00e9crire le r\u00f4le du m\u00e2le et de la femelle dans la reproduction.<\/li>\n<li>D\u00e9crire les \u00e9tapes de f\u00e9condation qui seront reproduites en classe (incubateur).<\/li>\n<li>D\u00e9crire le d\u00e9veloppement de l\u2019embryon (ovipare).<\/li>\n<li>Pr\u00e9senter les t\u00e2ches et conditions \u00e0 respecter pour favoriser la survie des canetons.<\/li>\n<li>Consigner le d\u00e9veloppement de chaque caneton sur des fiches pr\u00e9vues \u00e0 cet effet.<\/li>\n<li>Distinguer un caneton m\u00e2le d\u2019une femelle.<\/li>\n<\/ul>\n","protected":false},"excerpt":{"rendered":"<p>Un projet tout cru dans le bec ! C\u2019est bient\u00f4t P\u00e2ques, c\u2019est le temps des cocos, mais pas seulement ceux en chocolat, des vrais cocos! \u00c9merveillez les enfants, et vous-m\u00eame, avec ce tr\u00e8s beau projet qui vous permettra d\u2019assister \u00e0 la naissance d\u2019adorables petits canetons. C\u2019est un projet cl\u00e9s en main incluant la livraison des \u0153ufs fertilis\u00e9s, des incubateurs, des<\/p>\n<div class=\"h10\"><\/div>\n<p><a class=\"more-link1\" href=\"https:\/\/www.profaqua.ca\/fr\/produit\/canetons-2\/\">Voir plus<\/a><\/p>\n","protected":false},"featured_media":1160,"template":"","meta":[],"product_cat":[63],"product_tag":[],"acf":[],"yoast_head":"<!-- This site is optimized with the Yoast SEO plugin v20.13 - https:\/\/yoast.com\/wordpress\/plugins\/seo\/ -->\n<title>Canetons - 1 atelier (Colombie-Britannique) - Profaqua<\/title>\n<meta name=\"description\" content=\"Un projet tout cru dans le bec ! C\u2019est bient\u00f4t P\u00e2ques, c\u2019est le temps des cocos, mais pas seulement ceux en chocolat, des vrais cocos! \u00c9merveillez les\" \/>\n<meta name=\"robots\" content=\"index, follow, max-snippet:-1, max-image-preview:large, max-video-preview:-1\" \/>\n<link rel=\"canonical\" href=\"https:\/\/www.profaqua.ca\/fr\/produit\/canetons-2\/\" \/>\n<meta property=\"og:locale\" content=\"fr_FR\" \/>\n<meta property=\"og:type\" content=\"article\" \/>\n<meta property=\"og:title\" content=\"Canetons - 1 atelier (Colombie-Britannique) - Profaqua\" \/>\n<meta property=\"og:description\" content=\"Un projet tout cru dans le bec ! C\u2019est bient\u00f4t P\u00e2ques, c\u2019est le temps des cocos, mais pas seulement ceux en chocolat, des vrais cocos! \u00c9merveillez les\" \/>\n<meta property=\"og:url\" content=\"https:\/\/www.profaqua.ca\/fr\/produit\/canetons-2\/\" \/>\n<meta property=\"og:site_name\" content=\"Profaqua\" \/>\n<meta property=\"article:publisher\" content=\"https:\/\/www.facebook.com\/profaqua\/\" \/>\n<meta property=\"article:modified_time\" content=\"2024-09-07T20:29:11+00:00\" \/>\n<meta property=\"og:image\" content=\"https:\/\/www.profaqua.ca\/wp-content\/uploads\/2017\/07\/4.3_Canetons_Projet.png\" \/>\n\t<meta property=\"og:image:width\" content=\"1800\" \/>\n\t<meta property=\"og:image:height\" content=\"1800\" \/>\n\t<meta property=\"og:image:type\" content=\"image\/png\" \/>\n<meta name=\"twitter:card\" content=\"summary_large_image\" \/>\n<meta name=\"twitter:label1\" content=\"Dur\u00e9e de lecture estim\u00e9e\" \/>\n\t<meta name=\"twitter:data1\" content=\"2 minutes\" \/>\n<script type=\"application\/ld+json\" class=\"yoast-schema-graph\">{\"@context\":\"https:\/\/schema.org\",\"@graph\":[{\"@type\":\"WebPage\",\"@id\":\"https:\/\/www.profaqua.ca\/fr\/produit\/canetons-2\/\",\"url\":\"https:\/\/www.profaqua.ca\/fr\/produit\/canetons-2\/\",\"name\":\"Canetons - 1 atelier (Colombie-Britannique) - Profaqua\",\"isPartOf\":{\"@id\":\"https:\/\/www.profaqua.ca\/fr\/#website\"},\"datePublished\":\"2017-07-26T10:48:24+00:00\",\"dateModified\":\"2024-09-07T20:29:11+00:00\",\"description\":\"Un projet tout cru dans le bec ! C\u2019est bient\u00f4t P\u00e2ques, c\u2019est le temps des cocos, mais pas seulement ceux en chocolat, des vrais cocos! \u00c9merveillez les\",\"breadcrumb\":{\"@id\":\"https:\/\/www.profaqua.ca\/fr\/produit\/canetons-2\/#breadcrumb\"},\"inLanguage\":\"fr-FR\",\"potentialAction\":[{\"@type\":\"ReadAction\",\"target\":[\"https:\/\/www.profaqua.ca\/fr\/produit\/canetons-2\/\"]}]},{\"@type\":\"BreadcrumbList\",\"@id\":\"https:\/\/www.profaqua.ca\/fr\/produit\/canetons-2\/#breadcrumb\",\"itemListElement\":[{\"@type\":\"ListItem\",\"position\":1,\"name\":\"Home\",\"item\":\"https:\/\/www.profaqua.ca\/fr\/\"},{\"@type\":\"ListItem\",\"position\":2,\"name\":\"Produits\",\"item\":\"https:\/\/www.profaqua.ca\/fr\/shop\/\"},{\"@type\":\"ListItem\",\"position\":3,\"name\":\"Canetons &#8211; 1 atelier (Colombie-Britannique)\"}]},{\"@type\":\"WebSite\",\"@id\":\"https:\/\/www.profaqua.ca\/fr\/#website\",\"url\":\"https:\/\/www.profaqua.ca\/fr\/\",\"name\":\"Profaqua\",\"description\":\"\",\"potentialAction\":[{\"@type\":\"SearchAction\",\"target\":{\"@type\":\"EntryPoint\",\"urlTemplate\":\"https:\/\/www.profaqua.ca\/fr\/?s={search_term_string}\"},\"query-input\":\"required name=search_term_string\"}],\"inLanguage\":\"fr-FR\"}]}<\/script>\n<!-- \/ Yoast SEO plugin. -->","yoast_head_json":{"title":"Canetons - 1 atelier (Colombie-Britannique) - Profaqua","description":"Un projet tout cru dans le bec ! C\u2019est bient\u00f4t P\u00e2ques, c\u2019est le temps des cocos, mais pas seulement ceux en chocolat, des vrais cocos! \u00c9merveillez les","robots":{"index":"index","follow":"follow","max-snippet":"max-snippet:-1","max-image-preview":"max-image-preview:large","max-video-preview":"max-video-preview:-1"},"canonical":"https:\/\/www.profaqua.ca\/fr\/produit\/canetons-2\/","og_locale":"fr_FR","og_type":"article","og_title":"Canetons - 1 atelier (Colombie-Britannique) - Profaqua","og_description":"Un projet tout cru dans le bec ! C\u2019est bient\u00f4t P\u00e2ques, c\u2019est le temps des cocos, mais pas seulement ceux en chocolat, des vrais cocos! \u00c9merveillez les","og_url":"https:\/\/www.profaqua.ca\/fr\/produit\/canetons-2\/","og_site_name":"Profaqua","article_publisher":"https:\/\/www.facebook.com\/profaqua\/","article_modified_time":"2024-09-07T20:29:11+00:00","og_image":[{"width":1800,"height":1800,"url":"https:\/\/www.profaqua.ca\/wp-content\/uploads\/2017\/07\/4.3_Canetons_Projet.png","type":"image\/png"}],"twitter_card":"summary_large_image","twitter_misc":{"Dur\u00e9e de lecture estim\u00e9e":"2 minutes"},"schema":{"@context":"https:\/\/schema.org","@graph":[{"@type":"WebPage","@id":"https:\/\/www.profaqua.ca\/fr\/produit\/canetons-2\/","url":"https:\/\/www.profaqua.ca\/fr\/produit\/canetons-2\/","name":"Canetons - 1 atelier (Colombie-Britannique) - Profaqua","isPartOf":{"@id":"https:\/\/www.profaqua.ca\/fr\/#website"},"datePublished":"2017-07-26T10:48:24+00:00","dateModified":"2024-09-07T20:29:11+00:00","description":"Un projet tout cru dans le bec ! C\u2019est bient\u00f4t P\u00e2ques, c\u2019est le temps des cocos, mais pas seulement ceux en chocolat, des vrais cocos! \u00c9merveillez les","breadcrumb":{"@id":"https:\/\/www.profaqua.ca\/fr\/produit\/canetons-2\/#breadcrumb"},"inLanguage":"fr-FR","potentialAction":[{"@type":"ReadAction","target":["https:\/\/www.profaqua.ca\/fr\/produit\/canetons-2\/"]}]},{"@type":"BreadcrumbList","@id":"https:\/\/www.profaqua.ca\/fr\/produit\/canetons-2\/#breadcrumb","itemListElement":[{"@type":"ListItem","position":1,"name":"Home","item":"https:\/\/www.profaqua.ca\/fr\/"},{"@type":"ListItem","position":2,"name":"Produits","item":"https:\/\/www.profaqua.ca\/fr\/shop\/"},{"@type":"ListItem","position":3,"name":"Canetons &#8211; 1 atelier (Colombie-Britannique)"}]},{"@type":"WebSite","@id":"https:\/\/www.profaqua.ca\/fr\/#website","url":"https:\/\/www.profaqua.ca\/fr\/","name":"Profaqua","description":"","potentialAction":[{"@type":"SearchAction","target":{"@type":"EntryPoint","urlTemplate":"https:\/\/www.profaqua.ca\/fr\/?s={search_term_string}"},"query-input":"required name=search_term_string"}],"inLanguage":"fr-FR"}]}},"_links":{"self":[{"href":"https:\/\/www.profaqua.ca\/fr\/wp-json\/wp\/v2\/product\/1162"}],"collection":[{"href":"https:\/\/www.profaqua.ca\/fr\/wp-json\/wp\/v2\/product"}],"about":[{"href":"https:\/\/www.profaqua.ca\/fr\/wp-json\/wp\/v2\/types\/product"}],"wp:featuredmedia":[{"embeddable":true,"href":"https:\/\/www.profaqua.ca\/fr\/wp-json\/wp\/v2\/media\/1160"}],"wp:attachment":[{"href":"https:\/\/www.profaqua.ca\/fr\/wp-json\/wp\/v2\/media?parent=1162"}],"wp:term":[{"taxonomy":"product_cat","embeddable":true,"href":"https:\/\/www.profaqua.ca\/fr\/wp-json\/wp\/v2\/product_cat?post=1162"},{"taxonomy":"product_tag","embeddable":true,"href":"https:\/\/www.profaqua.ca\/fr\/wp-json\/wp\/v2\/product_tag?post=1162"}],"curies":[{"name":"wp","href":"https:\/\/api.w.org\/{rel}","templated":true}]}}