{"id":1150,"date":"2020-08-26T04:32:34","date_gmt":"2020-08-26T09:32:34","guid":{"rendered":"https:\/\/www.profaqua.ca\/?post_type=product&#038;p=1150\/"},"modified":"2024-09-04T12:43:26","modified_gmt":"2024-09-04T17:43:26","slug":"robotique-ev3","status":"publish","type":"product","link":"https:\/\/www.profaqua.ca\/fr\/produit\/robotique-ev3\/","title":{"rendered":"Robotique LEGO MINDSTORMS\u00ae EV3 (animation seulement)"},"content":{"rendered":"<p><strong>La technologie\u2026 et profaqua \u00e0 votre service !<\/strong><\/p>\n<p>Votre \u00e9tablissement poss\u00e8de d\u00e9j\u00e0 des robots LEGO MINDSTORMS\u00ae EV3, mais vous n\u2019\u00eates pas \u00e0 l\u2019aise d\u2019initier vous-m\u00eames vos jeunes \u00e0 la robotique?<\/p>\n<p>Nous avons le projet qu\u2019il vous faut.<\/p>\n<p>Dans cette version la plus avanc\u00e9e de LEGO MINDSTORMS\u00ae EV3, nous vous proposons une s\u00e9rie d\u2019activit\u00e9s captivantes telles que la bataille de Sumo, le bunker de la Maison-Blanche, la danse des \u00e9l\u00e9phants\u2026<\/p>\n<p>Voyons comment vos jeunes programmeurs seront en mesure de relever nos d\u00e9fis!<\/p>\n<p><strong>Au menu: <\/strong><\/p>\n<ul>\n<li>\u00c0 partir de 2 ateliers de 60, 75 ou 90 minutes en intrascolaire.<\/li>\n<li>Nombre d\u2019ateliers de 60 minutes limit\u00e9s \u00e0 6, 8 ou 10 semaines en parascolaire.<\/li>\n<\/ul>\n<h2><strong><u>Objectifs du primaire:<\/u><\/strong><\/h2>\n<ul>\n<li>Comprendre le m\u00e9canisme des pi\u00e8ces qui composent le robot (brique, moteurs, capteurs, structure).<\/li>\n<li>Comprendre une s\u00e9quence de programmation \u00e0 l\u2019aide du logiciel LEGO MINDSTORMS\u00ae EV3.<\/li>\n<li>Reconna\u00eetre les mouvements de rotation et de translation dans l\u2019action des robots.<\/li>\n<li>Identifier des pi\u00e8ces m\u00e9caniques et leurs effets (engrenages, cames, levier).<\/li>\n<li>Expliquer l\u2019utilit\u00e9 des fractions en robotique (rapport d\u2019engrenages, rotation de roues).<\/li>\n<li>Reconna\u00eetre et identifier les d\u00e9fis de r\u00e9alisation (force de frottement, direction, vitesse).<\/li>\n<li>Reconna\u00eetre l\u2019influence et l\u2019impact des robots sur les soci\u00e9t\u00e9s d\u2019aujourd\u2019hui.<\/li>\n<\/ul>\n<h2><strong><u>Objectifs du secondaire:<\/u><\/strong><\/h2>\n<ul>\n<li>D\u00e9crire les fonctions des composantes d\u2019un syst\u00e8me de transmission du mouvement (ex. : les roues dent\u00e9es des v\u00e9los et la cha\u00eene).<\/li>\n<li>D\u00e9crire la variation de vitesse ou la r\u00e9versibilit\u00e9 d\u2019un syst\u00e8me de transmission du mouvement (ex. : rapport d\u2019engrenage (1\u00a0: 3 ou 3\u00a0: 1)) et les effets sur le montage.<\/li>\n<li>Identifier des syst\u00e8mes de transmission du mouvement dans un robot (roues de friction, poulies et courroie, engrenage, roues dent\u00e9es et cha\u00eene, roue et vis sans fin).<\/li>\n<li>Expliquer le choix d\u2019un m\u00e9canisme de transmission du mouvement dans un objet technique (ex. : utilisation d\u2019un engrenage plut\u00f4t que de roues de friction pour obtenir un couple moteur plus important et \u00e9viter le glissement).<\/li>\n<li>D\u00e9crire les avantages et les inconv\u00e9nients li\u00e9s \u00e0 l\u2019adh\u00e9rence et au frottement entre les pi\u00e8ces et sur le sol.<\/li>\n<\/ul>\n","protected":false},"excerpt":{"rendered":"<p>La technologie\u2026 et profaqua \u00e0 votre service ! Votre \u00e9tablissement poss\u00e8de d\u00e9j\u00e0 des robots LEGO MINDSTORMS\u00ae EV3, mais vous n\u2019\u00eates pas \u00e0 l\u2019aise d\u2019initier vous-m\u00eames vos jeunes \u00e0 la robotique? Nous avons le projet qu\u2019il vous faut. Dans cette version la plus avanc\u00e9e de LEGO MINDSTORMS\u00ae EV3, nous vous proposons une s\u00e9rie d\u2019activit\u00e9s captivantes telles que la bataille de Sumo,<\/p>\n<div class=\"h10\"><\/div>\n<p><a class=\"more-link1\" href=\"https:\/\/www.profaqua.ca\/fr\/produit\/robotique-ev3\/\">Voir plus<\/a><\/p>\n","protected":false},"featured_media":1151,"template":"","meta":[],"product_cat":[63],"product_tag":[],"acf":[],"yoast_head":"<!-- This site is optimized with the Yoast SEO plugin v20.13 - https:\/\/yoast.com\/wordpress\/plugins\/seo\/ -->\n<title>Robotique LEGO MINDSTORMS\u00ae EV3 (animation seulement) - Profaqua<\/title>\n<meta name=\"description\" content=\"La technologie\u2026 et profaqua \u00e0 votre service ! Votre \u00e9tablissement poss\u00e8de d\u00e9j\u00e0 des robots LEGO MINDSTORMS\u00ae EV3, mais vous n\u2019\u00eates pas \u00e0 l\u2019aise d\u2019initier\" \/>\n<meta name=\"robots\" content=\"index, follow, max-snippet:-1, max-image-preview:large, max-video-preview:-1\" \/>\n<link rel=\"canonical\" href=\"https:\/\/www.profaqua.ca\/fr\/produit\/robotique-ev3\/\" \/>\n<meta property=\"og:locale\" content=\"fr_FR\" \/>\n<meta property=\"og:type\" content=\"article\" \/>\n<meta property=\"og:title\" content=\"Robotique LEGO MINDSTORMS\u00ae EV3 (animation seulement) - Profaqua\" \/>\n<meta property=\"og:description\" content=\"La technologie\u2026 et profaqua \u00e0 votre service ! Votre \u00e9tablissement poss\u00e8de d\u00e9j\u00e0 des robots LEGO MINDSTORMS\u00ae EV3, mais vous n\u2019\u00eates pas \u00e0 l\u2019aise d\u2019initier\" \/>\n<meta property=\"og:url\" content=\"https:\/\/www.profaqua.ca\/fr\/produit\/robotique-ev3\/\" \/>\n<meta property=\"og:site_name\" content=\"Profaqua\" \/>\n<meta property=\"article:publisher\" content=\"https:\/\/www.facebook.com\/profaqua\/\" \/>\n<meta property=\"article:modified_time\" content=\"2024-09-04T17:43:26+00:00\" \/>\n<meta property=\"og:image\" content=\"https:\/\/www.profaqua.ca\/wp-content\/uploads\/2017\/07\/5.3_Robotique_EV3.png\" \/>\n\t<meta property=\"og:image:width\" content=\"1800\" \/>\n\t<meta property=\"og:image:height\" content=\"1800\" \/>\n\t<meta property=\"og:image:type\" content=\"image\/png\" \/>\n<meta name=\"twitter:card\" content=\"summary_large_image\" \/>\n<meta name=\"twitter:label1\" content=\"Dur\u00e9e de lecture estim\u00e9e\" \/>\n\t<meta name=\"twitter:data1\" content=\"2 minutes\" \/>\n<script type=\"application\/ld+json\" class=\"yoast-schema-graph\">{\"@context\":\"https:\/\/schema.org\",\"@graph\":[{\"@type\":\"WebPage\",\"@id\":\"https:\/\/www.profaqua.ca\/fr\/produit\/robotique-ev3\/\",\"url\":\"https:\/\/www.profaqua.ca\/fr\/produit\/robotique-ev3\/\",\"name\":\"Robotique LEGO MINDSTORMS\u00ae EV3 (animation seulement) - Profaqua\",\"isPartOf\":{\"@id\":\"https:\/\/www.profaqua.ca\/fr\/#website\"},\"datePublished\":\"2020-08-26T09:32:34+00:00\",\"dateModified\":\"2024-09-04T17:43:26+00:00\",\"description\":\"La technologie\u2026 et profaqua \u00e0 votre service ! Votre \u00e9tablissement poss\u00e8de d\u00e9j\u00e0 des robots LEGO MINDSTORMS\u00ae EV3, mais vous n\u2019\u00eates pas \u00e0 l\u2019aise d\u2019initier\",\"breadcrumb\":{\"@id\":\"https:\/\/www.profaqua.ca\/fr\/produit\/robotique-ev3\/#breadcrumb\"},\"inLanguage\":\"fr-FR\",\"potentialAction\":[{\"@type\":\"ReadAction\",\"target\":[\"https:\/\/www.profaqua.ca\/fr\/produit\/robotique-ev3\/\"]}]},{\"@type\":\"BreadcrumbList\",\"@id\":\"https:\/\/www.profaqua.ca\/fr\/produit\/robotique-ev3\/#breadcrumb\",\"itemListElement\":[{\"@type\":\"ListItem\",\"position\":1,\"name\":\"Home\",\"item\":\"https:\/\/www.profaqua.ca\/fr\/\"},{\"@type\":\"ListItem\",\"position\":2,\"name\":\"Produits\",\"item\":\"https:\/\/www.profaqua.ca\/fr\/shop\/\"},{\"@type\":\"ListItem\",\"position\":3,\"name\":\"Robotique LEGO MINDSTORMS\u00ae EV3 (animation seulement)\"}]},{\"@type\":\"WebSite\",\"@id\":\"https:\/\/www.profaqua.ca\/fr\/#website\",\"url\":\"https:\/\/www.profaqua.ca\/fr\/\",\"name\":\"Profaqua\",\"description\":\"\",\"potentialAction\":[{\"@type\":\"SearchAction\",\"target\":{\"@type\":\"EntryPoint\",\"urlTemplate\":\"https:\/\/www.profaqua.ca\/fr\/?s={search_term_string}\"},\"query-input\":\"required name=search_term_string\"}],\"inLanguage\":\"fr-FR\"}]}<\/script>\n<!-- \/ Yoast SEO plugin. -->","yoast_head_json":{"title":"Robotique LEGO MINDSTORMS\u00ae EV3 (animation seulement) - Profaqua","description":"La technologie\u2026 et profaqua \u00e0 votre service ! Votre \u00e9tablissement poss\u00e8de d\u00e9j\u00e0 des robots LEGO MINDSTORMS\u00ae EV3, mais vous n\u2019\u00eates pas \u00e0 l\u2019aise d\u2019initier","robots":{"index":"index","follow":"follow","max-snippet":"max-snippet:-1","max-image-preview":"max-image-preview:large","max-video-preview":"max-video-preview:-1"},"canonical":"https:\/\/www.profaqua.ca\/fr\/produit\/robotique-ev3\/","og_locale":"fr_FR","og_type":"article","og_title":"Robotique LEGO MINDSTORMS\u00ae EV3 (animation seulement) - Profaqua","og_description":"La technologie\u2026 et profaqua \u00e0 votre service ! Votre \u00e9tablissement poss\u00e8de d\u00e9j\u00e0 des robots LEGO MINDSTORMS\u00ae EV3, mais vous n\u2019\u00eates pas \u00e0 l\u2019aise d\u2019initier","og_url":"https:\/\/www.profaqua.ca\/fr\/produit\/robotique-ev3\/","og_site_name":"Profaqua","article_publisher":"https:\/\/www.facebook.com\/profaqua\/","article_modified_time":"2024-09-04T17:43:26+00:00","og_image":[{"width":1800,"height":1800,"url":"https:\/\/www.profaqua.ca\/wp-content\/uploads\/2017\/07\/5.3_Robotique_EV3.png","type":"image\/png"}],"twitter_card":"summary_large_image","twitter_misc":{"Dur\u00e9e de lecture estim\u00e9e":"2 minutes"},"schema":{"@context":"https:\/\/schema.org","@graph":[{"@type":"WebPage","@id":"https:\/\/www.profaqua.ca\/fr\/produit\/robotique-ev3\/","url":"https:\/\/www.profaqua.ca\/fr\/produit\/robotique-ev3\/","name":"Robotique LEGO MINDSTORMS\u00ae EV3 (animation seulement) - Profaqua","isPartOf":{"@id":"https:\/\/www.profaqua.ca\/fr\/#website"},"datePublished":"2020-08-26T09:32:34+00:00","dateModified":"2024-09-04T17:43:26+00:00","description":"La technologie\u2026 et profaqua \u00e0 votre service ! Votre \u00e9tablissement poss\u00e8de d\u00e9j\u00e0 des robots LEGO MINDSTORMS\u00ae EV3, mais vous n\u2019\u00eates pas \u00e0 l\u2019aise d\u2019initier","breadcrumb":{"@id":"https:\/\/www.profaqua.ca\/fr\/produit\/robotique-ev3\/#breadcrumb"},"inLanguage":"fr-FR","potentialAction":[{"@type":"ReadAction","target":["https:\/\/www.profaqua.ca\/fr\/produit\/robotique-ev3\/"]}]},{"@type":"BreadcrumbList","@id":"https:\/\/www.profaqua.ca\/fr\/produit\/robotique-ev3\/#breadcrumb","itemListElement":[{"@type":"ListItem","position":1,"name":"Home","item":"https:\/\/www.profaqua.ca\/fr\/"},{"@type":"ListItem","position":2,"name":"Produits","item":"https:\/\/www.profaqua.ca\/fr\/shop\/"},{"@type":"ListItem","position":3,"name":"Robotique LEGO MINDSTORMS\u00ae EV3 (animation seulement)"}]},{"@type":"WebSite","@id":"https:\/\/www.profaqua.ca\/fr\/#website","url":"https:\/\/www.profaqua.ca\/fr\/","name":"Profaqua","description":"","potentialAction":[{"@type":"SearchAction","target":{"@type":"EntryPoint","urlTemplate":"https:\/\/www.profaqua.ca\/fr\/?s={search_term_string}"},"query-input":"required name=search_term_string"}],"inLanguage":"fr-FR"}]}},"_links":{"self":[{"href":"https:\/\/www.profaqua.ca\/fr\/wp-json\/wp\/v2\/product\/1150"}],"collection":[{"href":"https:\/\/www.profaqua.ca\/fr\/wp-json\/wp\/v2\/product"}],"about":[{"href":"https:\/\/www.profaqua.ca\/fr\/wp-json\/wp\/v2\/types\/product"}],"wp:featuredmedia":[{"embeddable":true,"href":"https:\/\/www.profaqua.ca\/fr\/wp-json\/wp\/v2\/media\/1151"}],"wp:attachment":[{"href":"https:\/\/www.profaqua.ca\/fr\/wp-json\/wp\/v2\/media?parent=1150"}],"wp:term":[{"taxonomy":"product_cat","embeddable":true,"href":"https:\/\/www.profaqua.ca\/fr\/wp-json\/wp\/v2\/product_cat?post=1150"},{"taxonomy":"product_tag","embeddable":true,"href":"https:\/\/www.profaqua.ca\/fr\/wp-json\/wp\/v2\/product_tag?post=1150"}],"curies":[{"name":"wp","href":"https:\/\/api.w.org\/{rel}","templated":true}]}}