{"id":1144,"date":"2017-07-26T04:29:26","date_gmt":"2017-07-26T09:29:26","guid":{"rendered":"https:\/\/www.profaqua.ca\/?post_type=product&#038;p=1144\/"},"modified":"2024-09-04T18:39:22","modified_gmt":"2024-09-04T23:39:22","slug":"paleontologie","status":"publish","type":"product","link":"https:\/\/www.profaqua.ca\/fr\/produit\/paleontologie\/","title":{"rendered":"Pal\u00e9ontologie (Colombie-Britannique)"},"content":{"rendered":"<p><strong>Retour dans le pass\u00e9 !<\/strong><\/p>\n<p>Embarquez dans notre machine \u00e0 remonter le temps!<\/p>\n<p>Nous fouillerons dans le sol pendant 3 ateliers pour y trouver de nombreux tr\u00e9sors comme des empreintes de dinosaures, des fossiles de coquillages vieux de plusieurs centaines de millions d\u2019ann\u00e9es, des roches comme le basalte et des min\u00e9raux comme l\u2019or!<\/p>\n<p>Creusez avec nous dans l\u2019histoire de notre plan\u00e8te Terre!<\/p>\n<p><strong>Au menu:<\/strong><\/p>\n<p>1re rencontre &#8211; Dinosaures (60 minutes).<\/p>\n<p>2e rencontre &#8211; Fossiles (60 minutes).<\/p>\n<p>3e rencontre &#8211; Roches et min\u00e9raux (60 minutes).<\/p>\n<h2><strong><u>Objectifs du primaire:<\/u><\/strong><\/h2>\n<ul>\n<li>D\u00e9crire les grandes \u00e9tapes de l\u2019\u00e9volution de la Terre et de ses \u00eatres vivants.<\/li>\n<li>Conna\u00eetre et classer les trois grandes familles de roches (s\u00e9dimentaires, ign\u00e9es, m\u00e9tamorphiques).<\/li>\n<li>Classer, selon leurs propri\u00e9t\u00e9s, des roches (pr\u00e9sence de strates, grosseur des cristaux) et des min\u00e9raux (couleur, forme cristalline, duret\u00e9, r\u00e9action \u00e0 l\u2019acide).<\/li>\n<li>Situer l\u2019apparition et la disparition des dinosaures dans le temps.<\/li>\n<li>Associer diverses parties de l\u2019anatomie des dinosaures \u00e0 leur fonction (d\u00e9fense, r\u00e9gime alimentaire, communication, parade amoureuse).<\/li>\n<li>D\u00e9crire le processus de formation des fossiles en comparaison \u00e0 la formation d\u2019une roche.<\/li>\n<li>Cr\u00e9er son empreinte fossile \u00e0 ramener \u00e0 la maison.<\/li>\n<\/ul>\n","protected":false},"excerpt":{"rendered":"<p>Retour dans le pass\u00e9 ! Embarquez dans notre machine \u00e0 remonter le temps! Nous fouillerons dans le sol pendant 3 ateliers pour y trouver de nombreux tr\u00e9sors comme des empreintes de dinosaures, des fossiles de coquillages vieux de plusieurs centaines de millions d\u2019ann\u00e9es, des roches comme le basalte et des min\u00e9raux comme l\u2019or! Creusez avec nous dans l\u2019histoire de notre<\/p>\n<div class=\"h10\"><\/div>\n<p><a class=\"more-link1\" href=\"https:\/\/www.profaqua.ca\/fr\/produit\/paleontologie\/\">Voir plus<\/a><\/p>\n","protected":false},"featured_media":1145,"template":"","meta":[],"product_cat":[63],"product_tag":[],"acf":[],"yoast_head":"<!-- This site is optimized with the Yoast SEO plugin v20.13 - https:\/\/yoast.com\/wordpress\/plugins\/seo\/ -->\n<title>Pal\u00e9ontologie (Colombie-Britannique) - Profaqua<\/title>\n<meta name=\"description\" content=\"Retour dans le pass\u00e9 ! Embarquez dans notre machine \u00e0 remonter le temps! Nous fouillerons dans le sol pendant 3 ateliers pour y trouver de nombreux\" \/>\n<meta name=\"robots\" content=\"index, follow, max-snippet:-1, max-image-preview:large, max-video-preview:-1\" \/>\n<link rel=\"canonical\" href=\"https:\/\/www.profaqua.ca\/fr\/produit\/paleontologie\/\" \/>\n<meta property=\"og:locale\" content=\"fr_FR\" \/>\n<meta property=\"og:type\" content=\"article\" \/>\n<meta property=\"og:title\" content=\"Pal\u00e9ontologie (Colombie-Britannique) - Profaqua\" \/>\n<meta property=\"og:description\" content=\"Retour dans le pass\u00e9 ! Embarquez dans notre machine \u00e0 remonter le temps! Nous fouillerons dans le sol pendant 3 ateliers pour y trouver de nombreux\" \/>\n<meta property=\"og:url\" content=\"https:\/\/www.profaqua.ca\/fr\/produit\/paleontologie\/\" \/>\n<meta property=\"og:site_name\" content=\"Profaqua\" \/>\n<meta property=\"article:publisher\" content=\"https:\/\/www.facebook.com\/profaqua\/\" \/>\n<meta property=\"article:modified_time\" content=\"2024-09-04T23:39:22+00:00\" \/>\n<meta property=\"og:image\" content=\"https:\/\/www.profaqua.ca\/wp-content\/uploads\/2017\/07\/3.17_Pal\u00e9ontologie_Projet.png\" \/>\n\t<meta property=\"og:image:width\" content=\"1800\" \/>\n\t<meta property=\"og:image:height\" content=\"1800\" \/>\n\t<meta property=\"og:image:type\" content=\"image\/png\" \/>\n<meta name=\"twitter:card\" content=\"summary_large_image\" \/>\n<meta name=\"twitter:label1\" content=\"Dur\u00e9e de lecture estim\u00e9e\" \/>\n\t<meta name=\"twitter:data1\" content=\"1 minute\" \/>\n<script type=\"application\/ld+json\" class=\"yoast-schema-graph\">{\"@context\":\"https:\/\/schema.org\",\"@graph\":[{\"@type\":\"WebPage\",\"@id\":\"https:\/\/www.profaqua.ca\/fr\/produit\/paleontologie\/\",\"url\":\"https:\/\/www.profaqua.ca\/fr\/produit\/paleontologie\/\",\"name\":\"Pal\u00e9ontologie (Colombie-Britannique) - Profaqua\",\"isPartOf\":{\"@id\":\"https:\/\/www.profaqua.ca\/fr\/#website\"},\"datePublished\":\"2017-07-26T09:29:26+00:00\",\"dateModified\":\"2024-09-04T23:39:22+00:00\",\"description\":\"Retour dans le pass\u00e9 ! Embarquez dans notre machine \u00e0 remonter le temps! Nous fouillerons dans le sol pendant 3 ateliers pour y trouver de nombreux\",\"breadcrumb\":{\"@id\":\"https:\/\/www.profaqua.ca\/fr\/produit\/paleontologie\/#breadcrumb\"},\"inLanguage\":\"fr-FR\",\"potentialAction\":[{\"@type\":\"ReadAction\",\"target\":[\"https:\/\/www.profaqua.ca\/fr\/produit\/paleontologie\/\"]}]},{\"@type\":\"BreadcrumbList\",\"@id\":\"https:\/\/www.profaqua.ca\/fr\/produit\/paleontologie\/#breadcrumb\",\"itemListElement\":[{\"@type\":\"ListItem\",\"position\":1,\"name\":\"Home\",\"item\":\"https:\/\/www.profaqua.ca\/fr\/\"},{\"@type\":\"ListItem\",\"position\":2,\"name\":\"Produits\",\"item\":\"https:\/\/www.profaqua.ca\/fr\/shop\/\"},{\"@type\":\"ListItem\",\"position\":3,\"name\":\"Pal\u00e9ontologie (Colombie-Britannique)\"}]},{\"@type\":\"WebSite\",\"@id\":\"https:\/\/www.profaqua.ca\/fr\/#website\",\"url\":\"https:\/\/www.profaqua.ca\/fr\/\",\"name\":\"Profaqua\",\"description\":\"\",\"potentialAction\":[{\"@type\":\"SearchAction\",\"target\":{\"@type\":\"EntryPoint\",\"urlTemplate\":\"https:\/\/www.profaqua.ca\/fr\/?s={search_term_string}\"},\"query-input\":\"required name=search_term_string\"}],\"inLanguage\":\"fr-FR\"}]}<\/script>\n<!-- \/ Yoast SEO plugin. -->","yoast_head_json":{"title":"Pal\u00e9ontologie (Colombie-Britannique) - Profaqua","description":"Retour dans le pass\u00e9 ! Embarquez dans notre machine \u00e0 remonter le temps! Nous fouillerons dans le sol pendant 3 ateliers pour y trouver de nombreux","robots":{"index":"index","follow":"follow","max-snippet":"max-snippet:-1","max-image-preview":"max-image-preview:large","max-video-preview":"max-video-preview:-1"},"canonical":"https:\/\/www.profaqua.ca\/fr\/produit\/paleontologie\/","og_locale":"fr_FR","og_type":"article","og_title":"Pal\u00e9ontologie (Colombie-Britannique) - Profaqua","og_description":"Retour dans le pass\u00e9 ! Embarquez dans notre machine \u00e0 remonter le temps! Nous fouillerons dans le sol pendant 3 ateliers pour y trouver de nombreux","og_url":"https:\/\/www.profaqua.ca\/fr\/produit\/paleontologie\/","og_site_name":"Profaqua","article_publisher":"https:\/\/www.facebook.com\/profaqua\/","article_modified_time":"2024-09-04T23:39:22+00:00","og_image":[{"width":1800,"height":1800,"url":"https:\/\/www.profaqua.ca\/wp-content\/uploads\/2017\/07\/3.17_Pal\u00e9ontologie_Projet.png","type":"image\/png"}],"twitter_card":"summary_large_image","twitter_misc":{"Dur\u00e9e de lecture estim\u00e9e":"1 minute"},"schema":{"@context":"https:\/\/schema.org","@graph":[{"@type":"WebPage","@id":"https:\/\/www.profaqua.ca\/fr\/produit\/paleontologie\/","url":"https:\/\/www.profaqua.ca\/fr\/produit\/paleontologie\/","name":"Pal\u00e9ontologie (Colombie-Britannique) - Profaqua","isPartOf":{"@id":"https:\/\/www.profaqua.ca\/fr\/#website"},"datePublished":"2017-07-26T09:29:26+00:00","dateModified":"2024-09-04T23:39:22+00:00","description":"Retour dans le pass\u00e9 ! Embarquez dans notre machine \u00e0 remonter le temps! Nous fouillerons dans le sol pendant 3 ateliers pour y trouver de nombreux","breadcrumb":{"@id":"https:\/\/www.profaqua.ca\/fr\/produit\/paleontologie\/#breadcrumb"},"inLanguage":"fr-FR","potentialAction":[{"@type":"ReadAction","target":["https:\/\/www.profaqua.ca\/fr\/produit\/paleontologie\/"]}]},{"@type":"BreadcrumbList","@id":"https:\/\/www.profaqua.ca\/fr\/produit\/paleontologie\/#breadcrumb","itemListElement":[{"@type":"ListItem","position":1,"name":"Home","item":"https:\/\/www.profaqua.ca\/fr\/"},{"@type":"ListItem","position":2,"name":"Produits","item":"https:\/\/www.profaqua.ca\/fr\/shop\/"},{"@type":"ListItem","position":3,"name":"Pal\u00e9ontologie (Colombie-Britannique)"}]},{"@type":"WebSite","@id":"https:\/\/www.profaqua.ca\/fr\/#website","url":"https:\/\/www.profaqua.ca\/fr\/","name":"Profaqua","description":"","potentialAction":[{"@type":"SearchAction","target":{"@type":"EntryPoint","urlTemplate":"https:\/\/www.profaqua.ca\/fr\/?s={search_term_string}"},"query-input":"required name=search_term_string"}],"inLanguage":"fr-FR"}]}},"_links":{"self":[{"href":"https:\/\/www.profaqua.ca\/fr\/wp-json\/wp\/v2\/product\/1144"}],"collection":[{"href":"https:\/\/www.profaqua.ca\/fr\/wp-json\/wp\/v2\/product"}],"about":[{"href":"https:\/\/www.profaqua.ca\/fr\/wp-json\/wp\/v2\/types\/product"}],"wp:featuredmedia":[{"embeddable":true,"href":"https:\/\/www.profaqua.ca\/fr\/wp-json\/wp\/v2\/media\/1145"}],"wp:attachment":[{"href":"https:\/\/www.profaqua.ca\/fr\/wp-json\/wp\/v2\/media?parent=1144"}],"wp:term":[{"taxonomy":"product_cat","embeddable":true,"href":"https:\/\/www.profaqua.ca\/fr\/wp-json\/wp\/v2\/product_cat?post=1144"},{"taxonomy":"product_tag","embeddable":true,"href":"https:\/\/www.profaqua.ca\/fr\/wp-json\/wp\/v2\/product_tag?post=1144"}],"curies":[{"name":"wp","href":"https:\/\/api.w.org\/{rel}","templated":true}]}}