{"id":1141,"date":"2017-07-26T04:27:37","date_gmt":"2017-07-26T09:27:37","guid":{"rendered":"https:\/\/www.profaqua.ca\/?post_type=product&#038;p=1141\/"},"modified":"2024-09-04T21:00:16","modified_gmt":"2024-09-05T02:00:16","slug":"meteo","status":"publish","type":"product","link":"https:\/\/www.profaqua.ca\/fr\/produit\/meteo\/","title":{"rendered":"M\u00e9t\u00e9o (Colombie-Britannique)"},"content":{"rendered":"<p><strong>\u00abIl pleut, il mouille, c\u2019est la f\u00eate \u00e0 la grenouille !\u00bb<\/strong><\/p>\n<p>Un pique-nique qui tombe \u00e0 l\u2019eau, \u00e7a n\u2019a rien d\u2019amusant!<\/p>\n<p>Pour \u00e9viter toute d\u00e9ception \u00e0 leur famille, vos jeunes apprendront \u00e0 pr\u00e9dire du mieux possible les changements m\u00e9t\u00e9orologiques en faisant leurs propres hypoth\u00e8ses gr\u00e2ce \u00e0 4 ateliers amusants.<\/p>\n<p>Plus besoin de regarder si la marmotte voit son ombre, on pourra \u00e0 juste titre dire de vos apprentis m\u00e9t\u00e9orologues qu\u2019ils ne sont pas n\u00e9s de la derni\u00e8re pluie!<\/p>\n<p><strong>Au menu:<\/strong><\/p>\n<p>1re rencontre &#8211;\u00a0 Cycle de l\u2019eau (60 ou 75 minutes).<\/p>\n<p>2e rencontre &#8211; Air (60 ou 75 minutes).<\/p>\n<p>3e rencontre &#8211; Catastrophes naturelles (60 ou 75 minutes).<\/p>\n<h2><strong><u>Objectifs du primaire:<\/u><\/strong><\/h2>\n<ul>\n<li>Reconna\u00eetre l\u2019eau sous trois \u00e9tats de la mati\u00e8re\u00a0: solide (glace, neige), liquide et gazeux (vapeur).<\/li>\n<li>D\u00e9crire les \u00e9tapes du cycle de l\u2019eau (\u00e9vaporation, condensation, pr\u00e9cipitation, ruissellement et infiltration).<\/li>\n<li>Diff\u00e9rencier les types de pr\u00e9cipitations (pluie, neige, gr\u00eale, pluie vergla\u00e7ante).<\/li>\n<li>D\u00e9crire comment les pr\u00e9sentateurs annoncent la m\u00e9t\u00e9o.<\/li>\n<li>D\u00e9crire le processus de formation du vent (masse d\u2019air chaud ou froid en d\u00e9placement).<\/li>\n<li>Illustrer le principe de pression atmosph\u00e9rique.<\/li>\n<li>D\u00e9crire l\u2019impact de certains ph\u00e9nom\u00e8nes m\u00e9t\u00e9orologiques dans la vie quotidienne.<\/li>\n<li>Expliquer comment les diverses structures \u00e0 la surface de la Terre (oc\u00e9an, continent, calotte glaciaire, montagne) influencent les conditions m\u00e9t\u00e9orologiques.<\/li>\n<\/ul>\n","protected":false},"excerpt":{"rendered":"<p>\u00abIl pleut, il mouille, c\u2019est la f\u00eate \u00e0 la grenouille !\u00bb Un pique-nique qui tombe \u00e0 l\u2019eau, \u00e7a n\u2019a rien d\u2019amusant! Pour \u00e9viter toute d\u00e9ception \u00e0 leur famille, vos jeunes apprendront \u00e0 pr\u00e9dire du mieux possible les changements m\u00e9t\u00e9orologiques en faisant leurs propres hypoth\u00e8ses gr\u00e2ce \u00e0 4 ateliers amusants. Plus besoin de regarder si la marmotte voit son ombre, on<\/p>\n<div class=\"h10\"><\/div>\n<p><a class=\"more-link1\" href=\"https:\/\/www.profaqua.ca\/fr\/produit\/meteo\/\">Voir plus<\/a><\/p>\n","protected":false},"featured_media":1142,"template":"","meta":[],"product_cat":[63],"product_tag":[],"acf":[],"yoast_head":"<!-- This site is optimized with the Yoast SEO plugin v20.13 - https:\/\/yoast.com\/wordpress\/plugins\/seo\/ -->\n<title>M\u00e9t\u00e9o (Colombie-Britannique) - Profaqua<\/title>\n<meta name=\"description\" content=\"\u00abIl pleut, il mouille, c\u2019est la f\u00eate \u00e0 la grenouille !\u00bb Un pique-nique qui tombe \u00e0 l\u2019eau, \u00e7a n\u2019a rien d\u2019amusant! Pour \u00e9viter toute d\u00e9ception \u00e0 leur\" \/>\n<meta name=\"robots\" content=\"index, follow, max-snippet:-1, max-image-preview:large, max-video-preview:-1\" \/>\n<link rel=\"canonical\" href=\"https:\/\/www.profaqua.ca\/fr\/produit\/meteo\/\" \/>\n<meta property=\"og:locale\" content=\"fr_FR\" \/>\n<meta property=\"og:type\" content=\"article\" \/>\n<meta property=\"og:title\" content=\"M\u00e9t\u00e9o (Colombie-Britannique) - Profaqua\" \/>\n<meta property=\"og:description\" content=\"\u00abIl pleut, il mouille, c\u2019est la f\u00eate \u00e0 la grenouille !\u00bb Un pique-nique qui tombe \u00e0 l\u2019eau, \u00e7a n\u2019a rien d\u2019amusant! Pour \u00e9viter toute d\u00e9ception \u00e0 leur\" \/>\n<meta property=\"og:url\" content=\"https:\/\/www.profaqua.ca\/fr\/produit\/meteo\/\" \/>\n<meta property=\"og:site_name\" content=\"Profaqua\" \/>\n<meta property=\"article:publisher\" content=\"https:\/\/www.facebook.com\/profaqua\/\" \/>\n<meta property=\"article:modified_time\" content=\"2024-09-05T02:00:16+00:00\" \/>\n<meta property=\"og:image\" content=\"https:\/\/www.profaqua.ca\/wp-content\/uploads\/2017\/07\/3.15_M\u00e9t\u00e9o_Projet.png\" \/>\n\t<meta property=\"og:image:width\" content=\"1800\" \/>\n\t<meta property=\"og:image:height\" content=\"1800\" \/>\n\t<meta property=\"og:image:type\" content=\"image\/png\" \/>\n<meta name=\"twitter:card\" content=\"summary_large_image\" \/>\n<meta name=\"twitter:label1\" content=\"Dur\u00e9e de lecture estim\u00e9e\" \/>\n\t<meta name=\"twitter:data1\" content=\"2 minutes\" \/>\n<script type=\"application\/ld+json\" class=\"yoast-schema-graph\">{\"@context\":\"https:\/\/schema.org\",\"@graph\":[{\"@type\":\"WebPage\",\"@id\":\"https:\/\/www.profaqua.ca\/fr\/produit\/meteo\/\",\"url\":\"https:\/\/www.profaqua.ca\/fr\/produit\/meteo\/\",\"name\":\"M\u00e9t\u00e9o (Colombie-Britannique) - Profaqua\",\"isPartOf\":{\"@id\":\"https:\/\/www.profaqua.ca\/fr\/#website\"},\"datePublished\":\"2017-07-26T09:27:37+00:00\",\"dateModified\":\"2024-09-05T02:00:16+00:00\",\"description\":\"\u00abIl pleut, il mouille, c\u2019est la f\u00eate \u00e0 la grenouille !\u00bb Un pique-nique qui tombe \u00e0 l\u2019eau, \u00e7a n\u2019a rien d\u2019amusant! Pour \u00e9viter toute d\u00e9ception \u00e0 leur\",\"breadcrumb\":{\"@id\":\"https:\/\/www.profaqua.ca\/fr\/produit\/meteo\/#breadcrumb\"},\"inLanguage\":\"fr-FR\",\"potentialAction\":[{\"@type\":\"ReadAction\",\"target\":[\"https:\/\/www.profaqua.ca\/fr\/produit\/meteo\/\"]}]},{\"@type\":\"BreadcrumbList\",\"@id\":\"https:\/\/www.profaqua.ca\/fr\/produit\/meteo\/#breadcrumb\",\"itemListElement\":[{\"@type\":\"ListItem\",\"position\":1,\"name\":\"Home\",\"item\":\"https:\/\/www.profaqua.ca\/fr\/\"},{\"@type\":\"ListItem\",\"position\":2,\"name\":\"Produits\",\"item\":\"https:\/\/www.profaqua.ca\/fr\/shop\/\"},{\"@type\":\"ListItem\",\"position\":3,\"name\":\"M\u00e9t\u00e9o (Colombie-Britannique)\"}]},{\"@type\":\"WebSite\",\"@id\":\"https:\/\/www.profaqua.ca\/fr\/#website\",\"url\":\"https:\/\/www.profaqua.ca\/fr\/\",\"name\":\"Profaqua\",\"description\":\"\",\"potentialAction\":[{\"@type\":\"SearchAction\",\"target\":{\"@type\":\"EntryPoint\",\"urlTemplate\":\"https:\/\/www.profaqua.ca\/fr\/?s={search_term_string}\"},\"query-input\":\"required name=search_term_string\"}],\"inLanguage\":\"fr-FR\"}]}<\/script>\n<!-- \/ Yoast SEO plugin. -->","yoast_head_json":{"title":"M\u00e9t\u00e9o (Colombie-Britannique) - Profaqua","description":"\u00abIl pleut, il mouille, c\u2019est la f\u00eate \u00e0 la grenouille !\u00bb Un pique-nique qui tombe \u00e0 l\u2019eau, \u00e7a n\u2019a rien d\u2019amusant! Pour \u00e9viter toute d\u00e9ception \u00e0 leur","robots":{"index":"index","follow":"follow","max-snippet":"max-snippet:-1","max-image-preview":"max-image-preview:large","max-video-preview":"max-video-preview:-1"},"canonical":"https:\/\/www.profaqua.ca\/fr\/produit\/meteo\/","og_locale":"fr_FR","og_type":"article","og_title":"M\u00e9t\u00e9o (Colombie-Britannique) - Profaqua","og_description":"\u00abIl pleut, il mouille, c\u2019est la f\u00eate \u00e0 la grenouille !\u00bb Un pique-nique qui tombe \u00e0 l\u2019eau, \u00e7a n\u2019a rien d\u2019amusant! Pour \u00e9viter toute d\u00e9ception \u00e0 leur","og_url":"https:\/\/www.profaqua.ca\/fr\/produit\/meteo\/","og_site_name":"Profaqua","article_publisher":"https:\/\/www.facebook.com\/profaqua\/","article_modified_time":"2024-09-05T02:00:16+00:00","og_image":[{"width":1800,"height":1800,"url":"https:\/\/www.profaqua.ca\/wp-content\/uploads\/2017\/07\/3.15_M\u00e9t\u00e9o_Projet.png","type":"image\/png"}],"twitter_card":"summary_large_image","twitter_misc":{"Dur\u00e9e de lecture estim\u00e9e":"2 minutes"},"schema":{"@context":"https:\/\/schema.org","@graph":[{"@type":"WebPage","@id":"https:\/\/www.profaqua.ca\/fr\/produit\/meteo\/","url":"https:\/\/www.profaqua.ca\/fr\/produit\/meteo\/","name":"M\u00e9t\u00e9o (Colombie-Britannique) - Profaqua","isPartOf":{"@id":"https:\/\/www.profaqua.ca\/fr\/#website"},"datePublished":"2017-07-26T09:27:37+00:00","dateModified":"2024-09-05T02:00:16+00:00","description":"\u00abIl pleut, il mouille, c\u2019est la f\u00eate \u00e0 la grenouille !\u00bb Un pique-nique qui tombe \u00e0 l\u2019eau, \u00e7a n\u2019a rien d\u2019amusant! Pour \u00e9viter toute d\u00e9ception \u00e0 leur","breadcrumb":{"@id":"https:\/\/www.profaqua.ca\/fr\/produit\/meteo\/#breadcrumb"},"inLanguage":"fr-FR","potentialAction":[{"@type":"ReadAction","target":["https:\/\/www.profaqua.ca\/fr\/produit\/meteo\/"]}]},{"@type":"BreadcrumbList","@id":"https:\/\/www.profaqua.ca\/fr\/produit\/meteo\/#breadcrumb","itemListElement":[{"@type":"ListItem","position":1,"name":"Home","item":"https:\/\/www.profaqua.ca\/fr\/"},{"@type":"ListItem","position":2,"name":"Produits","item":"https:\/\/www.profaqua.ca\/fr\/shop\/"},{"@type":"ListItem","position":3,"name":"M\u00e9t\u00e9o (Colombie-Britannique)"}]},{"@type":"WebSite","@id":"https:\/\/www.profaqua.ca\/fr\/#website","url":"https:\/\/www.profaqua.ca\/fr\/","name":"Profaqua","description":"","potentialAction":[{"@type":"SearchAction","target":{"@type":"EntryPoint","urlTemplate":"https:\/\/www.profaqua.ca\/fr\/?s={search_term_string}"},"query-input":"required name=search_term_string"}],"inLanguage":"fr-FR"}]}},"_links":{"self":[{"href":"https:\/\/www.profaqua.ca\/fr\/wp-json\/wp\/v2\/product\/1141"}],"collection":[{"href":"https:\/\/www.profaqua.ca\/fr\/wp-json\/wp\/v2\/product"}],"about":[{"href":"https:\/\/www.profaqua.ca\/fr\/wp-json\/wp\/v2\/types\/product"}],"wp:featuredmedia":[{"embeddable":true,"href":"https:\/\/www.profaqua.ca\/fr\/wp-json\/wp\/v2\/media\/1142"}],"wp:attachment":[{"href":"https:\/\/www.profaqua.ca\/fr\/wp-json\/wp\/v2\/media?parent=1141"}],"wp:term":[{"taxonomy":"product_cat","embeddable":true,"href":"https:\/\/www.profaqua.ca\/fr\/wp-json\/wp\/v2\/product_cat?post=1141"},{"taxonomy":"product_tag","embeddable":true,"href":"https:\/\/www.profaqua.ca\/fr\/wp-json\/wp\/v2\/product_tag?post=1141"}],"curies":[{"name":"wp","href":"https:\/\/api.w.org\/{rel}","templated":true}]}}