{"id":1138,"date":"2017-07-26T04:26:15","date_gmt":"2017-07-26T09:26:15","guid":{"rendered":"https:\/\/www.profaqua.ca\/?post_type=product&#038;p=1138\/"},"modified":"2024-09-04T20:46:30","modified_gmt":"2024-09-05T01:46:30","slug":"h2o","status":"publish","type":"product","link":"https:\/\/www.profaqua.ca\/fr\/produit\/h2o\/","title":{"rendered":"H2O (Colombie-Britannique)"},"content":{"rendered":"<p><strong>L\u2019or bleu !<\/strong><\/p>\n<p>La Terre, plan\u00e8te bleue, couverte de mers, d\u2019oc\u00e9ans, de lacs et de cours d\u2019eau\u2026<\/p>\n<p>Rien ne semble pouvoir tarir nos r\u00e9serves de cette extraordinaire et unique ressource naturelle qui est l\u2019eau.<\/p>\n<p>Et pourtant, nous d\u00e9couvrirons l\u2019importance de prendre soin de cette petite mol\u00e9cule H<sub>2<\/sub>O \u00e0 travers 3 ateliers.<\/p>\n<p>On vous abreuvera de connaissances !<\/p>\n<p><strong>Au menu:<\/strong><\/p>\n<p>1re rencontre &#8211; Cycle de l\u2019eau (60 ou 75 minutes).<\/p>\n<p>2e rencontre &#8211; Fleuve Fraser (60 ou 75 minutes).<\/p>\n<p>3e rencontre &#8211; Eau potable et eau us\u00e9e (60 ou 75 minutes).<\/p>\n<h2><strong><u>Objectifs du primaire:<\/u><\/strong><\/h2>\n<ul>\n<li>D\u00e9crire la provenance de l\u2019eau sur la Terre.<\/li>\n<li>D\u00e9crire les \u00e9tapes du cycle de l\u2019eau (\u00e9vaporation, condensation, pr\u00e9cipitation, ruissellement et infiltration).<\/li>\n<li>Identifier des sources naturelles d\u2019eau douce (ruisseaux, lacs, rivi\u00e8res) et des sources naturelles d\u2019eau sal\u00e9e (mers, oc\u00e9ans).<\/li>\n<li>Exp\u00e9rimenter comment la pression atmosph\u00e9rique agit sur l\u2019eau (compression, d\u00e9placement, augmentation de la temp\u00e9rature).<\/li>\n<li>D\u00e9crire les \u00e9tapes de la distribution de l\u2019eau potable et du traitement des eaux us\u00e9es.<\/li>\n<li>D\u00e9crire comment l\u2019humain a adapt\u00e9 son environnement pour avoir acc\u00e8s \u00e0 l\u2019eau potable et pour traiter des eaux us\u00e9es.<\/li>\n<li>D\u00e9crire l\u2019impact de la qualit\u00e9 de l\u2019eau sur l\u2019environnement et sur les individus.<\/li>\n<li>Comprendre comment les canalisations souterraines utilisent la gravit\u00e9 pour acheminer l\u2019eau vers l\u2019usine de filtration.<\/li>\n<li>D\u00e9crire la localisation des sources naturelles d\u2019eau douce et des sources naturelles d\u2019eau sal\u00e9e.<\/li>\n<li>Illustrer l\u2019importance des cinq Grands Lacs canadiens et am\u00e9ricains.<\/li>\n<li>D\u00e9finir les termes \u00ab source \u00bb, \u00ab embouchure \u00bb, \u00ab amont \u00bb et \u00ab aval \u00bb.<\/li>\n<li>Comprendre le principe de filtration de l\u2019eau.<\/li>\n<li>Comparer diff\u00e9rentes zones de salinit\u00e9 du fleuve Fraser et les r\u00e9pertorier sur une carte.<\/li>\n<li>Classer en ordre les \u00e9tapes d\u2019une m\u00e9thode de pr\u00e9servation des berges du fleuve Fraser.<\/li>\n<li>Illustrer le principe de densit\u00e9 de l\u2019eau.<\/li>\n<\/ul>\n","protected":false},"excerpt":{"rendered":"<p>L\u2019or bleu ! La Terre, plan\u00e8te bleue, couverte de mers, d\u2019oc\u00e9ans, de lacs et de cours d\u2019eau\u2026 Rien ne semble pouvoir tarir nos r\u00e9serves de cette extraordinaire et unique ressource naturelle qui est l\u2019eau. Et pourtant, nous d\u00e9couvrirons l\u2019importance de prendre soin de cette petite mol\u00e9cule H2O \u00e0 travers 3 ateliers. On vous abreuvera de connaissances ! Au menu: 1re<\/p>\n<div class=\"h10\"><\/div>\n<p><a class=\"more-link1\" href=\"https:\/\/www.profaqua.ca\/fr\/produit\/h2o\/\">Voir plus<\/a><\/p>\n","protected":false},"featured_media":1139,"template":"","meta":[],"product_cat":[63],"product_tag":[],"acf":[],"yoast_head":"<!-- This site is optimized with the Yoast SEO plugin v20.13 - https:\/\/yoast.com\/wordpress\/plugins\/seo\/ -->\n<title>H2O (Colombie-Britannique) - Profaqua<\/title>\n<meta name=\"description\" content=\"L\u2019or bleu ! La Terre, plan\u00e8te bleue, couverte de mers, d\u2019oc\u00e9ans, de lacs et de cours d\u2019eau\u2026 Rien ne semble pouvoir tarir nos r\u00e9serves de cette\" \/>\n<meta name=\"robots\" content=\"index, follow, max-snippet:-1, max-image-preview:large, max-video-preview:-1\" \/>\n<link rel=\"canonical\" href=\"https:\/\/www.profaqua.ca\/fr\/produit\/h2o\/\" \/>\n<meta property=\"og:locale\" content=\"fr_FR\" \/>\n<meta property=\"og:type\" content=\"article\" \/>\n<meta property=\"og:title\" content=\"H2O (Colombie-Britannique) - Profaqua\" \/>\n<meta property=\"og:description\" content=\"L\u2019or bleu ! La Terre, plan\u00e8te bleue, couverte de mers, d\u2019oc\u00e9ans, de lacs et de cours d\u2019eau\u2026 Rien ne semble pouvoir tarir nos r\u00e9serves de cette\" \/>\n<meta property=\"og:url\" content=\"https:\/\/www.profaqua.ca\/fr\/produit\/h2o\/\" \/>\n<meta property=\"og:site_name\" content=\"Profaqua\" \/>\n<meta property=\"article:publisher\" content=\"https:\/\/www.facebook.com\/profaqua\/\" \/>\n<meta property=\"article:modified_time\" content=\"2024-09-05T01:46:30+00:00\" \/>\n<meta property=\"og:image\" content=\"https:\/\/www.profaqua.ca\/wp-content\/uploads\/2017\/07\/3.13_H2O_Projet.png\" \/>\n\t<meta property=\"og:image:width\" content=\"1800\" \/>\n\t<meta property=\"og:image:height\" content=\"1800\" \/>\n\t<meta property=\"og:image:type\" content=\"image\/png\" \/>\n<meta name=\"twitter:card\" content=\"summary_large_image\" \/>\n<meta name=\"twitter:label1\" content=\"Dur\u00e9e de lecture estim\u00e9e\" \/>\n\t<meta name=\"twitter:data1\" content=\"2 minutes\" \/>\n<script type=\"application\/ld+json\" class=\"yoast-schema-graph\">{\"@context\":\"https:\/\/schema.org\",\"@graph\":[{\"@type\":\"WebPage\",\"@id\":\"https:\/\/www.profaqua.ca\/fr\/produit\/h2o\/\",\"url\":\"https:\/\/www.profaqua.ca\/fr\/produit\/h2o\/\",\"name\":\"H2O (Colombie-Britannique) - Profaqua\",\"isPartOf\":{\"@id\":\"https:\/\/www.profaqua.ca\/fr\/#website\"},\"datePublished\":\"2017-07-26T09:26:15+00:00\",\"dateModified\":\"2024-09-05T01:46:30+00:00\",\"description\":\"L\u2019or bleu ! La Terre, plan\u00e8te bleue, couverte de mers, d\u2019oc\u00e9ans, de lacs et de cours d\u2019eau\u2026 Rien ne semble pouvoir tarir nos r\u00e9serves de cette\",\"breadcrumb\":{\"@id\":\"https:\/\/www.profaqua.ca\/fr\/produit\/h2o\/#breadcrumb\"},\"inLanguage\":\"fr-FR\",\"potentialAction\":[{\"@type\":\"ReadAction\",\"target\":[\"https:\/\/www.profaqua.ca\/fr\/produit\/h2o\/\"]}]},{\"@type\":\"BreadcrumbList\",\"@id\":\"https:\/\/www.profaqua.ca\/fr\/produit\/h2o\/#breadcrumb\",\"itemListElement\":[{\"@type\":\"ListItem\",\"position\":1,\"name\":\"Home\",\"item\":\"https:\/\/www.profaqua.ca\/fr\/\"},{\"@type\":\"ListItem\",\"position\":2,\"name\":\"Produits\",\"item\":\"https:\/\/www.profaqua.ca\/fr\/shop\/\"},{\"@type\":\"ListItem\",\"position\":3,\"name\":\"H2O (Colombie-Britannique)\"}]},{\"@type\":\"WebSite\",\"@id\":\"https:\/\/www.profaqua.ca\/fr\/#website\",\"url\":\"https:\/\/www.profaqua.ca\/fr\/\",\"name\":\"Profaqua\",\"description\":\"\",\"potentialAction\":[{\"@type\":\"SearchAction\",\"target\":{\"@type\":\"EntryPoint\",\"urlTemplate\":\"https:\/\/www.profaqua.ca\/fr\/?s={search_term_string}\"},\"query-input\":\"required name=search_term_string\"}],\"inLanguage\":\"fr-FR\"}]}<\/script>\n<!-- \/ Yoast SEO plugin. -->","yoast_head_json":{"title":"H2O (Colombie-Britannique) - Profaqua","description":"L\u2019or bleu ! La Terre, plan\u00e8te bleue, couverte de mers, d\u2019oc\u00e9ans, de lacs et de cours d\u2019eau\u2026 Rien ne semble pouvoir tarir nos r\u00e9serves de cette","robots":{"index":"index","follow":"follow","max-snippet":"max-snippet:-1","max-image-preview":"max-image-preview:large","max-video-preview":"max-video-preview:-1"},"canonical":"https:\/\/www.profaqua.ca\/fr\/produit\/h2o\/","og_locale":"fr_FR","og_type":"article","og_title":"H2O (Colombie-Britannique) - Profaqua","og_description":"L\u2019or bleu ! La Terre, plan\u00e8te bleue, couverte de mers, d\u2019oc\u00e9ans, de lacs et de cours d\u2019eau\u2026 Rien ne semble pouvoir tarir nos r\u00e9serves de cette","og_url":"https:\/\/www.profaqua.ca\/fr\/produit\/h2o\/","og_site_name":"Profaqua","article_publisher":"https:\/\/www.facebook.com\/profaqua\/","article_modified_time":"2024-09-05T01:46:30+00:00","og_image":[{"width":1800,"height":1800,"url":"https:\/\/www.profaqua.ca\/wp-content\/uploads\/2017\/07\/3.13_H2O_Projet.png","type":"image\/png"}],"twitter_card":"summary_large_image","twitter_misc":{"Dur\u00e9e de lecture estim\u00e9e":"2 minutes"},"schema":{"@context":"https:\/\/schema.org","@graph":[{"@type":"WebPage","@id":"https:\/\/www.profaqua.ca\/fr\/produit\/h2o\/","url":"https:\/\/www.profaqua.ca\/fr\/produit\/h2o\/","name":"H2O (Colombie-Britannique) - Profaqua","isPartOf":{"@id":"https:\/\/www.profaqua.ca\/fr\/#website"},"datePublished":"2017-07-26T09:26:15+00:00","dateModified":"2024-09-05T01:46:30+00:00","description":"L\u2019or bleu ! La Terre, plan\u00e8te bleue, couverte de mers, d\u2019oc\u00e9ans, de lacs et de cours d\u2019eau\u2026 Rien ne semble pouvoir tarir nos r\u00e9serves de cette","breadcrumb":{"@id":"https:\/\/www.profaqua.ca\/fr\/produit\/h2o\/#breadcrumb"},"inLanguage":"fr-FR","potentialAction":[{"@type":"ReadAction","target":["https:\/\/www.profaqua.ca\/fr\/produit\/h2o\/"]}]},{"@type":"BreadcrumbList","@id":"https:\/\/www.profaqua.ca\/fr\/produit\/h2o\/#breadcrumb","itemListElement":[{"@type":"ListItem","position":1,"name":"Home","item":"https:\/\/www.profaqua.ca\/fr\/"},{"@type":"ListItem","position":2,"name":"Produits","item":"https:\/\/www.profaqua.ca\/fr\/shop\/"},{"@type":"ListItem","position":3,"name":"H2O (Colombie-Britannique)"}]},{"@type":"WebSite","@id":"https:\/\/www.profaqua.ca\/fr\/#website","url":"https:\/\/www.profaqua.ca\/fr\/","name":"Profaqua","description":"","potentialAction":[{"@type":"SearchAction","target":{"@type":"EntryPoint","urlTemplate":"https:\/\/www.profaqua.ca\/fr\/?s={search_term_string}"},"query-input":"required name=search_term_string"}],"inLanguage":"fr-FR"}]}},"_links":{"self":[{"href":"https:\/\/www.profaqua.ca\/fr\/wp-json\/wp\/v2\/product\/1138"}],"collection":[{"href":"https:\/\/www.profaqua.ca\/fr\/wp-json\/wp\/v2\/product"}],"about":[{"href":"https:\/\/www.profaqua.ca\/fr\/wp-json\/wp\/v2\/types\/product"}],"wp:featuredmedia":[{"embeddable":true,"href":"https:\/\/www.profaqua.ca\/fr\/wp-json\/wp\/v2\/media\/1139"}],"wp:attachment":[{"href":"https:\/\/www.profaqua.ca\/fr\/wp-json\/wp\/v2\/media?parent=1138"}],"wp:term":[{"taxonomy":"product_cat","embeddable":true,"href":"https:\/\/www.profaqua.ca\/fr\/wp-json\/wp\/v2\/product_cat?post=1138"},{"taxonomy":"product_tag","embeddable":true,"href":"https:\/\/www.profaqua.ca\/fr\/wp-json\/wp\/v2\/product_tag?post=1138"}],"curies":[{"name":"wp","href":"https:\/\/api.w.org\/{rel}","templated":true}]}}