{"id":1135,"date":"2020-08-26T04:25:20","date_gmt":"2020-08-26T09:25:20","guid":{"rendered":"https:\/\/www.profaqua.ca\/?post_type=product&#038;p=1135\/"},"modified":"2024-09-04T19:11:45","modified_gmt":"2024-09-05T00:11:45","slug":"geologie","status":"publish","type":"product","link":"https:\/\/www.profaqua.ca\/fr\/produit\/geologie\/","title":{"rendered":"G\u00e9ologie (Colombie-Britannique)"},"content":{"rendered":"<p><strong>On creuse et on creuse !<\/strong><\/p>\n<p>Saviez-vous ce qui se trouve sous nos pieds?<\/p>\n<p>Vos g\u00e9ologues prendront leurs pelles pour d\u00e9couvrir les tr\u00e9sors qui se cachent dans les couches superficielles de la cro\u00fbte terrestre.<\/p>\n<p>Ils y trouveront au cours de 3 ateliers de myst\u00e9rieux vers de terre responsable de la formation de la couche d\u2019humus puis des fossiles \u00e2g\u00e9s de 450 millions d\u2019ann\u00e9es et enfin des roches telles que le basalte ou des m\u00e9taux comme l\u2019or!<\/p>\n<p>Des connaissances tout en profondeur!<\/p>\n<p><strong>Au menu: <\/strong><\/p>\n<p>1re rencontre &#8211; Vie souterraine (60 ou 75 minutes).<\/p>\n<p>2e rencontre &#8211;\u00a0 Fossiles (60 ou 75 minutes).<\/p>\n<p>3e rencontre &#8211; Roches et min\u00e9raux (60 ou 75 minutes).<\/p>\n<h2><strong><u>Objectifs du primaire:<\/u><\/strong><\/h2>\n<ul>\n<li>Conna\u00eetre les trois grandes familles de roches (s\u00e9dimentaires, ign\u00e9es, m\u00e9tamorphiques).<\/li>\n<li>Classer des roches et des min\u00e9raux selon leurs propri\u00e9t\u00e9s.<\/li>\n<li>Expliquer ce que sont les plaques tectoniques et la composition interne de la Terre.<\/li>\n<li>D\u00e9crire certains ph\u00e9nom\u00e8nes naturels li\u00e9s \u00e0 la roche (ex. : \u00e9rosion, fusion).<\/li>\n<li>D\u00e9crire les grandes \u00e9tapes de l\u2019\u00e9volution des \u00eatres vivants et le processus de formation des fossiles.<\/li>\n<li>Diff\u00e9rencier une roche d\u2019un fossile et d\u2019un min\u00e9ral.<\/li>\n<li>Cr\u00e9er son empreinte fossile \u00e0 ramener \u00e0 la maison.<\/li>\n<li>D\u00e9crire comment le sol peut r\u00e9pondre \u00e0 des besoins fondamentaux pour les vivants.<\/li>\n<\/ul>\n<p>Expliquer les concepts scientifiques de compostage et de recyclage par les composteurs naturels (bact\u00e9ries, champignons et insectes).<\/p>\n","protected":false},"excerpt":{"rendered":"<p>On creuse et on creuse ! Saviez-vous ce qui se trouve sous nos pieds? Vos g\u00e9ologues prendront leurs pelles pour d\u00e9couvrir les tr\u00e9sors qui se cachent dans les couches superficielles de la cro\u00fbte terrestre. Ils y trouveront au cours de 3 ateliers de myst\u00e9rieux vers de terre responsable de la formation de la couche d\u2019humus puis des fossiles \u00e2g\u00e9s de<\/p>\n<div class=\"h10\"><\/div>\n<p><a class=\"more-link1\" href=\"https:\/\/www.profaqua.ca\/fr\/produit\/geologie\/\">Voir plus<\/a><\/p>\n","protected":false},"featured_media":1136,"template":"","meta":[],"product_cat":[63],"product_tag":[],"acf":[],"yoast_head":"<!-- This site is optimized with the Yoast SEO plugin v20.13 - https:\/\/yoast.com\/wordpress\/plugins\/seo\/ -->\n<title>G\u00e9ologie (Colombie-Britannique) - Profaqua<\/title>\n<meta name=\"description\" content=\"On creuse et on creuse ! Saviez-vous ce qui se trouve sous nos pieds? Vos g\u00e9ologues prendront leurs pelles pour d\u00e9couvrir les tr\u00e9sors qui se cachent dans\" \/>\n<meta name=\"robots\" content=\"index, follow, max-snippet:-1, max-image-preview:large, max-video-preview:-1\" \/>\n<link rel=\"canonical\" href=\"https:\/\/www.profaqua.ca\/fr\/produit\/geologie\/\" \/>\n<meta property=\"og:locale\" content=\"fr_FR\" \/>\n<meta property=\"og:type\" content=\"article\" \/>\n<meta property=\"og:title\" content=\"G\u00e9ologie (Colombie-Britannique) - Profaqua\" \/>\n<meta property=\"og:description\" content=\"On creuse et on creuse ! Saviez-vous ce qui se trouve sous nos pieds? Vos g\u00e9ologues prendront leurs pelles pour d\u00e9couvrir les tr\u00e9sors qui se cachent dans\" \/>\n<meta property=\"og:url\" content=\"https:\/\/www.profaqua.ca\/fr\/produit\/geologie\/\" \/>\n<meta property=\"og:site_name\" content=\"Profaqua\" \/>\n<meta property=\"article:publisher\" content=\"https:\/\/www.facebook.com\/profaqua\/\" \/>\n<meta property=\"article:modified_time\" content=\"2024-09-05T00:11:45+00:00\" \/>\n<meta property=\"og:image\" content=\"https:\/\/www.profaqua.ca\/wp-content\/uploads\/2017\/07\/3.12_G\u00e9ologie_Projet.png\" \/>\n\t<meta property=\"og:image:width\" content=\"1800\" \/>\n\t<meta property=\"og:image:height\" content=\"1800\" \/>\n\t<meta property=\"og:image:type\" content=\"image\/png\" \/>\n<meta name=\"twitter:card\" content=\"summary_large_image\" \/>\n<meta name=\"twitter:label1\" content=\"Dur\u00e9e de lecture estim\u00e9e\" \/>\n\t<meta name=\"twitter:data1\" content=\"2 minutes\" \/>\n<script type=\"application\/ld+json\" class=\"yoast-schema-graph\">{\"@context\":\"https:\/\/schema.org\",\"@graph\":[{\"@type\":\"WebPage\",\"@id\":\"https:\/\/www.profaqua.ca\/fr\/produit\/geologie\/\",\"url\":\"https:\/\/www.profaqua.ca\/fr\/produit\/geologie\/\",\"name\":\"G\u00e9ologie (Colombie-Britannique) - Profaqua\",\"isPartOf\":{\"@id\":\"https:\/\/www.profaqua.ca\/fr\/#website\"},\"datePublished\":\"2020-08-26T09:25:20+00:00\",\"dateModified\":\"2024-09-05T00:11:45+00:00\",\"description\":\"On creuse et on creuse ! Saviez-vous ce qui se trouve sous nos pieds? Vos g\u00e9ologues prendront leurs pelles pour d\u00e9couvrir les tr\u00e9sors qui se cachent dans\",\"breadcrumb\":{\"@id\":\"https:\/\/www.profaqua.ca\/fr\/produit\/geologie\/#breadcrumb\"},\"inLanguage\":\"fr-FR\",\"potentialAction\":[{\"@type\":\"ReadAction\",\"target\":[\"https:\/\/www.profaqua.ca\/fr\/produit\/geologie\/\"]}]},{\"@type\":\"BreadcrumbList\",\"@id\":\"https:\/\/www.profaqua.ca\/fr\/produit\/geologie\/#breadcrumb\",\"itemListElement\":[{\"@type\":\"ListItem\",\"position\":1,\"name\":\"Home\",\"item\":\"https:\/\/www.profaqua.ca\/fr\/\"},{\"@type\":\"ListItem\",\"position\":2,\"name\":\"Produits\",\"item\":\"https:\/\/www.profaqua.ca\/fr\/shop\/\"},{\"@type\":\"ListItem\",\"position\":3,\"name\":\"G\u00e9ologie (Colombie-Britannique)\"}]},{\"@type\":\"WebSite\",\"@id\":\"https:\/\/www.profaqua.ca\/fr\/#website\",\"url\":\"https:\/\/www.profaqua.ca\/fr\/\",\"name\":\"Profaqua\",\"description\":\"\",\"potentialAction\":[{\"@type\":\"SearchAction\",\"target\":{\"@type\":\"EntryPoint\",\"urlTemplate\":\"https:\/\/www.profaqua.ca\/fr\/?s={search_term_string}\"},\"query-input\":\"required name=search_term_string\"}],\"inLanguage\":\"fr-FR\"}]}<\/script>\n<!-- \/ Yoast SEO plugin. -->","yoast_head_json":{"title":"G\u00e9ologie (Colombie-Britannique) - Profaqua","description":"On creuse et on creuse ! Saviez-vous ce qui se trouve sous nos pieds? Vos g\u00e9ologues prendront leurs pelles pour d\u00e9couvrir les tr\u00e9sors qui se cachent dans","robots":{"index":"index","follow":"follow","max-snippet":"max-snippet:-1","max-image-preview":"max-image-preview:large","max-video-preview":"max-video-preview:-1"},"canonical":"https:\/\/www.profaqua.ca\/fr\/produit\/geologie\/","og_locale":"fr_FR","og_type":"article","og_title":"G\u00e9ologie (Colombie-Britannique) - Profaqua","og_description":"On creuse et on creuse ! Saviez-vous ce qui se trouve sous nos pieds? Vos g\u00e9ologues prendront leurs pelles pour d\u00e9couvrir les tr\u00e9sors qui se cachent dans","og_url":"https:\/\/www.profaqua.ca\/fr\/produit\/geologie\/","og_site_name":"Profaqua","article_publisher":"https:\/\/www.facebook.com\/profaqua\/","article_modified_time":"2024-09-05T00:11:45+00:00","og_image":[{"width":1800,"height":1800,"url":"https:\/\/www.profaqua.ca\/wp-content\/uploads\/2017\/07\/3.12_G\u00e9ologie_Projet.png","type":"image\/png"}],"twitter_card":"summary_large_image","twitter_misc":{"Dur\u00e9e de lecture estim\u00e9e":"2 minutes"},"schema":{"@context":"https:\/\/schema.org","@graph":[{"@type":"WebPage","@id":"https:\/\/www.profaqua.ca\/fr\/produit\/geologie\/","url":"https:\/\/www.profaqua.ca\/fr\/produit\/geologie\/","name":"G\u00e9ologie (Colombie-Britannique) - Profaqua","isPartOf":{"@id":"https:\/\/www.profaqua.ca\/fr\/#website"},"datePublished":"2020-08-26T09:25:20+00:00","dateModified":"2024-09-05T00:11:45+00:00","description":"On creuse et on creuse ! Saviez-vous ce qui se trouve sous nos pieds? Vos g\u00e9ologues prendront leurs pelles pour d\u00e9couvrir les tr\u00e9sors qui se cachent dans","breadcrumb":{"@id":"https:\/\/www.profaqua.ca\/fr\/produit\/geologie\/#breadcrumb"},"inLanguage":"fr-FR","potentialAction":[{"@type":"ReadAction","target":["https:\/\/www.profaqua.ca\/fr\/produit\/geologie\/"]}]},{"@type":"BreadcrumbList","@id":"https:\/\/www.profaqua.ca\/fr\/produit\/geologie\/#breadcrumb","itemListElement":[{"@type":"ListItem","position":1,"name":"Home","item":"https:\/\/www.profaqua.ca\/fr\/"},{"@type":"ListItem","position":2,"name":"Produits","item":"https:\/\/www.profaqua.ca\/fr\/shop\/"},{"@type":"ListItem","position":3,"name":"G\u00e9ologie (Colombie-Britannique)"}]},{"@type":"WebSite","@id":"https:\/\/www.profaqua.ca\/fr\/#website","url":"https:\/\/www.profaqua.ca\/fr\/","name":"Profaqua","description":"","potentialAction":[{"@type":"SearchAction","target":{"@type":"EntryPoint","urlTemplate":"https:\/\/www.profaqua.ca\/fr\/?s={search_term_string}"},"query-input":"required name=search_term_string"}],"inLanguage":"fr-FR"}]}},"_links":{"self":[{"href":"https:\/\/www.profaqua.ca\/fr\/wp-json\/wp\/v2\/product\/1135"}],"collection":[{"href":"https:\/\/www.profaqua.ca\/fr\/wp-json\/wp\/v2\/product"}],"about":[{"href":"https:\/\/www.profaqua.ca\/fr\/wp-json\/wp\/v2\/types\/product"}],"wp:featuredmedia":[{"embeddable":true,"href":"https:\/\/www.profaqua.ca\/fr\/wp-json\/wp\/v2\/media\/1136"}],"wp:attachment":[{"href":"https:\/\/www.profaqua.ca\/fr\/wp-json\/wp\/v2\/media?parent=1135"}],"wp:term":[{"taxonomy":"product_cat","embeddable":true,"href":"https:\/\/www.profaqua.ca\/fr\/wp-json\/wp\/v2\/product_cat?post=1135"},{"taxonomy":"product_tag","embeddable":true,"href":"https:\/\/www.profaqua.ca\/fr\/wp-json\/wp\/v2\/product_tag?post=1135"}],"curies":[{"name":"wp","href":"https:\/\/api.w.org\/{rel}","templated":true}]}}