{"id":1129,"date":"2017-07-26T04:02:42","date_gmt":"2017-07-26T09:02:42","guid":{"rendered":"https:\/\/www.profaqua.ca\/?post_type=product&#038;p=1129\/"},"modified":"2024-09-04T20:41:54","modified_gmt":"2024-09-05T01:41:54","slug":"environnement-climatique","status":"publish","type":"product","link":"https:\/\/www.profaqua.ca\/fr\/produit\/environnement-climatique\/","title":{"rendered":"Environnement climatique (Colombie-Britannique)"},"content":{"rendered":"<p><strong>V\u00e9g\u00e9tation \u2013 Sol \u2013 Eau: un \u00e9quilibre fragile !<\/strong><\/p>\n<p>Des cactus qui poussent \u00e0 Vancouver, \u00e7a se peut ou \u00e7a ne se peut pas?<\/p>\n<p>Pour r\u00e9pondre \u00e0 cette question, nous proposerons \u00e0 vos jeunes environnementalistes trois ateliers sur les diff\u00e9rents facteurs qui fa\u00e7onnent la v\u00e9g\u00e9tation sur notre plan\u00e8te Terre, tels que les climats, l\u2019eau et la composition du sol.<\/p>\n<p>Une belle mani\u00e8re de les sensibiliser \u00e0 l\u2019impact que nous pouvons avoir sur notre plan\u00e8te!<\/p>\n<p><strong>Au menu:<\/strong><\/p>\n<p>1re rencontre &#8211; Climats et saisons (60 ou 75 minutes).<\/p>\n<p>2e rencontre &#8211; Cycle de l\u2019eau (60 ou 75 minutes).<\/p>\n<p>3e rencontre &#8211; Vie souterraine (60 ou 75 minutes).<\/p>\n<h2><strong><u>Objectifs du primaire:<\/u><\/strong><\/h2>\n<ul>\n<li>Identifier les types de climat (froid, temp\u00e9r\u00e9, chaud).<\/li>\n<li>D\u00e9crire les principales zones de v\u00e9g\u00e9tation du Qu\u00e9bec, du Canada et du monde.<\/li>\n<li>Comprendre l\u2019impact du climat sur les produits import\u00e9s au Canada.<\/li>\n<li>D\u00e9crire la provenance de l\u2019eau sur la Terre.<\/li>\n<li>\u00c9tapes du cycle de l\u2019eau (\u00e9vaporation, condensation, pr\u00e9cipitation, ruissellement et infiltration).<\/li>\n<li>Identifier des sources naturelles d\u2019eau douce et des sources naturelles d\u2019eau sal\u00e9e.<\/li>\n<li>Exp\u00e9rimenter comment la pression atmosph\u00e9rique agit sur l\u2019eau (compression, d\u00e9placement, augmentation de la temp\u00e9rature).<\/li>\n<li>Comprendre le langage m\u00e9t\u00e9orologique (M\u00e9t\u00e9o M\u00e9dia et Environnement Canada).<\/li>\n<li>D\u00e9crire la force et la direction des vents.<\/li>\n<li>D\u00e9crire diff\u00e9rents types de pr\u00e9cipitations (pluie, neige, gr\u00eale, pluie vergla\u00e7ante).<\/li>\n<li>D\u00e9crire l\u2019impact des ph\u00e9nom\u00e8nes m\u00e9t\u00e9orologiques dans la vie quotidienne.<\/li>\n<li>Expliquer comment les diverses structures \u00e0 la surface de la Terre (oc\u00e9an, continent, calotte glaciaire, montagne et volcan) influencent les conditions m\u00e9t\u00e9orologiques.<\/li>\n<li>D\u00e9crire l\u2019impact de l\u2019augmentation des gaz \u00e0 effet de serre sur la plan\u00e8te.<\/li>\n<\/ul>\n","protected":false},"excerpt":{"rendered":"<p>V\u00e9g\u00e9tation \u2013 Sol \u2013 Eau: un \u00e9quilibre fragile ! Des cactus qui poussent \u00e0 Vancouver, \u00e7a se peut ou \u00e7a ne se peut pas? Pour r\u00e9pondre \u00e0 cette question, nous proposerons \u00e0 vos jeunes environnementalistes trois ateliers sur les diff\u00e9rents facteurs qui fa\u00e7onnent la v\u00e9g\u00e9tation sur notre plan\u00e8te Terre, tels que les climats, l\u2019eau et la composition du sol. Une<\/p>\n<div class=\"h10\"><\/div>\n<p><a class=\"more-link1\" href=\"https:\/\/www.profaqua.ca\/fr\/produit\/environnement-climatique\/\">Voir plus<\/a><\/p>\n","protected":false},"featured_media":1130,"template":"","meta":[],"product_cat":[63],"product_tag":[],"acf":[],"yoast_head":"<!-- This site is optimized with the Yoast SEO plugin v20.13 - https:\/\/yoast.com\/wordpress\/plugins\/seo\/ -->\n<title>Environnement climatique (Colombie-Britannique) - Profaqua<\/title>\n<meta name=\"description\" content=\"V\u00e9g\u00e9tation \u2013 Sol \u2013 Eau: un \u00e9quilibre fragile ! Des cactus qui poussent \u00e0 Vancouver, \u00e7a se peut ou \u00e7a ne se peut pas? Pour r\u00e9pondre \u00e0 cette question, nous\" \/>\n<meta name=\"robots\" content=\"index, follow, max-snippet:-1, max-image-preview:large, max-video-preview:-1\" \/>\n<link rel=\"canonical\" href=\"https:\/\/www.profaqua.ca\/fr\/produit\/environnement-climatique\/\" \/>\n<meta property=\"og:locale\" content=\"fr_FR\" \/>\n<meta property=\"og:type\" content=\"article\" \/>\n<meta property=\"og:title\" content=\"Environnement climatique (Colombie-Britannique) - Profaqua\" \/>\n<meta property=\"og:description\" content=\"V\u00e9g\u00e9tation \u2013 Sol \u2013 Eau: un \u00e9quilibre fragile ! Des cactus qui poussent \u00e0 Vancouver, \u00e7a se peut ou \u00e7a ne se peut pas? Pour r\u00e9pondre \u00e0 cette question, nous\" \/>\n<meta property=\"og:url\" content=\"https:\/\/www.profaqua.ca\/fr\/produit\/environnement-climatique\/\" \/>\n<meta property=\"og:site_name\" content=\"Profaqua\" \/>\n<meta property=\"article:publisher\" content=\"https:\/\/www.facebook.com\/profaqua\/\" \/>\n<meta property=\"article:modified_time\" content=\"2024-09-05T01:41:54+00:00\" \/>\n<meta property=\"og:image\" content=\"https:\/\/www.profaqua.ca\/wp-content\/uploads\/2017\/07\/3.7_Environnement_climatique_Projet.png\" \/>\n\t<meta property=\"og:image:width\" content=\"1800\" \/>\n\t<meta property=\"og:image:height\" content=\"1800\" \/>\n\t<meta property=\"og:image:type\" content=\"image\/png\" \/>\n<meta name=\"twitter:card\" content=\"summary_large_image\" \/>\n<meta name=\"twitter:label1\" content=\"Dur\u00e9e de lecture estim\u00e9e\" \/>\n\t<meta name=\"twitter:data1\" content=\"2 minutes\" \/>\n<script type=\"application\/ld+json\" class=\"yoast-schema-graph\">{\"@context\":\"https:\/\/schema.org\",\"@graph\":[{\"@type\":\"WebPage\",\"@id\":\"https:\/\/www.profaqua.ca\/fr\/produit\/environnement-climatique\/\",\"url\":\"https:\/\/www.profaqua.ca\/fr\/produit\/environnement-climatique\/\",\"name\":\"Environnement climatique (Colombie-Britannique) - Profaqua\",\"isPartOf\":{\"@id\":\"https:\/\/www.profaqua.ca\/fr\/#website\"},\"datePublished\":\"2017-07-26T09:02:42+00:00\",\"dateModified\":\"2024-09-05T01:41:54+00:00\",\"description\":\"V\u00e9g\u00e9tation \u2013 Sol \u2013 Eau: un \u00e9quilibre fragile ! Des cactus qui poussent \u00e0 Vancouver, \u00e7a se peut ou \u00e7a ne se peut pas? Pour r\u00e9pondre \u00e0 cette question, nous\",\"breadcrumb\":{\"@id\":\"https:\/\/www.profaqua.ca\/fr\/produit\/environnement-climatique\/#breadcrumb\"},\"inLanguage\":\"fr-FR\",\"potentialAction\":[{\"@type\":\"ReadAction\",\"target\":[\"https:\/\/www.profaqua.ca\/fr\/produit\/environnement-climatique\/\"]}]},{\"@type\":\"BreadcrumbList\",\"@id\":\"https:\/\/www.profaqua.ca\/fr\/produit\/environnement-climatique\/#breadcrumb\",\"itemListElement\":[{\"@type\":\"ListItem\",\"position\":1,\"name\":\"Home\",\"item\":\"https:\/\/www.profaqua.ca\/fr\/\"},{\"@type\":\"ListItem\",\"position\":2,\"name\":\"Produits\",\"item\":\"https:\/\/www.profaqua.ca\/fr\/shop\/\"},{\"@type\":\"ListItem\",\"position\":3,\"name\":\"Environnement climatique (Colombie-Britannique)\"}]},{\"@type\":\"WebSite\",\"@id\":\"https:\/\/www.profaqua.ca\/fr\/#website\",\"url\":\"https:\/\/www.profaqua.ca\/fr\/\",\"name\":\"Profaqua\",\"description\":\"\",\"potentialAction\":[{\"@type\":\"SearchAction\",\"target\":{\"@type\":\"EntryPoint\",\"urlTemplate\":\"https:\/\/www.profaqua.ca\/fr\/?s={search_term_string}\"},\"query-input\":\"required name=search_term_string\"}],\"inLanguage\":\"fr-FR\"}]}<\/script>\n<!-- \/ Yoast SEO plugin. -->","yoast_head_json":{"title":"Environnement climatique (Colombie-Britannique) - Profaqua","description":"V\u00e9g\u00e9tation \u2013 Sol \u2013 Eau: un \u00e9quilibre fragile ! Des cactus qui poussent \u00e0 Vancouver, \u00e7a se peut ou \u00e7a ne se peut pas? Pour r\u00e9pondre \u00e0 cette question, nous","robots":{"index":"index","follow":"follow","max-snippet":"max-snippet:-1","max-image-preview":"max-image-preview:large","max-video-preview":"max-video-preview:-1"},"canonical":"https:\/\/www.profaqua.ca\/fr\/produit\/environnement-climatique\/","og_locale":"fr_FR","og_type":"article","og_title":"Environnement climatique (Colombie-Britannique) - Profaqua","og_description":"V\u00e9g\u00e9tation \u2013 Sol \u2013 Eau: un \u00e9quilibre fragile ! Des cactus qui poussent \u00e0 Vancouver, \u00e7a se peut ou \u00e7a ne se peut pas? Pour r\u00e9pondre \u00e0 cette question, nous","og_url":"https:\/\/www.profaqua.ca\/fr\/produit\/environnement-climatique\/","og_site_name":"Profaqua","article_publisher":"https:\/\/www.facebook.com\/profaqua\/","article_modified_time":"2024-09-05T01:41:54+00:00","og_image":[{"width":1800,"height":1800,"url":"https:\/\/www.profaqua.ca\/wp-content\/uploads\/2017\/07\/3.7_Environnement_climatique_Projet.png","type":"image\/png"}],"twitter_card":"summary_large_image","twitter_misc":{"Dur\u00e9e de lecture estim\u00e9e":"2 minutes"},"schema":{"@context":"https:\/\/schema.org","@graph":[{"@type":"WebPage","@id":"https:\/\/www.profaqua.ca\/fr\/produit\/environnement-climatique\/","url":"https:\/\/www.profaqua.ca\/fr\/produit\/environnement-climatique\/","name":"Environnement climatique (Colombie-Britannique) - Profaqua","isPartOf":{"@id":"https:\/\/www.profaqua.ca\/fr\/#website"},"datePublished":"2017-07-26T09:02:42+00:00","dateModified":"2024-09-05T01:41:54+00:00","description":"V\u00e9g\u00e9tation \u2013 Sol \u2013 Eau: un \u00e9quilibre fragile ! Des cactus qui poussent \u00e0 Vancouver, \u00e7a se peut ou \u00e7a ne se peut pas? Pour r\u00e9pondre \u00e0 cette question, nous","breadcrumb":{"@id":"https:\/\/www.profaqua.ca\/fr\/produit\/environnement-climatique\/#breadcrumb"},"inLanguage":"fr-FR","potentialAction":[{"@type":"ReadAction","target":["https:\/\/www.profaqua.ca\/fr\/produit\/environnement-climatique\/"]}]},{"@type":"BreadcrumbList","@id":"https:\/\/www.profaqua.ca\/fr\/produit\/environnement-climatique\/#breadcrumb","itemListElement":[{"@type":"ListItem","position":1,"name":"Home","item":"https:\/\/www.profaqua.ca\/fr\/"},{"@type":"ListItem","position":2,"name":"Produits","item":"https:\/\/www.profaqua.ca\/fr\/shop\/"},{"@type":"ListItem","position":3,"name":"Environnement climatique (Colombie-Britannique)"}]},{"@type":"WebSite","@id":"https:\/\/www.profaqua.ca\/fr\/#website","url":"https:\/\/www.profaqua.ca\/fr\/","name":"Profaqua","description":"","potentialAction":[{"@type":"SearchAction","target":{"@type":"EntryPoint","urlTemplate":"https:\/\/www.profaqua.ca\/fr\/?s={search_term_string}"},"query-input":"required name=search_term_string"}],"inLanguage":"fr-FR"}]}},"_links":{"self":[{"href":"https:\/\/www.profaqua.ca\/fr\/wp-json\/wp\/v2\/product\/1129"}],"collection":[{"href":"https:\/\/www.profaqua.ca\/fr\/wp-json\/wp\/v2\/product"}],"about":[{"href":"https:\/\/www.profaqua.ca\/fr\/wp-json\/wp\/v2\/types\/product"}],"wp:featuredmedia":[{"embeddable":true,"href":"https:\/\/www.profaqua.ca\/fr\/wp-json\/wp\/v2\/media\/1130"}],"wp:attachment":[{"href":"https:\/\/www.profaqua.ca\/fr\/wp-json\/wp\/v2\/media?parent=1129"}],"wp:term":[{"taxonomy":"product_cat","embeddable":true,"href":"https:\/\/www.profaqua.ca\/fr\/wp-json\/wp\/v2\/product_cat?post=1129"},{"taxonomy":"product_tag","embeddable":true,"href":"https:\/\/www.profaqua.ca\/fr\/wp-json\/wp\/v2\/product_tag?post=1129"}],"curies":[{"name":"wp","href":"https:\/\/api.w.org\/{rel}","templated":true}]}}